{"id":68259428,"date":"2021-12-22T18:59:05","date_gmt":"2021-12-22T17:59:05","guid":{"rendered":"https:\/\/kraftwerk-gruppe.de\/?post_type=product&#038;p=68259428"},"modified":"2026-02-15T00:43:39","modified_gmt":"2026-02-14T23:43:39","slug":"kooks-vyfuk-cerna-dodge-charger-durango-srt","status":"publish","type":"product","link":"https:\/\/kraftwerk-shop.cc\/cs\/produkt\/kooks-endrohr-schwarz-dodge-charger-durango-srt\/","title":{"rendered":"Kooks 4palcov\u00e1 koncovka v\u00fdfuku pro Dodge Charger &amp; Durango SRT (s \u010dern\u00fdm keramick\u00fdm povrchem)"},"content":{"rendered":"<h1>4\u2033 \u010dern\u00e1 keramikou pota\u017een\u00e1 koncovka s vyra\u017een\u00fdm logem Kooks<\/h1>\n<p>&nbsp;<\/p>\n<p>P\u0159ipojen\u00ed k tov\u00e1rn\u00ed 2-3\/4\u2033 p\u0159\u00edpojce pomoc\u00ed origin\u00e1ln\u00ed svorky (nen\u00ed sou\u010d\u00e1st\u00ed dod\u00e1vky, lze ji pou\u017e\u00edt opakovan\u011b).<\/p>\n<p>Tuto koncovku v\u00fdfuku lze pou\u017e\u00edt s origin\u00e1ln\u00edm v\u00fdfukov\u00fdm syst\u00e9mem nebo s v\u00fdfukov\u00fdmi syst\u00e9my Kook, kter\u00e9 jsou ur\u010deny pro pou\u017eit\u00ed s origin\u00e1ln\u00edmi koncovkami v\u00fdfuku.<\/p>\n<p>&nbsp;<\/p>\n<p><strong>Rozsah dod\u00e1vky:<\/strong><\/p>\n<ul>\n<li>1 v\u00fdfuk (s \u010dern\u00fdm keramick\u00fdm povrchem)<\/li>\n<\/ul>\n<p>&nbsp;<\/p>\n<p><strong>Vhodn\u00e9 pro:<\/strong><\/p>\n<ul>\n<li>2023 Dodge Charger Scat Pack V8 6.4<\/li>\n<li>2022 Dodge Charger Scat Pack V8 6.4<\/li>\n<li>2021 Dodge Charger Scat Pack V8 6.4<\/li>\n<li>2020 Dodge Charger Scat Pack V8 6.4<\/li>\n<li>2020 Dodge Durango SRT V8 6.4<\/li>\n<li>2019 Dodge Charger Scat Pack V8 6.4<\/li>\n<li>2019 Dodge Durango SRT V8 6.4<\/li>\n<li>2018 Dodge Charger Daytona 392 V8 6.4<\/li>\n<li>2018 Dodge Charger SRT 392 V8 6.4<\/li>\n<li>2018 Dodge Durango SRT V8 6.4<\/li>\n<li>2018 Dodge Charger R\/T 392 V8 6.4<\/li>\n<li>2018 Dodge Charger R\/T Scat Pack V8 6.4<\/li>\n<li>2017 Dodge Charger Daytona 392 V8 6.4<\/li>\n<li>2017 Dodge Charger SRT 392 V8 6.4<\/li>\n<li>2017 Dodge Charger R\/T 392 V8 6.4<\/li>\n<li>2017 Dodge Charger R\/T Scat Pack V8 6.4<\/li>\n<li>2016 Dodge Charger SRT 392 V8 6.4<\/li>\n<li>2016 Dodge Charger R\/T Scat Pack V8 6.4<\/li>\n<li>2015 Dodge Charger SRT 392 V8 6.4<\/li>\n<li>2015 Dodge Charger R\/T Scat Pack V8 6.4<\/li>\n<\/ul>","protected":false},"excerpt":{"rendered":"<p>4\u2033 \u010dern\u011b keramicky pota\u017een\u00e1 koncovka s vyra\u017een\u00fdm logem Kooks P\u0159ipojen\u00ed k tov\u00e1rn\u00ed p\u0159\u00edpojce 2-3\/4\u2033 pomoc\u00ed origin\u00e1ln\u00ed svorky<\/p>","protected":false},"featured_media":68276062,"comment_status":"open","ping_status":"closed","template":"","meta":{"_acf_changed":false},"product_brand":[17172],"product_cat":[6558,6585],"product_tag":[249,250,251,252,419,420,2066,2373,3044,217,93,1046,1035,1036,546,1037,3045,965,3037,1047,53,429,49,3854,95,1043,1039,3034,1042,532,529,441,1166,3046,544,2447,1040,1044,1045,1041,547,1034,1038,96,233],"class_list":{"0":"post-68259428","1":"product","2":"type-product","3":"status-publish","4":"has-post-thumbnail","6":"product_brand-kooks","7":"product_cat-charger-64-catback","8":"product_cat-durango-64-abgasanlage-catback","9":"product_tag-249","10":"product_tag-250","11":"product_tag-251","12":"product_tag-252","13":"product_tag-419","14":"product_tag-420","15":"product_tag-2066","16":"product_tag-2373","17":"product_tag-31524t10","18":"product_tag-217","19":"product_tag-6-4","20":"product_tag-abe","21":"product_tag-abgasanlage","22":"product_tag-abgassystem","23":"product_tag-auspuff","24":"product_tag-auspuffsystem","25":"product_tag-beschichtet","26":"product_tag-black","27":"product_tag-black-chrome","28":"product_tag-cat-back","29":"product_tag-charger","30":"product_tag-deutschland","31":"product_tag-dodge","32":"product_tag-dodge-charger","33":"product_tag-durango","34":"product_tag-endrohr","35":"product_tag-endschalldaempfer","36":"product_tag-endstueck","37":"product_tag-endtopf","38":"product_tag-kat","39":"product_tag-katalysator","40":"product_tag-kaufen","41":"product_tag-keramik","42":"product_tag-keramikbeschichtet","43":"product_tag-kooks","44":"product_tag-kooks-headers","45":"product_tag-laut","46":"product_tag-mittelschalldaempfer","47":"product_tag-sound","48":"product_tag-sport","49":"product_tag-sportauspuff","50":"product_tag-sportauspuffanlage","51":"product_tag-sportendschalldaempfer","52":"product_tag-srt","53":"product_tag-tuning","55":"first","56":"instock","57":"taxable","58":"shipping-taxable","59":"purchasable","60":"product-type-simple"},"bundled_by":[],"bundle_stock_status":"instock","bundle_stock_quantity":3,"bundle_virtual":false,"bundle_layout":"","bundle_add_to_cart_form_location":"","bundle_editable_in_cart":false,"bundle_sold_individually_context":"","bundle_item_grouping":"","bundle_min_size":"","bundle_max_size":"","bundle_price":[],"bundled_items":[],"bundle_sell_ids":[],"exclude_global_add_ons":[],"addons":[],"acf":[],"_links":{"self":[{"href":"https:\/\/kraftwerk-shop.cc\/cs\/wp-json\/wp\/v2\/product\/68259428","targetHints":{"allow":["GET"]}}],"collection":[{"href":"https:\/\/kraftwerk-shop.cc\/cs\/wp-json\/wp\/v2\/product"}],"about":[{"href":"https:\/\/kraftwerk-shop.cc\/cs\/wp-json\/wp\/v2\/types\/product"}],"replies":[{"embeddable":true,"href":"https:\/\/kraftwerk-shop.cc\/cs\/wp-json\/wp\/v2\/comments?post=68259428"}],"version-history":[{"count":0,"href":"https:\/\/kraftwerk-shop.cc\/cs\/wp-json\/wp\/v2\/product\/68259428\/revisions"}],"wp:featuredmedia":[{"embeddable":true,"href":"https:\/\/kraftwerk-shop.cc\/cs\/wp-json\/wp\/v2\/media\/68276062"}],"wp:attachment":[{"href":"https:\/\/kraftwerk-shop.cc\/cs\/wp-json\/wp\/v2\/media?parent=68259428"}],"wp:term":[{"taxonomy":"product_brand","embeddable":true,"href":"https:\/\/kraftwerk-shop.cc\/cs\/wp-json\/wp\/v2\/product_brand?post=68259428"},{"taxonomy":"product_cat","embeddable":true,"href":"https:\/\/kraftwerk-shop.cc\/cs\/wp-json\/wp\/v2\/product_cat?post=68259428"},{"taxonomy":"product_tag","embeddable":true,"href":"https:\/\/kraftwerk-shop.cc\/cs\/wp-json\/wp\/v2\/product_tag?post=68259428"}],"curies":[{"name":"wp","href":"https:\/\/api.w.org\/{rel}","templated":true}]}}