{"id":68259819,"date":"2021-12-26T13:35:27","date_gmt":"2021-12-26T12:35:27","guid":{"rendered":"https:\/\/kraftwerk-shop.cc\/?post_type=product&#038;p=68259819"},"modified":"2026-02-15T01:00:23","modified_gmt":"2026-02-15T00:00:23","slug":"stainless-works-vyfukovy-system-dodge-durango-srt","status":"publish","type":"product","link":"https:\/\/kraftwerk-shop.cc\/cs\/produkt\/stainless-works-abgasanlage-dodge-durango-srt\/","title":{"rendered":"V\u00fdfukov\u00fd syst\u00e9m Stainless Works pro Dodge Durango SRT"},"content":{"rendered":"<h1>V\u00fdfukov\u00fd syst\u00e9m Stainless Works pro Dodge Durango SRT<\/h1>\n<p>&nbsp;<\/p>\n<p>Zlep\u0161ete zvuk a v\u00fdkon sv\u00e9ho Dodge Durango SRT pomoc\u00ed tohoto v\u00fdfukov\u00e9ho syst\u00e9mu catback od spole\u010dnosti Stainless Works.<br \/>\nSpole\u010dnost Stainless Works vyvinula agresivn\u00ed tlumi\u010d v\u00fdfuku, kter\u00fd se netlu\u010de a je speci\u00e1ln\u011b navr\u017een pro motor 6,4 l.<br \/>\nTento syst\u00e9m je vybaven dv\u011bma tlumi\u010di v\u00fdfuku a dv\u011bma 5palcov\u00fdmi le\u0161t\u011bn\u00fdmi v\u00fdfuky s dvojitou st\u011bnou. Syst\u00e9m je navr\u017een tak, aby odpov\u00eddal tov\u00e1rn\u00edm p\u0159ipojovac\u00edm bod\u016fm.<\/p>\n<p>Na str\u00e1nk\u00e1ch <strong>Legend<\/strong>-byla vyvinuta s c\u00edlem vytvo\u0159it charakteristick\u00e9 dun\u011bn\u00ed, zv\u00fd\u0161it hlasitost ve srovn\u00e1n\u00ed se standardn\u00edm syst\u00e9mem a p\u0159itom zajistit p\u0159\u00edjemn\u00e9 prost\u0159ed\u00ed v interi\u00e9ru.<br \/>\nSyst\u00e9my Legend byly vyvinuty pro b\u011b\u017en\u00e9 \u0159idi\u010de: lep\u0161\u00ed zvuk p\u0159i st\u0159\u00eddm\u00e9 hlasitosti. Syst\u00e9m, kter\u00fd rozproud\u00ed krev v \u017eil\u00e1ch, ale p\u0159itom umo\u017e\u0148uje pohodlnou j\u00edzdu.<\/p>\n<p>Na str\u00e1nk\u00e1ch <strong>Redline<\/strong>-\u0158ada Redline byla vyvinuta pro dosa\u017een\u00ed co nejagresivn\u011bj\u0161\u00edho zvuku va\u0161eho vozidla. Syst\u00e9my Redline maximalizuj\u00ed hlasitost a zvuk motoru a z\u00e1rove\u0148 eliminuj\u00ed jak\u00e9koli dun\u011bn\u00ed v kabin\u011b.<\/p>\n<p>Tento syst\u00e9m je vyroben z korozivzdorn\u00e9 nerezov\u00e9 oceli 304 a je sva\u0159en metodou TIG.<\/p>\n<p>&nbsp;<\/p>\n<p><strong>Vlastnosti:<\/strong><\/p>\n<ul>\n<li>Redline nebo Legend Sound<\/li>\n<li>5palcov\u00e9 koncov\u00e9 d\u00edly s dvojitou st\u011bnou v \u010dern\u00e9 nebo le\u0161t\u011bn\u00e9 barv\u011b<\/li>\n<li>Hladk\u00e9 ohyby potrub\u00ed optimalizuj\u00ed proud\u011bn\u00ed v\u00fdfukov\u00fdch plyn\u016f.<\/li>\n<li>Kompletn\u011b sva\u0159eno metodou TIG pro zaji\u0161t\u011bn\u00ed stability a vzhledu.<\/li>\n<\/ul>\n<p>&nbsp;<\/p>\n<p><strong>Vhodn\u00e9 pro:<\/strong><\/p>\n<table width=\"733\">\n<tbody>\n<tr>\n<td width=\"94\"><strong>Rok v\u00fdstavby<\/strong><\/td>\n<td width=\"97\"><strong>Zna\u010dka<\/strong><\/td>\n<td width=\"134\"><strong>Model<\/strong><\/td>\n<td width=\"112\"><strong>Varianta<\/strong><\/td>\n<td width=\"296\"><strong>Motor<\/strong><\/td>\n<\/tr>\n<tr>\n<td width=\"94\">2018\u20132024<\/td>\n<td width=\"97\">Dodge<\/td>\n<td width=\"134\">Durango<\/td>\n<td width=\"112\">SRT<\/td>\n<td width=\"296\">V8 6,4 L<\/td>\n<\/tr>\n<\/tbody>\n<\/table>\n<p>&nbsp;<\/p>","protected":false},"excerpt":{"rendered":"<p>2018\u20132024<\/p>","protected":false},"featured_media":68277336,"comment_status":"open","ping_status":"closed","template":"","meta":{"_acf_changed":false},"product_brand":[17173],"product_cat":[3024,6585],"product_tag":[217,93,1035,546,1047,2210,49,95,662,126,586,50,20273,36,1040,3055,547,96,3025,3026],"class_list":{"0":"post-68259819","1":"product","2":"type-product","3":"status-publish","4":"has-post-thumbnail","6":"product_brand-stainless-works","7":"product_cat-nicht-nach-eu","8":"product_cat-durango-64-abgasanlage-catback","9":"product_tag-217","10":"product_tag-6-4","11":"product_tag-abgasanlage","12":"product_tag-auspuff","13":"product_tag-cat-back","14":"product_tag-catback","15":"product_tag-dodge","16":"product_tag-durango","17":"product_tag-edelstahl","18":"product_tag-hemi","19":"product_tag-high-flow","20":"product_tag-jeep","21":"product_tag-keintuev","22":"product_tag-kraftwerk","23":"product_tag-laut","24":"product_tag-sportabgasanlage","25":"product_tag-sportauspuff","26":"product_tag-srt","27":"product_tag-stainless-works","28":"product_tag-stainlessworks","29":"product_shipping_class-spedition-1","31":"first","32":"onbackorder","33":"taxable","34":"shipping-taxable","35":"purchasable","36":"product-type-variable"},"bundled_by":[],"bundle_stock_status":"onbackorder","bundle_stock_quantity":0,"bundle_virtual":false,"bundle_layout":"","bundle_add_to_cart_form_location":"","bundle_editable_in_cart":false,"bundle_sold_individually_context":"","bundle_item_grouping":"","bundle_min_size":"","bundle_max_size":"","bundle_price":[],"bundled_items":[],"bundle_sell_ids":[],"exclude_global_add_ons":[],"addons":[],"acf":[],"_links":{"self":[{"href":"https:\/\/kraftwerk-shop.cc\/cs\/wp-json\/wp\/v2\/product\/68259819","targetHints":{"allow":["GET"]}}],"collection":[{"href":"https:\/\/kraftwerk-shop.cc\/cs\/wp-json\/wp\/v2\/product"}],"about":[{"href":"https:\/\/kraftwerk-shop.cc\/cs\/wp-json\/wp\/v2\/types\/product"}],"replies":[{"embeddable":true,"href":"https:\/\/kraftwerk-shop.cc\/cs\/wp-json\/wp\/v2\/comments?post=68259819"}],"version-history":[{"count":0,"href":"https:\/\/kraftwerk-shop.cc\/cs\/wp-json\/wp\/v2\/product\/68259819\/revisions"}],"wp:featuredmedia":[{"embeddable":true,"href":"https:\/\/kraftwerk-shop.cc\/cs\/wp-json\/wp\/v2\/media\/68277336"}],"wp:attachment":[{"href":"https:\/\/kraftwerk-shop.cc\/cs\/wp-json\/wp\/v2\/media?parent=68259819"}],"wp:term":[{"taxonomy":"product_brand","embeddable":true,"href":"https:\/\/kraftwerk-shop.cc\/cs\/wp-json\/wp\/v2\/product_brand?post=68259819"},{"taxonomy":"product_cat","embeddable":true,"href":"https:\/\/kraftwerk-shop.cc\/cs\/wp-json\/wp\/v2\/product_cat?post=68259819"},{"taxonomy":"product_tag","embeddable":true,"href":"https:\/\/kraftwerk-shop.cc\/cs\/wp-json\/wp\/v2\/product_tag?post=68259819"}],"curies":[{"name":"wp","href":"https:\/\/api.w.org\/{rel}","templated":true}]}}