{"id":68260043,"date":"2022-01-02T15:26:28","date_gmt":"2022-01-02T14:26:28","guid":{"rendered":"https:\/\/kraftwerk-shop.cc\/?post_type=product&#038;p=68260043"},"modified":"2026-02-15T00:50:32","modified_gmt":"2026-02-14T23:50:32","slug":"afe-power-57-10005r-track-series-carbon-cold-air-intake-camaro-ss","status":"publish","type":"product","link":"https:\/\/kraftwerk-shop.cc\/cs\/produkt\/afe-power-57-10005r-track-series-carbon-cold-air-intake-camaro-ss\/","title":{"rendered":"aFe Track Series Carbon Cold Air \/ Sport Air Filter Intake Camaro SS"},"content":{"rendered":"<h1>aFe POWER 57-10005R Track Series Carbon Cold Air Intake pro Chevrolet Camaro SS<\/h1>\n<p>&nbsp;<\/p>\n<p><strong>Jednod\u00edln\u00fd tepeln\u00fd \u0161t\u00edt<\/strong><br \/>\nPevn\u00fd vzduchov\u00fd filtr, kter\u00fd je sou\u010d\u00e1st\u00ed dod\u00e1vky, je obklopen lehk\u00fdm, \u010dern\u011b pr\u00e1\u0161kov\u011b lakovan\u00fdm tepeln\u00fdm \u0161t\u00edtem z hlin\u00edku 5052-H32, kter\u00fd zabra\u0148uje nas\u00e1v\u00e1n\u00ed hork\u00e9ho vzduchu z motorov\u00e9ho prostoru a zaji\u0161\u0165uje tak maxim\u00e1ln\u00ed v\u00fdkon.<\/p>\n<p><strong>Sac\u00ed potrub\u00ed<\/strong><br \/>\nLehk\u00e9 potrub\u00ed z leskl\u00e9ho uhl\u00edkov\u00e9ho vl\u00e1kna vede filtrovan\u00fd vzduch ze vzduchov\u00e9ho filtru do motoru a odstra\u0148uje tov\u00e1rn\u00ed komoru tlumi\u010de. Bylo po\u010d\u00edta\u010dov\u011b navr\u017eeno a testov\u00e1no tak, aby zv\u00fd\u0161ilo pr\u016ftok vzduchu a z\u00e1rove\u0148 sn\u00ed\u017eilo hmotnost a zlep\u0161ilo vizu\u00e1ln\u00ed vzhled motorov\u00e9ho prostoru. Je vybaveno hlin\u00edkovou p\u0159\u00edpojkou pro origin\u00e1ln\u00ed odvzdu\u0161\u0148ovac\u00ed hadici a vestav\u011bnou rezonan\u010dn\u00ed komorou, kter\u00e1 sni\u017euje ne\u017e\u00e1douc\u00ed hluk ze sac\u00edho syst\u00e9mu, ani\u017e by eliminovala jeho hlubok\u00fd zvuk.<\/p>\n<p><strong>Velk\u00fd 5vrstv\u00fd v\u00fdkonn\u00fd vzduchov\u00fd filtr<\/strong><br \/>\nTento 6 3\/4\u2033 vysok\u00fd 360stup\u0148ov\u00fd radi\u00e1ln\u00ed vzduchov\u00fd filtr se skl\u00e1d\u00e1 z 5 vrstev postupn\u011b se zu\u017euj\u00edc\u00edch bavln\u011bn\u00fdch filtra\u010dn\u00edch ok, kter\u00e1 jsou sm\u00e1\u010dena speci\u00e1ln\u00edm filtra\u010dn\u00edm olejem a lze je vym\u00fdvat.<\/p>\n<p><strong>Vysoce kvalitn\u00ed instala\u010dn\u00ed materi\u00e1l<\/strong><br \/>\n\u0160nekov\u00e9 svorky z nerezov\u00e9 oceli a zes\u00edlen\u00e1 silikonov\u00e1 hadice zaji\u0161\u0165uj\u00ed stabilitu a trvanlivost a tak\u00e9 bezpe\u010dnou a snadnou instalaci. Sac\u00ed syst\u00e9my Momentum jsou navr\u017eeny s co nejmen\u0161\u00edm po\u010dtem jednotliv\u00fdch d\u00edl\u016f, aby byla zaji\u0161t\u011bna rychl\u00e1 a snadn\u00e1 instalace.<\/p>\n<p>&nbsp;<\/p>\n<p><strong>podrobnosti<\/strong><\/p>\n<p>- + 13 PS, + 16 NM maxim\u00e1ln\u00ed zv\u00fd\u0161en\u00ed v\u00fdkonu<br \/>\n- 37% v\u011bt\u0161\u00ed pr\u016ftok ne\u017e standardn\u00ed vzduchov\u00fd filtr<br \/>\n- Sac\u00ed potrub\u00ed vyvinut\u00e9 v syst\u00e9mu CAD<br \/>\n- P\u0159edem promazan\u00fd, omyvateln\u00fd a opakovan\u011b pou\u017eiteln\u00fd vzduchov\u00fd filtr Pro 10R pro maxim\u00e1ln\u00ed v\u00fdkon<br \/>\n- Jedine\u010dn\u00e1 konstrukce pouzdra filtru<br \/>\n- Dokonal\u00e1 p\u0159esnost ulo\u017een\u00ed<\/p>\n<p>&nbsp;<\/p>\n<p><strong>Vhodn\u00e9 pro:<\/strong><\/p>\n<table width=\"408\">\n<tbody>\n<tr>\n<td width=\"126\">Rok v\u00fdstavby<\/td>\n<td width=\"116\">Zna\u010dka<\/td>\n<td width=\"102\">Model<\/td>\n<td width=\"64\">Motor<\/td>\n<\/tr>\n<tr>\n<td>2016\u20132022<\/td>\n<td>Chevrolet<\/td>\n<td>Camaro<\/td>\n<td>6.2 LT1<\/td>\n<\/tr>\n<\/tbody>\n<\/table>\n<p>&nbsp;<\/p>","protected":false},"excerpt":{"rendered":"<p>aFe POWER 57-10005R Track Series Carbon Cold Air Intake f\u00fcr Chevrolet Camaro SS &nbsp; Einteiliges Hitzeschild Der im Lieferumfang enthaltene<\/p>","protected":false},"featured_media":68277199,"comment_status":"open","ping_status":"closed","template":"","meta":{"_acf_changed":false},"product_brand":[16879],"product_cat":[3074],"product_tag":[250,251,252,419,420,2066,3088,16880,498,2441,826,824,191,773,189,190,825,1050,20273,898,57,822,2440,500,291,2439,905],"class_list":{"0":"post-68260043","1":"product","2":"type-product","3":"status-publish","4":"has-post-thumbnail","6":"product_brand-afe-power","7":"product_cat-camaro-62-2016-ansaugung","8":"product_tag-250","9":"product_tag-251","10":"product_tag-252","11":"product_tag-419","12":"product_tag-420","13":"product_tag-2066","14":"product_tag-57-10005r","15":"product_tag-advanced-flow-engineering","16":"product_tag-afe","17":"product_tag-afe-power","18":"product_tag-ansaugung","19":"product_tag-cai","20":"product_tag-camaro","21":"product_tag-carbon","22":"product_tag-chevrolet","23":"product_tag-chevy","24":"product_tag-cold-air-intake","25":"product_tag-gen6","26":"product_tag-keintuev","27":"product_tag-lt1","28":"product_tag-luftfilter","29":"product_tag-momentum","30":"product_tag-series","31":"product_tag-sportluftfilter","32":"product_tag-ss","33":"product_tag-track","34":"product_tag-track-series","36":"first","37":"onbackorder","38":"taxable","39":"shipping-taxable","40":"purchasable","41":"product-type-simple"},"bundled_by":[],"bundle_stock_status":"onbackorder","bundle_stock_quantity":0,"bundle_virtual":false,"bundle_layout":"","bundle_add_to_cart_form_location":"","bundle_editable_in_cart":false,"bundle_sold_individually_context":"","bundle_item_grouping":"","bundle_min_size":"","bundle_max_size":"","bundle_price":[],"bundled_items":[],"bundle_sell_ids":[],"exclude_global_add_ons":[],"addons":[],"acf":[],"_links":{"self":[{"href":"https:\/\/kraftwerk-shop.cc\/cs\/wp-json\/wp\/v2\/product\/68260043","targetHints":{"allow":["GET"]}}],"collection":[{"href":"https:\/\/kraftwerk-shop.cc\/cs\/wp-json\/wp\/v2\/product"}],"about":[{"href":"https:\/\/kraftwerk-shop.cc\/cs\/wp-json\/wp\/v2\/types\/product"}],"replies":[{"embeddable":true,"href":"https:\/\/kraftwerk-shop.cc\/cs\/wp-json\/wp\/v2\/comments?post=68260043"}],"version-history":[{"count":0,"href":"https:\/\/kraftwerk-shop.cc\/cs\/wp-json\/wp\/v2\/product\/68260043\/revisions"}],"wp:featuredmedia":[{"embeddable":true,"href":"https:\/\/kraftwerk-shop.cc\/cs\/wp-json\/wp\/v2\/media\/68277199"}],"wp:attachment":[{"href":"https:\/\/kraftwerk-shop.cc\/cs\/wp-json\/wp\/v2\/media?parent=68260043"}],"wp:term":[{"taxonomy":"product_brand","embeddable":true,"href":"https:\/\/kraftwerk-shop.cc\/cs\/wp-json\/wp\/v2\/product_brand?post=68260043"},{"taxonomy":"product_cat","embeddable":true,"href":"https:\/\/kraftwerk-shop.cc\/cs\/wp-json\/wp\/v2\/product_cat?post=68260043"},{"taxonomy":"product_tag","embeddable":true,"href":"https:\/\/kraftwerk-shop.cc\/cs\/wp-json\/wp\/v2\/product_tag?post=68260043"}],"curies":[{"name":"wp","href":"https:\/\/api.w.org\/{rel}","templated":true}]}}