{"id":68260079,"date":"2022-01-03T16:04:11","date_gmt":"2022-01-03T15:04:11","guid":{"rendered":"https:\/\/kraftwerk-shop.cc\/?post_type=product&#038;p=68260079"},"modified":"2026-02-15T00:47:45","modified_gmt":"2026-02-14T23:47:45","slug":"magnaflow-19486-jeep-gladiator","status":"publish","type":"product","link":"https:\/\/kraftwerk-shop.cc\/cs\/produkt\/magnaflow-19486-jeep-gladiator\/","title":{"rendered":"MagnaFlow Jeep Gladiator Rock Crawler Series Cat-Back V\u00fdkonn\u00fd v\u00fdfukov\u00fd syst\u00e9m"},"content":{"rendered":"<h1>MagnaFlow Rock Crawler Series Cat-Back Performance v\u00fdfukov\u00fd syst\u00e9m pro Jeep Gladiator<\/h1>\n<p>&nbsp;<\/p>\n<p>Z\u00e1vazek spole\u010dnosti MagnaFlow vyv\u00edjet a vyr\u00e1b\u011bt nejlep\u0161\u00ed sportovn\u00ed v\u00fdfukov\u00e9 syst\u00e9my zaji\u0161\u0165uje vynikaj\u00edc\u00ed zvuk a z\u00e1\u017eitek z j\u00edzdy, zejm\u00e9na p\u0159i j\u00edzd\u011b v ter\u00e9nu.<br \/>\nVyrobeno z vysoce kvalitn\u00edch materi\u00e1l\u016f, navr\u017eeno pro optim\u00e1ln\u00ed p\u0159izp\u016fsoben\u00ed a v\u00fdkon.<br \/>\nV\u00fdfukov\u00fd syst\u00e9m Rock Crawler p\u0159in\u00e1\u0161\u00ed dynamicky ov\u011b\u0159en\u00fd n\u00e1r\u016fst v\u00fdkonu s p\u0159\u00edjemn\u00fdm zvukem v interi\u00e9ru a siln\u00fdm, agresivn\u00edm zvukem navenek.<\/p>\n<p>&nbsp;<\/p>\n<p><img decoding=\"async\" class=\"alignnone size-medium wp-image-68259882\" src=\"https:\/\/kraftwerk-shop.cc\/wp-content\/uploads\/2021\/12\/19487_sound-300x141.jpg\" alt=\"\" width=\"300\" height=\"141\" \/><\/p>\n<p>MagnaFlow Street Series 19486 se hod\u00ed pro n\u00e1sleduj\u00edc\u00ed modely:<\/p>\n<table width=\"40%\">\n<tbody>\n<tr>\n<td width=\"32%\">2022<\/td>\n<td width=\"32%\">Gladi\u00e1tor<\/td>\n<td width=\"32%\">V6 3.6L<\/td>\n<\/tr>\n<tr>\n<td width=\"32%\">2021<\/td>\n<td width=\"32%\">Gladi\u00e1tor<\/td>\n<td width=\"32%\">V6 3.6L<\/td>\n<\/tr>\n<tr>\n<td width=\"32%\">2020<\/td>\n<td width=\"32%\">Gladi\u00e1tor<\/td>\n<td width=\"32%\">V6 3.6L<\/td>\n<\/tr>\n<\/tbody>\n<\/table>\n<p><iframe loading=\"lazy\" title=\"P\u0159ehr\u00e1va\u010d vide\u00ed YouTube\" src=\"https:\/\/www.youtube.com\/embed\/gmkWBzvWMz8\" width=\"882\" height=\"496\" frameborder=\"0\" allowfullscreen=\"allowfullscreen\"><\/iframe><\/p>","protected":false},"excerpt":{"rendered":"<p>2020 - 2022<\/p>","protected":false},"featured_media":68267051,"comment_status":"open","ping_status":"closed","template":"","meta":{"_acf_changed":false},"product_brand":[18925],"product_cat":[3009,3024],"product_tag":[3099,420,2066,2373,1046,1035,1036,546,1037,1047,2210,3100,662,1043,1039,1042,2786,2217,2212,2934,50,532,529,20273,2211,1040,2208,2062,1044,1045,547,1034,1038,2215,2139,175,2137],"class_list":{"0":"post-68260079","1":"product","2":"type-product","3":"status-publish","4":"has-post-thumbnail","6":"product_brand-magnaflow","7":"product_cat-gladiator-36-abgasanlage","8":"product_cat-nicht-nach-eu","9":"product_tag-3099","10":"product_tag-420","11":"product_tag-2066","12":"product_tag-2373","13":"product_tag-abe","14":"product_tag-abgasanlage","15":"product_tag-abgassystem","16":"product_tag-auspuff","17":"product_tag-auspuffsystem","18":"product_tag-cat-back","19":"product_tag-catback","20":"product_tag-crawler","21":"product_tag-edelstahl","22":"product_tag-endrohr","23":"product_tag-endschalldaempfer","24":"product_tag-endtopf","25":"product_tag-exhaust","26":"product_tag-gladiator","27":"product_tag-gutachten","28":"product_tag-harder","29":"product_tag-jeep","30":"product_tag-kat","31":"product_tag-katalysator","32":"product_tag-keintuev","33":"product_tag-klang","34":"product_tag-laut","35":"product_tag-lauter","36":"product_tag-magnaflow","37":"product_tag-mittelschalldaempfer","38":"product_tag-sound","39":"product_tag-sportauspuff","40":"product_tag-sportauspuffanlage","41":"product_tag-sportendschalldaempfer","42":"product_tag-street","43":"product_tag-tuev","44":"product_tag-wrangler","45":"product_tag-zulassung","46":"product_shipping_class-spedition-1","48":"first","49":"onbackorder","50":"taxable","51":"shipping-taxable","52":"purchasable","53":"product-type-simple"},"bundled_by":[],"bundle_stock_status":"onbackorder","bundle_stock_quantity":0,"bundle_virtual":false,"bundle_layout":"","bundle_add_to_cart_form_location":"","bundle_editable_in_cart":false,"bundle_sold_individually_context":"","bundle_item_grouping":"","bundle_min_size":"","bundle_max_size":"","bundle_price":[],"bundled_items":[],"bundle_sell_ids":[],"exclude_global_add_ons":[],"addons":[],"acf":[],"_links":{"self":[{"href":"https:\/\/kraftwerk-shop.cc\/cs\/wp-json\/wp\/v2\/product\/68260079","targetHints":{"allow":["GET"]}}],"collection":[{"href":"https:\/\/kraftwerk-shop.cc\/cs\/wp-json\/wp\/v2\/product"}],"about":[{"href":"https:\/\/kraftwerk-shop.cc\/cs\/wp-json\/wp\/v2\/types\/product"}],"replies":[{"embeddable":true,"href":"https:\/\/kraftwerk-shop.cc\/cs\/wp-json\/wp\/v2\/comments?post=68260079"}],"version-history":[{"count":0,"href":"https:\/\/kraftwerk-shop.cc\/cs\/wp-json\/wp\/v2\/product\/68260079\/revisions"}],"wp:featuredmedia":[{"embeddable":true,"href":"https:\/\/kraftwerk-shop.cc\/cs\/wp-json\/wp\/v2\/media\/68267051"}],"wp:attachment":[{"href":"https:\/\/kraftwerk-shop.cc\/cs\/wp-json\/wp\/v2\/media?parent=68260079"}],"wp:term":[{"taxonomy":"product_brand","embeddable":true,"href":"https:\/\/kraftwerk-shop.cc\/cs\/wp-json\/wp\/v2\/product_brand?post=68260079"},{"taxonomy":"product_cat","embeddable":true,"href":"https:\/\/kraftwerk-shop.cc\/cs\/wp-json\/wp\/v2\/product_cat?post=68260079"},{"taxonomy":"product_tag","embeddable":true,"href":"https:\/\/kraftwerk-shop.cc\/cs\/wp-json\/wp\/v2\/product_tag?post=68260079"}],"curies":[{"name":"wp","href":"https:\/\/api.w.org\/{rel}","templated":true}]}}