{"id":68260191,"date":"2022-01-06T15:57:25","date_gmt":"2022-01-06T14:57:25","guid":{"rendered":"https:\/\/kraftwerk-shop.cc\/?post_type=product&#038;p=68260191"},"modified":"2026-02-15T00:54:21","modified_gmt":"2026-02-14T23:54:21","slug":"brzdove-kotouce-ebc-premium-d7443","status":"publish","type":"product","link":"https:\/\/kraftwerk-shop.cc\/cs\/produkt\/ebc-premium-bremsscheiben-d7443\/","title":{"rendered":"Brzdov\u00e9 kotou\u010de EBC Premium D7443"},"content":{"rendered":"<h1>Brzdov\u00e9 kotou\u010de EBC Premium pro Dodge Journey 2.0 CRD, 2.4, 2.7 a 3.5 (zadn\u00ed n\u00e1prava)<\/h1>\n<p>&nbsp;<\/p>\n<p>Spole\u010dnost EBC nab\u00edz\u00ed pr\u00e9miov\u00e9 brzdov\u00e9 kotou\u010de jako origin\u00e1ln\u00ed n\u00e1hradn\u00ed d\u00edly. Spole\u010dnost EBC klade velk\u00fd d\u016fraz na v\u00fdrobu vysoce kvalitn\u00edch produkt\u016f v oblasti n\u00e1hradn\u00edch d\u00edl\u016f OE, aby byla zaru\u010dena va\u0161e bezpe\u010dnost.<\/p>\n<p>V\u0161echny brzdov\u00e9 kotou\u010de EBC Premium jsou vyrobeny z \u0161ed\u00e9 litiny a maj\u00ed pevnost v tahu 150N\/m2 s odchylkou v tvrdosti povrchu max. 20HB.<\/p>\n<p>Brzdov\u00e9 kotou\u010de EBC Premium jsou fr\u00e9zov\u00e1ny na CNC s toleranc\u00ed povrchu 0,01 mm.<\/p>\n<p>Nejedn\u00e1 se tedy o levn\u00fd dov\u00e1\u017een\u00fd v\u00fdrobek, ale o vysoce kvalitn\u00ed origin\u00e1ln\u00ed n\u00e1hradn\u00ed d\u00edl, kter\u00fd si v ni\u010dem nezad\u00e1 s kvalitou origin\u00e1ln\u00edch brzdov\u00fdch kotou\u010d\u016f.<\/p>\n<p>\u010cern\u00e9 pr\u00e1\u0161kov\u00e9 lakov\u00e1n\u00ed brzdov\u00fdch kotou\u010d\u016f poskytuje nejlep\u0161\u00ed mo\u017enou ochranu proti korozi a je vhodn\u00e9 zejm\u00e9na pro vozidla s otev\u0159en\u00fdm designem r\u00e1fk\u016f.<\/p>\n<p>&nbsp;<\/p>\n<p><strong>Vlastnosti produktu:<\/strong><\/p>\n<p>305x12mm \/ v\u00fd\u0161ka: 33mm \/ po\u010det otvor\u016f: 5 \/ kruh \u0161roub\u016f: 127mm \/ nev\u011btran\u00fd \/ namontov\u00e1no: vzadu<br \/>\nSchv\u00e1len\u00ed: bez registrace<\/p>\n<p>\u010c\u00edslo OE (pouze pro \u00fa\u010dely porovn\u00e1n\u00ed):  CHRYSLER 04721677AA, CHRYSLER 04721996AA, CHRYSLER 4721677AA, CHRYSLER 4721996AA, DODGE 04721996AA, DODGE 04721677AA, DODGE 4721677AA, DODGE 4721996AA, FIAT K04721996AB, FIAT 04721996AA, LANCIA K04721996AB, VW 7B0615601A<\/p>\n<p><strong>Vhodn\u00e9 pro:<\/strong><\/p>\n<table width=\"558\">\n<tbody>\n<tr>\n<td width=\"64\">Dodge<\/td>\n<td width=\"167\">Journey<\/td>\n<td width=\"140\">2.0 CRD<\/td>\n<td width=\"177\">2008 -<\/td>\n<\/tr>\n<tr>\n<td width=\"64\">Dodge<\/td>\n<td width=\"167\">Journey<\/td>\n<td width=\"140\">2.4 16V<\/td>\n<td width=\"177\">2008 -<\/td>\n<\/tr>\n<tr>\n<td width=\"64\">Dodge<\/td>\n<td width=\"167\">Journey<\/td>\n<td width=\"140\">2.7 V6<\/td>\n<td width=\"177\">2008 -<\/td>\n<\/tr>\n<tr>\n<td width=\"64\">Dodge<\/td>\n<td width=\"167\">Journey<\/td>\n<td width=\"140\">3.5 V6<\/td>\n<td width=\"177\">2008 -<\/td>\n<\/tr>\n<\/tbody>\n<\/table>\n<p><strong><br \/>\nRozsah dod\u00e1vky: <\/strong><\/p>\n<p>- 2 brzdov\u00e9 kotou\u010de EBC Premium (D7443) pro zadn\u00ed n\u00e1pravu<\/p>","protected":false},"excerpt":{"rendered":"<p>EBC Premium Bremsscheiben f\u00fcr Dodge Journey 2.0 CRD, 2.4, 2.7 und 3.5 (Hinterachse) &nbsp; Die Premium Bremsscheiben bietet EBC als<\/p>","protected":false},"featured_media":68274199,"comment_status":"open","ping_status":"closed","template":"","meta":{"_acf_changed":false},"product_brand":[16875],"product_cat":[3157],"product_tag":[3161,3160,2365,1105,87,88,3162,3163,3165,795,796,3159,49,964,2442,16877,16876,16878,692,2934,126,678,3164,36,877,794,797,216,842,841,673],"class_list":{"0":"post-68260191","1":"product","2":"type-product","3":"status-publish","4":"has-post-thumbnail","6":"product_brand-ebc-brakes","7":"product_cat-dodge-journey-bremsen-hinten","8":"product_tag-04721677aa","9":"product_tag-04721996aa","10":"product_tag-2-0-crd","11":"product_tag-2-4","12":"product_tag-2-7","13":"product_tag-3-5","14":"product_tag-4721677aa","15":"product_tag-4721996aa","16":"product_tag-7b0615601a","17":"product_tag-bremse","18":"product_tag-bremsscheibe","19":"product_tag-d7443","20":"product_tag-dodge","21":"product_tag-ebc","22":"product_tag-ebc-brakes","23":"product_tag-ebc-bremsbelaege","24":"product_tag-ebc-bremsen","25":"product_tag-ebc-bremsscheiben","26":"product_tag-ersatzteil","27":"product_tag-harder","28":"product_tag-hemi","29":"product_tag-journey","30":"product_tag-k04721996ab","31":"product_tag-kraftwerk","32":"product_tag-multijet","33":"product_tag-premium","34":"product_tag-sportbremsscheibe","35":"product_tag-upgrade","36":"product_tag-vorderachse","37":"product_tag-vorne","38":"product_tag-zubehoer","40":"first","41":"onbackorder","42":"taxable","43":"shipping-taxable","44":"purchasable","45":"product-type-simple"},"bundled_by":[],"bundle_stock_status":"onbackorder","bundle_stock_quantity":0,"bundle_virtual":false,"bundle_layout":"","bundle_add_to_cart_form_location":"","bundle_editable_in_cart":false,"bundle_sold_individually_context":"","bundle_item_grouping":"","bundle_min_size":"","bundle_max_size":"","bundle_price":[],"bundled_items":[],"bundle_sell_ids":[],"exclude_global_add_ons":[],"addons":[],"acf":[],"_links":{"self":[{"href":"https:\/\/kraftwerk-shop.cc\/cs\/wp-json\/wp\/v2\/product\/68260191","targetHints":{"allow":["GET"]}}],"collection":[{"href":"https:\/\/kraftwerk-shop.cc\/cs\/wp-json\/wp\/v2\/product"}],"about":[{"href":"https:\/\/kraftwerk-shop.cc\/cs\/wp-json\/wp\/v2\/types\/product"}],"replies":[{"embeddable":true,"href":"https:\/\/kraftwerk-shop.cc\/cs\/wp-json\/wp\/v2\/comments?post=68260191"}],"version-history":[{"count":0,"href":"https:\/\/kraftwerk-shop.cc\/cs\/wp-json\/wp\/v2\/product\/68260191\/revisions"}],"wp:featuredmedia":[{"embeddable":true,"href":"https:\/\/kraftwerk-shop.cc\/cs\/wp-json\/wp\/v2\/media\/68274199"}],"wp:attachment":[{"href":"https:\/\/kraftwerk-shop.cc\/cs\/wp-json\/wp\/v2\/media?parent=68260191"}],"wp:term":[{"taxonomy":"product_brand","embeddable":true,"href":"https:\/\/kraftwerk-shop.cc\/cs\/wp-json\/wp\/v2\/product_brand?post=68260191"},{"taxonomy":"product_cat","embeddable":true,"href":"https:\/\/kraftwerk-shop.cc\/cs\/wp-json\/wp\/v2\/product_cat?post=68260191"},{"taxonomy":"product_tag","embeddable":true,"href":"https:\/\/kraftwerk-shop.cc\/cs\/wp-json\/wp\/v2\/product_tag?post=68260191"}],"curies":[{"name":"wp","href":"https:\/\/api.w.org\/{rel}","templated":true}]}}