{"id":68260268,"date":"2022-01-07T12:40:02","date_gmt":"2022-01-07T11:40:02","guid":{"rendered":"https:\/\/kraftwerk-shop.cc\/?post_type=product&#038;p=68260268"},"modified":"2026-02-15T00:45:53","modified_gmt":"2026-02-14T23:45:53","slug":"ebc-blackstuff-brzdove-desticky-dp1798","status":"publish","type":"product","link":"https:\/\/kraftwerk-shop.cc\/cs\/produkt\/ebc-blackstuff-bremsbelaege-dp1798\/","title":{"rendered":"Brzdov\u00e9 desti\u010dky EBC Blackstuff DP1798"},"content":{"rendered":"<h1>Brzdov\u00e9 desti\u010dky EBC Blackstuff pro Dodge Journey 2.0 CRD, 2.4, 2.7 a 3.5 (p\u0159edn\u00ed n\u00e1prava)<\/h1>\n<p>&nbsp;<\/p>\n<p>Toto brzdov\u00e9 oblo\u017een\u00ed optimalizovan\u00e9 pro brzdov\u00fd prach nab\u00edz\u00edme jako \"origin\u00e1ln\u00ed n\u00e1hradn\u00ed d\u00edl\".<br \/>\nOdpov\u00edd\u00e1 kvalit\u011b OE, ale byla spole\u010dnost\u00ed EBC vylep\u0161ena z hlediska \u017eivotnosti a v\u00fdvoje brzdov\u00e9ho prachu.<br \/>\nDobr\u00e1 tepeln\u00e1 odolnost a minim\u00e1ln\u00ed opot\u0159eben\u00ed brzdov\u00e9ho kotou\u010de jsou dal\u0161\u00edmi d\u016fvody velk\u00e9ho \u00fasp\u011bchu tohoto brzdov\u00e9ho oblo\u017een\u00ed EBC.<br \/>\nV\u0161echny brzdov\u00e9 desti\u010dky Blackstuff Ultimax maj\u00ed homologaci ECE R90.<\/p>\n<p>&nbsp;<\/p>\n<p>Vlastnosti:<\/p>\n<p>- Optimalizovan\u00e9 n\u00e1hradn\u00ed brzdov\u00e9 desti\u010dky s koeficientem t\u0159en\u00ed 0,41<br \/>\n- Dvoud\u00edln\u00e9 t\u0159ec\u00ed oblo\u017een\u00ed proti tepeln\u00fdm zlom\u016fm<br \/>\n- Zkosen\u00e9 rohy proti hluku brzd<br \/>\n- Unik\u00e1tn\u00ed povrchov\u00e1 \u00faprava Brake-In\u2122 pro optim\u00e1ln\u00ed brzd\u011bn\u00ed<br \/>\n- Velmi \u0161etrn\u00e9 k brzdov\u00fdm kotou\u010d\u016fm<br \/>\n- S odoln\u00fdm, vypalovan\u00fdm povlakem s vysok\u00fdm leskem<br \/>\n- Pracovn\u00ed teplota a\u017e 400 \u00b0C<\/p>\n<div id=\"attachment_68255951\" style=\"width: 460px\" class=\"wp-caption alignnone\"><a href=\"https:\/\/kraftwerk-shop.cc\/wp-content\/uploads\/2021\/09\/EBC_Blackstuff_Info.jpg\"><img decoding=\"async\" aria-describedby=\"caption-attachment-68255951\" class=\"wp-image-68255951\" src=\"https:\/\/kraftwerk-shop.cc\/wp-content\/uploads\/2021\/09\/EBC_Blackstuff_Info-300x229.jpg\" alt=\"Vlastnosti brzdov\u00fdch desti\u010dek EBC Blackstuff pro Chrysler, Dodge a Jeep\" width=\"450\" height=\"343\" \/><\/a><p id=\"caption-attachment-68255951\" class=\"wp-caption-text\">Vlastnosti brzdov\u00fdch desti\u010dek EBC Blackstuff<\/p><\/div>\n<p>&nbsp;<\/p>\n<p>\u010c\u00edslo OE (pouze pro \u00fa\u010dely porovn\u00e1n\u00ed): AUDI 7B0698151A , AUDI 7B0698151C , AUDI 7B0698151D , SKODA 7B0698151A , SKODA 7B0698151C , SKODA 7B0698151D , SEAT 7B0698151A , SEAT 7B0698151C , SEAT 7B0698151D , DODGE 68029264AA , JEEP 68003701AA , JEEP K68044866AA , JEEP KV1013701AA , CHRYSLER 68003701AB , CHRYSLER K68029264AB , CHRYSLER K68053152AA , VW 7B0698151A , VW 7B0698151C , VW 7B0698151D<br \/>\nSchv\u00e1len\u00ed: REG90<\/p>\n<p>M\u00edsto instalace: P\u0159edn\u00ed n\u00e1prava<\/p>\n<p><strong>Vhodn\u00e9 pro:<br \/>\n<\/strong><\/p>\n<table width=\"558\">\n<tbody>\n<tr>\n<td width=\"64\">Dodge<\/td>\n<td width=\"167\">Journey<\/td>\n<td width=\"140\">2.0 CRD<\/td>\n<td width=\"177\">2008 -<\/td>\n<\/tr>\n<tr>\n<td width=\"64\">Dodge<\/td>\n<td width=\"167\">Journey<\/td>\n<td width=\"140\">2.4 16V<\/td>\n<td width=\"177\">2008 -<\/td>\n<\/tr>\n<tr>\n<td width=\"64\">Dodge<\/td>\n<td width=\"167\">Journey<\/td>\n<td width=\"140\">2.7 V6<\/td>\n<td width=\"177\">2008 -<\/td>\n<\/tr>\n<tr>\n<td width=\"64\">Dodge<\/td>\n<td width=\"167\">Journey<\/td>\n<td width=\"140\">3.5 V6<\/td>\n<td width=\"177\">2008 -<\/td>\n<\/tr>\n<\/tbody>\n<\/table>\n<p><strong>Rozsah dod\u00e1vky: <\/strong><\/p>\n<p>- 1 sada brzdov\u00fdch desti\u010dek (DP1798) pro p\u0159edn\u00ed n\u00e1pravu<\/p>","protected":false},"excerpt":{"rendered":"<p>Brzdov\u00e9 desti\u010dky EBC Blackstuff pro Dodge Journey 2.0 CRD, 2.4, 2.7 a 3.5 (p\u0159edn\u00ed n\u00e1prava) Nab\u00edz\u00edme tyto brzdov\u00e9 desti\u010dky optimalizovan\u00e9 pro brzdov\u00fd prach jako.<\/p>","protected":false},"featured_media":68274285,"comment_status":"open","ping_status":"closed","template":"","meta":{"_acf_changed":false},"product_brand":[16875],"product_cat":[3158],"product_tag":[3189,3192,3188,3185,3186,3187,1046,969,590,795,840,94,3184,964,2442,16877,16876,16878,3193,3190,3194,36,3191,2138,970,2139,842,841,673,2135,2137],"class_list":{"0":"post-68260268","1":"product","2":"type-product","3":"status-publish","4":"has-post-thumbnail","6":"product_brand-ebc-brakes","7":"product_cat-dodge-journey-bremsen-vorne","8":"product_tag-68003701aa","9":"product_tag-68003701ab","10":"product_tag-68029264aa","11":"product_tag-7b0698151a","12":"product_tag-7b0698151c","13":"product_tag-7b0698151d","14":"product_tag-abe","15":"product_tag-blackstuff","16":"product_tag-bremsbelaege","17":"product_tag-bremse","18":"product_tag-bremskloetze","19":"product_tag-commander","20":"product_tag-dp1798","21":"product_tag-ebc","22":"product_tag-ebc-brakes","23":"product_tag-ebc-bremsbelaege","24":"product_tag-ebc-bremsen","25":"product_tag-ebc-bremsscheiben","26":"product_tag-k68029264ab","27":"product_tag-k68044866aa","28":"product_tag-k68053152aa","29":"product_tag-kraftwerk","30":"product_tag-kv1013701aa","31":"product_tag-reg90","32":"product_tag-sportbremsbelaege","33":"product_tag-tuev","34":"product_tag-vorderachse","35":"product_tag-vorne","36":"product_tag-zubehoer","37":"product_tag-zubehoerbremsbelaege","38":"product_tag-zulassung","40":"first","41":"onbackorder","42":"taxable","43":"shipping-taxable","44":"purchasable","45":"product-type-simple"},"bundled_by":[],"bundle_stock_status":"onbackorder","bundle_stock_quantity":0,"bundle_virtual":false,"bundle_layout":"","bundle_add_to_cart_form_location":"","bundle_editable_in_cart":false,"bundle_sold_individually_context":"","bundle_item_grouping":"","bundle_min_size":"","bundle_max_size":"","bundle_price":[],"bundled_items":[],"bundle_sell_ids":[],"exclude_global_add_ons":[],"addons":[],"acf":[],"_links":{"self":[{"href":"https:\/\/kraftwerk-shop.cc\/cs\/wp-json\/wp\/v2\/product\/68260268","targetHints":{"allow":["GET"]}}],"collection":[{"href":"https:\/\/kraftwerk-shop.cc\/cs\/wp-json\/wp\/v2\/product"}],"about":[{"href":"https:\/\/kraftwerk-shop.cc\/cs\/wp-json\/wp\/v2\/types\/product"}],"replies":[{"embeddable":true,"href":"https:\/\/kraftwerk-shop.cc\/cs\/wp-json\/wp\/v2\/comments?post=68260268"}],"version-history":[{"count":0,"href":"https:\/\/kraftwerk-shop.cc\/cs\/wp-json\/wp\/v2\/product\/68260268\/revisions"}],"wp:featuredmedia":[{"embeddable":true,"href":"https:\/\/kraftwerk-shop.cc\/cs\/wp-json\/wp\/v2\/media\/68274285"}],"wp:attachment":[{"href":"https:\/\/kraftwerk-shop.cc\/cs\/wp-json\/wp\/v2\/media?parent=68260268"}],"wp:term":[{"taxonomy":"product_brand","embeddable":true,"href":"https:\/\/kraftwerk-shop.cc\/cs\/wp-json\/wp\/v2\/product_brand?post=68260268"},{"taxonomy":"product_cat","embeddable":true,"href":"https:\/\/kraftwerk-shop.cc\/cs\/wp-json\/wp\/v2\/product_cat?post=68260268"},{"taxonomy":"product_tag","embeddable":true,"href":"https:\/\/kraftwerk-shop.cc\/cs\/wp-json\/wp\/v2\/product_tag?post=68260268"}],"curies":[{"name":"wp","href":"https:\/\/api.w.org\/{rel}","templated":true}]}}