{"id":68260285,"date":"2022-01-07T14:30:12","date_gmt":"2022-01-07T13:30:12","guid":{"rendered":"https:\/\/kraftwerk-shop.cc\/?post_type=product&#038;p=68260285"},"modified":"2026-02-15T00:55:07","modified_gmt":"2026-02-14T23:55:07","slug":"brzdove-kotouce-ebc-premium-d7286","status":"publish","type":"product","link":"https:\/\/kraftwerk-shop.cc\/cs\/produkt\/ebc-premium-bremsscheiben-d7286\/","title":{"rendered":"Brzdov\u00e9 kotou\u010de EBC Premium D7286"},"content":{"rendered":"<h1>Brzdov\u00e9 kotou\u010de EBC Premium pro Jeep Commander a Jeep Grand Cherokee 3.0 CRD, 3.7, 4.7 a 5.7 Hemi z let 2005 a\u017e 2010 (zadn\u00ed n\u00e1prava)<\/h1>\n<p>&nbsp;<\/p>\n<p>Spole\u010dnost EBC nab\u00edz\u00ed pr\u00e9miov\u00e9 brzdov\u00e9 kotou\u010de jako origin\u00e1ln\u00ed n\u00e1hradn\u00ed d\u00edly. Spole\u010dnost EBC klade velk\u00fd d\u016fraz na v\u00fdrobu vysoce kvalitn\u00edch produkt\u016f v oblasti n\u00e1hradn\u00edch d\u00edl\u016f OE, aby byla zaru\u010dena va\u0161e bezpe\u010dnost.<\/p>\n<p>V\u0161echny brzdov\u00e9 kotou\u010de EBC Premium jsou vyrobeny z \u0161ed\u00e9 litiny a maj\u00ed pevnost v tahu 150N\/m2 s odchylkou v tvrdosti povrchu max. 20HB.<\/p>\n<p>Brzdov\u00e9 kotou\u010de EBC Premium jsou fr\u00e9zov\u00e1ny na CNC s toleranc\u00ed povrchu 0,01 mm.<\/p>\n<p>Nejedn\u00e1 se tedy o levn\u00fd dov\u00e1\u017een\u00fd v\u00fdrobek, ale o vysoce kvalitn\u00ed origin\u00e1ln\u00ed n\u00e1hradn\u00ed d\u00edl, kter\u00fd si v ni\u010dem nezad\u00e1 s kvalitou origin\u00e1ln\u00edch brzdov\u00fdch kotou\u010d\u016f.<\/p>\n<p>\u010cern\u00e9 pr\u00e1\u0161kov\u00e9 lakov\u00e1n\u00ed brzdov\u00fdch kotou\u010d\u016f poskytuje nejlep\u0161\u00ed mo\u017enou ochranu proti korozi a je vhodn\u00e9 zejm\u00e9na pro vozidla s otev\u0159en\u00fdm designem r\u00e1fk\u016f.<\/p>\n<p>&nbsp;<\/p>\n<p><strong>Vlastnosti produktu:<\/strong><\/p>\n<p><span class=\"text1\">320x14mm \/ v\u00fd\u0161ka: 66mm \/ po\u010det otvor\u016f: 5 \/ kruh \u0161roub\u016f: 126,8mm \/ nev\u011btran\u00fd \/ namontov\u00e1no: vzadu<\/span><strong><br \/>\n<\/strong>Schv\u00e1len\u00ed: bez registrace<\/p>\n<p>\u010c\u00edslo OE (pouze pro \u00fa\u010dely porovn\u00e1n\u00ed):  52089275AA, 52089275AB<\/p>\n<p>&nbsp;<\/p>\n<p>&nbsp;<\/p>\n<p><strong>Vhodn\u00e9 pro:<\/strong><\/p>\n<table width=\"0\">\n<tbody>\n<tr>\n<td width=\"64\">Jeep<\/td>\n<td width=\"117\">Commander<\/td>\n<td width=\"147\">3.0 CRD, 3.7, 4.7, 5.7<\/td>\n<td width=\"208\">2005\u20132010<\/td>\n<\/tr>\n<tr>\n<td width=\"64\">Jeep<\/td>\n<td width=\"117\">Grand Cherokee<\/td>\n<td width=\"147\">3.0 CRD, 3.7, 4.7, 5.7<\/td>\n<td width=\"208\">2005\u20132010<\/td>\n<\/tr>\n<\/tbody>\n<\/table>\n<p>&nbsp;<\/p>\n<p><strong>Rozsah dod\u00e1vky: <\/strong><\/p>\n<p>- 2 brzdov\u00e9 kotou\u010de EBC Premium (D7286) pro zadn\u00ed n\u00e1pravu<\/p>","protected":false},"excerpt":{"rendered":"<p>2005\u20132010<\/p>","protected":false},"featured_media":68274196,"comment_status":"open","ping_status":"closed","template":"","meta":{"_acf_changed":false},"product_brand":[16875],"product_cat":[5186,17939,17949],"product_tag":[18245,18246,572,91,3202,3203,795,796,94,90,3204,964,2442,16877,16876,16878,692,56,126,798,799,50,4425,36,794,797,216,673],"class_list":{"0":"post-68260285","1":"product","2":"type-product","3":"status-publish","4":"has-post-thumbnail","6":"product_brand-ebc-brakes","7":"product_cat-commander-bremsen-hinten","8":"product_cat-grand-cherokee-30-diesel-bremsscheiben-hinten","9":"product_cat-grand-cherokee-57-2005-2010-bremsscheiben-hinten","10":"product_tag-052089275aa","11":"product_tag-052089275ab","12":"product_tag-3-0-crd","13":"product_tag-5-7","14":"product_tag-52089275aa","15":"product_tag-52089275ab","16":"product_tag-bremse","17":"product_tag-bremsscheibe","18":"product_tag-commander","19":"product_tag-crd","20":"product_tag-d7286","21":"product_tag-ebc","22":"product_tag-ebc-brakes","23":"product_tag-ebc-bremsbelaege","24":"product_tag-ebc-bremsen","25":"product_tag-ebc-bremsscheiben","26":"product_tag-ersatzteil","27":"product_tag-grand-cherokee","28":"product_tag-hemi","29":"product_tag-hinten","30":"product_tag-hinterachse","31":"product_tag-jeep","32":"product_tag-jeep-grand-cherokee","33":"product_tag-kraftwerk","34":"product_tag-premium","35":"product_tag-sportbremsscheibe","36":"product_tag-upgrade","37":"product_tag-zubehoer","39":"first","40":"onbackorder","41":"taxable","42":"shipping-taxable","43":"purchasable","44":"product-type-simple"},"bundled_by":[],"bundle_stock_status":"onbackorder","bundle_stock_quantity":0,"bundle_virtual":false,"bundle_layout":"","bundle_add_to_cart_form_location":"","bundle_editable_in_cart":false,"bundle_sold_individually_context":"","bundle_item_grouping":"","bundle_min_size":"","bundle_max_size":"","bundle_price":[],"bundled_items":[],"bundle_sell_ids":[],"exclude_global_add_ons":[],"addons":[],"acf":[],"_links":{"self":[{"href":"https:\/\/kraftwerk-shop.cc\/cs\/wp-json\/wp\/v2\/product\/68260285","targetHints":{"allow":["GET"]}}],"collection":[{"href":"https:\/\/kraftwerk-shop.cc\/cs\/wp-json\/wp\/v2\/product"}],"about":[{"href":"https:\/\/kraftwerk-shop.cc\/cs\/wp-json\/wp\/v2\/types\/product"}],"replies":[{"embeddable":true,"href":"https:\/\/kraftwerk-shop.cc\/cs\/wp-json\/wp\/v2\/comments?post=68260285"}],"version-history":[{"count":0,"href":"https:\/\/kraftwerk-shop.cc\/cs\/wp-json\/wp\/v2\/product\/68260285\/revisions"}],"wp:featuredmedia":[{"embeddable":true,"href":"https:\/\/kraftwerk-shop.cc\/cs\/wp-json\/wp\/v2\/media\/68274196"}],"wp:attachment":[{"href":"https:\/\/kraftwerk-shop.cc\/cs\/wp-json\/wp\/v2\/media?parent=68260285"}],"wp:term":[{"taxonomy":"product_brand","embeddable":true,"href":"https:\/\/kraftwerk-shop.cc\/cs\/wp-json\/wp\/v2\/product_brand?post=68260285"},{"taxonomy":"product_cat","embeddable":true,"href":"https:\/\/kraftwerk-shop.cc\/cs\/wp-json\/wp\/v2\/product_cat?post=68260285"},{"taxonomy":"product_tag","embeddable":true,"href":"https:\/\/kraftwerk-shop.cc\/cs\/wp-json\/wp\/v2\/product_tag?post=68260285"}],"curies":[{"name":"wp","href":"https:\/\/api.w.org\/{rel}","templated":true}]}}