{"id":68260798,"date":"2022-01-18T14:05:22","date_gmt":"2022-01-18T13:05:22","guid":{"rendered":"https:\/\/kraftwerk-shop.cc\/?post_type=product&#038;p=68260798"},"modified":"2026-03-12T13:51:04","modified_gmt":"2026-03-12T12:51:04","slug":"mbrp-s5152blk-zavodni-vyfukovy-system-ram-1500","status":"publish","type":"product","link":"https:\/\/kraftwerk-shop.cc\/cs\/produkt\/mbrp-s5152blk-race-abgasanlage-ram-1500\/","title":{"rendered":"V\u00fdfukov\u00fd syst\u00e9m MBRP Race Profile Black Cat-Back RAM 1500 5.7"},"content":{"rendered":"<h1>V\u00fdfukov\u00fd syst\u00e9m MBRP Race Profile Black Cat-Back RAM 1500 5.7<\/h1>\n<p>&nbsp;<\/p>\n<p>MBRP S5152BLK je v\u00fdfukov\u00fd syst\u00e9m typu cat-back specifick\u00fd pro vozidlo RAM 1500 s 5,7litrov\u00fdm benz\u00ednov\u00fdm motorem V8 od modelov\u00e9ho roku 2019 (nen\u00ed kompatibiln\u00ed s modely RAM 1500 Classic).<br \/>\nNahrazuje tov\u00e1rn\u00ed v\u00fdfukov\u00fd syst\u00e9m od katalyz\u00e1toru a je navr\u017een tak, aby optimalizoval pr\u016ftok v\u00fdfukov\u00fdch plyn\u016f a zv\u00fd\u0161il tepelnou a akustickou \u00fa\u010dinnost.<\/p>\n<p>&nbsp;<\/p>\n<p><strong>Technick\u00e9 \u00fadaje:<\/strong><\/p>\n<ul>\n<li>Kompatibilita s vozidly: RAM 1500 Laramie 5.7L V8, modelov\u00fd rok 2019-2024<\/li>\n<li>Konstrukce: Syst\u00e9m Cat-back, dvojit\u00fd zadn\u00ed v\u00fdstup<\/li>\n<li>Pr\u016fm\u011br trubky: 2,5 palce<\/li>\n<li>V\u00fdfuky: 4,5palcov\u00e9 \u010dern\u00e9, zkosen\u00e9, z nerezov\u00e9 oceli<\/li>\n<li>Materi\u00e1l: hlin\u00edkov\u00e1 ocel, \u010dern\u011b pr\u00e1\u0161kov\u011b lakovan\u00e1 (\u010dern\u00e1 s\u00e9rie)<\/li>\n<li>Zap\u00edn\u00e1n\u00ed: \u0160roubov\u00fd syst\u00e9m (bez nutnosti sva\u0159ov\u00e1n\u00ed), pou\u017eit\u00ed bod\u016f zav\u011b\u0161en\u00ed z v\u00fdroby<\/li>\n<li>Rozsah dod\u00e1vky: Kompletn\u00ed mont\u00e1\u017en\u00ed sada se svorkami, dr\u017e\u00e1ky a n\u00e1vodem k mont\u00e1\u017ei.<\/li>\n<\/ul>\n<p>&nbsp;<\/p>\n<p><strong>Funkce a \u00fa\u010dinek:<\/strong><\/p>\n<ul>\n<li>Sn\u00ed\u017een\u00ed protitlaku v\u00fdfukov\u00fdch plyn\u016f pro zlep\u0161en\u00ed v\u00fdkonu motoru<\/li>\n<li>M\u00edrn\u00e9 zv\u00fd\u0161en\u00ed v\u00fdkonu ve st\u0159edn\u00edm a vy\u0161\u0161\u00edm rozsahu ot\u00e1\u010dek<\/li>\n<li>Akusticky vylad\u011bn\u00fd zvuk (hlub\u0161\u00ed zvuk, \u017e\u00e1dn\u00e9 dun\u011bn\u00ed v interi\u00e9ru)<\/li>\n<li>Lep\u0161\u00ed odvod tepla d\u00edky vlastnostem materi\u00e1lu<\/li>\n<li>Vizu\u00e1ln\u00ed vylep\u0161en\u00ed s \u010dern\u00fdmi koncovkami v\u00fdfuku a sportovn\u00edm designem<\/li>\n<\/ul>\n<p>&nbsp;<\/p>\n<p>&nbsp;<\/p>\n<p>V\u00fdfukov\u00fd syst\u00e9m MBRP S5152BLK Cat Back je vhodn\u00fd pro n\u00e1sleduj\u00edc\u00ed modely:<\/p>\n<table width=\"437\">\n<tbody>\n<tr>\n<td width=\"122\"><strong>Zna\u010dka<\/strong><\/td>\n<td width=\"136\"><strong>Model<\/strong><\/td>\n<td width=\"96\"><strong>Motor<\/strong><\/td>\n<td width=\"83\"><strong>Rok v\u00fdstavby<\/strong><\/td>\n<\/tr>\n<tr>\n<td>RAM<\/td>\n<td>1500 (kabina s pos\u00e1dkou, kabina se \u010dty\u0159mi sedadly)<\/td>\n<td>5.7<\/td>\n<td>2019\u20132024<\/td>\n<\/tr>\n<\/tbody>\n<\/table>\n<p><strong>Pozor: nehod\u00ed se pro RAM 1500 Classic<\/strong><\/p>\n<p>&nbsp;<\/p>\n<p><iframe loading=\"lazy\" title=\"P\u0159ehr\u00e1va\u010d vide\u00ed YouTube\" src=\"https:\/\/www.youtube.com\/embed\/Fdk566eATdc\" width=\"882\" height=\"496\" frameborder=\"0\" allowfullscreen=\"allowfullscreen\"><\/iframe><\/p>\n<p>&nbsp;<\/p>","protected":false},"excerpt":{"rendered":"<p>2019\u20132024<\/p>","protected":false},"featured_media":68267019,"comment_status":"open","ping_status":"closed","template":"","meta":{"_acf_changed":false},"product_brand":[17169],"product_cat":[3024,6623],"product_tag":[2934,20273,3507,15494,15495,15496,15497,15498,15499,11817,15493,12752,11376,15542,15543,15544,15545,15546,15547,15539,15536,15441,15537,15540,15538,15541,15443,15426,15453,15429,11380,15506,15507,15508,15509,15510,15511,15503,15500,15435,15501,15504,15502,15505,15437,11384,15518,15519,15520,15521,15522,15523,15515,15512,15438,15513,15516,15514,15517,15440,15457,11388,15530,15531,15532,15533,15534,15535,15527,15524,15444,15525,15528,15526,15529,15446,12755,11392,15554,15555,15556,15557,15558,15559,15551,15548,15450,15549,15552,15550,15553,15452,3275],"class_list":{"0":"post-68260798","1":"product","2":"type-product","3":"status-publish","4":"has-post-thumbnail","6":"product_brand-mbrp","7":"product_cat-nicht-nach-eu","8":"product_cat-1500-57-dt-abgasanlage-catback","9":"product_tag-harder","10":"product_tag-keintuev","11":"product_tag-ram1500","12":"product_tag-ram-1500-2019","13":"product_tag-ram-1500-2020","14":"product_tag-ram-1500-2021","15":"product_tag-ram-1500-2022","16":"product_tag-ram-1500-2023","17":"product_tag-ram-1500-2024","18":"product_tag-ram-1500-5-7-hemi","19":"product_tag-ram-1500-abgasanlage","20":"product_tag-ram-1500-auspuff","21":"product_tag-ram-1500-big-horn","22":"product_tag-ram-1500-big-horn-2019","23":"product_tag-ram-1500-big-horn-2020","24":"product_tag-ram-1500-big-horn-2021","25":"product_tag-ram-1500-big-horn-2022","26":"product_tag-ram-1500-big-horn-2023","27":"product_tag-ram-1500-big-horn-2024","28":"product_tag-ram-1500-big-horn-5-7-hemi","29":"product_tag-ram-1500-big-horn-abgasanlage","30":"product_tag-ram-1500-big-horn-auspuff","31":"product_tag-ram-1500-big-horn-cat-back","32":"product_tag-ram-1500-big-horn-crew-cab","33":"product_tag-ram-1500-big-horn-dual-rear-exit","34":"product_tag-ram-1500-big-horn-quad-cab","35":"product_tag-ram-1500-big-horn-sportauspuff","36":"product_tag-ram-1500-cat-back","37":"product_tag-ram-1500-crew-cab","38":"product_tag-ram-1500-dual-rear-exit","39":"product_tag-ram-1500-laramie","40":"product_tag-ram-1500-laramie-2019","41":"product_tag-ram-1500-laramie-2020","42":"product_tag-ram-1500-laramie-2021","43":"product_tag-ram-1500-laramie-2022","44":"product_tag-ram-1500-laramie-2023","45":"product_tag-ram-1500-laramie-2024","46":"product_tag-ram-1500-laramie-5-7-hemi","47":"product_tag-ram-1500-laramie-abgasanlage","48":"product_tag-ram-1500-laramie-auspuff","49":"product_tag-ram-1500-laramie-cat-back","50":"product_tag-ram-1500-laramie-crew-cab","51":"product_tag-ram-1500-laramie-dual-rear-exit","52":"product_tag-ram-1500-laramie-quad-cab","53":"product_tag-ram-1500-laramie-sportauspuff","54":"product_tag-ram-1500-limited","55":"product_tag-ram-1500-limited-2019","56":"product_tag-ram-1500-limited-2020","57":"product_tag-ram-1500-limited-2021","58":"product_tag-ram-1500-limited-2022","59":"product_tag-ram-1500-limited-2023","60":"product_tag-ram-1500-limited-2024","61":"product_tag-ram-1500-limited-5-7-hemi","62":"product_tag-ram-1500-limited-abgasanlage","63":"product_tag-ram-1500-limited-auspuff","64":"product_tag-ram-1500-limited-cat-back","65":"product_tag-ram-1500-limited-crew-cab","66":"product_tag-ram-1500-limited-dual-rear-exit","67":"product_tag-ram-1500-limited-quad-cab","68":"product_tag-ram-1500-limited-sportauspuff","69":"product_tag-ram-1500-quad-cab","70":"product_tag-ram-1500-rebel","71":"product_tag-ram-1500-rebel-2019","72":"product_tag-ram-1500-rebel-2020","73":"product_tag-ram-1500-rebel-2021","74":"product_tag-ram-1500-rebel-2022","75":"product_tag-ram-1500-rebel-2023","76":"product_tag-ram-1500-rebel-2024","77":"product_tag-ram-1500-rebel-5-7-hemi","78":"product_tag-ram-1500-rebel-abgasanlage","79":"product_tag-ram-1500-rebel-auspuff","80":"product_tag-ram-1500-rebel-cat-back","81":"product_tag-ram-1500-rebel-crew-cab","82":"product_tag-ram-1500-rebel-dual-rear-exit","83":"product_tag-ram-1500-rebel-quad-cab","84":"product_tag-ram-1500-rebel-sportauspuff","85":"product_tag-ram-1500-sportauspuff","86":"product_tag-ram-1500-tradesman","87":"product_tag-ram-1500-tradesman-2019","88":"product_tag-ram-1500-tradesman-2020","89":"product_tag-ram-1500-tradesman-2021","90":"product_tag-ram-1500-tradesman-2022","91":"product_tag-ram-1500-tradesman-2023","92":"product_tag-ram-1500-tradesman-2024","93":"product_tag-ram-1500-tradesman-5-7-hemi","94":"product_tag-ram-1500-tradesman-abgasanlage","95":"product_tag-ram-1500-tradesman-auspuff","96":"product_tag-ram-1500-tradesman-cat-back","97":"product_tag-ram-1500-tradesman-crew-cab","98":"product_tag-ram-1500-tradesman-dual-rear-exit","99":"product_tag-ram-1500-tradesman-quad-cab","100":"product_tag-ram-1500-tradesman-sportauspuff","101":"product_tag-s5152blk","102":"product_shipping_class-spedition-1","104":"first","105":"onbackorder","106":"taxable","107":"shipping-taxable","108":"purchasable","109":"product-type-simple"},"bundled_by":[],"bundle_stock_status":"onbackorder","bundle_stock_quantity":0,"bundle_virtual":false,"bundle_layout":"","bundle_add_to_cart_form_location":"","bundle_editable_in_cart":false,"bundle_sold_individually_context":"","bundle_item_grouping":"","bundle_min_size":"","bundle_max_size":"","bundle_price":[],"bundled_items":[],"bundle_sell_ids":[],"exclude_global_add_ons":[],"addons":[],"acf":[],"_links":{"self":[{"href":"https:\/\/kraftwerk-shop.cc\/cs\/wp-json\/wp\/v2\/product\/68260798","targetHints":{"allow":["GET"]}}],"collection":[{"href":"https:\/\/kraftwerk-shop.cc\/cs\/wp-json\/wp\/v2\/product"}],"about":[{"href":"https:\/\/kraftwerk-shop.cc\/cs\/wp-json\/wp\/v2\/types\/product"}],"replies":[{"embeddable":true,"href":"https:\/\/kraftwerk-shop.cc\/cs\/wp-json\/wp\/v2\/comments?post=68260798"}],"version-history":[{"count":0,"href":"https:\/\/kraftwerk-shop.cc\/cs\/wp-json\/wp\/v2\/product\/68260798\/revisions"}],"wp:featuredmedia":[{"embeddable":true,"href":"https:\/\/kraftwerk-shop.cc\/cs\/wp-json\/wp\/v2\/media\/68267019"}],"wp:attachment":[{"href":"https:\/\/kraftwerk-shop.cc\/cs\/wp-json\/wp\/v2\/media?parent=68260798"}],"wp:term":[{"taxonomy":"product_brand","embeddable":true,"href":"https:\/\/kraftwerk-shop.cc\/cs\/wp-json\/wp\/v2\/product_brand?post=68260798"},{"taxonomy":"product_cat","embeddable":true,"href":"https:\/\/kraftwerk-shop.cc\/cs\/wp-json\/wp\/v2\/product_cat?post=68260798"},{"taxonomy":"product_tag","embeddable":true,"href":"https:\/\/kraftwerk-shop.cc\/cs\/wp-json\/wp\/v2\/product_tag?post=68260798"}],"curies":[{"name":"wp","href":"https:\/\/api.w.org\/{rel}","templated":true}]}}