{"id":68260828,"date":"2022-01-19T13:02:28","date_gmt":"2022-01-19T12:02:28","guid":{"rendered":"https:\/\/kraftwerk-shop.cc\/?post_type=product&#038;p=68260828"},"modified":"2026-02-15T00:00:03","modified_gmt":"2026-02-14T23:00:03","slug":"magnaflow-15068-vyfukovy-system-durango","status":"publish","type":"product","link":"https:\/\/kraftwerk-shop.cc\/cs\/produkt\/magnaflow-15068-abgasanlage-durango\/","title":{"rendered":"MagnaFlow 15068 Street Series cat-back v\u00fdfukov\u00fd syst\u00e9m Dodge Durango"},"content":{"rendered":"<h1>V\u00fdfukov\u00fd syst\u00e9m MagnaFlow Street Series cat-back pro Dodge Durango<\/h1>\n<p>&nbsp;<\/p>\n<p>Z\u00e1vazek spole\u010dnosti MagnaFlow vyv\u00edjet a vyr\u00e1b\u011bt nejlep\u0161\u00ed sportovn\u00ed v\u00fdfukov\u00e9 syst\u00e9my zaji\u0161\u0165uje vynikaj\u00edc\u00ed zvuk a z\u00e1\u017eitek z j\u00edzdy. Vyrobeno z vysoce kvalitn\u00edch materi\u00e1l\u016f, navr\u017eeno pro optim\u00e1ln\u00ed mont\u00e1\u017e a v\u00fdkon.<\/p>\n<p>V\u00fdkonn\u00fd v\u00fdfukov\u00fd syst\u00e9m \u0159ady Street Series z nerezov\u00e9 oceli p\u0159in\u00e1\u0161\u00ed dynamicky ov\u011b\u0159en\u00fd n\u00e1r\u016fst v\u00fdkonu s p\u0159\u00edjemn\u00fdm zvukem v interi\u00e9ru a siln\u00fdm zvukem navenek.<\/p>\n<p><img decoding=\"async\" class=\"alignnone size-medium wp-image-68260830\" src=\"https:\/\/kraftwerk-shop.cc\/wp-content\/uploads\/2022\/01\/15068_MagnaFlow_Sound-300x130.jpg\" alt=\"MagnaFlow 15068 Sound\" width=\"300\" height=\"130\" \/><\/p>\n<p>MagnaFlow Street Series 15068 se hod\u00ed pro n\u00e1sleduj\u00edc\u00ed modely:<\/p>\n<table width=\"749\">\n<tbody>\n<tr>\n<td width=\"262\"><strong>Zna\u010dka <\/strong><\/td>\n<td width=\"158\"><strong>Model<br \/>\n<\/strong><\/td>\n<td width=\"112\"><strong>Motor<\/strong><\/td>\n<td width=\"83\"><strong>Rok v\u00fdstavby<\/strong><\/td>\n<\/tr>\n<tr>\n<td width=\"262\">Dodge<\/td>\n<td width=\"158\">Durango<\/td>\n<td width=\"112\">5.7<\/td>\n<td width=\"83\">2011- 2025<\/td>\n<\/tr>\n<tr>\n<td width=\"262\">Dodge<\/td>\n<td width=\"158\">Durango<\/td>\n<td width=\"112\">3.6<\/td>\n<td width=\"83\">2011\u20132025<\/td>\n<\/tr>\n<\/tbody>\n<\/table>\n<p>&nbsp;<\/p>\n<p><iframe loading=\"lazy\" title=\"P\u0159ehr\u00e1va\u010d vide\u00ed YouTube\" src=\"https:\/\/www.youtube.com\/embed\/ClyWZ9CsAF0\" width=\"744\" height=\"496\" frameborder=\"0\" allowfullscreen=\"allowfullscreen\"><\/iframe><\/p>\n<p><strong>D\u016fle\u017eit\u00e9 upozorn\u011bn\u00ed pro vozidla s deaktivac\u00ed v\u00e1lc\u016f:<\/strong><\/p>\n<p>Kv\u016fli deaktivaci v\u00e1lc\u016f je zvuk ve \u010dty\u0159v\u00e1lcov\u00e9m re\u017eimu ve spojen\u00ed se sportovn\u00edm v\u00fdfukem (bez ohledu na v\u00fdrobce) \u010dasto vn\u00edm\u00e1n jako \"nevhodn\u00fd\".<br \/>\nTo m\u016f\u017eeme napravit elektronickou deaktivac\u00ed vyp\u00edn\u00e1n\u00ed v\u00e1lc\u016f.<br \/>\nVozidlo pak v\u017edy b\u011b\u017e\u00ed na v\u0161ech 8 v\u00e1lc\u016f a v\u017edy m\u00e1 po\u017eadovan\u00fd zvuk V8.<\/p>\n<p>Z\u00e1kazn\u00edk\u016fm, kte\u0159\u00ed si u n\u00e1s zakoup\u00ed tento v\u00fdfukov\u00fd syst\u00e9m MagnaFlow, nab\u00edz\u00edme deaktivaci v\u00e1lc\u016f pro tento model za speci\u00e1ln\u00ed cenu 179 eur (m\u00edsto 279 eur) v\u010detn\u011b DPH.<\/p>","protected":false},"excerpt":{"rendered":"<p>2011\u20132025<\/p>","protected":false},"featured_media":68267045,"comment_status":"open","ping_status":"closed","template":"","meta":{"_acf_changed":false},"product_brand":[18925],"product_cat":[2603,6611,3024],"product_tag":[3279,176,177,165,248,249,250,251,252,419,420,169,91,1035,1036,546,1037,1047,2210,49,95,662,1043,1039,1042,2212,2934,532,529,20273,1040,2062,1044,783,787,1045,1041,547,1034,1038,2215,233],"class_list":{"0":"post-68260828","1":"product","2":"type-product","3":"status-publish","4":"has-post-thumbnail","6":"product_brand-magnaflow","7":"product_cat-durango-36-abgasanlage","8":"product_cat-durango-57-abgasanlage-catback","9":"product_cat-nicht-nach-eu","10":"product_tag-3279","11":"product_tag-176","12":"product_tag-177","13":"product_tag-165","14":"product_tag-248","15":"product_tag-249","16":"product_tag-250","17":"product_tag-251","18":"product_tag-252","19":"product_tag-419","20":"product_tag-420","21":"product_tag-3-6","22":"product_tag-5-7","23":"product_tag-abgasanlage","24":"product_tag-abgassystem","25":"product_tag-auspuff","26":"product_tag-auspuffsystem","27":"product_tag-cat-back","28":"product_tag-catback","29":"product_tag-dodge","30":"product_tag-durango","31":"product_tag-edelstahl","32":"product_tag-endrohr","33":"product_tag-endschalldaempfer","34":"product_tag-endtopf","35":"product_tag-gutachten","36":"product_tag-harder","37":"product_tag-kat","38":"product_tag-katalysator","39":"product_tag-keintuev","40":"product_tag-laut","41":"product_tag-magnaflow","42":"product_tag-mittelschalldaempfer","43":"product_tag-r-t","44":"product_tag-rt","45":"product_tag-sound","46":"product_tag-sport","47":"product_tag-sportauspuff","48":"product_tag-sportauspuffanlage","49":"product_tag-sportendschalldaempfer","50":"product_tag-street","51":"product_tag-tuning","52":"product_shipping_class-spedition-1","54":"first","55":"onbackorder","56":"taxable","57":"shipping-taxable","58":"purchasable","59":"product-type-simple"},"bundled_by":[],"bundle_stock_status":"onbackorder","bundle_stock_quantity":0,"bundle_virtual":false,"bundle_layout":"","bundle_add_to_cart_form_location":"","bundle_editable_in_cart":false,"bundle_sold_individually_context":"","bundle_item_grouping":"","bundle_min_size":"","bundle_max_size":"","bundle_price":[],"bundled_items":[],"bundle_sell_ids":[],"exclude_global_add_ons":[],"addons":[],"acf":[],"_links":{"self":[{"href":"https:\/\/kraftwerk-shop.cc\/cs\/wp-json\/wp\/v2\/product\/68260828","targetHints":{"allow":["GET"]}}],"collection":[{"href":"https:\/\/kraftwerk-shop.cc\/cs\/wp-json\/wp\/v2\/product"}],"about":[{"href":"https:\/\/kraftwerk-shop.cc\/cs\/wp-json\/wp\/v2\/types\/product"}],"replies":[{"embeddable":true,"href":"https:\/\/kraftwerk-shop.cc\/cs\/wp-json\/wp\/v2\/comments?post=68260828"}],"version-history":[{"count":0,"href":"https:\/\/kraftwerk-shop.cc\/cs\/wp-json\/wp\/v2\/product\/68260828\/revisions"}],"wp:featuredmedia":[{"embeddable":true,"href":"https:\/\/kraftwerk-shop.cc\/cs\/wp-json\/wp\/v2\/media\/68267045"}],"wp:attachment":[{"href":"https:\/\/kraftwerk-shop.cc\/cs\/wp-json\/wp\/v2\/media?parent=68260828"}],"wp:term":[{"taxonomy":"product_brand","embeddable":true,"href":"https:\/\/kraftwerk-shop.cc\/cs\/wp-json\/wp\/v2\/product_brand?post=68260828"},{"taxonomy":"product_cat","embeddable":true,"href":"https:\/\/kraftwerk-shop.cc\/cs\/wp-json\/wp\/v2\/product_cat?post=68260828"},{"taxonomy":"product_tag","embeddable":true,"href":"https:\/\/kraftwerk-shop.cc\/cs\/wp-json\/wp\/v2\/product_tag?post=68260828"}],"curies":[{"name":"wp","href":"https:\/\/api.w.org\/{rel}","templated":true}]}}