{"id":68261129,"date":"2022-01-24T18:59:20","date_gmt":"2022-01-24T17:59:20","guid":{"rendered":"https:\/\/kraftwerk-shop.cc\/?post_type=product&#038;p=68261129"},"modified":"2026-02-15T00:45:22","modified_gmt":"2026-02-14T23:45:22","slug":"magnaflow-16929-jeep-grand-cherokee","status":"publish","type":"product","link":"https:\/\/kraftwerk-shop.cc\/cs\/produkt\/magnaflow-16929-jeep-grand-cherokee\/","title":{"rendered":"MagnaFlow Street Series cat-back v\u00fdfukov\u00fd syst\u00e9m Jeep Grand Cherokee 3.6 \/ 5.7"},"content":{"rendered":"<h1>V\u00fdfukov\u00fd syst\u00e9m MagnaFlow Street Series cat-back pro Jeep Grand Cherokee 3.6 \/ 5.7<\/h1>\n<p>&nbsp;<\/p>\n<p>Z\u00e1vazek spole\u010dnosti MagnaFlow vyv\u00edjet a vyr\u00e1b\u011bt nejlep\u0161\u00ed sportovn\u00ed v\u00fdfukov\u00e9 syst\u00e9my zaji\u0161\u0165uje vynikaj\u00edc\u00ed zvuk a z\u00e1\u017eitek z j\u00edzdy. Vyrobeno z vysoce kvalitn\u00edch materi\u00e1l\u016f, navr\u017eeno pro optim\u00e1ln\u00ed mont\u00e1\u017e a v\u00fdkon.<\/p>\n<p>V\u00fdkonn\u00fd v\u00fdfukov\u00fd syst\u00e9m \u0159ady Street Series z nerezov\u00e9 oceli p\u0159in\u00e1\u0161\u00ed dynamicky ov\u011b\u0159en\u00fd n\u00e1r\u016fst v\u00fdkonu s p\u0159\u00edjemn\u00fdm zvukem v interi\u00e9ru a siln\u00fdm zvukem navenek.<\/p>\n<p><img decoding=\"async\" class=\"alignnone size-medium wp-image-68261131\" src=\"https:\/\/kraftwerk-shop.cc\/wp-content\/uploads\/2022\/01\/16929_Jeep_Street-300x132.jpg\" alt=\"Magnaflow 16929 Jeep Grand Cherokee zvuk\" width=\"300\" height=\"132\" \/><\/p>\n<p>MagnaFlow Street Series 16929 se hod\u00ed pro n\u00e1sleduj\u00edc\u00ed modely:<\/p>\n<table id=\"Jeep-compatible-vehicles-table\" class=\"table mf-compatible-vehicles-table\">\n<tbody>\n<tr class=\"clickable-row\" data-url=\"\/collections\/2021-jeep-grand-cherokee-exhaust-systems\">\n<td width=\"20%\">2021<\/td>\n<td width=\"20%\">Grand Cherokee<\/td>\n<td width=\"20%\">Trailhawk<\/td>\n<td width=\"20%\">V8 5.7L<\/td>\n<\/tr>\n<tr class=\"clickable-row\" data-url=\"\/collections\/2021-jeep-grand-cherokee-exhaust-systems\">\n<td width=\"20%\">2021<\/td>\n<td width=\"20%\">Grand Cherokee<\/td>\n<td width=\"20%\">Trailhawk<\/td>\n<td width=\"20%\">V6 3.6L<\/td>\n<\/tr>\n<tr class=\"clickable-row\" data-url=\"\/collections\/2021-jeep-grand-cherokee-exhaust-systems\">\n<td width=\"20%\">2021<\/td>\n<td width=\"20%\">Grand Cherokee<\/td>\n<td width=\"20%\">Overland<\/td>\n<td width=\"20%\">V8 5.7L<\/td>\n<\/tr>\n<tr class=\"clickable-row\" data-url=\"\/collections\/2021-jeep-grand-cherokee-exhaust-systems\">\n<td width=\"20%\">2021<\/td>\n<td width=\"20%\">Grand Cherokee<\/td>\n<td width=\"20%\">Overland<\/td>\n<td width=\"20%\">V6 3.6L<\/td>\n<\/tr>\n<tr class=\"clickable-row\" data-url=\"\/collections\/2021-jeep-grand-cherokee-exhaust-systems\">\n<td width=\"20%\">2021<\/td>\n<td width=\"20%\">Grand Cherokee<\/td>\n<td width=\"20%\">Limited<\/td>\n<td width=\"20%\">V8 5.7L<\/td>\n<\/tr>\n<tr class=\"clickable-row\" data-url=\"\/collections\/2021-jeep-grand-cherokee-exhaust-systems\">\n<td width=\"20%\">2021<\/td>\n<td width=\"20%\">Grand Cherokee<\/td>\n<td width=\"20%\">Limited<\/td>\n<td width=\"20%\">V6 3.6L<\/td>\n<\/tr>\n<tr class=\"clickable-row\" data-url=\"\/collections\/2021-jeep-grand-cherokee-exhaust-systems\">\n<td width=\"20%\">2021<\/td>\n<td width=\"20%\">Grand Cherokee<\/td>\n<td width=\"20%\">Laredo<\/td>\n<td width=\"20%\">V6 3.6L<\/td>\n<\/tr>\n<tr class=\"clickable-row\" data-url=\"\/collections\/2021-jeep-grand-cherokee-exhaust-systems\">\n<td width=\"20%\">2021<\/td>\n<td width=\"20%\">Grand Cherokee<\/td>\n<td width=\"20%\">Laredo X<\/td>\n<td width=\"20%\">V6 3.6L<\/td>\n<\/tr>\n<tr class=\"clickable-row\" data-url=\"\/collections\/2021-jeep-grand-cherokee-exhaust-systems\">\n<td width=\"20%\">2021<\/td>\n<td width=\"20%\">Grand Cherokee<\/td>\n<td width=\"20%\">Laredo E<\/td>\n<td width=\"20%\">V6 3.6L<\/td>\n<\/tr>\n<tr class=\"clickable-row\" data-url=\"\/collections\/2020-jeep-grand-cherokee-exhaust-systems\">\n<td width=\"20%\">2020<\/td>\n<td width=\"20%\">Grand Cherokee<\/td>\n<td width=\"20%\">Trailhawk<\/td>\n<td width=\"20%\">V8 5.7L<\/td>\n<\/tr>\n<tr class=\"clickable-row\" data-url=\"\/collections\/2020-jeep-grand-cherokee-exhaust-systems\">\n<td width=\"20%\">2020<\/td>\n<td width=\"20%\">Grand Cherokee<\/td>\n<td width=\"20%\">Trailhawk<\/td>\n<td width=\"20%\">V6 3.6L<\/td>\n<\/tr>\n<tr class=\"clickable-row\" data-url=\"\/collections\/2020-jeep-grand-cherokee-exhaust-systems\">\n<td width=\"20%\">2020<\/td>\n<td width=\"20%\">Grand Cherokee<\/td>\n<td width=\"20%\">Overland<\/td>\n<td width=\"20%\">V8 5.7L<\/td>\n<\/tr>\n<tr class=\"clickable-row\" data-url=\"\/collections\/2020-jeep-grand-cherokee-exhaust-systems\">\n<td width=\"20%\">2020<\/td>\n<td width=\"20%\">Grand Cherokee<\/td>\n<td width=\"20%\">Overland<\/td>\n<td width=\"20%\">V6 3.6L<\/td>\n<\/tr>\n<tr class=\"clickable-row\" data-url=\"\/collections\/2020-jeep-grand-cherokee-exhaust-systems\">\n<td width=\"20%\">2020<\/td>\n<td width=\"20%\">Grand Cherokee<\/td>\n<td width=\"20%\">Limited<\/td>\n<td width=\"20%\">V8 5.7L<\/td>\n<\/tr>\n<tr class=\"clickable-row\" data-url=\"\/collections\/2020-jeep-grand-cherokee-exhaust-systems\">\n<td width=\"20%\">2020<\/td>\n<td width=\"20%\">Grand Cherokee<\/td>\n<td width=\"20%\">Limited<\/td>\n<td width=\"20%\">V6 3.6L<\/td>\n<\/tr>\n<tr class=\"clickable-row\" data-url=\"\/collections\/2020-jeep-grand-cherokee-exhaust-systems\">\n<td width=\"20%\">2020<\/td>\n<td width=\"20%\">Grand Cherokee<\/td>\n<td width=\"20%\">Laredo<\/td>\n<td width=\"20%\">V6 3.6L<\/td>\n<\/tr>\n<tr class=\"clickable-row\" data-url=\"\/collections\/2019-jeep-grand-cherokee-exhaust-systems\">\n<td width=\"20%\">2019<\/td>\n<td width=\"20%\">Grand Cherokee<\/td>\n<td width=\"20%\">Trailhawk<\/td>\n<td width=\"20%\">V8 5.7L<\/td>\n<\/tr>\n<tr class=\"clickable-row\" data-url=\"\/collections\/2019-jeep-grand-cherokee-exhaust-systems\">\n<td width=\"20%\">2019<\/td>\n<td width=\"20%\">Grand Cherokee<\/td>\n<td width=\"20%\">Trailhawk<\/td>\n<td width=\"20%\">V6 3.6L<\/td>\n<\/tr>\n<tr class=\"clickable-row\" data-url=\"\/collections\/2019-jeep-grand-cherokee-exhaust-systems\">\n<td width=\"20%\">2019<\/td>\n<td width=\"20%\">Grand Cherokee<\/td>\n<td width=\"20%\">Overland<\/td>\n<td width=\"20%\">V8 5.7L<\/td>\n<\/tr>\n<tr class=\"clickable-row\" data-url=\"\/collections\/2019-jeep-grand-cherokee-exhaust-systems\">\n<td width=\"20%\">2019<\/td>\n<td width=\"20%\">Grand Cherokee<\/td>\n<td width=\"20%\">Overland<\/td>\n<td width=\"20%\">V6 3.6L<\/td>\n<\/tr>\n<tr class=\"clickable-row\" data-url=\"\/collections\/2019-jeep-grand-cherokee-exhaust-systems\">\n<td width=\"20%\">2019<\/td>\n<td width=\"20%\">Grand Cherokee<\/td>\n<td width=\"20%\">Limited<\/td>\n<td width=\"20%\">V8 5.7L<\/td>\n<\/tr>\n<tr class=\"clickable-row\" data-url=\"\/collections\/2019-jeep-grand-cherokee-exhaust-systems\">\n<td width=\"20%\">2019<\/td>\n<td width=\"20%\">Grand Cherokee<\/td>\n<td width=\"20%\">Limited<\/td>\n<td width=\"20%\">V6 3.6L<\/td>\n<\/tr>\n<tr class=\"clickable-row\" data-url=\"\/collections\/2019-jeep-grand-cherokee-exhaust-systems\">\n<td width=\"20%\">2019<\/td>\n<td width=\"20%\">Grand Cherokee<\/td>\n<td width=\"20%\">Laredo<\/td>\n<td width=\"20%\">V6 3.6L<\/td>\n<\/tr>\n<tr class=\"clickable-row\" data-url=\"\/collections\/2018-jeep-grand-cherokee-exhaust-systems\">\n<td width=\"20%\">2018<\/td>\n<td width=\"20%\">Grand Cherokee<\/td>\n<td width=\"20%\">Trailhawk<\/td>\n<td width=\"20%\">V8 5.7L<\/td>\n<\/tr>\n<tr class=\"clickable-row\" data-url=\"\/collections\/2018-jeep-grand-cherokee-exhaust-systems\">\n<td width=\"20%\">2018<\/td>\n<td width=\"20%\">Grand Cherokee<\/td>\n<td width=\"20%\">Trailhawk<\/td>\n<td width=\"20%\">V6 3.6L<\/td>\n<\/tr>\n<tr class=\"clickable-row\" data-url=\"\/collections\/2018-jeep-grand-cherokee-exhaust-systems\">\n<td width=\"20%\">2018<\/td>\n<td width=\"20%\">Grand Cherokee<\/td>\n<td width=\"20%\">Overland<\/td>\n<td width=\"20%\">V8 5.7L<\/td>\n<\/tr>\n<tr class=\"clickable-row\" data-url=\"\/collections\/2018-jeep-grand-cherokee-exhaust-systems\">\n<td width=\"20%\">2018<\/td>\n<td width=\"20%\">Grand Cherokee<\/td>\n<td width=\"20%\">Overland<\/td>\n<td width=\"20%\">V6 3.6L<\/td>\n<\/tr>\n<tr class=\"clickable-row\" data-url=\"\/collections\/2018-jeep-grand-cherokee-exhaust-systems\">\n<td width=\"20%\">2018<\/td>\n<td width=\"20%\">Grand Cherokee<\/td>\n<td width=\"20%\">Limited<\/td>\n<td width=\"20%\">V8 5.7L<\/td>\n<\/tr>\n<tr class=\"clickable-row\" data-url=\"\/collections\/2018-jeep-grand-cherokee-exhaust-systems\">\n<td width=\"20%\">2018<\/td>\n<td width=\"20%\">Grand Cherokee<\/td>\n<td width=\"20%\">Limited<\/td>\n<td width=\"20%\">V6 3.6L<\/td>\n<\/tr>\n<tr class=\"clickable-row\" data-url=\"\/collections\/2018-jeep-grand-cherokee-exhaust-systems\">\n<td width=\"20%\">2018<\/td>\n<td width=\"20%\">Grand Cherokee<\/td>\n<td width=\"20%\">Laredo<\/td>\n<td width=\"20%\">V6 3.6L<\/td>\n<\/tr>\n<tr class=\"clickable-row\" data-url=\"\/collections\/2017-jeep-grand-cherokee-exhaust-systems\">\n<td width=\"20%\">2017<\/td>\n<td width=\"20%\">Grand Cherokee<\/td>\n<td width=\"20%\">Trailhawk<\/td>\n<td width=\"20%\">V8 5.7L<\/td>\n<\/tr>\n<tr class=\"clickable-row\" data-url=\"\/collections\/2017-jeep-grand-cherokee-exhaust-systems\">\n<td width=\"20%\">2017<\/td>\n<td width=\"20%\">Grand Cherokee<\/td>\n<td width=\"20%\">Trailhawk<\/td>\n<td width=\"20%\">V6 3.6L<\/td>\n<\/tr>\n<tr class=\"clickable-row\" data-url=\"\/collections\/2017-jeep-grand-cherokee-exhaust-systems\">\n<td width=\"20%\">2017<\/td>\n<td width=\"20%\">Grand Cherokee<\/td>\n<td width=\"20%\">Overland<\/td>\n<td width=\"20%\">V8 5.7L<\/td>\n<\/tr>\n<tr class=\"clickable-row\" data-url=\"\/collections\/2017-jeep-grand-cherokee-exhaust-systems\">\n<td width=\"20%\">2017<\/td>\n<td width=\"20%\">Grand Cherokee<\/td>\n<td width=\"20%\">Overland<\/td>\n<td width=\"20%\">V6 3.6L<\/td>\n<\/tr>\n<tr class=\"clickable-row\" data-url=\"\/collections\/2017-jeep-grand-cherokee-exhaust-systems\">\n<td width=\"20%\">2017<\/td>\n<td width=\"20%\">Grand Cherokee<\/td>\n<td width=\"20%\">Limited<\/td>\n<td width=\"20%\">V8 5.7L<\/td>\n<\/tr>\n<tr class=\"clickable-row\" data-url=\"\/collections\/2017-jeep-grand-cherokee-exhaust-systems\">\n<td width=\"20%\">2017<\/td>\n<td width=\"20%\">Grand Cherokee<\/td>\n<td width=\"20%\">Limited<\/td>\n<td width=\"20%\">V6 3.6L<\/td>\n<\/tr>\n<tr class=\"clickable-row\" data-url=\"\/collections\/2017-jeep-grand-cherokee-exhaust-systems\">\n<td width=\"20%\">2017<\/td>\n<td width=\"20%\">Grand Cherokee<\/td>\n<td width=\"20%\">Laredo<\/td>\n<td width=\"20%\">V6 3.6L<\/td>\n<\/tr>\n<tr class=\"clickable-row\" data-url=\"\/collections\/2016-jeep-grand-cherokee-exhaust-systems\">\n<td width=\"20%\">2016<\/td>\n<td width=\"20%\">Grand Cherokee<\/td>\n<td width=\"20%\">Overland<\/td>\n<td width=\"20%\">V8 5.7L<\/td>\n<\/tr>\n<tr class=\"clickable-row\" data-url=\"\/collections\/2016-jeep-grand-cherokee-exhaust-systems\">\n<td width=\"20%\">2016<\/td>\n<td width=\"20%\">Grand Cherokee<\/td>\n<td width=\"20%\">Overland<\/td>\n<td width=\"20%\">V6 3.6L<\/td>\n<\/tr>\n<tr class=\"clickable-row\" data-url=\"\/collections\/2016-jeep-grand-cherokee-exhaust-systems\">\n<td width=\"20%\">2016<\/td>\n<td width=\"20%\">Grand Cherokee<\/td>\n<td width=\"20%\">Limited<\/td>\n<td width=\"20%\">V8 5.7L<\/td>\n<\/tr>\n<tr class=\"clickable-row\" data-url=\"\/collections\/2016-jeep-grand-cherokee-exhaust-systems\">\n<td width=\"20%\">2016<\/td>\n<td width=\"20%\">Grand Cherokee<\/td>\n<td width=\"20%\">Limited<\/td>\n<td width=\"20%\">V6 3.6L<\/td>\n<\/tr>\n<tr class=\"clickable-row\" data-url=\"\/collections\/2016-jeep-grand-cherokee-exhaust-systems\">\n<td width=\"20%\">2016<\/td>\n<td width=\"20%\">Grand Cherokee<\/td>\n<td width=\"20%\">Laredo<\/td>\n<td width=\"20%\">V6 3.6L<\/td>\n<\/tr>\n<tr class=\"clickable-row\" data-url=\"\/collections\/2015-jeep-grand-cherokee-exhaust-systems\">\n<td width=\"20%\">2015<\/td>\n<td width=\"20%\">Grand Cherokee<\/td>\n<td width=\"20%\">Overland<\/td>\n<td width=\"20%\">V8 5.7L<\/td>\n<\/tr>\n<tr class=\"clickable-row\" data-url=\"\/collections\/2015-jeep-grand-cherokee-exhaust-systems\">\n<td width=\"20%\">2015<\/td>\n<td width=\"20%\">Grand Cherokee<\/td>\n<td width=\"20%\">Overland<\/td>\n<td width=\"20%\">V6 3.6L<\/td>\n<\/tr>\n<tr class=\"clickable-row\" data-url=\"\/collections\/2015-jeep-grand-cherokee-exhaust-systems\">\n<td width=\"20%\">2015<\/td>\n<td width=\"20%\">Grand Cherokee<\/td>\n<td width=\"20%\">Limited<\/td>\n<td width=\"20%\">V8 5.7L<\/td>\n<\/tr>\n<tr class=\"clickable-row\" data-url=\"\/collections\/2015-jeep-grand-cherokee-exhaust-systems\">\n<td width=\"20%\">2015<\/td>\n<td width=\"20%\">Grand Cherokee<\/td>\n<td width=\"20%\">Limited<\/td>\n<td width=\"20%\">V6 3.6L<\/td>\n<\/tr>\n<tr class=\"clickable-row\" data-url=\"\/collections\/2015-jeep-grand-cherokee-exhaust-systems\">\n<td width=\"20%\">2015<\/td>\n<td width=\"20%\">Grand Cherokee<\/td>\n<td width=\"20%\">Laredo<\/td>\n<td width=\"20%\">V6 3.6L<\/td>\n<\/tr>\n<tr class=\"clickable-row\" data-url=\"\/collections\/2014-jeep-grand-cherokee-exhaust-systems\">\n<td width=\"20%\">2014<\/td>\n<td width=\"20%\">Grand Cherokee<\/td>\n<td width=\"20%\">Overland<\/td>\n<td width=\"20%\">V8 5.7L<\/td>\n<\/tr>\n<tr class=\"clickable-row\" data-url=\"\/collections\/2014-jeep-grand-cherokee-exhaust-systems\">\n<td width=\"20%\">2014<\/td>\n<td width=\"20%\">Grand Cherokee<\/td>\n<td width=\"20%\">Overland<\/td>\n<td width=\"20%\">V6 3.6L<\/td>\n<\/tr>\n<tr class=\"clickable-row\" data-url=\"\/collections\/2014-jeep-grand-cherokee-exhaust-systems\">\n<td width=\"20%\">2014<\/td>\n<td width=\"20%\">Grand Cherokee<\/td>\n<td width=\"20%\">Limited<\/td>\n<td width=\"20%\">V8 5.7L<\/td>\n<\/tr>\n<tr class=\"clickable-row\" data-url=\"\/collections\/2014-jeep-grand-cherokee-exhaust-systems\">\n<td width=\"20%\">2014<\/td>\n<td width=\"20%\">Grand Cherokee<\/td>\n<td width=\"20%\">Limited<\/td>\n<td width=\"20%\">V6 3.6L<\/td>\n<\/tr>\n<tr class=\"clickable-row\" data-url=\"\/collections\/2014-jeep-grand-cherokee-exhaust-systems\">\n<td width=\"20%\">2014<\/td>\n<td width=\"20%\">Grand Cherokee<\/td>\n<td width=\"20%\">Laredo<\/td>\n<td width=\"20%\">V6 3.6L<\/td>\n<\/tr>\n<tr class=\"clickable-row\" data-url=\"\/collections\/2013-jeep-grand-cherokee-exhaust-systems\">\n<td width=\"20%\">2013<\/td>\n<td width=\"20%\">Grand Cherokee<\/td>\n<td width=\"20%\"><\/td>\n<td width=\"20%\">V8 5.7L<\/td>\n<\/tr>\n<tr class=\"clickable-row\" data-url=\"\/collections\/2012-jeep-grand-cherokee-exhaust-systems\">\n<td width=\"20%\">2012<\/td>\n<td width=\"20%\">Grand Cherokee<\/td>\n<td width=\"20%\"><\/td>\n<td width=\"20%\">V8 5.7L<\/td>\n<\/tr>\n<tr class=\"clickable-row\" data-url=\"\/collections\/2011-jeep-grand-cherokee-exhaust-systems\">\n<td width=\"20%\">2011<\/td>\n<td width=\"20%\">Grand Cherokee<\/td>\n<td width=\"20%\"><\/td>\n<td width=\"20%\">V8 5.7L<\/td>\n<\/tr>\n<\/tbody>\n<\/table>\n<p><iframe loading=\"lazy\" title=\"P\u0159ehr\u00e1va\u010d vide\u00ed YouTube\" src=\"https:\/\/www.youtube.com\/embed\/BjIAPx8ItZs\" width=\"744\" height=\"496\" frameborder=\"0\" allowfullscreen=\"allowfullscreen\"><\/iframe><\/p>\n<p><strong>D\u016fle\u017eit\u00e9 upozorn\u011bn\u00ed pro vozidla s deaktivac\u00ed v\u00e1lc\u016f:<\/strong><\/p>\n<p>Kv\u016fli deaktivaci v\u00e1lc\u016f je zvuk ve \u010dty\u0159v\u00e1lcov\u00e9m re\u017eimu ve spojen\u00ed se sportovn\u00edm v\u00fdfukem (bez ohledu na v\u00fdrobce) \u010dasto vn\u00edm\u00e1n jako \"nevhodn\u00fd\".<br \/>\nTo m\u016f\u017eeme napravit elektronickou deaktivac\u00ed vyp\u00edn\u00e1n\u00ed v\u00e1lc\u016f.<br \/>\nVozidlo pak v\u017edy b\u011b\u017e\u00ed na v\u0161ech 8 v\u00e1lc\u016f a v\u017edy m\u00e1 po\u017eadovan\u00fd zvuk V8.<\/p>\n<p>Z\u00e1kazn\u00edk\u016fm, kte\u0159\u00ed si u n\u00e1s zakoup\u00ed tento v\u00fdfukov\u00fd syst\u00e9m MagnaFlow, nab\u00edz\u00edme deaktivaci v\u00e1lc\u016f pro tento model za speci\u00e1ln\u00ed cenu 179 eur (m\u00edsto 279 eur) v\u010detn\u011b DPH.<\/p>","protected":false},"excerpt":{"rendered":"<p>2011\u20132021<\/p>","protected":false},"featured_media":68267043,"comment_status":"open","ping_status":"closed","template":"","meta":{"_acf_changed":false},"product_brand":[18925],"product_cat":[2664,6629,3024],"product_tag":[3344,176,177,165,248,249,250,251,252,419,420,169,91,1046,1035,1036,546,1037,1047,2210,676,429,662,1043,1039,1042,56,2212,2934,50,4425,532,529,20273,1040,2062,1044,783,787,1045,1041,547,1034,1038,2215,233,2139,2137],"class_list":{"0":"post-68261129","1":"product","2":"type-product","3":"status-publish","4":"has-post-thumbnail","6":"product_brand-magnaflow","7":"product_cat-grand-cherokee-36-abgasanlage","8":"product_cat-grand-cherokee-57-2011-2021-abgasanlage-catback","9":"product_cat-nicht-nach-eu","10":"product_tag-3344","11":"product_tag-176","12":"product_tag-177","13":"product_tag-165","14":"product_tag-248","15":"product_tag-249","16":"product_tag-250","17":"product_tag-251","18":"product_tag-252","19":"product_tag-419","20":"product_tag-420","21":"product_tag-3-6","22":"product_tag-5-7","23":"product_tag-abe","24":"product_tag-abgasanlage","25":"product_tag-abgassystem","26":"product_tag-auspuff","27":"product_tag-auspuffsystem","28":"product_tag-cat-back","29":"product_tag-catback","30":"product_tag-cherokee","31":"product_tag-deutschland","32":"product_tag-edelstahl","33":"product_tag-endrohr","34":"product_tag-endschalldaempfer","35":"product_tag-endtopf","36":"product_tag-grand-cherokee","37":"product_tag-gutachten","38":"product_tag-harder","39":"product_tag-jeep","40":"product_tag-jeep-grand-cherokee","41":"product_tag-kat","42":"product_tag-katalysator","43":"product_tag-keintuev","44":"product_tag-laut","45":"product_tag-magnaflow","46":"product_tag-mittelschalldaempfer","47":"product_tag-r-t","48":"product_tag-rt","49":"product_tag-sound","50":"product_tag-sport","51":"product_tag-sportauspuff","52":"product_tag-sportauspuffanlage","53":"product_tag-sportendschalldaempfer","54":"product_tag-street","55":"product_tag-tuning","56":"product_tag-tuev","57":"product_tag-zulassung","58":"product_shipping_class-spedition-1","60":"first","61":"onbackorder","62":"taxable","63":"shipping-taxable","64":"purchasable","65":"product-type-simple"},"bundled_by":[],"bundle_stock_status":"onbackorder","bundle_stock_quantity":0,"bundle_virtual":false,"bundle_layout":"","bundle_add_to_cart_form_location":"","bundle_editable_in_cart":false,"bundle_sold_individually_context":"","bundle_item_grouping":"","bundle_min_size":"","bundle_max_size":"","bundle_price":[],"bundled_items":[],"bundle_sell_ids":[],"exclude_global_add_ons":[],"addons":[],"acf":[],"_links":{"self":[{"href":"https:\/\/kraftwerk-shop.cc\/cs\/wp-json\/wp\/v2\/product\/68261129","targetHints":{"allow":["GET"]}}],"collection":[{"href":"https:\/\/kraftwerk-shop.cc\/cs\/wp-json\/wp\/v2\/product"}],"about":[{"href":"https:\/\/kraftwerk-shop.cc\/cs\/wp-json\/wp\/v2\/types\/product"}],"replies":[{"embeddable":true,"href":"https:\/\/kraftwerk-shop.cc\/cs\/wp-json\/wp\/v2\/comments?post=68261129"}],"version-history":[{"count":0,"href":"https:\/\/kraftwerk-shop.cc\/cs\/wp-json\/wp\/v2\/product\/68261129\/revisions"}],"wp:featuredmedia":[{"embeddable":true,"href":"https:\/\/kraftwerk-shop.cc\/cs\/wp-json\/wp\/v2\/media\/68267043"}],"wp:attachment":[{"href":"https:\/\/kraftwerk-shop.cc\/cs\/wp-json\/wp\/v2\/media?parent=68261129"}],"wp:term":[{"taxonomy":"product_brand","embeddable":true,"href":"https:\/\/kraftwerk-shop.cc\/cs\/wp-json\/wp\/v2\/product_brand?post=68261129"},{"taxonomy":"product_cat","embeddable":true,"href":"https:\/\/kraftwerk-shop.cc\/cs\/wp-json\/wp\/v2\/product_cat?post=68261129"},{"taxonomy":"product_tag","embeddable":true,"href":"https:\/\/kraftwerk-shop.cc\/cs\/wp-json\/wp\/v2\/product_tag?post=68261129"}],"curies":[{"name":"wp","href":"https:\/\/api.w.org\/{rel}","templated":true}]}}