{"id":68261344,"date":"2022-01-29T17:12:59","date_gmt":"2022-01-29T16:12:59","guid":{"rendered":"https:\/\/kraftwerk-shop.cc\/?post_type=product&#038;p=68261344"},"modified":"2026-02-15T00:00:04","modified_gmt":"2026-02-14T23:00:04","slug":"bbk-sberne-vyfukove-potrubi-ram-ds","status":"publish","type":"product","link":"https:\/\/kraftwerk-shop.cc\/cs\/produkt\/bbk-shorty-kruemmer-ram-ds-hemi\/","title":{"rendered":"Rozvodn\u00e9 potrub\u00ed BBK 1-3\/4 Shorty RAM 5.7 Hemi (se st\u0159\u00edbrnou keramickou vrstvou)"},"content":{"rendered":"<h1>Rozvodn\u00e9 potrub\u00ed BBK 1-3\/4 Shorty 40140 pro RAM 5.7 Hemi (se st\u0159\u00edbrnou keramickou vrstvou)<\/h1>\n<p>&nbsp;<\/p>\n<ul>\n<li>A\u017e o 15 kon\u00ed vy\u0161\u0161\u00ed v\u00fdkon motoru<\/li>\n<li>Zv\u00fd\u0161en\u00fd pr\u016ftok v\u00fdfukov\u00fdch plyn\u016f pro vy\u0161\u0161\u00ed v\u00fdkon<\/li>\n<li>1-3\/4\u2033 prim\u00e1rn\u00ed potrub\u00ed pro maxim\u00e1ln\u00ed pr\u016ftok<\/li>\n<li>P\u0159\u00edruby o tlou\u0161\u0165ce 3\/8\u2033<\/li>\n<li>P\u0159\u00edm\u00e9 \u0161roubov\u00e9 p\u0159ipojen\u00ed pro snadnou instalaci<\/li>\n<li>Pro pou\u017eit\u00ed s tov\u00e1rn\u00edmi nebo p\u0159\u00eddavn\u00fdmi katalyz\u00e1tory<\/li>\n<li>V\u010detn\u011b t\u011bsn\u011bn\u00ed a upev\u0148ovac\u00edho materi\u00e1lu<\/li>\n<li>St\u0159\u00edbrn\u00fd keramick\u00fd povlak<\/li>\n<\/ul>\n<p>&nbsp;<\/p>\n<p><strong>Zv\u00fd\u0161en\u00fd pr\u016ftok v\u00fdfukov\u00fdch plyn\u016f pro vy\u0161\u0161\u00ed v\u00fdkon<\/strong><br \/>\nZlep\u0161ete v\u00fdkon a zvuk sv\u00e9ho motoru RAM 5.7 Hemi 2009-2018 pomoc\u00ed t\u011bchto kr\u00e1tk\u00fdch n\u00e1hlavn\u00edch soustav BBK Performance s keramick\u00fdm povrchem.<br \/>\nRozvody BBK Performance Shorty zvy\u0161uj\u00ed v\u00fdkon motoru, to\u010div\u00fd moment a dod\u00e1vaj\u00ed Mustangu pronikav\u00fd t\u00f3n v\u00fdfuku. Odoln\u00fd keramick\u00fd povlak udr\u017euje teplo, sni\u017euje teploty pod kapotou a zvy\u0161uje v\u00fdkon.<\/p>\n<p><strong>Vysoce kvalitn\u00ed konstrukce<\/strong><br \/>\nRozvody BBK Performance jsou vyrobeny z 1-5\/8\u2033 CNC opracovan\u00fdch oh\u00fdban\u00fdch trubek s 3\/8\u2033 siln\u00fdmi lisovan\u00fdmi p\u0159\u00edrubami. Velk\u00fd pr\u016fm\u011br prim\u00e1rn\u00edho potrub\u00ed zaji\u0161\u0165uje neru\u0161en\u00e9 proud\u011bn\u00ed v\u00fdfukov\u00fdch plyn\u016f pro maxim\u00e1ln\u00ed zv\u00fd\u0161en\u00ed v\u00fdkonu motoru. Tyto rozvody jsou tlakov\u011b testov\u00e1ny, aby byl zaji\u0161t\u011bn bezchybn\u00fd v\u00fdkon.<\/p>\n<p><strong>Instalace<\/strong><br \/>\nTyto kr\u00e1tk\u00e9 rozvody 6.4 Hemi jsou ur\u010deny k p\u0159\u00edm\u00e9mu p\u0159ipojen\u00ed. Pro pou\u017eit\u00ed s tov\u00e1rn\u00edm nebo dodate\u010dn\u011b dod\u00e1van\u00fdm st\u0159edov\u00fdm potrub\u00edm. Sada obsahuje nov\u00e1 t\u011bsn\u011bn\u00ed a mont\u00e1\u017en\u00ed p\u0159\u00edslu\u0161enstv\u00ed.<\/p>\n<p>&nbsp;<\/p>\n<p><strong>Vhodn\u00e9 pro:<\/strong><\/p>\n<table width=\"449\">\n<tbody>\n<tr>\n<td width=\"115\"><strong>Zna\u010dka<\/strong><\/td>\n<td width=\"145\"><strong>Model<\/strong><\/td>\n<td width=\"106\"><strong>Motor<\/strong><\/td>\n<td width=\"83\"><strong>Rok v\u00fdstavby<\/strong><\/td>\n<\/tr>\n<tr>\n<td>RAM<\/td>\n<td>1500<\/td>\n<td>5.7<\/td>\n<td>2009\u20132018<\/td>\n<\/tr>\n<tr>\n<td>RAM<\/td>\n<td>2500<\/td>\n<td>5.7<\/td>\n<td>2009\u20132018<\/td>\n<\/tr>\n<tr>\n<td>RAM<\/td>\n<td>3500<\/td>\n<td>5.7<\/td>\n<td>2009\u20132018<\/td>\n<\/tr>\n<\/tbody>\n<\/table>\n<p>&nbsp;<\/p>\n<p><strong>Pozn\u00e1mka:<\/strong> BBK v\u00fdslovn\u011b vylu\u010duje povrchov\u00e9 n\u00e1t\u011bry a rez ze z\u00e1ruky na v\u00fdrobek.<\/p>","protected":false},"excerpt":{"rendered":"<p>2009\u20132018<\/p>","protected":false},"featured_media":68278010,"comment_status":"open","ping_status":"closed","template":"","meta":{"_acf_changed":false},"product_brand":[17174],"product_cat":[6621],"product_tag":[475,506,507,3372,91,1035,546,1388,7224,3367,49,477,692,543,549,100,126,532,20273,550,34,186,783,86,787,3369,3368,3340,3055,547],"class_list":{"0":"post-68261344","1":"product","2":"type-product","3":"status-publish","4":"has-post-thumbnail","6":"product_brand-bbk","7":"product_cat-1500-57-2009-2018-classic-abgaskruemmer-katalysatoren","8":"product_tag-475","9":"product_tag-506","10":"product_tag-507","11":"product_tag-3372","12":"product_tag-5-7","13":"product_tag-abgasanlage","14":"product_tag-auspuff","15":"product_tag-bbk","16":"product_tag-bbk-exhaust","17":"product_tag-bbk-performance","18":"product_tag-dodge","19":"product_tag-ds","20":"product_tag-ersatzteil","21":"product_tag-faecherkruemmer","22":"product_tag-header","23":"product_tag-hellcat","24":"product_tag-hemi","25":"product_tag-kat","26":"product_tag-keintuev","27":"product_tag-kruemmer","28":"product_tag-original","29":"product_tag-performance","30":"product_tag-r-t","31":"product_tag-ram","32":"product_tag-rt","33":"product_tag-short-tube","34":"product_tag-shorties","35":"product_tag-shorty","36":"product_tag-sportabgasanlage","37":"product_tag-sportauspuff","38":"product_shipping_class-paket-l","40":"first","41":"outofstock","42":"taxable","43":"shipping-taxable","44":"purchasable","45":"product-type-simple"},"bundled_by":[],"bundle_stock_status":"outofstock","bundle_stock_quantity":0,"bundle_virtual":false,"bundle_layout":"","bundle_add_to_cart_form_location":"","bundle_editable_in_cart":false,"bundle_sold_individually_context":"","bundle_item_grouping":"","bundle_min_size":"","bundle_max_size":"","bundle_price":[],"bundled_items":[],"bundle_sell_ids":[],"exclude_global_add_ons":[],"addons":[],"acf":[],"_links":{"self":[{"href":"https:\/\/kraftwerk-shop.cc\/cs\/wp-json\/wp\/v2\/product\/68261344","targetHints":{"allow":["GET"]}}],"collection":[{"href":"https:\/\/kraftwerk-shop.cc\/cs\/wp-json\/wp\/v2\/product"}],"about":[{"href":"https:\/\/kraftwerk-shop.cc\/cs\/wp-json\/wp\/v2\/types\/product"}],"replies":[{"embeddable":true,"href":"https:\/\/kraftwerk-shop.cc\/cs\/wp-json\/wp\/v2\/comments?post=68261344"}],"version-history":[{"count":0,"href":"https:\/\/kraftwerk-shop.cc\/cs\/wp-json\/wp\/v2\/product\/68261344\/revisions"}],"wp:featuredmedia":[{"embeddable":true,"href":"https:\/\/kraftwerk-shop.cc\/cs\/wp-json\/wp\/v2\/media\/68278010"}],"wp:attachment":[{"href":"https:\/\/kraftwerk-shop.cc\/cs\/wp-json\/wp\/v2\/media?parent=68261344"}],"wp:term":[{"taxonomy":"product_brand","embeddable":true,"href":"https:\/\/kraftwerk-shop.cc\/cs\/wp-json\/wp\/v2\/product_brand?post=68261344"},{"taxonomy":"product_cat","embeddable":true,"href":"https:\/\/kraftwerk-shop.cc\/cs\/wp-json\/wp\/v2\/product_cat?post=68261344"},{"taxonomy":"product_tag","embeddable":true,"href":"https:\/\/kraftwerk-shop.cc\/cs\/wp-json\/wp\/v2\/product_tag?post=68261344"}],"curies":[{"name":"wp","href":"https:\/\/api.w.org\/{rel}","templated":true}]}}