{"id":68261478,"date":"2022-01-30T11:29:25","date_gmt":"2022-01-30T10:29:25","guid":{"rendered":"https:\/\/kraftwerk-shop.cc\/?post_type=product&#038;p=68261478"},"modified":"2026-02-15T00:45:23","modified_gmt":"2026-02-14T23:45:23","slug":"qtp-aggressor-sada-vyfukovych-klapek-300c-challenger-charger-hemi","status":"publish","type":"product","link":"https:\/\/kraftwerk-shop.cc\/cs\/produkt\/qtp-aggressor-auspuffklappen-set-300c-challenger-charger-hemi\/","title":{"rendered":"Sada v\u00fdfukov\u00fdch klapek QTP Aggressor pro 300C, Challenger a Charger 5.7"},"content":{"rendered":"<h1>Sada v\u00fdfukov\u00fdch klapek QTP Aggressor pro Chrysler 300C, Dodge Challenger a Charger 5.7 Hemi<\/h1>\n<p>&nbsp;<\/p>\n<p>Aggressor je mont\u00e1\u017en\u00ed sada s elektrick\u00fdm v\u00fd\u0159ezem p\u0159izp\u016fsoben\u00e1 pro dan\u00e9 vozidlo.<br \/>\nSpole\u010dnost Quick Time Performance (QTP) vyvinula ka\u017edou aplikaci pro optim\u00e1ln\u00ed instala\u010dn\u00ed polohu, zvuk a v\u00fdkon.<br \/>\nNemus\u00edte se starat o m\u00edsto instalace. Tento probl\u00e9m byl ji\u017e vy\u0159e\u0161en za v\u00e1s. V\u011bt\u0161ina sad nevy\u017eaduje \u017e\u00e1dn\u00e9 sv\u00e1\u0159e\u010dsk\u00e9 pr\u00e1ce.<\/p>\n<p>P\u0159ejd\u011bte od ticha v tov\u00e1rn\u011b k hluku agresora! Sta\u010d\u00ed ji na\u0161roubovat a rozpout\u00e1 se peklo.<\/p>\n<p>V\u0161echny syst\u00e9my jsou vyrobeny v USA a jsou vyrobeny z nerezov\u00e9 oceli.<\/p>\n<p>&nbsp;<\/p>\n<ul>\n<li>Vhodn\u00e9 pro 2011-2022 Dodge Challenger\/Charger &amp; Chrysler 300C 5.7L<\/li>\n<li>Nevhodn\u00e9 pro pohon AWD<\/li>\n<li>Spolupracuje s p\u0159\u00eddavn\u00fdmi v\u00fdfukov\u00fdmi syst\u00e9my<\/li>\n<li>Nehod\u00ed se k ohyb\u016fm ventil\u00e1toru s dlouh\u00fdmi trubkami<\/li>\n<li>Nen\u00ed nutn\u00e9 sva\u0159ov\u00e1n\u00ed<\/li>\n<li>Kompletn\u00ed u\u017eivatelsk\u00e1 kontrola nad v\u00fdkonem a zvukem<\/li>\n<li>Konstrukce z nerezov\u00e9 oceli 304<\/li>\n<li>Tich\u00fd a\u017e hlasit\u00fd stiskem tla\u010d\u00edtka<\/li>\n<li>Vyrobeno v USA<\/li>\n<\/ul>\n<p>&nbsp;<\/p>\n<p><strong>Rozsah dod\u00e1vky:<\/strong><\/p>\n<ul>\n<li>Svorky v\u00fdfuku z nerezov\u00e9 oceli<\/li>\n<li>Trubky z nerezov\u00e9 oceli 304 vyroben\u00e9 v USA<\/li>\n<li>(2) Elektrick\u00e9 klapky spalin s p\u0159ep\u00edna\u010dem<\/li>\n<li>N\u00e1vod a mont\u00e1\u017en\u00ed materi\u00e1l<\/li>\n<\/ul>\n<p>&nbsp;<\/p>\n<p><strong>Vhodn\u00e9 pro:<\/strong><\/p>\n<table width=\"437\">\n<tbody>\n<tr>\n<td width=\"83\"><strong>Zna\u010dka<\/strong><\/td>\n<td width=\"122\"><strong>Model<\/strong><\/td>\n<td width=\"136\"><strong>Motor<\/strong><\/td>\n<td width=\"96\"><strong>Rok v\u00fdstavby<\/strong><\/td>\n<\/tr>\n<tr>\n<td>Chrysler<\/td>\n<td>300C<\/td>\n<td>5.7<\/td>\n<td width=\"96\">2011\u20132023<\/td>\n<\/tr>\n<tr>\n<td>Dodge<\/td>\n<td>Challenger<\/td>\n<td>5.7<\/td>\n<td width=\"96\">2011\u20132023<\/td>\n<\/tr>\n<tr>\n<td>Dodge<\/td>\n<td>Charger<\/td>\n<td>5.7<\/td>\n<td width=\"96\">2011\u20132023<\/td>\n<\/tr>\n<\/tbody>\n<\/table>\n<p>&nbsp;<\/p>\n<p>Vhodn\u00e9 pro <strong>ne<\/strong> pro pohon AWD<\/p>","protected":false},"excerpt":{"rendered":"<p>2011\u20132023<\/p>","protected":false},"featured_media":68277971,"comment_status":"open","ping_status":"closed","template":"","meta":{"_acf_changed":false},"product_brand":[],"product_cat":[6617,6604,6610],"product_tag":[52,91,3397,1035,3381,3378,546,2993,54,53,48,536,3382,49,3853,3854,692,549,126,20273,34,186,3379,7223,3380,783,86,787,3368,3055,547],"class_list":{"0":"post-68261478","1":"product","2":"type-product","3":"status-publish","4":"has-post-thumbnail","6":"product_cat-300c-57-2011-2023-abgasanlage-catback","7":"product_cat-challenger-57-abgasanlage-dichtungen-hardware","8":"product_cat-charger-57-2011-2023-abgasanlage-dichtungen-hardware","9":"product_tag-300c","10":"product_tag-5-7","11":"product_tag-3397","12":"product_tag-abgasanlage","13":"product_tag-abgasklappen","14":"product_tag-aggressor","15":"product_tag-auspuff","16":"product_tag-auspuffklappen","17":"product_tag-challenger","18":"product_tag-charger","19":"product_tag-chrysler","20":"product_tag-chrysler-300c","21":"product_tag-cutout","22":"product_tag-dodge","23":"product_tag-dodge-challenger","24":"product_tag-dodge-charger","25":"product_tag-ersatzteil","26":"product_tag-header","27":"product_tag-hemi","28":"product_tag-keintuev","29":"product_tag-original","30":"product_tag-performance","31":"product_tag-qtp","32":"product_tag-qtp10","33":"product_tag-quick-time-performance","34":"product_tag-r-t","35":"product_tag-ram","36":"product_tag-rt","37":"product_tag-shorties","38":"product_tag-sportabgasanlage","39":"product_tag-sportauspuff","40":"product_shipping_class-deutschlandohne","42":"first","43":"onbackorder","44":"taxable","45":"shipping-taxable","46":"purchasable","47":"product-type-simple"},"bundled_by":[],"bundle_stock_status":"onbackorder","bundle_stock_quantity":0,"bundle_virtual":false,"bundle_layout":"","bundle_add_to_cart_form_location":"","bundle_editable_in_cart":false,"bundle_sold_individually_context":"","bundle_item_grouping":"","bundle_min_size":"","bundle_max_size":"","bundle_price":[],"bundled_items":[],"bundle_sell_ids":[],"exclude_global_add_ons":[],"addons":[],"acf":[],"_links":{"self":[{"href":"https:\/\/kraftwerk-shop.cc\/cs\/wp-json\/wp\/v2\/product\/68261478","targetHints":{"allow":["GET"]}}],"collection":[{"href":"https:\/\/kraftwerk-shop.cc\/cs\/wp-json\/wp\/v2\/product"}],"about":[{"href":"https:\/\/kraftwerk-shop.cc\/cs\/wp-json\/wp\/v2\/types\/product"}],"replies":[{"embeddable":true,"href":"https:\/\/kraftwerk-shop.cc\/cs\/wp-json\/wp\/v2\/comments?post=68261478"}],"version-history":[{"count":0,"href":"https:\/\/kraftwerk-shop.cc\/cs\/wp-json\/wp\/v2\/product\/68261478\/revisions"}],"wp:featuredmedia":[{"embeddable":true,"href":"https:\/\/kraftwerk-shop.cc\/cs\/wp-json\/wp\/v2\/media\/68277971"}],"wp:attachment":[{"href":"https:\/\/kraftwerk-shop.cc\/cs\/wp-json\/wp\/v2\/media?parent=68261478"}],"wp:term":[{"taxonomy":"product_brand","embeddable":true,"href":"https:\/\/kraftwerk-shop.cc\/cs\/wp-json\/wp\/v2\/product_brand?post=68261478"},{"taxonomy":"product_cat","embeddable":true,"href":"https:\/\/kraftwerk-shop.cc\/cs\/wp-json\/wp\/v2\/product_cat?post=68261478"},{"taxonomy":"product_tag","embeddable":true,"href":"https:\/\/kraftwerk-shop.cc\/cs\/wp-json\/wp\/v2\/product_tag?post=68261478"}],"curies":[{"name":"wp","href":"https:\/\/api.w.org\/{rel}","templated":true}]}}