{"id":68261765,"date":"2022-02-05T00:05:40","date_gmt":"2022-02-04T23:05:40","guid":{"rendered":"https:\/\/kraftwerk-shop.cc\/?post_type=product&#038;p=68261765"},"modified":"2026-02-15T00:46:32","modified_gmt":"2026-02-14T23:46:32","slug":"cometic-5-vrstve-tesneni-hlavy-valcu-6-2-hellcat-trackhawk-trx-054","status":"publish","type":"product","link":"https:\/\/kraftwerk-shop.cc\/cs\/produkt\/cometic-5-schichtige-zylinderkopfdichtungen-6-2-hellcat-trackhawk-trx-054\/","title":{"rendered":"P\u011btivrstv\u00e9 t\u011bsn\u011bn\u00ed hlavy v\u00e1lc\u016f Cometic 6.2 Hellcat, Trackhawk &amp; TRX"},"content":{"rendered":"<h1>P\u011btivrstv\u00e9 t\u011bsn\u011bn\u00ed hlavy v\u00e1lc\u016f Cometic pro Dodge Challenger, Charger a Durango Hellcat, Jeep Trackhawk a RAM TRX<\/h1>\n<p>&nbsp;<\/p>\n<p>T\u011bsn\u011bn\u00ed Cometic MLX se skl\u00e1daj\u00ed z n\u011bkolika vrstev nerezov\u00e9 oceli, kter\u00e1 nab\u00edz\u00ed vy\u0161\u0161\u00ed pevnost, pru\u017enost a odolnost proti korozi.<br \/>\nVn\u011bj\u0161\u00ed vrstvy t\u011bsn\u011bn\u00ed jsou ra\u017een\u00e9 a oboustrann\u011b pota\u017een\u00e9 Vitonem - materi\u00e1lem na b\u00e1zi fluoroelastomerov\u00e9 pry\u017ee, kter\u00fd je tepeln\u011b odoln\u00fd a\u017e do 250 \u00b0C. Viton je navr\u017een tak, aby spl\u0148oval po\u017eadavky \u0161irok\u00e9 \u0161k\u00e1ly n\u00e1ro\u010dn\u00fdch t\u011bsnic\u00edch prost\u0159ed\u00ed, podm\u00ednek zat\u00ed\u017een\u00ed a povrchov\u00fdch \u00faprav.<br \/>\nSt\u0159edn\u00ed vrstva nebo mezivrstva je nepovlakovan\u00e1 vrstva z nerezov\u00e9 oceli, kter\u00e1 se skl\u00e1d\u00e1 zp\u011bt na sebe a tvo\u0159\u00ed uzav\u00edrac\u00ed \u010d\u00e1st t\u011bsn\u011bn\u00ed otvoru.<\/p>\n<p>&nbsp;<\/p>\n<p><strong>Rozsah dod\u00e1vky:<\/strong><\/p>\n<ul>\n<li>2 t\u011bsn\u011bn\u00ed hlavy v\u00e1lc\u016f, tlou\u0161\u0165ka t\u011bsn\u011bn\u00ed 0,054\u2033<\/li>\n<\/ul>\n<p>&nbsp;<\/p>\n<p><strong>Vhodn\u00e9 pro:<\/strong><\/p>\n<table width=\"449\">\n<tbody>\n<tr>\n<td width=\"115\"><strong>Zna\u010dka<\/strong><\/td>\n<td width=\"145\"><strong>Model<\/strong><\/td>\n<td width=\"106\"><strong>Motor<\/strong><\/td>\n<td width=\"83\"><strong>Rok v\u00fdstavby<\/strong><\/td>\n<\/tr>\n<tr>\n<td width=\"115\">Dodge<\/td>\n<td width=\"145\">Charger<\/td>\n<td width=\"106\">6.2 Hellcat<\/td>\n<td width=\"83\">2015\u20132023<\/td>\n<\/tr>\n<tr>\n<td width=\"115\">Dodge<\/td>\n<td width=\"145\">Challenger<\/td>\n<td width=\"106\">6.2 Hellcat<\/td>\n<td width=\"83\">2015\u20132023<\/td>\n<\/tr>\n<tr>\n<td width=\"115\">Dodge<\/td>\n<td width=\"145\">Durango<\/td>\n<td width=\"106\">6.2 Hellcat<\/td>\n<td width=\"83\">2021\u20132025<\/td>\n<\/tr>\n<tr>\n<td width=\"115\">Jeep<\/td>\n<td width=\"145\">Grand Cherokee<\/td>\n<td width=\"106\">6.2 Trackhawk<\/td>\n<td width=\"83\">2018\u20132021<\/td>\n<\/tr>\n<tr>\n<td width=\"115\">RAM<\/td>\n<td width=\"145\">1500<\/td>\n<td width=\"106\">TRX<\/td>\n<td width=\"83\">2021\u20132024<\/td>\n<\/tr>\n<\/tbody>\n<\/table>\n<p>&nbsp;<\/p>\n<p><strong>POZN\u00c1MKA:<\/strong> Pro instalaci t\u011bchto v\u00edcevrstv\u00fdch t\u011bsn\u011bn\u00ed hlavy v\u00e1lc\u016f d\u016frazn\u011b doporu\u010dujeme pou\u017e\u00edt \u0161rouby ARP.<\/p>","protected":false},"excerpt":{"rendered":"<p>0,054\u2033 Tlou\u0161\u0165ka t\u011bsn\u011bn\u00ed<\/p>","protected":false},"featured_media":68278182,"comment_status":"open","ping_status":"closed","template":"","meta":{"_acf_changed":false},"product_brand":[19063],"product_cat":[6660,6656,6665,6661,6670,6666,6675,6671,6680,6676],"product_tag":[3444,475,54,53,3447,604,7222,571,49,3853,3854,95,56,100,50,4425,4427,4426,608,36,382,55,3432,3433,86,102,2353,391,607,609,610],"class_list":{"0":"post-68261765","1":"product","2":"type-product","3":"status-publish","4":"has-post-thumbnail","6":"product_brand-cometic","7":"product_cat-challenger-hellcat-dichtungen-hardware","8":"product_cat-challenger-hellcat-zylinderkopf","9":"product_cat-charger-hellcat-dichtungen-hardware","10":"product_cat-charger-hellcat-zylinderkopf","11":"product_cat-durango-hellcat-dichtungen-hardware","12":"product_cat-durango-hellcat-zylinderkopf","13":"product_cat-trackhawk-dichtungen-hardware","14":"product_cat-trackhawk-zylinderkopf","15":"product_cat-trx-dichtungen-hardware","16":"product_cat-trx-zylinderkopf","17":"product_tag-0-054","18":"product_tag-475","19":"product_tag-challenger","20":"product_tag-charger","21":"product_tag-cmt-hcmlx-054","22":"product_tag-cometic","23":"product_tag-cometic10","24":"product_tag-dichtung","25":"product_tag-dodge","26":"product_tag-dodge-challenger","27":"product_tag-dodge-charger","28":"product_tag-durango","29":"product_tag-grand-cherokee","30":"product_tag-hellcat","31":"product_tag-jeep","32":"product_tag-jeep-grand-cherokee","33":"product_tag-jeep-grand-cherokee-trackhawk","34":"product_tag-jeep-trackhawk","35":"product_tag-kopf","36":"product_tag-kraftwerk","37":"product_tag-ladedruck","38":"product_tag-magnum","39":"product_tag-mehrschichtig","40":"product_tag-metalldichtung","41":"product_tag-ram","42":"product_tag-trackhawk","43":"product_tag-trx","44":"product_tag-verstaerkt","45":"product_tag-zylinder","46":"product_tag-zylinderkopf","47":"product_tag-zylinderkopfdichtung","49":"first","50":"instock","51":"taxable","52":"shipping-taxable","53":"purchasable","54":"product-type-simple"},"bundled_by":[],"bundle_stock_status":"instock","bundle_stock_quantity":1,"bundle_virtual":false,"bundle_layout":"","bundle_add_to_cart_form_location":"","bundle_editable_in_cart":false,"bundle_sold_individually_context":"","bundle_item_grouping":"","bundle_min_size":"","bundle_max_size":"","bundle_price":[],"bundled_items":[],"bundle_sell_ids":[],"exclude_global_add_ons":[],"addons":[],"acf":[],"_links":{"self":[{"href":"https:\/\/kraftwerk-shop.cc\/cs\/wp-json\/wp\/v2\/product\/68261765","targetHints":{"allow":["GET"]}}],"collection":[{"href":"https:\/\/kraftwerk-shop.cc\/cs\/wp-json\/wp\/v2\/product"}],"about":[{"href":"https:\/\/kraftwerk-shop.cc\/cs\/wp-json\/wp\/v2\/types\/product"}],"replies":[{"embeddable":true,"href":"https:\/\/kraftwerk-shop.cc\/cs\/wp-json\/wp\/v2\/comments?post=68261765"}],"version-history":[{"count":0,"href":"https:\/\/kraftwerk-shop.cc\/cs\/wp-json\/wp\/v2\/product\/68261765\/revisions"}],"wp:featuredmedia":[{"embeddable":true,"href":"https:\/\/kraftwerk-shop.cc\/cs\/wp-json\/wp\/v2\/media\/68278182"}],"wp:attachment":[{"href":"https:\/\/kraftwerk-shop.cc\/cs\/wp-json\/wp\/v2\/media?parent=68261765"}],"wp:term":[{"taxonomy":"product_brand","embeddable":true,"href":"https:\/\/kraftwerk-shop.cc\/cs\/wp-json\/wp\/v2\/product_brand?post=68261765"},{"taxonomy":"product_cat","embeddable":true,"href":"https:\/\/kraftwerk-shop.cc\/cs\/wp-json\/wp\/v2\/product_cat?post=68261765"},{"taxonomy":"product_tag","embeddable":true,"href":"https:\/\/kraftwerk-shop.cc\/cs\/wp-json\/wp\/v2\/product_tag?post=68261765"}],"curies":[{"name":"wp","href":"https:\/\/api.w.org\/{rel}","templated":true}]}}