{"id":68261816,"date":"2022-02-05T19:01:56","date_gmt":"2022-02-05T18:01:56","guid":{"rendered":"https:\/\/kraftwerk-shop.cc\/?post_type=product&#038;p=68261816"},"modified":"2026-02-15T00:03:40","modified_gmt":"2026-02-14T23:03:40","slug":"mcleod-rxt-dvoukotoucova-spojka-dodge-challenger-1000ps","status":"publish","type":"product","link":"https:\/\/kraftwerk-shop.cc\/cs\/produkt\/mcleod-rxt-zweischeibenkupplung-dodge-challenger-1000ps\/","title":{"rendered":"Dvoukotou\u010dov\u00e1 spojka McLeod RXT pro Dodge Challenger do 1000 k"},"content":{"rendered":"<h1>Dvoukotou\u010dov\u00e1 spojka McLeod RXT pro Dodge Challenger do 1000 k<\/h1>\n<p>&nbsp;<\/p>\n<p>Dvoukotou\u010dov\u00e1 spojka McLeod RXT HD je levn\u00e1 sada dvoukotou\u010dov\u00e9 spojky pro silni\u010dn\u00ed a motoristick\u00fd sport.<\/p>\n<p>P\u0159esto\u017ee je tato zes\u00edlen\u00e1 spojka schopna zvl\u00e1dnout 1200 kon\u00ed, je st\u00e1le schopn\u00e1 j\u00edzdy.<br \/>\nSpojkov\u00e9 kotou\u010de s keramick\u00fdm povlakem zaji\u0161\u0165uj\u00ed hladk\u00fd z\u00e1b\u011br spojky p\u0159i m\u00edrn\u00e9m se\u0161l\u00e1pnut\u00ed ped\u00e1lu. D\u00edky tomu je tato spojkov\u00e1 sada ide\u00e1ln\u00ed pro \u010dist\u011b silni\u010dn\u00ed pou\u017eit\u00ed.<\/p>\n<p>Tato spojka je ide\u00e1ln\u00ed pro ty, kte\u0159\u00ed cht\u011bj\u00ed to nejlep\u0161\u00ed z obou sv\u011bt\u016f. Pokud chcete vyrazit na z\u00e1vodn\u00ed okruh, abyste si zajeli p\u00e1r kol a pak zase odjeli dom\u016f, pak je RXT HD p\u0159esn\u011b pro v\u00e1s.<\/p>\n<p>Jedn\u00e1 se o modul\u00e1rn\u00ed konstrukci spojky s ocelov\u00fdm adapt\u00e9rem, kter\u00fd se pou\u017e\u00edv\u00e1 jako nov\u00e1 hnac\u00ed plocha.<br \/>\nD\u00edky tomu lze spojku p\u0159i\u0161roubovat k tov\u00e1rn\u00edmu setrva\u010dn\u00edku, ani\u017e by bylo nutn\u00e9 setrva\u010dn\u00edk OEM p\u0159ed\u011bl\u00e1vat, proto\u017ee kotou\u010de nar\u00e1\u017eej\u00ed na ocelovou adapt\u00e9rovou desku.<br \/>\nJakmile nasad\u00edte modul\u00e1rn\u00ed spojkovou jednotku na hmo\u017edinky a ut\u00e1hnete \u0161rouby, setrva\u010dn\u00edk slou\u017e\u00ed pouze jako krou\u017eek pro startov\u00e1n\u00ed vozidla.<\/p>\n<p>&nbsp;<\/p>\n<p><strong>Rozsah dod\u00e1vky:<\/strong><\/p>\n<ul>\n<li>Tlakov\u00e1 deska<\/li>\n<li>Dva m\u0159\u00ed\u017ekov\u00e9 kotou\u010de s keramick\u00fdm povrchem<\/li>\n<li>Plov\u00e1kov\u00e1 deska<\/li>\n<li>Ocelov\u00e1 adapt\u00e9rov\u00e1 deska<\/li>\n<li>Pilotn\u00ed n\u00e1stroj<\/li>\n<\/ul>\n<p>&nbsp;<\/p>\n<p><strong>Vhodn\u00e9 pro:<\/strong><\/p>\n<p>Dodge Challenger s manu\u00e1ln\u00ed p\u0159evodovkou od roku 2013 do roku 2023 a\u017e do v\u00fdkonu 1000 k<\/p>","protected":false},"excerpt":{"rendered":"<p>2013\u20132023<\/p>","protected":false},"featured_media":68277944,"comment_status":"open","ping_status":"closed","template":"","meta":{"_acf_changed":false},"product_brand":[],"product_cat":[1678,1694,1702],"product_tag":[217,93,3461,54,49,3853,100,1166,3046,399,3453,3459,783,787,3463,3456,3457,3458,96,391,3460,4065],"class_list":{"0":"post-68261816","1":"product","2":"type-product","3":"status-publish","4":"has-post-thumbnail","6":"product_cat-challenger-57-getriebe","7":"product_cat-challenger-hellcat-getriebe","8":"product_cat-challenger-64-getriebe","9":"product_tag-217","10":"product_tag-6-4","11":"product_tag-6975-07m","12":"product_tag-challenger","13":"product_tag-dodge","14":"product_tag-dodge-challenger","15":"product_tag-hellcat","16":"product_tag-keramik","17":"product_tag-keramikbeschichtet","18":"product_tag-kupplung","19":"product_tag-mcleod","20":"product_tag-mehrscheiben","21":"product_tag-r-t","22":"product_tag-rt","23":"product_tag-rxt","24":"product_tag-schalter","25":"product_tag-schaltgetriebe","26":"product_tag-sportkupplung","27":"product_tag-srt","28":"product_tag-verstaerkt","29":"product_tag-zweischeiben","30":"product_tag-zweischeibenkupplung","31":"product_shipping_class-deutschlandohne","33":"first","34":"onbackorder","35":"taxable","36":"shipping-taxable","37":"purchasable","38":"product-type-simple"},"bundled_by":[],"bundle_stock_status":"onbackorder","bundle_stock_quantity":0,"bundle_virtual":false,"bundle_layout":"","bundle_add_to_cart_form_location":"","bundle_editable_in_cart":false,"bundle_sold_individually_context":"","bundle_item_grouping":"","bundle_min_size":"","bundle_max_size":"","bundle_price":[],"bundled_items":[],"bundle_sell_ids":[],"exclude_global_add_ons":[],"addons":[],"acf":[],"_links":{"self":[{"href":"https:\/\/kraftwerk-shop.cc\/cs\/wp-json\/wp\/v2\/product\/68261816","targetHints":{"allow":["GET"]}}],"collection":[{"href":"https:\/\/kraftwerk-shop.cc\/cs\/wp-json\/wp\/v2\/product"}],"about":[{"href":"https:\/\/kraftwerk-shop.cc\/cs\/wp-json\/wp\/v2\/types\/product"}],"replies":[{"embeddable":true,"href":"https:\/\/kraftwerk-shop.cc\/cs\/wp-json\/wp\/v2\/comments?post=68261816"}],"version-history":[{"count":0,"href":"https:\/\/kraftwerk-shop.cc\/cs\/wp-json\/wp\/v2\/product\/68261816\/revisions"}],"wp:featuredmedia":[{"embeddable":true,"href":"https:\/\/kraftwerk-shop.cc\/cs\/wp-json\/wp\/v2\/media\/68277944"}],"wp:attachment":[{"href":"https:\/\/kraftwerk-shop.cc\/cs\/wp-json\/wp\/v2\/media?parent=68261816"}],"wp:term":[{"taxonomy":"product_brand","embeddable":true,"href":"https:\/\/kraftwerk-shop.cc\/cs\/wp-json\/wp\/v2\/product_brand?post=68261816"},{"taxonomy":"product_cat","embeddable":true,"href":"https:\/\/kraftwerk-shop.cc\/cs\/wp-json\/wp\/v2\/product_cat?post=68261816"},{"taxonomy":"product_tag","embeddable":true,"href":"https:\/\/kraftwerk-shop.cc\/cs\/wp-json\/wp\/v2\/product_tag?post=68261816"}],"curies":[{"name":"wp","href":"https:\/\/api.w.org\/{rel}","templated":true}]}}