{"id":68261877,"date":"2022-02-06T11:47:24","date_gmt":"2022-02-06T10:47:24","guid":{"rendered":"https:\/\/kraftwerk-shop.cc\/?post_type=product&#038;p=68261877"},"modified":"2026-03-18T19:06:07","modified_gmt":"2026-03-18T18:06:07","slug":"brzdove-desticky-ebc-bluestuff-dp51788ndx","status":"publish","type":"product","link":"https:\/\/kraftwerk-shop.cc\/cs\/produkt\/ebc-bluestuff-bremsbelaege-dp51788ndx\/","title":{"rendered":"Brzdov\u00e9 desti\u010dky EBC Bluestuff DP51788NDX"},"content":{"rendered":"<h1>Brzdov\u00e9 desti\u010dky EBC Bluestuff pro Chrysler 300C, Dodge Challenger, Charger, Magnum, Durango, Jeep Grand Cherokee 6.1 SRT8, 6.2 Hellcat, 6.4 SRT a Chevrolet Camaro SS (zadn\u00ed n\u00e1prava)<\/h1>\n<p>&nbsp;<\/p>\n<p><span style=\"color: #000000;\">Bluestuff je \u010dtvrt\u00e1 kategorie sportovn\u00edch brzdov\u00fdch desti\u010dek EBC.<\/span><\/p>\n<p><span style=\"color: #000000;\">Brzdov\u00e9 desti\u010dky Bluestuff jsou ide\u00e1ln\u00edm mezistupn\u011bm mezi silni\u010dn\u00edmi a z\u00e1vodn\u00edmi desti\u010dkami a jsou volbou \u010d\u00edslo jedna pro mnoho jezdc\u016f, kte\u0159\u00ed pot\u0159ebuj\u00ed desti\u010dky pro rychl\u00e9 silni\u010dn\u00ed pou\u017eit\u00ed, trackday (volnou j\u00edzdu) nebo krat\u0161\u00ed z\u00e1vody.<\/span><\/p>\n<p><span style=\"color: #000000;\"> \u0158idi\u010di, kte\u0159\u00ed ji\u017e maj\u00ed zku\u0161enosti se silni\u010dn\u00edm oblo\u017een\u00edm Yellowstuff, mohou brzdov\u00e9 oblo\u017een\u00ed Bluestuff porovnat s brzdov\u00fdm oblo\u017een\u00edm EBC Yellowstuff, kter\u00e9 m\u00e1 v\u0161ak o n\u011bco vy\u0161\u0161\u00ed koeficient t\u0159en\u00ed a trochu v\u011bt\u0161\u00ed \"z\u00e1b\u011br\".<\/span><\/p>\n<p><span style=\"color: #000000;\"> Pneumatika Bluestuff m\u00e1 o n\u011bco vy\u0161\u0161\u00ed koeficient t\u0159en\u00ed, ale poskytuje vynikaj\u00edc\u00ed cit pro ped\u00e1l na silnici i na okruhu a m\u00e1 vy\u0161\u0161\u00ed odolnost proti vadnut\u00ed brzd.<\/span><\/p>\n<p><span style=\"color: #000000;\"> Brzdov\u00e9 desti\u010dky EBC Brakes Bluestuff jsou v\u0161ak ur\u010deny pro z\u00e1vodn\u00ed trat\u011b, co\u017e znamen\u00e1, \u017ee na rozd\u00edl od brzdov\u00fdch desti\u010dek Yellowstuff vznik\u00e1 v\u00edce brzdov\u00e9ho prachu a m\u016f\u017ee se objevit brzdn\u00fd hluk, co\u017e se \u010dasto st\u00e1v\u00e1 u t\u0159ec\u00edch materi\u00e1l\u016f a z\u00e1vodn\u00edch desti\u010dek zam\u011b\u0159en\u00fdch na v\u00fdkon.<\/span><\/p>\n<p><span style=\"color: #000000;\"> Hlubok\u00e9 \"V-dr\u00e1\u017eky\" zaji\u0161\u0165uj\u00ed optim\u00e1ln\u00ed v\u011btr\u00e1n\u00ed a zachycuj\u00ed ne\u010distoty, prach a od\u011br. Nov\u00fd t\u0159ec\u00ed materi\u00e1l NDX od spole\u010dnosti EBC Brakes je spojen s nosnou deskou dal\u0161\u00ed chemickou mezivrstvou. To zvy\u0161uje p\u0159ilnavost a odolnost proti smykov\u00fdm sil\u00e1m p\u011btkr\u00e1t. Brzdov\u00e1 desti\u010dka je tak\u0159\u00edkaj\u00edc \"p\u0159edzabrzd\u011bna\" pomoc\u00ed povrchov\u00e9ho zahlouben\u00ed, co\u017e umo\u017e\u0148uje f\u00e1zi z\u00e1b\u011bhu v d\u00e9lce pouh\u00fdch 3-4 pou\u017eit\u00ed brzd na z\u00e1vodn\u00ed dr\u00e1ze.<\/span><\/p>\n<p>&nbsp;<\/p>\n<p>&nbsp;<\/p>\n<p><img decoding=\"async\" class=\"alignnone wp-image-68256974\" src=\"https:\/\/kraftwerk-shop.cc\/wp-content\/uploads\/2021\/10\/EBC_Bluestuff_Eigenschaften-300x229.jpg\" alt=\"\" width=\"450\" height=\"343\" \/><\/p>\n<p>&nbsp;<\/p>\n<p>\u010c\u00edslo OE (pouze pro \u00fa\u010dely porovn\u00e1n\u00ed): 68144432AA, 5174327AA, 5174327AB, 5174327AC, 68144223AA, 68144223AB, 68144223AC<br \/>\nSchv\u00e1len\u00ed: REG90<\/p>\n<p>M\u00edsto instalace: Zadn\u00ed n\u00e1prava<\/p>\n<p>&nbsp;<\/p>\n<p>&nbsp;<\/p>\n<p><strong>Vhodn\u00e9 pro:<\/strong><\/p>\n<table width=\"582\">\n<tbody>\n<tr>\n<td width=\"165\">Chrysler<\/td>\n<td width=\"195\">300C<\/td>\n<td width=\"222\">6.1, 6.4<\/td>\n<\/tr>\n<tr>\n<td width=\"165\">Dodge<\/td>\n<td width=\"195\">Challenger<\/td>\n<td width=\"222\">6.1, 6.2 Hellcat, 6.4<\/td>\n<\/tr>\n<tr>\n<td width=\"165\">Dodge<\/td>\n<td width=\"195\">Charger<\/td>\n<td width=\"222\">6.1, 6.2 Hellcat, 6.4<\/td>\n<\/tr>\n<tr>\n<td width=\"165\">Dodge<\/td>\n<td width=\"195\">Durango<\/td>\n<td width=\"222\">6.2 Hellcat, 6.4<\/td>\n<\/tr>\n<tr>\n<td width=\"165\">Dodge<\/td>\n<td width=\"195\">Magnum<\/td>\n<td width=\"222\">6.1<\/td>\n<\/tr>\n<tr>\n<td width=\"165\">Jeep<\/td>\n<td width=\"195\">Grand Cherokee<\/td>\n<td width=\"222\">6.1, 6.2 Trackhawk, 6.4<\/td>\n<\/tr>\n<tr>\n<td width=\"165\">Chevrolet<\/td>\n<td width=\"195\">Camaro<\/td>\n<td width=\"222\">6.2 L99 (405 K), 6.2 LS3 (432 K)<\/td>\n<\/tr>\n<\/tbody>\n<\/table>\n<p>&nbsp;<\/p>\n<p><strong>Rozsah dod\u00e1vky: <\/strong><\/p>\n<p>- 1 sada brzdov\u00fdch desti\u010dek EBC Bluestuff (DP51788NDX) pro zadn\u00ed n\u00e1pravu<\/p>\n<p>&nbsp;<\/p>","protected":false},"excerpt":{"rendered":"<p>EBC Bluestuff brzdov\u00e9 desti\u010dky pro Chrysler 300C, Dodge Challenger, Charger, Magnum, Durango, Jeep Grand Cherokee 6.1 SRT8, 6.2 Hellcat, 6.4 SRT<\/p>","protected":false},"featured_media":68274443,"comment_status":"open","ping_status":"closed","template":"","meta":{"_acf_changed":false},"product_brand":[16875],"product_cat":[2680,17732,17736,17696,17692,17688,17756,17760,17764,17929,17933,17776,17957,17962,17967],"product_tag":[846,951,952,52,217,844,845,843,92,101,93,928,949,950,933,1046,2491,590,10803,795,840,54,53,48,536,49,3853,3854,3485,95,964,2442,16877,16876,16878,56,100,126,798,799,50,4425,4427,4426,36,2492,2138,970,96,102,2139,673,2135,2137],"class_list":{"0":"post-68261877","1":"product","2":"type-product","3":"status-publish","4":"has-post-thumbnail","6":"product_brand-ebc-brakes","7":"product_cat-camaro-62-2010-2015-bremsen-hinten","8":"product_cat-300c-61-bremsbelaege-hinten","9":"product_cat-300c-64-bremsbelaege-hinten","10":"product_cat-challenger-61-bremsbelaege-hinten","11":"product_cat-challenger-hellcat-bremsbelaege-hinten","12":"product_cat-challenger-64-bremsbelaege-hinten","13":"product_cat-charger-61-bremsbelaege-hinten","14":"product_cat-charger-hellcat-bremsbelaege-hinten","15":"product_cat-charger-64-bremsbelaege-hinten","16":"product_cat-durango-hellcat-bremsbelaege-hinten","17":"product_cat-durango-64-bremsbelaege-hinten","18":"product_cat-magnum-61-bremsbelaege-hinten","19":"product_cat-grand-cherokee-61-bremsbelaege-hinten","20":"product_cat-trackhawk-bremsbelaege-hinten","21":"product_cat-grand-cherokee-64-bremsbelaege-hinten","22":"product_tag-05174327aa","23":"product_tag-05174327ab","24":"product_tag-05174327ac","25":"product_tag-300c","26":"product_tag-217","27":"product_tag-5174327aa","28":"product_tag-5174327ab","29":"product_tag-5174327ac","30":"product_tag-6-1","31":"product_tag-6-2","32":"product_tag-6-4","33":"product_tag-68144223aa","34":"product_tag-68144223ab","35":"product_tag-68144223ac","36":"product_tag-68144432aa","37":"product_tag-abe","38":"product_tag-bluestuff","39":"product_tag-bremsbelaege","40":"product_tag-bremsbelaege-fuer-dodge-challenger-6-4","41":"product_tag-bremse","42":"product_tag-bremskloetze","43":"product_tag-challenger","44":"product_tag-charger","45":"product_tag-chrysler","46":"product_tag-chrysler-300c","47":"product_tag-dodge","48":"product_tag-dodge-challenger","49":"product_tag-dodge-charger","50":"product_tag-dp51788ndx","51":"product_tag-durango","52":"product_tag-ebc","53":"product_tag-ebc-brakes","54":"product_tag-ebc-bremsbelaege","55":"product_tag-ebc-bremsen","56":"product_tag-ebc-bremsscheiben","57":"product_tag-grand-cherokee","58":"product_tag-hellcat","59":"product_tag-hemi","60":"product_tag-hinten","61":"product_tag-hinterachse","62":"product_tag-jeep","63":"product_tag-jeep-grand-cherokee","64":"product_tag-jeep-grand-cherokee-trackhawk","65":"product_tag-jeep-trackhawk","66":"product_tag-kraftwerk","67":"product_tag-ndx","68":"product_tag-reg90","69":"product_tag-sportbremsbelaege","70":"product_tag-srt","71":"product_tag-trackhawk","72":"product_tag-tuev","73":"product_tag-zubehoer","74":"product_tag-zubehoerbremsbelaege","75":"product_tag-zulassung","77":"first","78":"instock","79":"taxable","80":"shipping-taxable","81":"purchasable","82":"product-type-simple"},"bundled_by":[],"bundle_stock_status":"instock","bundle_stock_quantity":2,"bundle_virtual":false,"bundle_layout":"","bundle_add_to_cart_form_location":"","bundle_editable_in_cart":false,"bundle_sold_individually_context":"","bundle_item_grouping":"","bundle_min_size":"","bundle_max_size":"","bundle_price":[],"bundled_items":[],"bundle_sell_ids":[],"exclude_global_add_ons":[],"addons":[],"acf":[],"_links":{"self":[{"href":"https:\/\/kraftwerk-shop.cc\/cs\/wp-json\/wp\/v2\/product\/68261877","targetHints":{"allow":["GET"]}}],"collection":[{"href":"https:\/\/kraftwerk-shop.cc\/cs\/wp-json\/wp\/v2\/product"}],"about":[{"href":"https:\/\/kraftwerk-shop.cc\/cs\/wp-json\/wp\/v2\/types\/product"}],"replies":[{"embeddable":true,"href":"https:\/\/kraftwerk-shop.cc\/cs\/wp-json\/wp\/v2\/comments?post=68261877"}],"version-history":[{"count":0,"href":"https:\/\/kraftwerk-shop.cc\/cs\/wp-json\/wp\/v2\/product\/68261877\/revisions"}],"wp:featuredmedia":[{"embeddable":true,"href":"https:\/\/kraftwerk-shop.cc\/cs\/wp-json\/wp\/v2\/media\/68274443"}],"wp:attachment":[{"href":"https:\/\/kraftwerk-shop.cc\/cs\/wp-json\/wp\/v2\/media?parent=68261877"}],"wp:term":[{"taxonomy":"product_brand","embeddable":true,"href":"https:\/\/kraftwerk-shop.cc\/cs\/wp-json\/wp\/v2\/product_brand?post=68261877"},{"taxonomy":"product_cat","embeddable":true,"href":"https:\/\/kraftwerk-shop.cc\/cs\/wp-json\/wp\/v2\/product_cat?post=68261877"},{"taxonomy":"product_tag","embeddable":true,"href":"https:\/\/kraftwerk-shop.cc\/cs\/wp-json\/wp\/v2\/product_tag?post=68261877"}],"curies":[{"name":"wp","href":"https:\/\/api.w.org\/{rel}","templated":true}]}}