{"id":68261923,"date":"2022-02-06T15:49:00","date_gmt":"2022-02-06T14:49:00","guid":{"rendered":"https:\/\/kraftwerk-shop.cc\/?post_type=product&#038;p=68261923"},"modified":"2026-02-15T00:54:50","modified_gmt":"2026-02-14T23:54:50","slug":"afe-power-54-72103-momentum-gt-pro-5r-sani-studeneho-vzduchu-ram-2500-power-wagon","status":"publish","type":"product","link":"https:\/\/kraftwerk-shop.cc\/cs\/produkt\/afe-power-54-72103-momentum-gt-pro-5r-cold-air-intake-ram-2500-power-wagon\/","title":{"rendered":"aFe Momentum GT s\u00e1n\u00ed studen\u00e9ho vzduchu \/ sportovn\u00ed vzduchov\u00fd filtr RAM 6.4"},"content":{"rendered":"<h1>aFe POWER 54-72103 Syst\u00e9m s\u00e1n\u00ed studen\u00e9ho vzduchu Momentum GT Pro 5R pro RAM 2500 \/ 3500 6.4<\/h1>\n<p>&nbsp;<\/p>\n<p><strong>Unik\u00e1tn\u00ed bydlen\u00ed<\/strong><br \/>\nPouzdro z tepeln\u011b odoln\u00e9ho materi\u00e1lu navr\u017een\u00e9 v syst\u00e9mu CAD zaji\u0161\u0165uje nejni\u017e\u0161\u00ed mo\u017enou teplotu s\u00e1n\u00ed.<br \/>\nRota\u010dn\u011b tvarovan\u00e9 pouzdro je vyrobeno z \u010dern\u00e9ho zes\u00ed\u0165ovan\u00e9ho polyethylenu.<br \/>\nVelk\u00e9 pr\u016fhledn\u00e9 okno umo\u017e\u0148uje kontrolu filtru bez nutnosti demont\u00e1\u017ee airboxu. Rota\u010dn\u011b tvarovan\u00fd kryt je vyroben z \u010dern\u00e9ho zes\u00ed\u0165ovan\u00e9ho polyethylenu. Karbonov\u00e9 akcenty zaji\u0161\u0165uj\u00ed v\u00fdstavn\u00ed kvalitu a odli\u0161uj\u00ed va\u0161e vozidlo od ostatn\u00edch.<\/p>\n<p><strong>Sac\u00ed potrub\u00ed<\/strong><br \/>\nTento syst\u00e9m vyu\u017e\u00edv\u00e1 sac\u00ed potrub\u00ed navr\u017een\u00e9 v syst\u00e9mu CAD, kter\u00e9 bylo vyvinuto na zku\u0161ebn\u00ed stolici a vyrobeno rota\u010dn\u00edm procesem, aby bylo zaru\u010deno co nejv\u011bt\u0161\u00ed zv\u00fd\u0161en\u00ed v\u00fdkonu a dokonal\u00e9 p\u0159izp\u016fsoben\u00ed.<\/p>\n<p><strong>Velk\u00fd 5vrstv\u00fd v\u00fdkonn\u00fd vzduchov\u00fd filtr<\/strong><br \/>\nSac\u00ed syst\u00e9m Momentum GT byl navr\u017een na z\u00e1klad\u011b nejv\u011bt\u0161\u00edho mo\u017en\u00e9ho vzduchov\u00e9ho filtru, aby se maximalizovala filtrace a v\u00fdkon.<br \/>\nKu\u017eelov\u00fd filtr m\u00e1 pevnou ov\u00e1lnou p\u0159\u00edrubu o pr\u016fm\u011bru 9 palc\u016f.<br \/>\nVzduchov\u00fd filtr Pro 5R Performance se skl\u00e1d\u00e1 z 5 vrstev postupn\u011b se zu\u017euj\u00edc\u00edho bavln\u011bn\u00e9ho filtra\u010dn\u00edho materi\u00e1lu, kter\u00fd je sm\u00e1\u010den speci\u00e1ln\u00edm filtra\u010dn\u00edm olejem a lze jej vym\u00fdvat.<\/p>\n<p><strong>Vysoce kvalitn\u00ed instala\u010dn\u00ed materi\u00e1l<\/strong><br \/>\n\u0160nekov\u00e9 svorky z nerezov\u00e9 oceli a zes\u00edlen\u00e1 silikonov\u00e1 hadice zaji\u0161\u0165uj\u00ed stabilitu a trvanlivost a tak\u00e9 bezpe\u010dnou a snadnou instalaci. Sac\u00ed syst\u00e9my Momentum jsou navr\u017eeny s co nejmen\u0161\u00edm po\u010dtem jednotliv\u00fdch d\u00edl\u016f, aby byla zaji\u0161t\u011bna rychl\u00e1 a snadn\u00e1 instalace.<\/p>\n<p>&nbsp;<\/p>\n<p><strong>podrobnosti<\/strong><\/p>\n<p>- + 16 PS, + 24 NM maxim\u00e1ln\u00ed zv\u00fd\u0161en\u00ed v\u00fdkonu<br \/>\n- 24% v\u011bt\u0161\u00ed pr\u016ftok ne\u017e standardn\u00ed vzduchov\u00fd filtr<br \/>\n- Sac\u00ed potrub\u00ed vyvinut\u00e9 v syst\u00e9mu CAD<br \/>\n- Jednod\u00edln\u00e9 pouzdro uzav\u0159en\u00e9 v horn\u00ed \u010d\u00e1sti se zabudovan\u00fdm pr\u016fzorem<br \/>\n- P\u0159edem promazan\u00fd, omyvateln\u00fd a opakovan\u011b pou\u017eiteln\u00fd vzduchov\u00fd filtr Pro 10R pro maxim\u00e1ln\u00ed v\u00fdkon<br \/>\n- Jedine\u010dn\u00e1 konstrukce pouzdra filtru<br \/>\n- Perfektn\u00ed uchycen\u00ed, nen\u00ed nutn\u00e9 vrt\u00e1n\u00ed ani \u0159ez\u00e1n\u00ed p\u016fvodn\u00edch d\u00edl\u016f<\/p>\n<p>&nbsp;<\/p>\n<p><strong>Vhodn\u00e9 pro:<\/strong><\/p>\n<table width=\"761\">\n<tbody>\n<tr>\n<td width=\"136\"><strong>Rok v\u00fdstavby<\/strong><\/td>\n<td width=\"230\"><strong>Zna\u010dka<\/strong><\/td>\n<td width=\"196\"><strong>Model<\/strong><\/td>\n<td width=\"84\"><strong>Varianta<\/strong><\/td>\n<td width=\"115\"><strong>Motor<\/strong><\/td>\n<\/tr>\n<tr>\n<td width=\"136\">2014-2016<\/td>\n<td width=\"230\">RAM<\/td>\n<td width=\"196\">2500<\/td>\n<td width=\"84\">HEMI<\/td>\n<td width=\"115\">V8 6,4 L<\/td>\n<\/tr>\n<tr>\n<td width=\"136\">2014-2016<\/td>\n<td width=\"230\">RAM<\/td>\n<td width=\"196\">2500 Power Wagon<\/td>\n<td width=\"84\">HEMI<\/td>\n<td width=\"115\">V8 6,4 L<\/td>\n<\/tr>\n<tr>\n<td width=\"136\">2014-2016<\/td>\n<td width=\"230\">RAM<\/td>\n<td width=\"196\">3500<\/td>\n<td width=\"84\">HEMI<\/td>\n<td width=\"115\">V8 6,4 L<\/td>\n<\/tr>\n<\/tbody>\n<\/table>\n<p>&nbsp;<\/p>","protected":false},"excerpt":{"rendered":"<p>2014\u20132016<\/p>","protected":false},"featured_media":68277213,"comment_status":"open","ping_status":"closed","template":"","meta":{"_acf_changed":false},"product_brand":[16879],"product_cat":[2916],"product_tag":[248,249,250,506,3489,93,16880,498,2441,826,824,2219,825,49,126,20273,57,822,828,3490,86,500],"class_list":{"0":"post-68261923","1":"product","2":"type-product","3":"status-publish","4":"has-post-thumbnail","6":"product_brand-afe-power","7":"product_cat-2500-3500-64-ansaugung","8":"product_tag-248","9":"product_tag-249","10":"product_tag-250","11":"product_tag-506","12":"product_tag-54-72103","13":"product_tag-6-4","14":"product_tag-advanced-flow-engineering","15":"product_tag-afe","16":"product_tag-afe-power","17":"product_tag-ansaugung","18":"product_tag-cai","19":"product_tag-classic","20":"product_tag-cold-air-intake","21":"product_tag-dodge","22":"product_tag-hemi","23":"product_tag-keintuev","24":"product_tag-luftfilter","25":"product_tag-momentum","26":"product_tag-pickup","27":"product_tag-power-wagon","28":"product_tag-ram","29":"product_tag-sportluftfilter","30":"product_shipping_class-deutschlandohne","32":"first","33":"onbackorder","34":"taxable","35":"shipping-taxable","36":"purchasable","37":"product-type-simple"},"bundled_by":[],"bundle_stock_status":"onbackorder","bundle_stock_quantity":0,"bundle_virtual":false,"bundle_layout":"","bundle_add_to_cart_form_location":"","bundle_editable_in_cart":false,"bundle_sold_individually_context":"","bundle_item_grouping":"","bundle_min_size":"","bundle_max_size":"","bundle_price":[],"bundled_items":[],"bundle_sell_ids":[],"exclude_global_add_ons":[],"addons":[],"acf":[],"_links":{"self":[{"href":"https:\/\/kraftwerk-shop.cc\/cs\/wp-json\/wp\/v2\/product\/68261923","targetHints":{"allow":["GET"]}}],"collection":[{"href":"https:\/\/kraftwerk-shop.cc\/cs\/wp-json\/wp\/v2\/product"}],"about":[{"href":"https:\/\/kraftwerk-shop.cc\/cs\/wp-json\/wp\/v2\/types\/product"}],"replies":[{"embeddable":true,"href":"https:\/\/kraftwerk-shop.cc\/cs\/wp-json\/wp\/v2\/comments?post=68261923"}],"version-history":[{"count":0,"href":"https:\/\/kraftwerk-shop.cc\/cs\/wp-json\/wp\/v2\/product\/68261923\/revisions"}],"wp:featuredmedia":[{"embeddable":true,"href":"https:\/\/kraftwerk-shop.cc\/cs\/wp-json\/wp\/v2\/media\/68277213"}],"wp:attachment":[{"href":"https:\/\/kraftwerk-shop.cc\/cs\/wp-json\/wp\/v2\/media?parent=68261923"}],"wp:term":[{"taxonomy":"product_brand","embeddable":true,"href":"https:\/\/kraftwerk-shop.cc\/cs\/wp-json\/wp\/v2\/product_brand?post=68261923"},{"taxonomy":"product_cat","embeddable":true,"href":"https:\/\/kraftwerk-shop.cc\/cs\/wp-json\/wp\/v2\/product_cat?post=68261923"},{"taxonomy":"product_tag","embeddable":true,"href":"https:\/\/kraftwerk-shop.cc\/cs\/wp-json\/wp\/v2\/product_tag?post=68261923"}],"curies":[{"name":"wp","href":"https:\/\/api.w.org\/{rel}","templated":true}]}}