{"id":68261984,"date":"2022-02-06T22:42:39","date_gmt":"2022-02-06T21:42:39","guid":{"rendered":"https:\/\/kraftwerk-shop.cc\/?post_type=product&#038;p=68261984"},"modified":"2026-03-14T17:48:08","modified_gmt":"2026-03-14T16:48:08","slug":"rugged-ridge-amfib-snorkel-intake-jeep-wrangler-gladiator","status":"publish","type":"product","link":"https:\/\/kraftwerk-shop.cc\/cs\/produkt\/rugged-ridge-amfib-schnorchel-ansaugung-jeep-wrangler-gladiator\/","title":{"rendered":"Syst\u00e9m \u0161norchlov\u00e1n\u00ed Rugged Ridge AmFib pro Jeep Wrangler JL a Gladiator JT"},"content":{"rendered":"<p>Sta\u010d\u00ed se pod\u00edvat na \u0161norchlovac\u00ed syst\u00e9m Rugged Ridge AmFib pro modely Wrangler JL a Gladiator JT a hned je v\u00e1m jasn\u00e9, \u017ee to nen\u00ed oby\u010dejn\u00fd \u0161norchl.<\/p>\n<p>Spole\u010dnost Rugged Ridge navrhla n\u00edzko um\u00edst\u011bn\u00fd \u0161norchl tak, aby byl vizu\u00e1ln\u011b \u00fa\u017easn\u00fd, a vyvinula z\u00e1kladnu, kter\u00e1 hladce splyne s tov\u00e1rn\u00ed kapot\u00e1\u017e\u00ed, a pot\u00e9 ji doplnila n\u00edzk\u00fdm sac\u00edm syst\u00e9mem, kter\u00fd se okam\u017eit\u011b stane st\u0159edem pozornosti, od n\u011bho\u017e nem\u016f\u017eete odtrhnout o\u010di.<\/p>\n<p>P\u0159esto\u017ee je takov\u00fd \u0161norchl skute\u010dn\u011b poutav\u00fd, hled\u00e1n\u00ed vynikaj\u00edc\u00edho \u0161norchlu zdaleka nespo\u010d\u00edvalo jen ve vzhledu. Spole\u010dnost Rugged Ridge navrhla cel\u00fd \u0161norchl AmFib uvnit\u0159 vozu Jeep tak, aby m\u00e9n\u011b zasahoval do interi\u00e9ru, l\u00e9pe fungoval a snadn\u011bji se instaloval ne\u017e jak\u00fdkoli jin\u00fd dosud vyroben\u00fd syst\u00e9m s\u00e1n\u00ed se \u0161norchlem.<\/p>\n<p>Cel\u00fd syst\u00e9m a jeho sou\u010d\u00e1sti vypadaj\u00ed, jako by byly sou\u010d\u00e1st\u00ed p\u016fvodn\u00ed konstrukce Jeepu.<\/p>\n<p>&nbsp;<\/p>\n<ul>\n<li>Vysoce kvalitn\u00ed \u0161norchlovac\u00ed syst\u00e9m pro modely Wrangler JL a Gladiator JT<\/li>\n<li>Modul\u00e1rn\u00ed funkce umo\u017e\u0148uj\u00ed b\u011bhem n\u011bkolika minut p\u0159em\u011bnit \u0161norchl z n\u00edzk\u00e9 na vysokou verzi.<\/li>\n<li>Jedine\u010dn\u00fd design, kter\u00fd dokonale zapad\u00e1 do vzhledu s\u00e9rie<\/li>\n<li>Inovativn\u00ed konstrukce chr\u00e1n\u00edc\u00ed motor p\u0159i pr\u016fjezdu vodou<\/li>\n<li>Rychl\u00e1 a snadn\u00e1 instalace bez vrt\u00e1n\u00ed<\/li>\n<\/ul>\n<p>&nbsp;<\/p>\n<p><strong>Vhodn\u00e9 pro:<\/strong><\/p>\n<table width=\"567\">\n<tbody>\n<tr>\n<td width=\"140\"><strong>V\u00fdrobce<\/strong><\/td>\n<td width=\"98\"><strong>Model<\/strong><\/td>\n<td width=\"114\"><strong>Rok v\u00fdstavby<\/strong><\/td>\n<td width=\"215\"><strong>Motor<\/strong><\/td>\n<\/tr>\n<tr>\n<td>Jeep<\/td>\n<td>Wrangler<\/td>\n<td>2018\u20132026<\/td>\n<td>2.0<\/td>\n<\/tr>\n<tr>\n<td>Jeep<\/td>\n<td>Wrangler<\/td>\n<td>2018\u20132026<\/td>\n<td>3.6<\/td>\n<\/tr>\n<tr>\n<td>Jeep<\/td>\n<td>Wrangler<\/td>\n<td>2022 - 2026<\/td>\n<td>2.0 Turbo + Hybrid<\/td>\n<\/tr>\n<tr>\n<td>Jeep<\/td>\n<td>Gladi\u00e1tor<\/td>\n<td>2020\u20132026<\/td>\n<td>3.6 (ne Mojave)<\/td>\n<\/tr>\n<\/tbody>\n<\/table>\n<p>&nbsp;<\/p>","protected":false},"excerpt":{"rendered":"<p>Sta\u010d\u00ed se pod\u00edvat na \u0161norchlovac\u00ed syst\u00e9m Rugged Ridge AmFib pro modely Wrangler JL a Gladiator JT a je v\u00e1m jasn\u00e9, \u017ee.<\/p>","protected":false},"featured_media":68261994,"comment_status":"open","ping_status":"closed","template":"","meta":{"_acf_changed":false},"product_brand":[],"product_cat":[3008,2939,2946],"product_tag":[3502,3501,619,169,3500,2741,826,2217,3499,1094,50,903,2218,57,3497,3496,3503,3504,2227,3498,258,175],"class_list":{"0":"post-68261984","1":"product","2":"type-product","3":"status-publish","4":"has-post-thumbnail","6":"product_cat-gladiator-36-ansaugung","7":"product_cat-wrangler-20-turbo-ansaugung","8":"product_cat-wrangler-36-ansaugung","9":"product_tag-17756-31","10":"product_tag-17756-35","11":"product_tag-2-0","12":"product_tag-3-6","13":"product_tag-amfib","14":"product_tag-ansaugsystem","15":"product_tag-ansaugung","16":"product_tag-gladiator","17":"product_tag-hybrid","18":"product_tag-intake","19":"product_tag-jeep","20":"product_tag-jl","21":"product_tag-jt","22":"product_tag-luftfilter","23":"product_tag-ridge","24":"product_tag-rugged","25":"product_tag-rugged-ridge","26":"product_tag-ruggedridge","27":"product_tag-schnorchel","28":"product_tag-snorkel","29":"product_tag-turbo","30":"product_tag-wrangler","32":"first","33":"onbackorder","34":"taxable","35":"shipping-taxable","36":"purchasable","37":"product-type-variable"},"bundled_by":[],"bundle_stock_status":"onbackorder","bundle_stock_quantity":0,"bundle_virtual":false,"bundle_layout":"","bundle_add_to_cart_form_location":"","bundle_editable_in_cart":false,"bundle_sold_individually_context":"","bundle_item_grouping":"","bundle_min_size":"","bundle_max_size":"","bundle_price":[],"bundled_items":[],"bundle_sell_ids":[],"exclude_global_add_ons":[],"addons":[],"acf":[],"_links":{"self":[{"href":"https:\/\/kraftwerk-shop.cc\/cs\/wp-json\/wp\/v2\/product\/68261984","targetHints":{"allow":["GET"]}}],"collection":[{"href":"https:\/\/kraftwerk-shop.cc\/cs\/wp-json\/wp\/v2\/product"}],"about":[{"href":"https:\/\/kraftwerk-shop.cc\/cs\/wp-json\/wp\/v2\/types\/product"}],"replies":[{"embeddable":true,"href":"https:\/\/kraftwerk-shop.cc\/cs\/wp-json\/wp\/v2\/comments?post=68261984"}],"version-history":[{"count":0,"href":"https:\/\/kraftwerk-shop.cc\/cs\/wp-json\/wp\/v2\/product\/68261984\/revisions"}],"wp:featuredmedia":[{"embeddable":true,"href":"https:\/\/kraftwerk-shop.cc\/cs\/wp-json\/wp\/v2\/media\/68261994"}],"wp:attachment":[{"href":"https:\/\/kraftwerk-shop.cc\/cs\/wp-json\/wp\/v2\/media?parent=68261984"}],"wp:term":[{"taxonomy":"product_brand","embeddable":true,"href":"https:\/\/kraftwerk-shop.cc\/cs\/wp-json\/wp\/v2\/product_brand?post=68261984"},{"taxonomy":"product_cat","embeddable":true,"href":"https:\/\/kraftwerk-shop.cc\/cs\/wp-json\/wp\/v2\/product_cat?post=68261984"},{"taxonomy":"product_tag","embeddable":true,"href":"https:\/\/kraftwerk-shop.cc\/cs\/wp-json\/wp\/v2\/product_tag?post=68261984"}],"curies":[{"name":"wp","href":"https:\/\/api.w.org\/{rel}","templated":true}]}}