{"id":68262075,"date":"2022-02-09T17:33:36","date_gmt":"2022-02-09T16:33:36","guid":{"rendered":"https:\/\/kraftwerk-shop.cc\/?post_type=product&#038;p=68262075"},"modified":"2026-03-30T02:26:24","modified_gmt":"2026-03-30T00:26:24","slug":"brzdove-desticky-ebc-greenstuff-dp61738","status":"publish","type":"product","link":"https:\/\/kraftwerk-shop.cc\/cs\/produkt\/ebc-greenstuff-bremsbelaege-dp61738\/","title":{"rendered":"Brzdov\u00e9 desti\u010dky EBC Greenstuff DP61738 RAM"},"content":{"rendered":"<h1>Brzdov\u00e9 desti\u010dky EBC Greenstuff pro RAM 1500 3.0 Ecodiesel, 3.6 a 5.7 z let 2006 a\u017e 2018 a RAM Classic z roku 2019 (p\u0159edn\u00ed n\u00e1prava)<\/h1>\n<p>&nbsp;<\/p>\n<p>Nov\u00e1 sm\u011bs desti\u010dek Greenstuff dosahuje v\u00fdrazn\u00e9ho zlep\u0161en\u00ed brzdn\u00e9ho v\u00fdkonu.<br \/>\nSportovn\u00ed brzdov\u00e9 desti\u010dky Greenstuff maj\u00ed vynikaj\u00edc\u00ed zpomalovac\u00ed\/brzdn\u00fd v\u00fdkon, i kdy\u017e je brzdov\u00fd syst\u00e9m studen\u00fd.<br \/>\n\u00da\u010dinn\u00fd pracovn\u00ed rozsah tohoto povlaku sah\u00e1 a\u017e do teploty 650 \u00b0C.<br \/>\nStejn\u011b jako v\u0161echny brzdov\u00e9 desti\u010dky EBC v automobilov\u00e9m pr\u016fmyslu maj\u00ed i v\u0161echny sportovn\u00ed brzdov\u00e9 desti\u010dky EBC Greenstuff povrchovou \u00fapravu proti zlomen\u00ed, lomen\u00e9 hrany, tepelnou dr\u00e1\u017eku a pr\u00e1\u0161kov\u00fd lak.<\/p>\n<p>&nbsp;<\/p>\n<p>Vlastnosti:<\/p>\n<p>- Sn\u00ed\u017een\u00e9 mno\u017estv\u00ed brzdov\u00e9ho prachu<br \/>\n- Pr\u016fm\u011brn\u00e1 \u017eivotnost<br \/>\n- \u0160etrn\u00e9 zach\u00e1zen\u00ed s brzdov\u00fdmi kotou\u010di<br \/>\n- N\u00e1kladov\u011b efektivn\u00ed zlep\u0161en\u00ed brzdn\u00e9ho \u00fa\u010dinku<\/p>\n<p>&nbsp;<\/p>\n<div id=\"attachment_68255968\" style=\"width: 460px\" class=\"wp-caption alignnone\"><img decoding=\"async\" aria-describedby=\"caption-attachment-68255968\" class=\"wp-image-68255968\" src=\"https:\/\/kraftwerk-shop.cc\/wp-content\/uploads\/2021\/09\/EBC_Greenstuff_Info-300x229.png\" alt=\"Vlastnosti brzdov\u00fdch desti\u010dek EBC Greenstuff pro Chrysler, Dodge a Jeep\" width=\"450\" height=\"343\" \/><p id=\"caption-attachment-68255968\" class=\"wp-caption-text\">Vlastnosti brzdov\u00fdch desti\u010dek EBC Greenstuff<\/p><\/div>\n<p>&nbsp;<\/p>\n<p>\u010c\u00edslo OE (pouze pro \u00fa\u010dely porovn\u00e1n\u00ed): 68334862AA, 05143350AC<br \/>\nSchv\u00e1len\u00ed: REG90<\/p>\n<p>M\u00edsto instalace: P\u0159edn\u00ed n\u00e1prava<\/p>\n<p><strong>Vhodn\u00e9 pro:<\/strong><\/p>\n<table width=\"498\">\n<tbody>\n<tr>\n<td width=\"114\"><strong>Zna\u010dka<\/strong><\/td>\n<td width=\"121\"><strong>Model<\/strong><\/td>\n<td width=\"122\"><strong>Motor<\/strong><\/td>\n<td width=\"141\"><strong>Rok v\u00fdstavby<\/strong><\/td>\n<\/tr>\n<tr>\n<td width=\"114\">RAM<\/td>\n<td width=\"121\">1500<\/td>\n<td width=\"122\">3.0 EcoDiesel<\/td>\n<td width=\"141\">2014\u20132018<\/td>\n<\/tr>\n<tr>\n<td width=\"114\">RAM<\/td>\n<td>1500 Classic<\/td>\n<td width=\"122\">3.0 EcoDiesel<\/td>\n<td>2019<\/td>\n<\/tr>\n<tr>\n<td width=\"114\">RAM<\/td>\n<td width=\"121\">1500<\/td>\n<td width=\"122\">3.6<\/td>\n<td width=\"141\">2013\u20132018<\/td>\n<\/tr>\n<tr>\n<td width=\"114\">RAM<\/td>\n<td>1500 Classic<\/td>\n<td width=\"122\">3.6<\/td>\n<td>2019\u20132024<\/td>\n<\/tr>\n<tr>\n<td width=\"114\">RAM<\/td>\n<td width=\"121\">1500<\/td>\n<td width=\"122\">5.7<\/td>\n<td width=\"141\">2006\u20132018<\/td>\n<\/tr>\n<tr>\n<td width=\"114\">RAM<\/td>\n<td>1500 Classic<\/td>\n<td width=\"122\">5.7<\/td>\n<td>2019\u20132024<\/td>\n<\/tr>\n<\/tbody>\n<\/table>\n<p><strong><br \/>\nRozsah dod\u00e1vky: <\/strong><\/p>\n<p>- 1 sada brzdov\u00fdch desti\u010dek EBC Greenstuff (DP61738) pro p\u0159edn\u00ed n\u00e1pravu<\/p>\n<p>&nbsp;<\/p>","protected":false},"excerpt":{"rendered":"<div class=\"eael-product-excerpt\">\n<p>2006 - 2018 a Classic 2019 - 2024<\/p>\n<\/div>","protected":false},"featured_media":68274338,"comment_status":"open","ping_status":"closed","template":"","meta":{"_acf_changed":false},"product_brand":[16875],"product_cat":[3515,4237,4754,7753],"product_tag":[3513,475,91,6771,3512,1046,838,590,795,840,3514,964,2442,16877,16876,16878,971,2934,126,36,86,3507,2138,970,2139,842,841,673,2135,2137],"class_list":{"0":"post-68262075","1":"product","2":"type-product","3":"status-publish","4":"has-post-thumbnail","6":"product_brand-ebc-brakes","7":"product_cat-1500-57-2009-2018-classic-bremsen-vorne","8":"product_cat-1500-ecodiesel-bremsen-vorne","9":"product_cat-1500-36-bremsen-vorne","10":"product_cat-1500-57-2003-2008-bremsen-vorne","11":"product_tag-05143350a","12":"product_tag-475","13":"product_tag-5-7","14":"product_tag-5143350ac","15":"product_tag-68334862aa","16":"product_tag-abe","17":"product_tag-bremsbelag","18":"product_tag-bremsbelaege","19":"product_tag-bremse","20":"product_tag-bremskloetze","21":"product_tag-dp61738","22":"product_tag-ebc","23":"product_tag-ebc-brakes","24":"product_tag-ebc-bremsbelaege","25":"product_tag-ebc-bremsen","26":"product_tag-ebc-bremsscheiben","27":"product_tag-greenstuff","28":"product_tag-harder","29":"product_tag-hemi","30":"product_tag-kraftwerk","31":"product_tag-ram","32":"product_tag-ram1500","33":"product_tag-reg90","34":"product_tag-sportbremsbelaege","35":"product_tag-tuev","36":"product_tag-vorderachse","37":"product_tag-vorne","38":"product_tag-zubehoer","39":"product_tag-zubehoerbremsbelaege","40":"product_tag-zulassung","42":"first","43":"onbackorder","44":"taxable","45":"shipping-taxable","46":"purchasable","47":"product-type-simple"},"bundled_by":[],"bundle_stock_status":"onbackorder","bundle_stock_quantity":0,"bundle_virtual":false,"bundle_layout":"","bundle_add_to_cart_form_location":"","bundle_editable_in_cart":false,"bundle_sold_individually_context":"","bundle_item_grouping":"","bundle_min_size":"","bundle_max_size":"","bundle_price":[],"bundled_items":[],"bundle_sell_ids":[],"exclude_global_add_ons":[],"addons":[],"acf":[],"_links":{"self":[{"href":"https:\/\/kraftwerk-shop.cc\/cs\/wp-json\/wp\/v2\/product\/68262075","targetHints":{"allow":["GET"]}}],"collection":[{"href":"https:\/\/kraftwerk-shop.cc\/cs\/wp-json\/wp\/v2\/product"}],"about":[{"href":"https:\/\/kraftwerk-shop.cc\/cs\/wp-json\/wp\/v2\/types\/product"}],"replies":[{"embeddable":true,"href":"https:\/\/kraftwerk-shop.cc\/cs\/wp-json\/wp\/v2\/comments?post=68262075"}],"version-history":[{"count":0,"href":"https:\/\/kraftwerk-shop.cc\/cs\/wp-json\/wp\/v2\/product\/68262075\/revisions"}],"wp:featuredmedia":[{"embeddable":true,"href":"https:\/\/kraftwerk-shop.cc\/cs\/wp-json\/wp\/v2\/media\/68274338"}],"wp:attachment":[{"href":"https:\/\/kraftwerk-shop.cc\/cs\/wp-json\/wp\/v2\/media?parent=68262075"}],"wp:term":[{"taxonomy":"product_brand","embeddable":true,"href":"https:\/\/kraftwerk-shop.cc\/cs\/wp-json\/wp\/v2\/product_brand?post=68262075"},{"taxonomy":"product_cat","embeddable":true,"href":"https:\/\/kraftwerk-shop.cc\/cs\/wp-json\/wp\/v2\/product_cat?post=68262075"},{"taxonomy":"product_tag","embeddable":true,"href":"https:\/\/kraftwerk-shop.cc\/cs\/wp-json\/wp\/v2\/product_tag?post=68262075"}],"curies":[{"name":"wp","href":"https:\/\/api.w.org\/{rel}","templated":true}]}}