{"id":68262148,"date":"2022-02-10T15:09:50","date_gmt":"2022-02-10T14:09:50","guid":{"rendered":"https:\/\/kraftwerk-shop.cc\/?post_type=product&#038;p=68262148"},"modified":"2026-03-30T02:25:12","modified_gmt":"2026-03-30T00:25:12","slug":"brzdove-kotouce-ebc-premium-d7105","status":"publish","type":"product","link":"https:\/\/kraftwerk-shop.cc\/cs\/produkt\/ebc-premium-bremsscheiben-d7105\/","title":{"rendered":"Brzdov\u00e9 kotou\u010de EBC Premium D7105 RAM"},"content":{"rendered":"<h1>Brzdov\u00e9 kotou\u010de EBC Premium pro RAM 1500 3.0 Ecodiesel, 3.6 a 5.7 z let 2006 a\u017e 2018 a RAM Classic z roku 2019 (p\u0159edn\u00ed n\u00e1prava)<\/h1>\n<p>&nbsp;<\/p>\n<p>Spole\u010dnost EBC nab\u00edz\u00ed pr\u00e9miov\u00e9 brzdov\u00e9 kotou\u010de jako origin\u00e1ln\u00ed n\u00e1hradn\u00ed d\u00edly. Spole\u010dnost EBC klade velk\u00fd d\u016fraz na v\u00fdrobu vysoce kvalitn\u00edch produkt\u016f v oblasti n\u00e1hradn\u00edch d\u00edl\u016f OE, aby byla zaru\u010dena va\u0161e bezpe\u010dnost.<\/p>\n<p>V\u0161echny brzdov\u00e9 kotou\u010de EBC Premium jsou vyrobeny z \u0161ed\u00e9 litiny a maj\u00ed pevnost v tahu 150N\/m2 s odchylkou v tvrdosti povrchu max. 20HB.<\/p>\n<p>Brzdov\u00e9 kotou\u010de EBC Premium jsou fr\u00e9zov\u00e1ny na CNC s toleranc\u00ed povrchu 0,01 mm.<\/p>\n<p>Nejedn\u00e1 se tedy o levn\u00fd dov\u00e1\u017een\u00fd v\u00fdrobek, ale o vysoce kvalitn\u00ed origin\u00e1ln\u00ed n\u00e1hradn\u00ed d\u00edl, kter\u00fd si v ni\u010dem nezad\u00e1 s kvalitou origin\u00e1ln\u00edch brzdov\u00fdch kotou\u010d\u016f.<\/p>\n<p>\u010cern\u00e9 pr\u00e1\u0161kov\u00e9 lakov\u00e1n\u00ed brzdov\u00fdch kotou\u010d\u016f poskytuje nejlep\u0161\u00ed mo\u017enou ochranu proti korozi a je vhodn\u00e9 zejm\u00e9na pro vozidla s otev\u0159en\u00fdm designem r\u00e1fk\u016f.<\/p>\n<p>&nbsp;<\/p>\n<p><strong>Vlastnosti produktu:<\/strong><\/p>\n<p><span class=\"text1\">336x28mm \/ v\u00fd\u0161ka: 67mm \/ po\u010det otvor\u016f: 5 \/ kruh \u0161roub\u016f: 140mm \/ v\u011btran\u00e9 \/ osazen\u00ed: p\u0159edn\u00ed strana<\/span><strong><br \/>\n<\/strong>Schv\u00e1len\u00ed: bez registrace<\/p>\n<p>\u010c\u00edslo OE (pouze pro \u00fa\u010dely porovn\u00e1n\u00ed): 52010080AE, 52010080AB, 52010080AC, 52010080AI.<\/p>\n<p>&nbsp;<\/p>\n<p><strong>Vhodn\u00e9 pro:<br \/>\n<\/strong><\/p>\n<table width=\"498\">\n<tbody>\n<tr>\n<td width=\"114\">Zna\u010dka<\/td>\n<td width=\"121\">Model<\/td>\n<td width=\"122\">Motor<\/td>\n<td width=\"141\">Rok v\u00fdstavby<\/td>\n<\/tr>\n<tr>\n<td width=\"114\">RAM<\/td>\n<td width=\"121\">1500<\/td>\n<td width=\"122\">3.0 EcoDiesel<\/td>\n<td width=\"141\">2014\u20132018<\/td>\n<\/tr>\n<tr>\n<td width=\"114\">RAM<\/td>\n<td>1500 Classic<\/td>\n<td width=\"122\">3.0 EcoDiesel<\/td>\n<td>2019<\/td>\n<\/tr>\n<tr>\n<td width=\"114\">RAM<\/td>\n<td width=\"121\">1500<\/td>\n<td width=\"122\">3.6<\/td>\n<td width=\"141\">2013\u20132018<\/td>\n<\/tr>\n<tr>\n<td width=\"114\">RAM<\/td>\n<td>1500 Classic<\/td>\n<td width=\"122\">3.6<\/td>\n<td>2019\u20132024<\/td>\n<\/tr>\n<tr>\n<td width=\"114\">RAM<\/td>\n<td width=\"121\">1500<\/td>\n<td width=\"122\">5.7<\/td>\n<td width=\"141\">2006\u20132018<\/td>\n<\/tr>\n<tr>\n<td width=\"114\">RAM<\/td>\n<td>1500 Classic<\/td>\n<td width=\"122\">5.7<\/td>\n<td>2019\u20132024<\/td>\n<\/tr>\n<\/tbody>\n<\/table>\n<p><strong><br \/>\nRozsah dod\u00e1vky: <\/strong><\/p>\n<p>- 2 brzdov\u00e9 kotou\u010de EBC Premium (D7105) pro p\u0159edn\u00ed n\u00e1pravu<\/p>\n<p>&nbsp;<\/p>\n<p>&nbsp;<\/p>","protected":false},"excerpt":{"rendered":"<div class=\"eael-product-excerpt\">\n<p>2006 - 2018 a Classic 2019 - 2024<\/p>\n<\/div>","protected":false},"featured_media":68274195,"comment_status":"open","ping_status":"closed","template":"","meta":{"_acf_changed":false},"product_brand":[16875],"product_cat":[3515,4237,4754,7753],"product_tag":[475,3523,7780,3522,3524,795,796,2219,3531,964,2442,16877,16876,16878,692,2934,126,36,794,86,3507,797,216,842,841,673],"class_list":{"0":"post-68262148","1":"product","2":"type-product","3":"status-publish","4":"has-post-thumbnail","6":"product_brand-ebc-brakes","7":"product_cat-1500-57-2009-2018-classic-bremsen-vorne","8":"product_cat-1500-ecodiesel-bremsen-vorne","9":"product_cat-1500-36-bremsen-vorne","10":"product_cat-1500-57-2003-2008-bremsen-vorne","11":"product_tag-475","12":"product_tag-52010080ab","13":"product_tag-52010080ac","14":"product_tag-52010080ae","15":"product_tag-52010080ai","16":"product_tag-bremse","17":"product_tag-bremsscheibe","18":"product_tag-classic","19":"product_tag-d7105","20":"product_tag-ebc","21":"product_tag-ebc-brakes","22":"product_tag-ebc-bremsbelaege","23":"product_tag-ebc-bremsen","24":"product_tag-ebc-bremsscheiben","25":"product_tag-ersatzteil","26":"product_tag-harder","27":"product_tag-hemi","28":"product_tag-kraftwerk","29":"product_tag-premium","30":"product_tag-ram","31":"product_tag-ram1500","32":"product_tag-sportbremsscheibe","33":"product_tag-upgrade","34":"product_tag-vorderachse","35":"product_tag-vorne","36":"product_tag-zubehoer","38":"first","39":"onbackorder","40":"taxable","41":"shipping-taxable","42":"purchasable","43":"product-type-simple"},"bundled_by":[],"bundle_stock_status":"onbackorder","bundle_stock_quantity":0,"bundle_virtual":false,"bundle_layout":"","bundle_add_to_cart_form_location":"","bundle_editable_in_cart":false,"bundle_sold_individually_context":"","bundle_item_grouping":"","bundle_min_size":"","bundle_max_size":"","bundle_price":[],"bundled_items":[],"bundle_sell_ids":[],"exclude_global_add_ons":[],"addons":[],"acf":[],"_links":{"self":[{"href":"https:\/\/kraftwerk-shop.cc\/cs\/wp-json\/wp\/v2\/product\/68262148","targetHints":{"allow":["GET"]}}],"collection":[{"href":"https:\/\/kraftwerk-shop.cc\/cs\/wp-json\/wp\/v2\/product"}],"about":[{"href":"https:\/\/kraftwerk-shop.cc\/cs\/wp-json\/wp\/v2\/types\/product"}],"replies":[{"embeddable":true,"href":"https:\/\/kraftwerk-shop.cc\/cs\/wp-json\/wp\/v2\/comments?post=68262148"}],"version-history":[{"count":0,"href":"https:\/\/kraftwerk-shop.cc\/cs\/wp-json\/wp\/v2\/product\/68262148\/revisions"}],"wp:featuredmedia":[{"embeddable":true,"href":"https:\/\/kraftwerk-shop.cc\/cs\/wp-json\/wp\/v2\/media\/68274195"}],"wp:attachment":[{"href":"https:\/\/kraftwerk-shop.cc\/cs\/wp-json\/wp\/v2\/media?parent=68262148"}],"wp:term":[{"taxonomy":"product_brand","embeddable":true,"href":"https:\/\/kraftwerk-shop.cc\/cs\/wp-json\/wp\/v2\/product_brand?post=68262148"},{"taxonomy":"product_cat","embeddable":true,"href":"https:\/\/kraftwerk-shop.cc\/cs\/wp-json\/wp\/v2\/product_cat?post=68262148"},{"taxonomy":"product_tag","embeddable":true,"href":"https:\/\/kraftwerk-shop.cc\/cs\/wp-json\/wp\/v2\/product_tag?post=68262148"}],"curies":[{"name":"wp","href":"https:\/\/api.w.org\/{rel}","templated":true}]}}