{"id":68262376,"date":"2022-02-12T17:15:21","date_gmt":"2022-02-12T16:15:21","guid":{"rendered":"https:\/\/kraftwerk-shop.cc\/?post_type=product&#038;p=68262376"},"modified":"2026-02-15T00:00:21","modified_gmt":"2026-02-14T23:00:21","slug":"sirokopasmovy-lambda-snimac-aem-rady-x-wideband-uego-afr","status":"publish","type":"product","link":"https:\/\/kraftwerk-shop.cc\/cs\/produkt\/aem-x-series-wideband-uego-afr-breitband-lambdasonde\/","title":{"rendered":"\u0160irokop\u00e1smov\u00fd lambda sn\u00edma\u010d AEM \u0159ady X Wideband UEGO AFR"},"content":{"rendered":"<h1>\u0160irokop\u00e1smov\u00fd lambda sn\u00edma\u010d AEM \u0159ady X Wideband UEGO AFR<\/h1>\n<p>&nbsp;<\/p>\n<p>\u0158\u00eddic\u00ed jednotka \u0161irokop\u00e1smov\u00e9ho sn\u00edma\u010de UEGO b\u011bhem lad\u011bn\u00ed pe\u010dliv\u011b sleduje pom\u011br vzduchu a paliva (AFR), aby se zabr\u00e1nilo vzniku chud\u00e9 palivov\u00e9 sm\u011bsi, kter\u00e1 by mohla v\u00e9st k po\u0161kozen\u00ed motoru.<\/p>\n<p>Spole\u010dnost AEM spojila sv\u016fj jednokan\u00e1lov\u00fd \u0161irokop\u00e1smov\u00fd regul\u00e1tor UEGO a displej do jednoho za\u0159\u00edzen\u00ed, kter\u00e9 kombinuje bezkonkuren\u010dn\u00ed p\u0159esnost a kontrolu AFR se snadno \u010diteln\u00fdm rozhran\u00edm.<\/p>\n<p>\u0160irokop\u00e1smov\u00fd regul\u00e1tor UEGO typu Gauge od spole\u010dnosti AEMs m\u00e1 digit\u00e1ln\u00ed displej LED a \"LED jehlu\", kter\u00e1 m\u011bn\u00ed barvu p\u0159i zm\u011bn\u011b AFR z bohat\u00e9 na chudou.<br \/>\nPouzdro p\u0159\u00edstroje o pr\u016fm\u011bru 52 mm se vejde do v\u011bt\u0161iny dr\u017e\u00e1k\u016f p\u0159\u00edstroj\u016f a lze jej namontovat prakticky kamkoli.<\/p>\n<p>&nbsp;<\/p>\n<p><strong>Vlastnosti:<\/strong><\/p>\n<ul>\n<li>Ide\u00e1ln\u00ed p\u0159\u00edstroj pro monitorov\u00e1n\u00ed AFR pro aplikace s EFI a karbur\u00e1torem a pro zku\u0161ebn\u00ed stolice motor\u016f.<\/li>\n<li>\u017d\u00e1dn\u00e9 kol\u00eds\u00e1n\u00ed m\u011b\u0159en\u00ed AFR jako u skokov\u00fdch sond<\/li>\n<li>Pro sledov\u00e1n\u00ed nen\u00ed nutn\u00fd notebook<\/li>\n<li>Sn\u00edma\u010d Bosch je sou\u010d\u00e1st\u00ed dod\u00e1vky<\/li>\n<li>P\u0159esnost na 0,1 AFR<\/li>\n<li>\u010cte hodnoty AFR nebo Lambda pomoc\u00ed p\u0159ep\u00edna\u010de na zadn\u00ed stran\u011b m\u011b\u0159ic\u00edho p\u0159\u00edstroje.<\/li>\n<li>24 barevn\u011b odli\u0161en\u00fdch kontroln\u00edch sv\u011btel LED poskytuje okam\u017eit\u00e9 informace o pom\u011bru vzduch\/palivo (AFR) nebo lambda pom\u011bru motoru.<\/li>\n<li>Integrovan\u00fd t\u0159\u00edm\u00edstn\u00fd displej zobrazuje AFR nebo lambda v re\u00e1ln\u00e9m \u010dase.<\/li>\n<li>U\u017eivatelsky programovateln\u00fd analogov\u00fd v\u00fdstup 0-5 V pro pou\u017eit\u00ed se z\u00e1znamn\u00edky dat a prakticky jak\u00fdmkoli syst\u00e9mem \u0159\u00edzen\u00ed motoru.<\/li>\n<li>V\u010detn\u011b s\u00e9riov\u00e9ho datov\u00e9ho toku pro v\u00fdstup AFR (RS 232)<\/li>\n<\/ul>\n<p>&nbsp;<\/p>\n<p><strong>Rozsah m\u011b\u0159en\u00ed podle typu paliva:<\/strong><\/p>\n<ul>\n<li>Zobrazen\u00ed hodnot benz\u00ednu od 8,0:1 do 20,0:1 AFR<\/li>\n<li>Zobrazen\u00ed hodnot lambda od 0,55 do 2,00<\/li>\n<li>Hodnoty benz\u00ednu na v\u00fdstupu 0-5V od 8,5:1 do 18,0:1 AFR<\/li>\n<li>Hodnoty benz\u00ednu na v\u00fdstupu CANbus od 8,0:1 do 20,0:1 AFR<\/li>\n<li>Hodnoty lambda v\u00fdstupu CANbus od 0,55 do 2,00<\/li>\n<li>V\u00fdstupn\u00ed hodnoty Lambda 0-5V od 0,58 do 1,23<\/li>\n<li>0-5V v\u00fdstupn\u00ed hodnoty E85 od 5,7:1 do 12,0:1 AFR<\/li>\n<li>0-5V V\u00fdstup hodnot etanolu od 5,2:1 do 11,0:1 AFR<\/li>\n<li>V\u00fdstup 0-5V Hodnoty metanolu od 3,75:1 do 8,0:1 AFR<\/li>\n<\/ul>\n<p>&nbsp;<\/p>\n<p><strong>Rozsah dod\u00e1vky:<\/strong><\/p>\n<ul>\n<li>Digit\u00e1ln\u00ed displej AEM<\/li>\n<li>\u0160irokop\u00e1smov\u00fd lambda senzor Bosch<\/li>\n<li>Kabelov\u00fd svazek<\/li>\n<li>P\u0159iva\u0159en\u00e1 obj\u00edmka pro mont\u00e1\u017e \u0161irokop\u00e1smov\u00e9ho lambda senzoru<\/li>\n<\/ul>","protected":false},"excerpt":{"rendered":"<p>AEM X-Series Wideband UEGO AFR \u0161irokop\u00e1smov\u00fd lambda senzor \u0158\u00eddic\u00ed jednotka \u0161irokop\u00e1smov\u00e9ho UEGO senzoru b\u011bhem lad\u011bn\u00ed pe\u010dliv\u011b sleduje pom\u011br vzduchu a paliva (AFR), aby bylo dosa\u017eeno spr\u00e1vn\u00e9ho pom\u011bru vzduchu a paliva.<\/p>","protected":false},"featured_media":68277891,"comment_status":"open","ping_status":"closed","template":"","meta":{"_acf_changed":false},"product_brand":[],"product_cat":[1537,3083,3124,3135,3144,1559,1567,1575,4986,1583,1591,1425,1430,1440,1435,1672,1680,1688,1696,1704,1599,1607,1615,5164,1623,1631,1639,1648,1656,3002,1664,1712,1720,1728,1483,1780,1500,3016,1744,4811,1752,1760,1768,1776,1487,1504,2943,2953,2960,4762,19692,1515,5022,9955,2923,3541],"product_tag":[3547,3542,3546,3553,3562,3563,988,3549,660,3559,3555,3557,3551,3554,1004,3548,520,3561,3560,2763,3552,3564,3558,526,3550,3545,3556,3544,3543],"class_list":{"0":"post-68262376","1":"product","2":"type-product","3":"status-publish","4":"has-post-thumbnail","6":"product_cat-camaro-62-2010-2015-zubehoer","7":"product_cat-camaro-62-2016-zubehoer","8":"product_cat-corvette-c6-zubehoer","9":"product_cat-corvette-c7-zubehoer","10":"product_cat-corvette-c8-zubehoer","11":"product_cat-300c-35-zubehoer","12":"product_cat-300c-36-zubehoer","13":"product_cat-300c-57-2005-2010-zubehoer","14":"product_cat-300c-57-2011-2023-zubehoer","15":"product_cat-300c-61-zubehoer","16":"product_cat-300c-64-zubehoer","17":"product_cat-pacifica-zubehoer","18":"product_cat-pt-cruiser-zubehoer","19":"product_cat-sebring-zubehoer","20":"product_cat-voyager-zubehoer","21":"product_cat-challenger-36-zubehoer","22":"product_cat-challenger-57-zubehoer","23":"product_cat-challenger-61-zubehoer","24":"product_cat-challenger-hellcat-zubehoer","25":"product_cat-challenger-64-zubehoer","26":"product_cat-charger-35-zubehoer","27":"product_cat-charger-36-zubehoer","28":"product_cat-charger-57-zubehoer","29":"product_cat-dodge-charger-57-2011-2023-zubehoer","30":"product_cat-charger-61-zubehoer","31":"product_cat-charger-hellcat-zubehoer","32":"product_cat-charger-64-zubehoer","33":"product_cat-durango-36-zubehoer","34":"product_cat-durango-57-zubehoer","35":"product_cat-durango-hellcat-zubehoer","36":"product_cat-durango-64-zubehoer","37":"product_cat-magnum-35-zubehoer","38":"product_cat-magnum-57-zubehoer","39":"product_cat-magnum-61-zubehoer","40":"product_cat-cherokee-zubehoer","41":"product_cat-commander-zubehoer","42":"product_cat-compass-zubehoer","43":"product_cat-gladiator-36-zubehoer","44":"product_cat-grand-cherokee-36-zubehoer","45":"product_cat-grand-cherokee-57-2005-2010-zubehoer","46":"product_cat-grand-cherokee-57-2011-2021-zubehoer","47":"product_cat-grand-cherokee-61-zubehoer","48":"product_cat-trackhawk-zubehoer","49":"product_cat-grand-cherokee-64-zubehoer","50":"product_cat-liberty-zubehoer","51":"product_cat-patriot-zubehoer","52":"product_cat-wrangler-20-turbo-zubehoer","53":"product_cat-wrangler-36-zubehoer","54":"product_cat-wrangler-64-zubehoer","55":"product_cat-1500-36-zubehoer","56":"product_cat-1500-36-dt-zubehoer","57":"product_cat-1500-57-2009-2018-classic-zubehoer","58":"product_cat-1500-57-dt-zubehoer","59":"product_cat-2500-3500-57-zubehoer","60":"product_cat-2500-3500-64-zubehoer","61":"product_cat-trx-zubehoer","62":"product_tag-30-0300","63":"product_tag-aem","64":"product_tag-afr","65":"product_tag-anzeige","66":"product_tag-aufzeichnen","67":"product_tag-aufzeichnung","68":"product_tag-benzin","69":"product_tag-breitband","70":"product_tag-breitbandsonde","71":"product_tag-daten","72":"product_tag-display","73":"product_tag-ethanol","74":"product_tag-gemisch","75":"product_tag-kontrolle","76":"product_tag-kraftstoff","77":"product_tag-lambda","78":"product_tag-lambdasonde","79":"product_tag-loggen","80":"product_tag-logger","81":"product_tag-luft","82":"product_tag-messen","83":"product_tag-messung","84":"product_tag-methanol","85":"product_tag-o2","86":"product_tag-sonde","87":"product_tag-uego","88":"product_tag-verhaeltnis","89":"product_tag-wideband","90":"product_tag-x-series","92":"first","93":"instock","94":"taxable","95":"shipping-taxable","96":"purchasable","97":"product-type-simple"},"bundled_by":[],"bundle_stock_status":"instock","bundle_stock_quantity":1,"bundle_virtual":false,"bundle_layout":"","bundle_add_to_cart_form_location":"","bundle_editable_in_cart":false,"bundle_sold_individually_context":"","bundle_item_grouping":"","bundle_min_size":"","bundle_max_size":"","bundle_price":[],"bundled_items":[],"bundle_sell_ids":[],"exclude_global_add_ons":[],"addons":[],"acf":[],"_links":{"self":[{"href":"https:\/\/kraftwerk-shop.cc\/cs\/wp-json\/wp\/v2\/product\/68262376","targetHints":{"allow":["GET"]}}],"collection":[{"href":"https:\/\/kraftwerk-shop.cc\/cs\/wp-json\/wp\/v2\/product"}],"about":[{"href":"https:\/\/kraftwerk-shop.cc\/cs\/wp-json\/wp\/v2\/types\/product"}],"replies":[{"embeddable":true,"href":"https:\/\/kraftwerk-shop.cc\/cs\/wp-json\/wp\/v2\/comments?post=68262376"}],"version-history":[{"count":0,"href":"https:\/\/kraftwerk-shop.cc\/cs\/wp-json\/wp\/v2\/product\/68262376\/revisions"}],"wp:featuredmedia":[{"embeddable":true,"href":"https:\/\/kraftwerk-shop.cc\/cs\/wp-json\/wp\/v2\/media\/68277891"}],"wp:attachment":[{"href":"https:\/\/kraftwerk-shop.cc\/cs\/wp-json\/wp\/v2\/media?parent=68262376"}],"wp:term":[{"taxonomy":"product_brand","embeddable":true,"href":"https:\/\/kraftwerk-shop.cc\/cs\/wp-json\/wp\/v2\/product_brand?post=68262376"},{"taxonomy":"product_cat","embeddable":true,"href":"https:\/\/kraftwerk-shop.cc\/cs\/wp-json\/wp\/v2\/product_cat?post=68262376"},{"taxonomy":"product_tag","embeddable":true,"href":"https:\/\/kraftwerk-shop.cc\/cs\/wp-json\/wp\/v2\/product_tag?post=68262376"}],"curies":[{"name":"wp","href":"https:\/\/api.w.org\/{rel}","templated":true}]}}