{"id":68262409,"date":"2022-02-12T19:55:47","date_gmt":"2022-02-12T18:55:47","guid":{"rendered":"https:\/\/kraftwerk-shop.cc\/?post_type=product&#038;p=68262409"},"modified":"2026-02-15T00:43:44","modified_gmt":"2026-02-14T23:43:44","slug":"meric-teploty-vyfukovych-plynu-rady-aem-x","status":"publish","type":"product","link":"https:\/\/kraftwerk-shop.cc\/cs\/produkt\/aem-x-series-abgastemperaturanzeige\/","title":{"rendered":"Indik\u00e1tor teploty v\u00fdfukov\u00fdch plyn\u016f AEM \u0159ady X"},"content":{"rendered":"<h1>Indik\u00e1tor teploty v\u00fdfukov\u00fdch plyn\u016f AEM \u0159ady X<\/h1>\n<p>&nbsp;<\/p>\n<p>Digit\u00e1ln\u00ed m\u011b\u0159i\u010d teploty v\u00fdfukov\u00fdch plyn\u016f od spole\u010dnosti AEM kombinuje neuv\u011b\u0159iteln\u00fd vzhled, lep\u0161\u00ed \u010ditelnost a \u0159adu nov\u00fdch, snadno pou\u017eiteln\u00fdch funkc\u00ed.<br \/>\nJe nezbytnost\u00ed pro u\u017eivatele, kte\u0159\u00ed cht\u011bj\u00ed m\u00edt ve sv\u00e9m v\u00fdkonn\u00e9m vozidle p\u0159esn\u00fd ukazatel teploty v\u00fdfukov\u00fdch plyn\u016f.<\/p>\n<p>&nbsp;<\/p>\n<p><strong>Perfektn\u00ed \u010ditelnost<\/strong><br \/>\nMezi vizu\u00e1ln\u00ed vylep\u0161en\u00ed pat\u0159\u00ed jasn\u00fd LED displej uprost\u0159ed, kter\u00fd je v\u011bt\u0161\u00ed ne\u017e p\u016fvodn\u00ed digit\u00e1ln\u00ed manometry a nab\u00edz\u00ed lep\u0161\u00ed \u010ditelnost. Okraj plochy displeje lemuje zak\u0159iven\u00e1 zelen\u00e1 \"LED jehla\" pro rychlou orientaci. V\u011bt\u0161\u00ed displej 33 % je l\u00e9pe \u010diteln\u00fd na prvn\u00ed pohled.<\/p>\n<p><strong>Jednoduch\u00e1 mont\u00e1\u017e<\/strong><br \/>\nNavzdory v\u011bt\u0161\u00edmu displeji jsou m\u011b\u0159ic\u00ed p\u0159\u00edstroje \u0159ady X um\u00edst\u011bny ve standardn\u00edm pouzd\u0159e o pr\u016fm\u011bru 52 mm, kter\u00e9 lze namontovat do standardn\u00ed sk\u0159\u00edn\u011b m\u011b\u0159ic\u00edho p\u0159\u00edstroje.<br \/>\nD\u00edky pokro\u010dil\u00e9 konstrukci s jednou deskou maj\u00ed m\u011b\u0159i\u010de \u0159ady X neuv\u011b\u0159iteln\u011b malou celkovou hloubku, kter\u00e1 je men\u0161\u00ed ne\u017e 20 mm, a hloubku pouzdra pouh\u00fdch 5 mm. D\u00edky t\u00e9to mal\u00e9 hloubce pouzdra lze digit\u00e1ln\u00ed m\u011b\u0159i\u010de \u0159ady X namontovat prakticky kamkoli.<\/p>\n<p><strong>Inteligentn\u00ed rozhran\u00ed<\/strong><br \/>\nDigit\u00e1ln\u00ed m\u011b\u0159ic\u00ed p\u0159\u00edstroje \u0159ady X maj\u00ed nov\u00e9 technick\u00e9 funkce, kter\u00e9 usnad\u0148uj\u00ed jejich pou\u017e\u00edv\u00e1n\u00ed. Dv\u011b tla\u010d\u00edtka na p\u0159edn\u00edm panelu umo\u017e\u0148uj\u00ed programov\u00e1n\u00ed \u0161pi\u010dkov\u00fdch a opakovan\u00fdch hodnot, centr\u00e1ln\u00ed LED displej ve standardn\u00edch nebo metrick\u00fdch jednotk\u00e1ch m\u011b\u0159en\u00ed, oto\u010dnou LED ru\u010di\u010dku a u\u017eivatelem voliteln\u00e1 prahov\u00e1 varov\u00e1n\u00ed.<br \/>\nM\u011b\u0159i\u010de podporuj\u00ed sb\u011brnici CAN AEMnet, tak\u017ee je lze \u0159et\u011bzov\u011b propojit s \u0159\u00eddic\u00ed jednotkou Infinity, EMS \u0159ady 2, datov\u00fdm z\u00e1znamn\u00edkem AQ-1 nebo EMS \u010di z\u00e1znamn\u00edkem t\u0159et\u00ed strany, kter\u00e9 podporuj\u00ed AEMnet.<br \/>\nSou\u010d\u00e1st\u00ed jsou tak\u00e9 analogov\u00e9 v\u00fdstupy 0-5 V pro vstup do z\u00e1znamn\u00edk\u016f dat a syst\u00e9m\u016f \u0159\u00edzen\u00ed motoru.<\/p>\n<p>&nbsp;<\/p>\n<p><strong>Vlastnosti:<\/strong><\/p>\n<ul>\n<li>Pr\u016fm\u011br 52 mm<\/li>\n<li>N\u00edzk\u00e1 celkov\u00e1 hloubka 20 mm a hloubka 5 mm - lze namontovat prakticky kamkoli.<\/li>\n<li>Programovateln\u00e1 st\u0159edov\u00e1 LED dioda je 87% v\u011bt\u0161\u00ed ne\u017e p\u016fvodn\u00ed indik\u00e1tory AEM.<\/li>\n<li>24 zelen\u00fdch extern\u00edch LED diod pro rychl\u00e9 zobrazen\u00ed parametr\u016f motoru<\/li>\n<li>\u0160pi\u010dkov\u00e1 hodnota\/vyvol\u00e1n\u00ed pomoc\u00ed tla\u010d\u00edtek na displeji<\/li>\n<li>Prahov\u00e1 varov\u00e1n\u00ed voliteln\u00e1 u\u017eivatelem<\/li>\n<li>Voliteln\u011b je k dispozici st\u0159\u00edbrn\u00fd r\u00e1m a b\u00edl\u00fd p\u0159edn\u00ed panel jako p\u0159\u00edslu\u0161enstv\u00ed.<\/li>\n<li>AEMnet CANbus pro p\u0159enos dat do EMS nebo datov\u00fdch z\u00e1znamn\u00edk\u016f<\/li>\n<li>Analogov\u00e9 v\u00fdstupy 0-5 V pro p\u0159enos dat do EMS nebo dataloggeru<\/li>\n<li>Automatick\u00fd senzor stm\u00edv\u00e1n\u00ed zaji\u0161\u0165uje ide\u00e1ln\u00ed jas displeje<\/li>\n<li>Pozitivn\u00ed zaji\u0161\u0165ovac\u00ed spoje zaji\u0161\u0165uj\u00ed bezpe\u010dn\u00e9 spojen\u00ed<\/li>\n<\/ul>\n<p>&nbsp;<\/p>\n<p><strong>Rozsah dod\u00e1vky:<\/strong><\/p>\n<ul>\n<li>Zobrazen\u00ed teploty v\u00fdfukov\u00fdch plyn\u016f AEM<\/li>\n<li>Sn\u00edma\u010d teploty v\u00fdfukov\u00fdch plyn\u016f<\/li>\n<li>Sva\u0159ovac\u00ed krou\u017eek pro teplotn\u00ed \u010didlo<\/li>\n<li>Kabelov\u00fd svazek<\/li>\n<li>Instala\u010dn\u00ed materi\u00e1l<\/li>\n<\/ul>\n<p>&nbsp;<\/p>\n<p>Pozn\u00e1mka: Displej se dod\u00e1v\u00e1 s \u010dern\u00fdm r\u00e1me\u010dkem a \u010dern\u00fdm \u010d\u00edseln\u00edkem EGT s oboustrann\u00fdm zobrazen\u00edm Fahrenheita\/Celzia. Pro st\u0159\u00edbrn\u00fd r\u00e1me\u010dek a b\u00edl\u00fd \u010d\u00edseln\u00edk EGT lze zakoupit volitelnou sadu p\u0159\u00edslu\u0161enstv\u00ed 30-0305-ACC.<br \/>\nKalibrace standardn\u00edho nebo metrick\u00e9ho displeje se prov\u00e1d\u00ed jednodu\u0161e pomoc\u00ed tla\u010d\u00edtek na p\u0159edn\u00ed stran\u011b p\u0159\u00edstroje.<\/p>\n<p>&nbsp;<\/p>","protected":false},"excerpt":{"rendered":"<p>M\u011b\u0159i\u010d teploty v\u00fdfukov\u00fdch plyn\u016f AEM \u0159ady X Digit\u00e1ln\u00ed m\u011b\u0159i\u010d teploty v\u00fdfukov\u00fdch plyn\u016f AEM kombinuje neuv\u011b\u0159iteln\u00fd vzhled, lep\u0161\u00ed \u010ditelnost a \u0159adu nov\u00fdch, snadno pou\u017eiteln\u00fdch funkc\u00ed.<\/p>","protected":false},"featured_media":68277883,"comment_status":"open","ping_status":"closed","template":"","meta":{"_acf_changed":false},"product_brand":[],"product_cat":[1537,3083,3124,3135,3144,1559,1567,1575,4986,1583,1591,1425,1430,1440,1435,1672,1680,1688,1696,1704,1599,1607,1615,5164,1623,1631,1639,1648,1656,3002,1664,1712,1720,1728,1483,1780,1500,3016,1744,4811,1752,1760,1768,1776,1487,1504,2943,2953,2960,4762,19692,1515,5022,9955,2923,3541],"product_tag":[3571,123,3572,3542,3553,3569,3562,3563,3559,3555,3573,242,3554,3561,3560,3552,3570,3564,3550,270,3545,3543],"class_list":{"0":"post-68262409","1":"product","2":"type-product","3":"status-publish","4":"has-post-thumbnail","6":"product_cat-camaro-62-2010-2015-zubehoer","7":"product_cat-camaro-62-2016-zubehoer","8":"product_cat-corvette-c6-zubehoer","9":"product_cat-corvette-c7-zubehoer","10":"product_cat-corvette-c8-zubehoer","11":"product_cat-300c-35-zubehoer","12":"product_cat-300c-36-zubehoer","13":"product_cat-300c-57-2005-2010-zubehoer","14":"product_cat-300c-57-2011-2023-zubehoer","15":"product_cat-300c-61-zubehoer","16":"product_cat-300c-64-zubehoer","17":"product_cat-pacifica-zubehoer","18":"product_cat-pt-cruiser-zubehoer","19":"product_cat-sebring-zubehoer","20":"product_cat-voyager-zubehoer","21":"product_cat-challenger-36-zubehoer","22":"product_cat-challenger-57-zubehoer","23":"product_cat-challenger-61-zubehoer","24":"product_cat-challenger-hellcat-zubehoer","25":"product_cat-challenger-64-zubehoer","26":"product_cat-charger-35-zubehoer","27":"product_cat-charger-36-zubehoer","28":"product_cat-charger-57-zubehoer","29":"product_cat-dodge-charger-57-2011-2023-zubehoer","30":"product_cat-charger-61-zubehoer","31":"product_cat-charger-hellcat-zubehoer","32":"product_cat-charger-64-zubehoer","33":"product_cat-durango-36-zubehoer","34":"product_cat-durango-57-zubehoer","35":"product_cat-durango-hellcat-zubehoer","36":"product_cat-durango-64-zubehoer","37":"product_cat-magnum-35-zubehoer","38":"product_cat-magnum-57-zubehoer","39":"product_cat-magnum-61-zubehoer","40":"product_cat-cherokee-zubehoer","41":"product_cat-commander-zubehoer","42":"product_cat-compass-zubehoer","43":"product_cat-gladiator-36-zubehoer","44":"product_cat-grand-cherokee-36-zubehoer","45":"product_cat-grand-cherokee-57-2005-2010-zubehoer","46":"product_cat-grand-cherokee-57-2011-2021-zubehoer","47":"product_cat-grand-cherokee-61-zubehoer","48":"product_cat-trackhawk-zubehoer","49":"product_cat-grand-cherokee-64-zubehoer","50":"product_cat-liberty-zubehoer","51":"product_cat-patriot-zubehoer","52":"product_cat-wrangler-20-turbo-zubehoer","53":"product_cat-wrangler-36-zubehoer","54":"product_cat-wrangler-64-zubehoer","55":"product_cat-1500-36-zubehoer","56":"product_cat-1500-36-dt-zubehoer","57":"product_cat-1500-57-2009-2018-classic-zubehoer","58":"product_cat-1500-57-dt-zubehoer","59":"product_cat-2500-3500-57-zubehoer","60":"product_cat-2500-3500-64-zubehoer","61":"product_cat-trx-zubehoer","62":"product_tag-30-0305","63":"product_tag-abgas","64":"product_tag-abgastemperatur","65":"product_tag-aem","66":"product_tag-anzeige","67":"product_tag-aufladung","68":"product_tag-aufzeichnen","69":"product_tag-aufzeichnung","70":"product_tag-daten","71":"product_tag-display","72":"product_tag-egt","73":"product_tag-kompressor","74":"product_tag-kontrolle","75":"product_tag-loggen","76":"product_tag-logger","77":"product_tag-messen","78":"product_tag-messgeraet","79":"product_tag-messung","80":"product_tag-sonde","81":"product_tag-temperatur","82":"product_tag-uego","83":"product_tag-x-series","85":"first","86":"onbackorder","87":"taxable","88":"shipping-taxable","89":"purchasable","90":"product-type-simple"},"bundled_by":[],"bundle_stock_status":"onbackorder","bundle_stock_quantity":0,"bundle_virtual":false,"bundle_layout":"","bundle_add_to_cart_form_location":"","bundle_editable_in_cart":false,"bundle_sold_individually_context":"","bundle_item_grouping":"","bundle_min_size":"","bundle_max_size":"","bundle_price":[],"bundled_items":[],"bundle_sell_ids":[],"exclude_global_add_ons":[],"addons":[],"acf":[],"_links":{"self":[{"href":"https:\/\/kraftwerk-shop.cc\/cs\/wp-json\/wp\/v2\/product\/68262409","targetHints":{"allow":["GET"]}}],"collection":[{"href":"https:\/\/kraftwerk-shop.cc\/cs\/wp-json\/wp\/v2\/product"}],"about":[{"href":"https:\/\/kraftwerk-shop.cc\/cs\/wp-json\/wp\/v2\/types\/product"}],"replies":[{"embeddable":true,"href":"https:\/\/kraftwerk-shop.cc\/cs\/wp-json\/wp\/v2\/comments?post=68262409"}],"version-history":[{"count":0,"href":"https:\/\/kraftwerk-shop.cc\/cs\/wp-json\/wp\/v2\/product\/68262409\/revisions"}],"wp:featuredmedia":[{"embeddable":true,"href":"https:\/\/kraftwerk-shop.cc\/cs\/wp-json\/wp\/v2\/media\/68277883"}],"wp:attachment":[{"href":"https:\/\/kraftwerk-shop.cc\/cs\/wp-json\/wp\/v2\/media?parent=68262409"}],"wp:term":[{"taxonomy":"product_brand","embeddable":true,"href":"https:\/\/kraftwerk-shop.cc\/cs\/wp-json\/wp\/v2\/product_brand?post=68262409"},{"taxonomy":"product_cat","embeddable":true,"href":"https:\/\/kraftwerk-shop.cc\/cs\/wp-json\/wp\/v2\/product_cat?post=68262409"},{"taxonomy":"product_tag","embeddable":true,"href":"https:\/\/kraftwerk-shop.cc\/cs\/wp-json\/wp\/v2\/product_tag?post=68262409"}],"curies":[{"name":"wp","href":"https:\/\/api.w.org\/{rel}","templated":true}]}}