{"id":68262446,"date":"2022-02-13T11:30:19","date_gmt":"2022-02-13T10:30:19","guid":{"rendered":"https:\/\/kraftwerk-shop.cc\/?post_type=product&#038;p=68262446"},"modified":"2026-02-15T00:47:48","modified_gmt":"2026-02-14T23:47:48","slug":"ram-2500-64-drop-in-vackovy-hridel","status":"publish","type":"product","link":"https:\/\/kraftwerk-shop.cc\/cs\/produkt\/ram-2500-64-drop-in-nockenwelle\/","title":{"rendered":"V\u00fdm\u011bnn\u00fd va\u010dkov\u00fd h\u0159\u00eddel RAM 6.4"},"content":{"rendered":"<h1>V\u00fdm\u011bnn\u00fd va\u010dkov\u00fd h\u0159\u00eddel RAM 6.4 - bez nutnosti p\u0159izp\u016fsoben\u00ed softwaru<\/h1>\n<p>&nbsp;<\/p>\n<p>Tento va\u010dkov\u00fd h\u0159\u00eddel byl vyvinut jako n\u00e1hrada 1:1 za p\u016fvodn\u00ed va\u010dkov\u00fd h\u0159\u00eddel v motoru RAM 6.4.<\/p>\n<ul>\n<li>Nen\u00ed nutn\u00e1 \u00faprava \u0159\u00eddic\u00ed jednotky motoru<\/li>\n<li>Nejsou nutn\u00e9 \u017e\u00e1dn\u00e9 dal\u0161\u00ed ventilov\u00e9 pru\u017einy<\/li>\n<li>Nen\u00ed vy\u017eadov\u00e1n omezova\u010d f\u00e1ze<\/li>\n<li>Nen\u00ed nutn\u00e1 modernizace tla\u010dn\u00fdch ty\u010d\u00ed<\/li>\n<li>Syst\u00e9m MDS z\u016fst\u00e1v\u00e1 nedot\u010den<\/li>\n<li>Pro instalaci nen\u00ed nutn\u00e1 demont\u00e1\u017e hlav v\u00e1lc\u016f.<\/li>\n<\/ul>\n<p>&nbsp;<\/p>\n<p>Tento va\u010dkov\u00fd h\u0159\u00eddel lze pou\u017e\u00edt pouze ve spojen\u00ed s hydraulick\u00fdmi kohouty MDS, nen\u00ed kompatibiln\u00ed s hydraulick\u00fdmi kohouty jin\u00fdch v\u00fdrobc\u016f (zdvih\u00e1tka Hellcat atd.).<\/p>\n<p>Origin\u00e1ln\u00ed \u0159e\u0161en\u00ed typu drop-in, nen\u00ed nutn\u00e9 ladit \u0159\u00eddic\u00ed jednotku motoru.<\/p>\n<p>Va\u010dkov\u00fd h\u0159\u00eddel byl navr\u017een speci\u00e1ln\u011b pro majitele HEMI, kte\u0159\u00ed cht\u011bj\u00ed prov\u00e9st v\u00fdm\u011bnu va\u010dkov\u00e9ho h\u0159\u00eddele bez demont\u00e1\u017ee hlav, instalace p\u0159\u00eddavn\u00fdch ventilov\u00fdch pru\u017ein, demont\u00e1\u017ee MDS, p\u0159eprogramov\u00e1n\u00ed \u0159\u00eddic\u00ed jednotky motoru nebo instalace dal\u0161\u00edch d\u00edl\u016f pro modernizaci, kter\u00e9 jsou pro v\u00fdm\u011bnu va\u010dkov\u00e9ho h\u0159\u00eddele nezbytn\u00e9.<\/p>\n<p>Funguje s tov\u00e1rn\u00edmi ventilov\u00fdmi pru\u017einami, p\u00edstnicemi a kohouty MDS a nevy\u017eaduje omezova\u010d f\u00e1ze.<br \/>\nNa zdokonalen\u00ed tohoto va\u010dkov\u00e9ho h\u0159\u00eddele a jeho kompatibilit\u011b se v\u0161emi tov\u00e1rn\u00edmi komponenty jsme str\u00e1vili nespo\u010det hodin v\u00fdzkumu a v\u00fdvoje.<\/p>\n<p>Va\u010dkov\u00fd h\u0159\u00eddel zvy\u0161uje v\u00fdkon motoru Ram 2500 6.4 z roku 2021 o 25 kon\u00ed a znateln\u011b zlep\u0161uje odezvu na plyn.<br \/>\nJe navr\u017een tak, aby nebylo nutn\u00e9 prov\u00e1d\u011bt \u017e\u00e1dn\u00e9 zm\u011bny v \u0159\u00eddic\u00ed jednotce motoru.<\/p>\n<p>Tento va\u010dkov\u00fd h\u0159\u00eddel lze pou\u017e\u00edt pouze s hydraulick\u00fdmi kohouty MDS namontovan\u00fdmi z v\u00fdroby.<br \/>\nM\u00e1 dva r\u016fzn\u00e9 profily va\u010dek MDS a va\u010dek jin\u00fdch ne\u017e MDS, kter\u00e9 byly speci\u00e1ln\u011b vyvinuty pro pr\u00e1ci s hydraulick\u00fdmi kohouty MDS.<\/p>\n<p>&nbsp;<\/p>\n<p>&nbsp;<\/p>\n<p><strong>Vhodn\u00e9 pro:<\/strong><\/p>\n<table width=\"761\">\n<tbody>\n<tr>\n<td width=\"136\"><strong>Rok v\u00fdstavby<\/strong><\/td>\n<td width=\"230\"><strong>Zna\u010dka<\/strong><\/td>\n<td width=\"196\"><strong>Model<\/strong><\/td>\n<td width=\"84\"><strong>Varianta<\/strong><\/td>\n<td width=\"115\"><strong>Motor<\/strong><\/td>\n<\/tr>\n<tr>\n<td width=\"136\">2014-2021<\/td>\n<td width=\"230\">RAM<\/td>\n<td width=\"196\">2500<\/td>\n<td width=\"84\">HEMI<\/td>\n<td width=\"115\">V8 6,4 L<\/td>\n<\/tr>\n<tr>\n<td width=\"136\">2014-2021<\/td>\n<td width=\"230\">RAM<\/td>\n<td width=\"196\">2500 Power Wagon<\/td>\n<td width=\"84\">HEMI<\/td>\n<td width=\"115\">V8 6,4 L<\/td>\n<\/tr>\n<tr>\n<td width=\"136\">2014-2021<\/td>\n<td width=\"230\">RAM<\/td>\n<td width=\"196\">3500<\/td>\n<td width=\"84\">HEMI<\/td>\n<td width=\"115\">V8 6,4 L<\/td>\n<\/tr>\n<\/tbody>\n<\/table>\n<p>&nbsp;<\/p>\n<p><strong>Rozsah dod\u00e1vky:<\/strong><\/p>\n<ul>\n<li>Va\u010dkov\u00fd h\u0159\u00eddel Comp Cams RAM 6.4 Kraftwerk podle na\u0161ich specifikac\u00ed<\/li>\n<\/ul>\n<p>&nbsp;<\/p>\n<p>&nbsp;<\/p>\n<p>&nbsp;<\/p>\n<p>&nbsp;<\/p>","protected":false},"excerpt":{"rendered":"<p>RAM 6.4 Drop-in va\u010dkov\u00fd h\u0159\u00eddel - nen\u00ed t\u0159eba upravovat software Tento va\u010dkov\u00fd h\u0159\u00eddel byl vyvinut jako n\u00e1hrada 1:1 za p\u016fvodn\u00ed va\u010dkov\u00fd h\u0159\u00eddel v motoru 6.4.<\/p>","protected":false},"featured_media":68277875,"comment_status":"open","ping_status":"closed","template":"","meta":{"_acf_changed":false},"product_brand":[],"product_cat":[19353],"product_tag":[506,507,93,3578,365,340,339,341,2329,738,3579,3581,222,36,2455,3580,336,2449,552,86,338,233,180,818,319],"class_list":{"0":"post-68262446","1":"product","2":"type-product","3":"status-publish","4":"has-post-thumbnail","6":"product_cat-2500-3500-64-nockenwelle-ventiltrieb","7":"product_tag-506","8":"product_tag-507","9":"product_tag-6-4","10":"product_tag-big-gas","11":"product_tag-cam","12":"product_tag-cams","13":"product_tag-comp","14":"product_tag-compcam","15":"product_tag-compcams","16":"product_tag-hd","17":"product_tag-heavy-duty","18":"product_tag-kein","19":"product_tag-kit","20":"product_tag-kraftwerk","21":"product_tag-mm5","22":"product_tag-no-tune","23":"product_tag-nockenwelle","24":"product_tag-nockenwellenkit","25":"product_tag-ohne","26":"product_tag-ram","27":"product_tag-standgas","28":"product_tag-tuning","29":"product_tag-umbau","30":"product_tag-umbausatz","31":"product_tag-ventilfedern","32":"product_shipping_class-deutschlandohne","34":"first","35":"onbackorder","36":"taxable","37":"shipping-taxable","38":"purchasable","39":"product-type-simple"},"bundled_by":[],"bundle_stock_status":"onbackorder","bundle_stock_quantity":0,"bundle_virtual":false,"bundle_layout":"","bundle_add_to_cart_form_location":"","bundle_editable_in_cart":false,"bundle_sold_individually_context":"","bundle_item_grouping":"","bundle_min_size":"","bundle_max_size":"","bundle_price":[],"bundled_items":[],"bundle_sell_ids":[],"exclude_global_add_ons":[],"addons":[],"acf":[],"_links":{"self":[{"href":"https:\/\/kraftwerk-shop.cc\/cs\/wp-json\/wp\/v2\/product\/68262446","targetHints":{"allow":["GET"]}}],"collection":[{"href":"https:\/\/kraftwerk-shop.cc\/cs\/wp-json\/wp\/v2\/product"}],"about":[{"href":"https:\/\/kraftwerk-shop.cc\/cs\/wp-json\/wp\/v2\/types\/product"}],"replies":[{"embeddable":true,"href":"https:\/\/kraftwerk-shop.cc\/cs\/wp-json\/wp\/v2\/comments?post=68262446"}],"version-history":[{"count":0,"href":"https:\/\/kraftwerk-shop.cc\/cs\/wp-json\/wp\/v2\/product\/68262446\/revisions"}],"wp:featuredmedia":[{"embeddable":true,"href":"https:\/\/kraftwerk-shop.cc\/cs\/wp-json\/wp\/v2\/media\/68277875"}],"wp:attachment":[{"href":"https:\/\/kraftwerk-shop.cc\/cs\/wp-json\/wp\/v2\/media?parent=68262446"}],"wp:term":[{"taxonomy":"product_brand","embeddable":true,"href":"https:\/\/kraftwerk-shop.cc\/cs\/wp-json\/wp\/v2\/product_brand?post=68262446"},{"taxonomy":"product_cat","embeddable":true,"href":"https:\/\/kraftwerk-shop.cc\/cs\/wp-json\/wp\/v2\/product_cat?post=68262446"},{"taxonomy":"product_tag","embeddable":true,"href":"https:\/\/kraftwerk-shop.cc\/cs\/wp-json\/wp\/v2\/product_tag?post=68262446"}],"curies":[{"name":"wp","href":"https:\/\/api.w.org\/{rel}","templated":true}]}}