{"id":68262546,"date":"2022-02-13T18:30:19","date_gmt":"2022-02-13T17:30:19","guid":{"rendered":"https:\/\/kraftwerk-shop.cc\/?post_type=product&#038;p=68262546"},"modified":"2026-02-15T00:00:32","modified_gmt":"2026-02-14T23:00:32","slug":"karbonovy-saci-system-corsa-chevrolet-corvette-c8","status":"publish","type":"product","link":"https:\/\/kraftwerk-shop.cc\/cs\/produkt\/corsa-carbon-ansaugsystem-chevrolet-corvette-c8\/","title":{"rendered":"Karbonov\u00fd sac\u00ed syst\u00e9m Corsa pro Chevrolet Corvette C8"},"content":{"rendered":"<h1>Karbonov\u00fd sac\u00ed syst\u00e9m Corsa pro Chevrolet Corvette C8<\/h1>\n<p>&nbsp;<\/p>\n<p>Sac\u00ed syst\u00e9m CORSA Performance C8 Corvette se skl\u00e1d\u00e1 ze 100 karbonov\u00fdch vl\u00e1ken % a kombinuje design s technologi\u00ed pro nesrovnateln\u00fd vzhled, maxim\u00e1ln\u00ed v\u00fdkon a v\u00fdkon.<br \/>\nOptimalizovan\u00fd tvar sac\u00edho syst\u00e9mu C8, dvojit\u00e9 sac\u00ed potrub\u00ed a v\u00fdkonn\u00e1 filtrace DryTech zlep\u0161uj\u00ed reakci na plyn, v\u00fdkon a spot\u0159ebu paliva.<br \/>\nSac\u00ed syst\u00e9m Corvette C8 se osv\u011bd\u010dil na zku\u0161ebn\u00edm stole i na z\u00e1vodn\u00ed trati a motoru LT2 dod\u00e1v\u00e1 dal\u0161\u00edch 14 k a 17 NM to\u010div\u00e9ho momentu.<\/p>\n<p>&nbsp;<\/p>\n<p><strong>Vlastnosti:<\/strong><\/p>\n<ul>\n<li>100% Konstrukce z uhl\u00edkov\u00fdch vl\u00e1ken<\/li>\n<li>+14 k vy\u0161\u0161\u00ed v\u00fdkon, +17 NM to\u010div\u00fd moment<\/li>\n<li>Mont\u00e1\u017en\u00ed deska MAF z eloxovan\u00e9ho hlin\u00edku<\/li>\n<li>Vzduchov\u00fd filtr DryTech \"No Oil\" (2)<\/li>\n<li>Hlin\u00edkov\u00fd tepeln\u00fd \u0161t\u00edt a syst\u00e9m veden\u00ed kabel\u016f<\/li>\n<li>V\u010detn\u011b vysoce kvalitn\u00edho mont\u00e1\u017en\u00edho materi\u00e1lu<\/li>\n<\/ul>\n<p>&nbsp;<\/p>\n<p><strong>Vhodn\u00e9 pro:<\/strong><\/p>\n<table width=\"440\">\n<tbody>\n<tr>\n<td width=\"113\">2020\u20132024<\/td>\n<td width=\"105\">Chevrolet<\/td>\n<td width=\"120\">Corvette<\/td>\n<td width=\"102\">C8 Coupe + HTC<\/td>\n<\/tr>\n<\/tbody>\n<\/table>\n<p>&nbsp;<\/p>\n<p>Pozn\u00e1mka: Nen\u00ed nutn\u00e9 lad\u011bn\u00ed<\/p>","protected":false},"excerpt":{"rendered":"<p>Corsa Carbon Ansaugsystem f\u00fcr Chevrolet Corvette C8 &nbsp; Das CORSA Performance C8 Corvette Ansaugsystem besteht zu 100 % aus Kohlefaser<\/p>","protected":false},"featured_media":68277860,"comment_status":"open","ping_status":"closed","template":"","meta":{"_acf_changed":false},"product_brand":[],"product_cat":[3137],"product_tag":[420,2066,2373,3585,3588,3589,2741,826,3285,773,189,190,3587,2739,825,3586,281,1094,20273,2495,57,500],"class_list":{"0":"post-68262546","1":"product","2":"type-product","3":"status-publish","4":"has-post-thumbnail","6":"product_cat-corvette-c8-ansaugung","7":"product_tag-420","8":"product_tag-2066","9":"product_tag-2373","10":"product_tag-44003d","11":"product_tag-air","12":"product_tag-airbox","13":"product_tag-ansaugsystem","14":"product_tag-ansaugung","15":"product_tag-c8","16":"product_tag-carbon","17":"product_tag-chevrolet","18":"product_tag-chevy","19":"product_tag-cold","20":"product_tag-cold-air","21":"product_tag-cold-air-intake","22":"product_tag-corsa","23":"product_tag-corvette","24":"product_tag-intake","25":"product_tag-keintuev","26":"product_tag-kohlefaser","27":"product_tag-luftfilter","28":"product_tag-sportluftfilter","30":"first","31":"onbackorder","32":"taxable","33":"shipping-taxable","34":"purchasable","35":"product-type-simple"},"bundled_by":[],"bundle_stock_status":"onbackorder","bundle_stock_quantity":0,"bundle_virtual":false,"bundle_layout":"","bundle_add_to_cart_form_location":"","bundle_editable_in_cart":false,"bundle_sold_individually_context":"","bundle_item_grouping":"","bundle_min_size":"","bundle_max_size":"","bundle_price":[],"bundled_items":[],"bundle_sell_ids":[],"exclude_global_add_ons":[],"addons":[],"acf":[],"_links":{"self":[{"href":"https:\/\/kraftwerk-shop.cc\/cs\/wp-json\/wp\/v2\/product\/68262546","targetHints":{"allow":["GET"]}}],"collection":[{"href":"https:\/\/kraftwerk-shop.cc\/cs\/wp-json\/wp\/v2\/product"}],"about":[{"href":"https:\/\/kraftwerk-shop.cc\/cs\/wp-json\/wp\/v2\/types\/product"}],"replies":[{"embeddable":true,"href":"https:\/\/kraftwerk-shop.cc\/cs\/wp-json\/wp\/v2\/comments?post=68262546"}],"version-history":[{"count":0,"href":"https:\/\/kraftwerk-shop.cc\/cs\/wp-json\/wp\/v2\/product\/68262546\/revisions"}],"wp:featuredmedia":[{"embeddable":true,"href":"https:\/\/kraftwerk-shop.cc\/cs\/wp-json\/wp\/v2\/media\/68277860"}],"wp:attachment":[{"href":"https:\/\/kraftwerk-shop.cc\/cs\/wp-json\/wp\/v2\/media?parent=68262546"}],"wp:term":[{"taxonomy":"product_brand","embeddable":true,"href":"https:\/\/kraftwerk-shop.cc\/cs\/wp-json\/wp\/v2\/product_brand?post=68262546"},{"taxonomy":"product_cat","embeddable":true,"href":"https:\/\/kraftwerk-shop.cc\/cs\/wp-json\/wp\/v2\/product_cat?post=68262546"},{"taxonomy":"product_tag","embeddable":true,"href":"https:\/\/kraftwerk-shop.cc\/cs\/wp-json\/wp\/v2\/product_tag?post=68262546"}],"curies":[{"name":"wp","href":"https:\/\/api.w.org\/{rel}","templated":true}]}}