{"id":68263488,"date":"2022-02-28T18:40:05","date_gmt":"2022-02-28T17:40:05","guid":{"rendered":"https:\/\/kraftwerk-shop.cc\/?post_type=product&#038;p=68263488"},"modified":"2026-02-15T00:45:57","modified_gmt":"2026-02-14T23:45:57","slug":"magnaflow-15354-vyfukovy-system-camaro","status":"publish","type":"product","link":"https:\/\/kraftwerk-shop.cc\/cs\/produkt\/magnaflow-15354-abgasanlage-camaro\/","title":{"rendered":"V\u00fdfukov\u00fd syst\u00e9m MagnaFlow Street Series Axle-Back Chevrolet Camaro 3.6"},"content":{"rendered":"<p>Z\u00e1vazek spole\u010dnosti MagnaFlow vyv\u00edjet a vyr\u00e1b\u011bt nejlep\u0161\u00ed sportovn\u00ed v\u00fdfukov\u00e9 syst\u00e9my zaji\u0161\u0165uje vynikaj\u00edc\u00ed zvuk a z\u00e1\u017eitek z j\u00edzdy. Vyrobeno z vysoce kvalitn\u00edch materi\u00e1l\u016f, navr\u017eeno pro optim\u00e1ln\u00ed mont\u00e1\u017e a v\u00fdkon.<\/p>\n<p>V\u00fdkonn\u00fd v\u00fdfukov\u00fd syst\u00e9m \u0159ady Street Series z nerezov\u00e9 oceli p\u0159in\u00e1\u0161\u00ed dynamicky ov\u011b\u0159en\u00fd n\u00e1r\u016fst v\u00fdkonu s p\u0159\u00edjemn\u00fdm zvukem v interi\u00e9ru a siln\u00fdm zvukem navenek.<\/p>\n<p><img decoding=\"async\" class=\"alignnone size-medium wp-image-68263509\" src=\"https:\/\/kraftwerk-shop.cc\/wp-content\/uploads\/2022\/02\/15354_Camaro_V6_Sound-300x132.jpg\" alt=\"MagnaFlow 15354 Camaro V6 Sound\" width=\"300\" height=\"132\" \/><\/p>\n<p>S\u00e9rie MagnaFlow Street 15354 je vhodn\u00e1 pro n\u00e1sleduj\u00edc\u00ed modely:<\/p>\n<table id=\"Chevrolet-compatible-vehicles-table\" class=\"table mf-compatible-vehicles-table\">\n<tbody>\n<tr class=\"clickable-row\" data-url=\"\/collections\/2015-chevrolet-camaro-exhaust-systems\">\n<td width=\"20%\">2015<\/td>\n<td width=\"20%\">Camaro<\/td>\n<td width=\"20%\">V6 3.6L<\/td>\n<\/tr>\n<tr class=\"clickable-row\" data-url=\"\/collections\/2014-chevrolet-camaro-exhaust-systems\">\n<td width=\"20%\">2014<\/td>\n<td width=\"20%\">Camaro<\/td>\n<td width=\"20%\">V6 3.6L<\/td>\n<\/tr>\n<tr class=\"clickable-row\" data-url=\"\/collections\/2013-chevrolet-camaro-exhaust-systems\">\n<td width=\"20%\">2013<\/td>\n<td width=\"20%\">Camaro<\/td>\n<td width=\"20%\">V6 3.6L<\/td>\n<\/tr>\n<tr class=\"clickable-row\" data-url=\"\/collections\/2012-chevrolet-camaro-exhaust-systems\">\n<td width=\"20%\">2012<\/td>\n<td width=\"20%\">Camaro<\/td>\n<td width=\"20%\">V6 3.6L<\/td>\n<\/tr>\n<tr class=\"clickable-row\" data-url=\"\/collections\/2011-chevrolet-camaro-exhaust-systems\">\n<td width=\"20%\">2011<\/td>\n<td width=\"20%\">Camaro<\/td>\n<td width=\"20%\">V6 3.6L<\/td>\n<\/tr>\n<tr class=\"clickable-row\" data-url=\"\/collections\/2010-chevrolet-camaro-exhaust-systems\">\n<td width=\"20%\">2010<\/td>\n<td width=\"20%\">Camaro<\/td>\n<td width=\"20%\">V6 3.6L<\/td>\n<\/tr>\n<\/tbody>\n<\/table>","protected":false},"excerpt":{"rendered":"<p>2010\u20132015<\/p>","protected":false},"featured_media":68267025,"comment_status":"open","ping_status":"closed","template":"","meta":{"_acf_changed":false},"product_brand":[18925],"product_cat":[3024,3335],"product_tag":[3610,176,177,165,248,249,169,1035,1036,546,1037,191,2210,189,429,662,1043,1039,1042,2212,2934,50,532,529,20273,1040,2062,1044,1045,1041,547,1034,1038,2215,1057,233,2139,198,2137],"class_list":{"0":"post-68263488","1":"product","2":"type-product","3":"status-publish","4":"has-post-thumbnail","6":"product_brand-magnaflow","7":"product_cat-nicht-nach-eu","8":"product_cat-camaro-36-2010-2015-abgasanlage","9":"product_tag-3610","10":"product_tag-176","11":"product_tag-177","12":"product_tag-165","13":"product_tag-248","14":"product_tag-249","15":"product_tag-3-6","16":"product_tag-abgasanlage","17":"product_tag-abgassystem","18":"product_tag-auspuff","19":"product_tag-auspuffsystem","20":"product_tag-camaro","21":"product_tag-catback","22":"product_tag-chevrolet","23":"product_tag-deutschland","24":"product_tag-edelstahl","25":"product_tag-endrohr","26":"product_tag-endschalldaempfer","27":"product_tag-endtopf","28":"product_tag-gutachten","29":"product_tag-harder","30":"product_tag-jeep","31":"product_tag-kat","32":"product_tag-katalysator","33":"product_tag-keintuev","34":"product_tag-laut","35":"product_tag-magnaflow","36":"product_tag-mittelschalldaempfer","37":"product_tag-sound","38":"product_tag-sport","39":"product_tag-sportauspuff","40":"product_tag-sportauspuffanlage","41":"product_tag-sportendschalldaempfer","42":"product_tag-street","43":"product_tag-touring","44":"product_tag-tuning","45":"product_tag-tuev","46":"product_tag-v6","47":"product_tag-zulassung","49":"first","50":"onbackorder","51":"taxable","52":"shipping-taxable","53":"purchasable","54":"product-type-simple"},"bundled_by":[],"bundle_stock_status":"onbackorder","bundle_stock_quantity":0,"bundle_virtual":false,"bundle_layout":"","bundle_add_to_cart_form_location":"","bundle_editable_in_cart":false,"bundle_sold_individually_context":"","bundle_item_grouping":"","bundle_min_size":"","bundle_max_size":"","bundle_price":[],"bundled_items":[],"bundle_sell_ids":[],"exclude_global_add_ons":[],"addons":[],"acf":[],"_links":{"self":[{"href":"https:\/\/kraftwerk-shop.cc\/cs\/wp-json\/wp\/v2\/product\/68263488","targetHints":{"allow":["GET"]}}],"collection":[{"href":"https:\/\/kraftwerk-shop.cc\/cs\/wp-json\/wp\/v2\/product"}],"about":[{"href":"https:\/\/kraftwerk-shop.cc\/cs\/wp-json\/wp\/v2\/types\/product"}],"replies":[{"embeddable":true,"href":"https:\/\/kraftwerk-shop.cc\/cs\/wp-json\/wp\/v2\/comments?post=68263488"}],"version-history":[{"count":0,"href":"https:\/\/kraftwerk-shop.cc\/cs\/wp-json\/wp\/v2\/product\/68263488\/revisions"}],"wp:featuredmedia":[{"embeddable":true,"href":"https:\/\/kraftwerk-shop.cc\/cs\/wp-json\/wp\/v2\/media\/68267025"}],"wp:attachment":[{"href":"https:\/\/kraftwerk-shop.cc\/cs\/wp-json\/wp\/v2\/media?parent=68263488"}],"wp:term":[{"taxonomy":"product_brand","embeddable":true,"href":"https:\/\/kraftwerk-shop.cc\/cs\/wp-json\/wp\/v2\/product_brand?post=68263488"},{"taxonomy":"product_cat","embeddable":true,"href":"https:\/\/kraftwerk-shop.cc\/cs\/wp-json\/wp\/v2\/product_cat?post=68263488"},{"taxonomy":"product_tag","embeddable":true,"href":"https:\/\/kraftwerk-shop.cc\/cs\/wp-json\/wp\/v2\/product_tag?post=68263488"}],"curies":[{"name":"wp","href":"https:\/\/api.w.org\/{rel}","templated":true}]}}