{"id":68265513,"date":"2022-03-26T16:29:25","date_gmt":"2022-03-26T15:29:25","guid":{"rendered":"https:\/\/kraftwerk-shop.cc\/?post_type=product&#038;p=68265513"},"modified":"2026-02-15T00:00:36","modified_gmt":"2026-02-14T23:00:36","slug":"brzdove-kotouce-ebc-premium-d7242","status":"publish","type":"product","link":"https:\/\/kraftwerk-shop.cc\/cs\/produkt\/ebc-premium-bremsscheiben-d7242\/","title":{"rendered":"Brzdov\u00e9 kotou\u010de EBC Premium D7242"},"content":{"rendered":"<h1>Brzdov\u00e9 kotou\u010de EBC Premium pro Chrysler 300C, Dodge Challenger, Charger, Magnum a Lancia Thema 3.0 CRD, 3.5, 3.6 a 5.7 (zadn\u00ed n\u00e1prava)<\/h1>\n<p>&nbsp;<\/p>\n<p>Spole\u010dnost EBC nab\u00edz\u00ed pr\u00e9miov\u00e9 brzdov\u00e9 kotou\u010de jako origin\u00e1ln\u00ed n\u00e1hradn\u00ed d\u00edly. Spole\u010dnost EBC klade velk\u00fd d\u016fraz na v\u00fdrobu vysoce kvalitn\u00edch produkt\u016f v oblasti n\u00e1hradn\u00edch d\u00edl\u016f OE, aby byla zaru\u010dena va\u0161e bezpe\u010dnost.<\/p>\n<p>V\u0161echny brzdov\u00e9 kotou\u010de EBC Premium jsou vyrobeny z \u0161ed\u00e9 litiny a maj\u00ed pevnost v tahu 150N\/m2 s odchylkou v tvrdosti povrchu max. 20HB.<\/p>\n<p>Brzdov\u00e9 kotou\u010de EBC Premium jsou fr\u00e9zov\u00e1ny na CNC s toleranc\u00ed povrchu 0,01 mm.<\/p>\n<p>Nejedn\u00e1 se tedy o levn\u00fd dov\u00e1\u017een\u00fd v\u00fdrobek, ale o vysoce kvalitn\u00ed origin\u00e1ln\u00ed n\u00e1hradn\u00ed d\u00edl, kter\u00fd si v ni\u010dem nezad\u00e1 s kvalitou origin\u00e1ln\u00edch brzdov\u00fdch kotou\u010d\u016f.<\/p>\n<p>\u010cern\u00e9 pr\u00e1\u0161kov\u00e9 lakov\u00e1n\u00ed brzdov\u00fdch kotou\u010d\u016f poskytuje nejlep\u0161\u00ed mo\u017enou ochranu proti korozi a je vhodn\u00e9 zejm\u00e9na pro vozidla s otev\u0159en\u00fdm designem r\u00e1fk\u016f.<\/p>\n<p>&nbsp;<\/p>\n<p><strong>Vlastnosti produktu:<\/strong><\/p>\n<p>320x10mm \/ v\u00fd\u0161ka: 67mm \/ po\u010det otvor\u016f: 5 \/ kruh \u0161roub\u016f: 114,3mm \/ nev\u011btran\u00fd \/ namontov\u00e1no: vzadu<br \/>\nSchv\u00e1len\u00ed: bez registrace<\/p>\n<p>\u010c\u00edslo OE (pouze pro \u00fa\u010dely porovn\u00e1n\u00ed): <span class=\"text1\">4779208AA<\/span>, <span class=\"text1\">4779208AB, 4779208AC, 4779208AD, 4779208AE, 4779208AF, 4779208AG, 4779208AH, 68368070AA\u00a0<\/span><\/p>\n<p>&nbsp;<\/p>\n<p><strong>Vhodn\u00e9 pro:<\/strong><\/p>\n<table width=\"0\">\n<tbody>\n<tr>\n<td width=\"64\">Chrysler<\/td>\n<td width=\"100\">300C<\/td>\n<td width=\"163\">3.0 CRD, 3.5, 3.6, 5.7<\/td>\n<td width=\"305\">V\u0161echny modelov\u00e9 roky s neventilovan\u00fdmi brzdov\u00fdmi kotou\u010di<\/td>\n<\/tr>\n<tr>\n<td width=\"64\">Dodge<\/td>\n<td width=\"100\">Challenger<\/td>\n<td width=\"163\">3.5, 3.6, 5.7<\/td>\n<td width=\"305\">V\u0161echny modelov\u00e9 roky s neventilovan\u00fdmi brzdov\u00fdmi kotou\u010di<\/td>\n<\/tr>\n<tr>\n<td width=\"64\">Dodge<\/td>\n<td width=\"100\">Charger<\/td>\n<td width=\"163\">3.5, 3.6, 5.7<\/td>\n<td width=\"305\">V\u0161echny modelov\u00e9 roky s neventilovan\u00fdmi brzdov\u00fdmi kotou\u010di<\/td>\n<\/tr>\n<tr>\n<td width=\"64\">Dodge<\/td>\n<td width=\"100\">Magnum<\/td>\n<td width=\"163\">3.5, 5.7<\/td>\n<td width=\"305\">V\u0161echny modelov\u00e9 roky s neventilovan\u00fdmi brzdov\u00fdmi kotou\u010di<\/td>\n<\/tr>\n<tr>\n<td width=\"64\">Lancia<\/td>\n<td width=\"100\">T\u00e9ma<\/td>\n<td width=\"163\">3.0 MultiJet, 3.6<\/td>\n<td width=\"305\">V\u0161echny modelov\u00e9 roky s neventilovan\u00fdmi brzdov\u00fdmi kotou\u010di<\/td>\n<\/tr>\n<\/tbody>\n<\/table>\n<p><strong><br \/>\nRozsah dod\u00e1vky: <\/strong><\/p>\n<p>- 2 brzdov\u00e9 kotou\u010de EBC Premium (D7242) pro zadn\u00ed n\u00e1pravu<\/p>\n<p>&nbsp;<\/p>\n<p><strong>Pozn\u00e1mka:<\/strong><\/p>\n<p>P\u0159ed objedn\u00e1n\u00edm zkontrolujte, zda je va\u0161e vozidlo vybaveno ventilovan\u00fdmi nebo neventilovan\u00fdmi brzdov\u00fdmi kotou\u010di.<br \/>\nJen velmi m\u00e1lo vozidel m\u00e1 vzadu neventilovan\u00e9 brzdov\u00e9 kotou\u010de. Tato vozidla maj\u00ed obvykle mal\u00e9 brzdov\u00e9 kotou\u010de o pr\u016fm\u011bru 320 mm na p\u0159edn\u00ed n\u00e1prav\u011b.<\/p>","protected":false},"excerpt":{"rendered":"<p>Neventilovan\u00e9 brzdov\u00e9 kotou\u010de<\/p>","protected":false},"featured_media":68274266,"comment_status":"open","ping_status":"closed","template":"","meta":{"_acf_changed":false},"product_brand":[16875],"product_cat":[17713,17718,17722,17726,17730,17708,17706,17700,17742,17746,17750,17754,17770,17774],"product_tag":[18261,18262,18263,18264,18265,18266,18267,18268,87,572,88,52,3632,3633,3634,3635,3636,3637,3638,3639,91,3640,795,796,54,53,48,536,3643,49,3853,3854,964,2442,16877,16876,16878,692,126,36,173,55,794,797,174,216,842,841,673],"class_list":{"0":"post-68265513","1":"product","2":"type-product","3":"status-publish","4":"has-post-thumbnail","6":"product_brand-ebc-brakes","7":"product_cat-300c-30-diesel-bremsscheiben-hinten","8":"product_cat-300c-35-bremsscheiben-hinten","9":"product_cat-300c-36-bremsscheiben-hinten","10":"product_cat-300c-57-2005-2010-bremsscheiben-hinten","11":"product_cat-300c-57-2011-2023-bremsscheiben-hinten","12":"product_cat-challenger-35-bremsscheiben-hinten","13":"product_cat-challenger-36-bremsscheiben-hinten","14":"product_cat-challenger-57-bremsscheiben-hinten","15":"product_cat-charger-35-bremsscheiben-hinten","16":"product_cat-charger-36-bremsscheiben-hinten","17":"product_cat-charger-57-bremsscheiben-hinten","18":"product_cat-charger-57-2011-2023-bremsscheiben-hinten","19":"product_cat-magnum-35-bremsscheiben-hinten","20":"product_cat-magnum-57-bremsscheiben-hinten","21":"product_tag-04779208aa","22":"product_tag-04779208ab","23":"product_tag-04779208ac","24":"product_tag-04779208ad","25":"product_tag-04779208ae","26":"product_tag-04779208af","27":"product_tag-04779208ag","28":"product_tag-04779208ah","29":"product_tag-2-7","30":"product_tag-3-0-crd","31":"product_tag-3-5","32":"product_tag-300c","33":"product_tag-4779208aa","34":"product_tag-4779208ab","35":"product_tag-4779208ac","36":"product_tag-4779208ad","37":"product_tag-4779208ae","38":"product_tag-4779208af","39":"product_tag-4779208ag","40":"product_tag-4779208ah","41":"product_tag-5-7","42":"product_tag-68368070aa","43":"product_tag-bremse","44":"product_tag-bremsscheibe","45":"product_tag-challenger","46":"product_tag-charger","47":"product_tag-chrysler","48":"product_tag-chrysler-300c","49":"product_tag-d7242","50":"product_tag-dodge","51":"product_tag-dodge-challenger","52":"product_tag-dodge-charger","53":"product_tag-ebc","54":"product_tag-ebc-brakes","55":"product_tag-ebc-bremsbelaege","56":"product_tag-ebc-bremsen","57":"product_tag-ebc-bremsscheiben","58":"product_tag-ersatzteil","59":"product_tag-hemi","60":"product_tag-kraftwerk","61":"product_tag-lancia","62":"product_tag-magnum","63":"product_tag-premium","64":"product_tag-sportbremsscheibe","65":"product_tag-thema","66":"product_tag-upgrade","67":"product_tag-vorderachse","68":"product_tag-vorne","69":"product_tag-zubehoer","71":"first","72":"onbackorder","73":"taxable","74":"shipping-taxable","75":"purchasable","76":"product-type-simple"},"bundled_by":[],"bundle_stock_status":"onbackorder","bundle_stock_quantity":0,"bundle_virtual":false,"bundle_layout":"","bundle_add_to_cart_form_location":"","bundle_editable_in_cart":false,"bundle_sold_individually_context":"","bundle_item_grouping":"","bundle_min_size":"","bundle_max_size":"","bundle_price":[],"bundled_items":[],"bundle_sell_ids":[],"exclude_global_add_ons":[],"addons":[],"acf":[],"_links":{"self":[{"href":"https:\/\/kraftwerk-shop.cc\/cs\/wp-json\/wp\/v2\/product\/68265513","targetHints":{"allow":["GET"]}}],"collection":[{"href":"https:\/\/kraftwerk-shop.cc\/cs\/wp-json\/wp\/v2\/product"}],"about":[{"href":"https:\/\/kraftwerk-shop.cc\/cs\/wp-json\/wp\/v2\/types\/product"}],"replies":[{"embeddable":true,"href":"https:\/\/kraftwerk-shop.cc\/cs\/wp-json\/wp\/v2\/comments?post=68265513"}],"version-history":[{"count":0,"href":"https:\/\/kraftwerk-shop.cc\/cs\/wp-json\/wp\/v2\/product\/68265513\/revisions"}],"wp:featuredmedia":[{"embeddable":true,"href":"https:\/\/kraftwerk-shop.cc\/cs\/wp-json\/wp\/v2\/media\/68274266"}],"wp:attachment":[{"href":"https:\/\/kraftwerk-shop.cc\/cs\/wp-json\/wp\/v2\/media?parent=68265513"}],"wp:term":[{"taxonomy":"product_brand","embeddable":true,"href":"https:\/\/kraftwerk-shop.cc\/cs\/wp-json\/wp\/v2\/product_brand?post=68265513"},{"taxonomy":"product_cat","embeddable":true,"href":"https:\/\/kraftwerk-shop.cc\/cs\/wp-json\/wp\/v2\/product_cat?post=68265513"},{"taxonomy":"product_tag","embeddable":true,"href":"https:\/\/kraftwerk-shop.cc\/cs\/wp-json\/wp\/v2\/product_tag?post=68265513"}],"curies":[{"name":"wp","href":"https:\/\/api.w.org\/{rel}","templated":true}]}}