{"id":68265891,"date":"2022-04-14T18:27:47","date_gmt":"2022-04-14T16:27:47","guid":{"rendered":"https:\/\/kraftwerk-shop.cc\/?post_type=product&#038;p=68265891"},"modified":"2026-02-15T00:00:36","modified_gmt":"2026-02-14T23:00:36","slug":"brzdove-desticky-ebc-blackstuff-dpx3022","status":"publish","type":"product","link":"https:\/\/kraftwerk-shop.cc\/cs\/produkt\/ebc-blackstuff-bremsbelaege-dpx3022\/","title":{"rendered":"Brzdov\u00e9 desti\u010dky EBC Blackstuff DPX3022"},"content":{"rendered":"<h1>Brzdov\u00e9 desti\u010dky EBC Blackstuff pro Cadillac Escalde, Chevrolet Avalanche, Silverado, Suburban, Tahoe, GMC Savana, Sierra a Yukon (zadn\u00ed n\u00e1prava)<\/h1>\n<p>&nbsp;<\/p>\n<p>Toto brzdov\u00e9 oblo\u017een\u00ed optimalizovan\u00e9 pro brzdov\u00fd prach nab\u00edz\u00edme jako \"origin\u00e1ln\u00ed n\u00e1hradn\u00ed d\u00edl\".<br \/>\nOdpov\u00edd\u00e1 kvalit\u011b OE, ale byla spole\u010dnost\u00ed EBC vylep\u0161ena z hlediska \u017eivotnosti a v\u00fdvoje brzdov\u00e9ho prachu.<br \/>\nDobr\u00e1 tepeln\u00e1 odolnost a minim\u00e1ln\u00ed opot\u0159eben\u00ed brzdov\u00e9ho kotou\u010de jsou dal\u0161\u00edmi d\u016fvody velk\u00e9ho \u00fasp\u011bchu tohoto brzdov\u00e9ho oblo\u017een\u00ed EBC.<\/p>\n<p>&nbsp;<\/p>\n<p>Vlastnosti:<\/p>\n<p>- Optimalizovan\u00e9 n\u00e1hradn\u00ed brzdov\u00e9 desti\u010dky s koeficientem t\u0159en\u00ed 0,41<br \/>\n- Dvoud\u00edln\u00e9 t\u0159ec\u00ed oblo\u017een\u00ed proti tepeln\u00fdm zlom\u016fm<br \/>\n- Zkosen\u00e9 rohy proti hluku brzd<br \/>\n- Unik\u00e1tn\u00ed povrchov\u00e1 \u00faprava Brake-In\u2122 pro optim\u00e1ln\u00ed brzd\u011bn\u00ed<br \/>\n- Velmi \u0161etrn\u00e9 k brzdov\u00fdm kotou\u010d\u016fm<br \/>\n- S odoln\u00fdm, vypalovan\u00fdm povlakem s vysok\u00fdm leskem<br \/>\n- Pracovn\u00ed teplota a\u017e 400 \u00b0C<\/p>\n<div id=\"attachment_68255951\" style=\"width: 460px\" class=\"wp-caption alignnone\"><a href=\"https:\/\/kraftwerk-shop.cc\/wp-content\/uploads\/2021\/09\/EBC_Blackstuff_Info.jpg\"><img decoding=\"async\" aria-describedby=\"caption-attachment-68255951\" class=\"wp-image-68255951\" src=\"https:\/\/kraftwerk-shop.cc\/wp-content\/uploads\/2021\/09\/EBC_Blackstuff_Info-300x229.jpg\" alt=\"Vlastnosti brzdov\u00fdch desti\u010dek EBC Blackstuff pro Chrysler, Dodge a Jeep\" width=\"450\" height=\"343\" \/><\/a><p id=\"caption-attachment-68255951\" class=\"wp-caption-text\">Vlastnosti brzdov\u00fdch desti\u010dek EBC Blackstuff<\/p><\/div>\n<p>&nbsp;<\/p>\n<p>\u010c\u00edslo OE (pouze pro \u00fa\u010dely porovn\u00e1n\u00ed): -<\/p>\n<p>Autorizace: -<\/p>\n<p>M\u00edsto instalace: Zadn\u00ed n\u00e1prava<\/p>\n<p>&nbsp;<\/p>\n<p><strong>Vhodn\u00e9 pro:<\/strong><\/p>\n<table class=\"table table-striped table-condensed\">\n<thead>\n<tr>\n<th style=\"text-align: left;\"><span class=\"hidden-xs\">Zna\u010dka<\/span><\/th>\n<th class=\"hidden-xs\" style=\"text-align: left;\">Model<\/th>\n<th class=\"hidden-xs\" style=\"text-align: left;\">Varianta<\/th>\n<th class=\"hidden-xs\">Rok v\u00fdstavby<\/th>\n<th style=\"text-align: left;\">Motor<\/th>\n<th style=\"text-align: left;\">Pozn\u00e1mka<\/th>\n<\/tr>\n<\/thead>\n<tbody>\n<tr>\n<td>Cadillac<\/td>\n<td class=\"hidden-xs\">Escalade<\/td>\n<td class=\"hidden-xs\"><\/td>\n<td class=\"hidden-xs\">2015-2020<\/td>\n<td>6,2 litru<\/td>\n<td><\/td>\n<\/tr>\n<tr>\n<td>Cadillac<\/td>\n<td class=\"hidden-xs\">Escalade<\/td>\n<td class=\"hidden-xs\"><\/td>\n<td class=\"hidden-xs\">2016-2020<\/td>\n<td>6,2 litru<\/td>\n<td>Brembo<\/td>\n<\/tr>\n<tr>\n<td>Cadillac<\/td>\n<td class=\"hidden-xs\">Escalade ESV<\/td>\n<td class=\"hidden-xs\"><\/td>\n<td class=\"hidden-xs\">2015-2020<\/td>\n<td>6,2 litru<\/td>\n<td><\/td>\n<\/tr>\n<tr>\n<td>Chevrolet<\/td>\n<td class=\"hidden-xs\">Silverado 1500<\/td>\n<td class=\"hidden-xs\"><\/td>\n<td class=\"hidden-xs\">2014-2020<\/td>\n<td><\/td>\n<td><\/td>\n<\/tr>\n<tr>\n<td>Chevrolet<\/td>\n<td class=\"hidden-xs\">Tahoe<\/td>\n<td class=\"hidden-xs\"><\/td>\n<td class=\"hidden-xs\">2015-2020<\/td>\n<td><\/td>\n<td>6 p\u00edst\u016f Brembo<\/td>\n<\/tr>\n<tr>\n<td>Chevrolet<\/td>\n<td class=\"hidden-xs\">Tahoe<\/td>\n<td class=\"hidden-xs\"><\/td>\n<td class=\"hidden-xs\">2015-2019<\/td>\n<td><\/td>\n<td><\/td>\n<\/tr>\n<tr>\n<td>GMC<\/td>\n<td class=\"hidden-xs\">Sierra 1500<\/td>\n<td class=\"hidden-xs\"><\/td>\n<td class=\"hidden-xs\">2014-2019<\/td>\n<td><\/td>\n<td>1\/2 t\u00f3nu<\/td>\n<\/tr>\n<tr>\n<td>GMC<\/td>\n<td class=\"hidden-xs\">Yukon<\/td>\n<td class=\"hidden-xs\"><\/td>\n<td class=\"hidden-xs\">2015-2019<\/td>\n<td><\/td>\n<td><\/td>\n<\/tr>\n<tr>\n<td>GMC<\/td>\n<td class=\"hidden-xs\">Yukon<\/td>\n<td class=\"hidden-xs\"><\/td>\n<td class=\"hidden-xs\">2015-2019<\/td>\n<td><\/td>\n<td>6 p\u00edst\u016f Brembo<\/td>\n<\/tr>\n<\/tbody>\n<\/table>\n<p>&nbsp;<\/p>\n<p><strong>Rozsah dod\u00e1vky: <\/strong><\/p>\n<p>- 1 sada brzdov\u00fdch desti\u010dek (DPX3022) pro zadn\u00ed n\u00e1pravu<\/p>","protected":false},"excerpt":{"rendered":"<p>EBC Blackstuff Bremsbel\u00e4ge f\u00fcr Cadillac Escalde, Chevrolet Avalanche, Silverado, Suburban, Tahoe, GMC Savana, Sierra und Yukon (Hinterachse) &nbsp; Diesen bremsstauboptimierten<\/p>","protected":false},"featured_media":68274288,"comment_status":"open","ping_status":"closed","template":"","meta":{"_acf_changed":false},"product_brand":[16875],"product_cat":[3669,3694,3703],"product_tag":[1046,969,838,590,795,840,278,189,3673,964,2442,16877,16876,16878,288,798,799,36,2138,970,293,2139,673,2135,2137],"class_list":{"0":"post-68265891","1":"product","2":"type-product","3":"status-publish","4":"has-post-thumbnail","6":"product_brand-ebc-brakes","7":"product_cat-escalade-bremsen-hinten","8":"product_cat-silverado-bremsen-hinten","9":"product_cat-tahoe-bremsen-hinten","10":"product_tag-abe","11":"product_tag-blackstuff","12":"product_tag-bremsbelag","13":"product_tag-bremsbelaege","14":"product_tag-bremse","15":"product_tag-bremskloetze","16":"product_tag-cadillac","17":"product_tag-chevrolet","18":"product_tag-dpx3022","19":"product_tag-ebc","20":"product_tag-ebc-brakes","21":"product_tag-ebc-bremsbelaege","22":"product_tag-ebc-bremsen","23":"product_tag-ebc-bremsscheiben","24":"product_tag-escalade","25":"product_tag-hinten","26":"product_tag-hinterachse","27":"product_tag-kraftwerk","28":"product_tag-reg90","29":"product_tag-sportbremsbelaege","30":"product_tag-tahoe","31":"product_tag-tuev","32":"product_tag-zubehoer","33":"product_tag-zubehoerbremsbelaege","34":"product_tag-zulassung","36":"first","37":"onbackorder","38":"taxable","39":"shipping-taxable","40":"purchasable","41":"product-type-simple"},"bundled_by":[],"bundle_stock_status":"onbackorder","bundle_stock_quantity":0,"bundle_virtual":false,"bundle_layout":"","bundle_add_to_cart_form_location":"","bundle_editable_in_cart":false,"bundle_sold_individually_context":"","bundle_item_grouping":"","bundle_min_size":"","bundle_max_size":"","bundle_price":[],"bundled_items":[],"bundle_sell_ids":[],"exclude_global_add_ons":[],"addons":[],"acf":[],"_links":{"self":[{"href":"https:\/\/kraftwerk-shop.cc\/cs\/wp-json\/wp\/v2\/product\/68265891","targetHints":{"allow":["GET"]}}],"collection":[{"href":"https:\/\/kraftwerk-shop.cc\/cs\/wp-json\/wp\/v2\/product"}],"about":[{"href":"https:\/\/kraftwerk-shop.cc\/cs\/wp-json\/wp\/v2\/types\/product"}],"replies":[{"embeddable":true,"href":"https:\/\/kraftwerk-shop.cc\/cs\/wp-json\/wp\/v2\/comments?post=68265891"}],"version-history":[{"count":0,"href":"https:\/\/kraftwerk-shop.cc\/cs\/wp-json\/wp\/v2\/product\/68265891\/revisions"}],"wp:featuredmedia":[{"embeddable":true,"href":"https:\/\/kraftwerk-shop.cc\/cs\/wp-json\/wp\/v2\/media\/68274288"}],"wp:attachment":[{"href":"https:\/\/kraftwerk-shop.cc\/cs\/wp-json\/wp\/v2\/media?parent=68265891"}],"wp:term":[{"taxonomy":"product_brand","embeddable":true,"href":"https:\/\/kraftwerk-shop.cc\/cs\/wp-json\/wp\/v2\/product_brand?post=68265891"},{"taxonomy":"product_cat","embeddable":true,"href":"https:\/\/kraftwerk-shop.cc\/cs\/wp-json\/wp\/v2\/product_cat?post=68265891"},{"taxonomy":"product_tag","embeddable":true,"href":"https:\/\/kraftwerk-shop.cc\/cs\/wp-json\/wp\/v2\/product_tag?post=68265891"}],"curies":[{"name":"wp","href":"https:\/\/api.w.org\/{rel}","templated":true}]}}