{"id":68266607,"date":"2022-04-30T14:48:02","date_gmt":"2022-04-30T12:48:02","guid":{"rendered":"https:\/\/kraftwerk-shop.cc\/?post_type=product&#038;p=68266607"},"modified":"2026-02-15T00:00:43","modified_gmt":"2026-02-14T23:00:43","slug":"bezpecnostni-smycka-hnaciho-hridele-hellcat","status":"publish","type":"product","link":"https:\/\/kraftwerk-shop.cc\/cs\/produkt\/driveshaft-safety-loop-antriebswelle-hellcat\/","title":{"rendered":"Bezpe\u010dnostn\u00ed smy\u010dka hnac\u00edho h\u0159\u00eddele BMR Dodge Hellcat &amp; Demon"},"content":{"rendered":"<h1>Bezpe\u010dnostn\u00ed smy\u010dka hnac\u00edho h\u0159\u00eddele BMR pro Dodge Hellcat a Demon<\/h1>\n<p>&nbsp;<\/p>\n<p>Chra\u0148te sv\u016fj Dodge Charger \/ Challenger Hellcat nebo Demon s automatickou p\u0159evodovkou a z\u00e1rove\u0148 dodr\u017eujte bezpe\u010dnostn\u00ed p\u0159edpisy NHRA pomoc\u00ed bezpe\u010dnostn\u00ed smy\u010dky hnac\u00edho h\u0159\u00eddele od BMR Suspension.<\/p>\n<p>Pokud se sv\u00fdm vozem Charger \/ Challenger z\u00e1vod\u00edte, budete pravd\u011bpodobn\u011b pot\u0159ebovat bezpe\u010dnostn\u00ed za\u0159\u00edzen\u00ed hnac\u00edho h\u0159\u00eddele, abyste vyhov\u011bli p\u0159edpis\u016fm NHRA.<br \/>\nBezpe\u010dnostn\u00ed smy\u010dka hnac\u00edho h\u0159\u00eddele DSL111 od spole\u010dnosti BMR je vyrobena z 1\/4palcov\u00e9ho laserem \u0159ezan\u00e9ho, CNC tvarovan\u00e9ho ocelov\u00e9ho plechu a p\u0159ipojuje se p\u0159es mont\u00e1\u017en\u00ed otvory OE na p\u0159\u00ed\u010dn\u00e9m nosn\u00edku p\u0159evodovky z v\u00fdroby. Tato konstrukce v\u00e1m poskytne pevnou smy\u010dku, kter\u00e1 z\u016fstane na sv\u00e9m m\u00edst\u011b v p\u0159\u00edpad\u011b po\u0161kozen\u00ed hnac\u00edho h\u0159\u00eddele nebo p\u0159evodovky.<\/p>\n<p>Spole\u010dnost BMR Suspension navrhla bezpe\u010dnostn\u00ed smy\u010dku hnac\u00edho h\u0159\u00eddele, kter\u00e1 zachyt\u00ed hnac\u00ed h\u0159\u00eddel a zabr\u00e1n\u00ed jeho prora\u017een\u00ed do zem\u011b nebo zabo\u0159en\u00ed do povrchu vozovky v p\u0159\u00edpad\u011b defektu.<br \/>\nJednodu\u0161e se p\u0159ipevn\u00ed k p\u0159\u00ed\u010dn\u00edku p\u0159evodovky z v\u00fdroby pomoc\u00ed dodan\u00e9ho upev\u0148ovac\u00edho materi\u00e1lu t\u0159\u00eddy 8.<br \/>\nSmy\u010dky hnac\u00edho h\u0159\u00eddele od jin\u00fdch v\u00fdrobc\u016f jsou p\u0159ipevn\u011bny k p\u0159evodovce a v p\u0159\u00edpad\u011b po\u0161kozen\u00ed p\u0159evodovky nemohou hnac\u00ed h\u0159\u00eddel udr\u017eet.<br \/>\nSpole\u010dnost BMR vyvinula model DSL110 pro pouli\u010dn\u00ed, z\u00e1vodn\u00ed a vysokorychlostn\u00ed pou\u017eit\u00ed.<br \/>\nBezpe\u010dnostn\u00ed smy\u010dka hnac\u00edho h\u0159\u00eddele je levn\u00e9 poji\u0161t\u011bn\u00ed, kter\u00e9 chr\u00e1n\u00ed va\u0161i investici a poskytuje v\u00e1m klid, a\u0165 u\u017e jste na trati nebo na silnici. Kdy\u017e je v\u00fdkon nutnost\u00ed, d\u016fv\u011b\u0159ujte spole\u010dnosti BMR Suspension!<\/p>\n<p>Bezpe\u010dnostn\u00ed smy\u010dka DSL111 pro hnac\u00ed h\u0159\u00eddel od BMR Suspension je k dispozici v \u010dern\u00e9 klad\u00edvkov\u00e9 \u00faprav\u011b a vypad\u00e1 dob\u0159e po dlouhou dobu.<br \/>\nInstalace trv\u00e1 p\u0159ibli\u017en\u011b 1 hodinu.<\/p>\n<p>&nbsp;<\/p>\n<p><strong>Vlastnosti:<\/strong><\/p>\n<ul>\n<li>Design na m\u00edru<\/li>\n<li>Nen\u00ed nutn\u00e9 \u017e\u00e1dn\u00e9 zpracov\u00e1n\u00ed<\/li>\n<li>V souladu s pravidly NHRA<\/li>\n<li>Povinn\u00e9 pro vozidla, kter\u00e1 s trak\u010dn\u00edmi pneumatikami dos\u00e1hnou rychlosti vy\u0161\u0161\u00ed ne\u017e 13,99 na \u010dtvrt m\u00edle.<\/li>\n<li>Povinn\u00e9 pro vozidla, kter\u00e1 se standardn\u00edmi pneumatikami ujedou \u010dtvrt m\u00edle rychleji ne\u017e za 11,49 min.<\/li>\n<li>1\/4palcov\u00fd laserem \u0159ezan\u00fd ocelov\u00fd plech<\/li>\n<li>V\u010detn\u011b v\u0161ech pot\u0159ebn\u00fdch spojovac\u00edch materi\u00e1l\u016f t\u0159\u00eddy 8<\/li>\n<li>\u010cern\u00fd klad\u00edvkov\u00fd povrch<\/li>\n<\/ul>\n<p>&nbsp;<\/p>\n<p><strong>Vhodn\u00e9 pro:<\/strong><\/p>\n<table width=\"754\">\n<tbody>\n<tr>\n<td width=\"173\"><strong>Rok v\u00fdstavby<\/strong><\/td>\n<td width=\"219\"><strong>Zna\u010dka<\/strong><\/td>\n<td width=\"117\"><strong>Model<\/strong><\/td>\n<td width=\"167\"><strong>Varianta<\/strong><\/td>\n<td width=\"78\"><strong>P\u0159evodovka<\/strong><\/td>\n<\/tr>\n<tr>\n<td width=\"173\">2015\u20132023<\/td>\n<td width=\"219\">Dodge<\/td>\n<td width=\"117\">Charger<\/td>\n<td width=\"167\">Hellcat<\/td>\n<td width=\"78\">Automatick\u00e9<\/td>\n<\/tr>\n<tr>\n<td width=\"173\">2015\u20132023<\/td>\n<td width=\"219\">Dodge<\/td>\n<td width=\"117\">Challenger<\/td>\n<td width=\"167\">Hellcat<\/td>\n<td width=\"78\">Automatick\u00e9<\/td>\n<\/tr>\n<tr>\n<td>2018<\/td>\n<td>Dodge<\/td>\n<td width=\"117\">Challenger<\/td>\n<td width=\"167\">D\u00e9mon<\/td>\n<td width=\"78\">Automatick\u00e9<\/td>\n<\/tr>\n<\/tbody>\n<\/table>","protected":false},"excerpt":{"rendered":"<p>BMR Driveshaft Safety Loop f\u00fcr Dodge Hellcat und Demon &nbsp; Sch\u00fctzen Sie Ihren Dodge Charger \/ Challenger Hellcat oder Demon<\/p>","protected":false},"featured_media":68266611,"comment_status":"open","ping_status":"closed","template":"","meta":{"_acf_changed":false},"product_brand":[],"product_cat":[1694,1629],"product_tag":[3761,3756,3760,54,53,152,49,3853,3854,3759,3758,100,3757,3755,151,3754,3753],"class_list":{"0":"post-68266607","1":"product","2":"type-product","3":"status-publish","4":"has-post-thumbnail","6":"product_cat-challenger-hellcat-getriebe","7":"product_cat-charger-hellcat-getriebe","8":"product_tag-antriebswelle","9":"product_tag-auffangband","10":"product_tag-bmr","11":"product_tag-challenger","12":"product_tag-charger","13":"product_tag-demon","14":"product_tag-dodge","15":"product_tag-dodge-challenger","16":"product_tag-dodge-charger","17":"product_tag-dsl111","18":"product_tag-fangschlinge","19":"product_tag-hellcat","20":"product_tag-kardanwelle","21":"product_tag-loop","22":"product_tag-redeye","23":"product_tag-safety","24":"product_tag-safety-loop","26":"first","27":"instock","28":"taxable","29":"shipping-taxable","30":"purchasable","31":"product-type-simple"},"bundled_by":[],"bundle_stock_status":"instock","bundle_stock_quantity":1,"bundle_virtual":false,"bundle_layout":"","bundle_add_to_cart_form_location":"","bundle_editable_in_cart":false,"bundle_sold_individually_context":"","bundle_item_grouping":"","bundle_min_size":"","bundle_max_size":"","bundle_price":[],"bundled_items":[],"bundle_sell_ids":[],"exclude_global_add_ons":[],"addons":[],"acf":[],"_links":{"self":[{"href":"https:\/\/kraftwerk-shop.cc\/cs\/wp-json\/wp\/v2\/product\/68266607","targetHints":{"allow":["GET"]}}],"collection":[{"href":"https:\/\/kraftwerk-shop.cc\/cs\/wp-json\/wp\/v2\/product"}],"about":[{"href":"https:\/\/kraftwerk-shop.cc\/cs\/wp-json\/wp\/v2\/types\/product"}],"replies":[{"embeddable":true,"href":"https:\/\/kraftwerk-shop.cc\/cs\/wp-json\/wp\/v2\/comments?post=68266607"}],"version-history":[{"count":0,"href":"https:\/\/kraftwerk-shop.cc\/cs\/wp-json\/wp\/v2\/product\/68266607\/revisions"}],"wp:featuredmedia":[{"embeddable":true,"href":"https:\/\/kraftwerk-shop.cc\/cs\/wp-json\/wp\/v2\/media\/68266611"}],"wp:attachment":[{"href":"https:\/\/kraftwerk-shop.cc\/cs\/wp-json\/wp\/v2\/media?parent=68266607"}],"wp:term":[{"taxonomy":"product_brand","embeddable":true,"href":"https:\/\/kraftwerk-shop.cc\/cs\/wp-json\/wp\/v2\/product_brand?post=68266607"},{"taxonomy":"product_cat","embeddable":true,"href":"https:\/\/kraftwerk-shop.cc\/cs\/wp-json\/wp\/v2\/product_cat?post=68266607"},{"taxonomy":"product_tag","embeddable":true,"href":"https:\/\/kraftwerk-shop.cc\/cs\/wp-json\/wp\/v2\/product_tag?post=68266607"}],"curies":[{"name":"wp","href":"https:\/\/api.w.org\/{rel}","templated":true}]}}