{"id":68266716,"date":"2022-05-07T14:57:09","date_gmt":"2022-05-07T12:57:09","guid":{"rendered":"https:\/\/kraftwerk-shop.cc\/?post_type=product&#038;p=68266716"},"modified":"2026-02-15T00:50:02","modified_gmt":"2026-02-14T23:50:02","slug":"brzdovy-kotouc-srt-hellcat-68184587ae","status":"publish","type":"product","link":"https:\/\/kraftwerk-shop.cc\/cs\/produkt\/bremsscheibe-srt-hellcat-68184587ae\/","title":{"rendered":"Brzdov\u00fd kotou\u010d SRT a Hellcat"},"content":{"rendered":"<h1>Jednod\u00edln\u00fd p\u0159\u00eddavn\u00fd brzdov\u00fd kotou\u010d pro modely SRT a Hellcat 2015 - 2020 (390 mm), dr\u00e1\u017ekovan\u00e9 proveden\u00ed (p\u0159edn\u00ed n\u00e1prava)<\/h1>\n<p>&nbsp;<\/p>\n<p>Levn\u00e1 n\u00e1hrada p\u016fvodn\u00edch dvoud\u00edln\u00fdch brzdov\u00fdch kotou\u010d\u016f.<\/p>\n<p><strong>Srovn\u00e1vac\u00ed \u010d\u00edsla Mopar:<\/strong> 68184587AA, 68184587AB, 68184587AC, 68184587AD, 68184587AE<\/p>\n<p>&nbsp;<\/p>\n<p><strong>Vhodn\u00e9 pro:<br \/>\n<\/strong><\/p>\n<table width=\"0\">\n<tbody>\n<tr>\n<td width=\"143\">Chrysler<\/td>\n<td width=\"160\">300C<\/td>\n<td width=\"64\">6.4 SRT<\/td>\n<td width=\"312\">2015 - 2020 s brzdov\u00fdmi kotou\u010di 390 mm<\/td>\n<\/tr>\n<tr>\n<td width=\"143\">Dodge<\/td>\n<td width=\"160\">Challenger<\/td>\n<td width=\"64\">6.4 SRT<\/td>\n<td width=\"312\">2015 - 2020 s brzdov\u00fdmi kotou\u010di 390 mm<\/td>\n<\/tr>\n<tr>\n<td width=\"143\">Dodge<\/td>\n<td width=\"160\">Challenger Hellcat<\/td>\n<td width=\"64\">6.2<\/td>\n<td width=\"312\">2015\u20132020<\/td>\n<\/tr>\n<tr>\n<td width=\"143\">Dodge<\/td>\n<td width=\"160\">Charger<\/td>\n<td width=\"64\">6.4 SRT<\/td>\n<td width=\"312\">2015 - 2020 s brzdov\u00fdmi kotou\u010di 390 mm<\/td>\n<\/tr>\n<tr>\n<td width=\"143\">Dodge<\/td>\n<td width=\"160\">Charger Hellcat<\/td>\n<td width=\"64\">6.2<\/td>\n<td width=\"312\">2015\u20132020<\/td>\n<\/tr>\n<\/tbody>\n<\/table>\n<p>&nbsp;<\/p>\n<p>&nbsp;<\/p>\n<p>Cena se vztahuje na jeden disk.<\/p>","protected":false},"excerpt":{"rendered":"<p>Jednod\u00edln\u00fd, pr\u016fm\u011br 390 mm (2015 - 2020)<\/p>","protected":false},"featured_media":68266723,"comment_status":"open","ping_status":"closed","template":"","meta":{"_acf_changed":false},"product_brand":[],"product_cat":[17737,17693,17689,17761,17765],"product_tag":[3768,1132,52,2324,936,938,937,939,17986,17987,940,795,796,3946,10802,3770,3769,54,53,48,536,49,3853,3854,17983,3771,692,100,36,31,794,797,96,842,841,673],"class_list":{"0":"post-68266716","1":"product","2":"type-product","3":"status-publish","4":"has-post-thumbnail","6":"product_cat-300c-64-bremsscheiben-vorne","7":"product_cat-challenger-hellcat-bremsscheiben-vorne","8":"product_cat-challenger-64-bremsscheiben-vorne","9":"product_cat-charger-hellcat-bremsscheiben-vorne","10":"product_cat-charger-64-bremsscheiben-vorne","11":"product_tag-226-63088","12":"product_tag-1132","13":"product_tag-300c","14":"product_tag-68184587aa","15":"product_tag-68184587ab","16":"product_tag-68184587ac","17":"product_tag-68184587ad","18":"product_tag-68184587ae","19":"product_tag-910-40036","20":"product_tag-17987","21":"product_tag-aftermarket","22":"product_tag-bremse","23":"product_tag-bremsscheibe","24":"product_tag-bremsscheiben-fuer-dodge-challenger","25":"product_tag-bremsscheiben-fuer-dodge-challenger-6-4","26":"product_tag-c-tek","27":"product_tag-centric","28":"product_tag-challenger","29":"product_tag-charger","30":"product_tag-chrysler","31":"product_tag-chrysler-300c","32":"product_tag-dodge","33":"product_tag-dodge-challenger","34":"product_tag-dodge-charger","35":"product_tag-dynamic-friction","36":"product_tag-einteilig","37":"product_tag-ersatzteil","38":"product_tag-hellcat","39":"product_tag-kraftwerk","40":"product_tag-mopar","41":"product_tag-premium","42":"product_tag-sportbremsscheibe","43":"product_tag-srt","44":"product_tag-vorderachse","45":"product_tag-vorne","46":"product_tag-zubehoer","48":"first","49":"instock","50":"taxable","51":"shipping-taxable","52":"purchasable","53":"product-type-simple"},"bundled_by":[],"bundle_stock_status":"instock","bundle_stock_quantity":2,"bundle_virtual":false,"bundle_layout":"","bundle_add_to_cart_form_location":"","bundle_editable_in_cart":false,"bundle_sold_individually_context":"","bundle_item_grouping":"","bundle_min_size":"","bundle_max_size":"","bundle_price":[],"bundled_items":[],"bundle_sell_ids":[],"exclude_global_add_ons":[],"addons":[],"acf":[],"_links":{"self":[{"href":"https:\/\/kraftwerk-shop.cc\/cs\/wp-json\/wp\/v2\/product\/68266716","targetHints":{"allow":["GET"]}}],"collection":[{"href":"https:\/\/kraftwerk-shop.cc\/cs\/wp-json\/wp\/v2\/product"}],"about":[{"href":"https:\/\/kraftwerk-shop.cc\/cs\/wp-json\/wp\/v2\/types\/product"}],"replies":[{"embeddable":true,"href":"https:\/\/kraftwerk-shop.cc\/cs\/wp-json\/wp\/v2\/comments?post=68266716"}],"version-history":[{"count":0,"href":"https:\/\/kraftwerk-shop.cc\/cs\/wp-json\/wp\/v2\/product\/68266716\/revisions"}],"wp:featuredmedia":[{"embeddable":true,"href":"https:\/\/kraftwerk-shop.cc\/cs\/wp-json\/wp\/v2\/media\/68266723"}],"wp:attachment":[{"href":"https:\/\/kraftwerk-shop.cc\/cs\/wp-json\/wp\/v2\/media?parent=68266716"}],"wp:term":[{"taxonomy":"product_brand","embeddable":true,"href":"https:\/\/kraftwerk-shop.cc\/cs\/wp-json\/wp\/v2\/product_brand?post=68266716"},{"taxonomy":"product_cat","embeddable":true,"href":"https:\/\/kraftwerk-shop.cc\/cs\/wp-json\/wp\/v2\/product_cat?post=68266716"},{"taxonomy":"product_tag","embeddable":true,"href":"https:\/\/kraftwerk-shop.cc\/cs\/wp-json\/wp\/v2\/product_tag?post=68266716"}],"curies":[{"name":"wp","href":"https:\/\/api.w.org\/{rel}","templated":true}]}}