{"id":68266766,"date":"2022-05-08T18:52:39","date_gmt":"2022-05-08T16:52:39","guid":{"rendered":"https:\/\/kraftwerk-shop.cc\/?post_type=product&#038;p=68266766"},"modified":"2026-02-15T00:03:55","modified_gmt":"2026-02-14T23:03:55","slug":"411-hellcat-stroker-kit-zvyseni-objemu-6-5-litru-hellcat-trackhawk-trx","status":"publish","type":"product","link":"https:\/\/kraftwerk-shop.cc\/cs\/produkt\/411-hellcat-stroker-kit-hubraumerweiterung-6-5-liter-hellcat-trackhawk-trx\/","title":{"rendered":"Sada 411 Hellcat stroker - zv\u00fd\u0161en\u00ed zdvihov\u00e9ho objemu na 6,5 litru"},"content":{"rendered":"<h1>Sada 411 Hellcat stroker - zv\u00fd\u0161en\u00ed zdvihov\u00e9ho objemu na 6,5 litru<\/h1>\n<p>&nbsp;<\/p>\n<p>P\u0159estavbov\u00e1 sada pro zv\u00fd\u0161en\u00ed zdvihov\u00e9ho objemu motoru 6,2 l Hellcat v modelech Dodge Challenger, Charger a Durago Hellcat a tak\u00e9 v modelech Jeep Trackhawk a RAM TRX.<br \/>\nObjem se zv\u00fd\u0161il na 6,7 litru (411 cm3).<\/p>\n<p>&nbsp;<\/p>\n<ul>\n<li>Kovan\u00fd klikov\u00fd h\u0159\u00eddel od spole\u010dnosti Molnar Technologies, zdvih 3 900 mm<\/li>\n<li>Kovan\u00e9 ojnice 6.250 od spole\u010dnosti Molnar Technologies<\/li>\n<li>Pr\u00e9miov\u00e1 lo\u017eiska s povrchovou \u00fapravou jsou voliteln\u00e1<\/li>\n<li>Mahle 2618 Kovan\u00fd p\u00edst\n<ul>\n<li>Velikost kabiny 4.090 (voliteln\u011b nadm\u011brn\u00e1 velikost 4.095 nebo 4.100)<\/li>\n<li>Krou\u017ekov\u00e9 ty\u010de s povrchovou \u00fapravou<\/li>\n<li>Pota\u017een\u00e9 p\u00edstov\u00e9 ko\u0161ile<\/li>\n<li>P\u00edstn\u00ed \u010dep z n\u00e1strojov\u00e9 oceli H13 s diamantov\u00fdm povlakem)<\/li>\n<li>Horn\u00ed krou\u017eek posunut\u00fd sm\u011brem dol\u016f pro v\u011bt\u0161\u00ed pevnost<\/li>\n<li>p\u0159\u00eddavn\u00fd pr\u016f\u0159ez na krou\u017ekov\u00e9m p\u00e1su mezi prvn\u00edm a druh\u00fdm p\u0159\u00edtla\u010dn\u00fdm krou\u017ekem pro zv\u00fd\u0161en\u00ed pevnosti.<\/li>\n<li>zv\u011bt\u0161en\u00fd objem \u00falo\u017en\u00e9 dr\u00e1\u017eky mezi prvn\u00edm a druh\u00fdm krou\u017ekem pro zv\u00fd\u0161en\u00ed pevnosti (sni\u017euje tlakov\u00e9 \u0161pi\u010dky, kter\u00e9 zp\u016fsobuj\u00ed prasknut\u00ed p\u00e1su).<\/li>\n<li>P\u0159\u00eddavn\u00e1 vybr\u00e1n\u00ed ventil\u016f pro p\u0159izp\u016fsoben\u00ed v\u011bt\u0161\u00edm profil\u016fm va\u010dek<\/li>\n<li>Pr\u00e9miov\u00e9 p\u00edstn\u00ed krou\u017eky (je t\u0159eba upravit n\u00e1razovou v\u016fli)<\/li>\n<\/ul>\n<\/li>\n<\/ul>\n<p>&nbsp;<\/p>\n<p><strong>Vhodn\u00e9 pro:<\/strong><\/p>\n<table width=\"449\">\n<tbody>\n<tr>\n<td width=\"115\"><strong>Zna\u010dka<\/strong><\/td>\n<td width=\"145\"><strong>Model<\/strong><\/td>\n<td width=\"106\"><strong>Motor<\/strong><\/td>\n<td width=\"83\"><strong>Rok v\u00fdstavby<\/strong><\/td>\n<\/tr>\n<tr>\n<td width=\"115\">Dodge<\/td>\n<td width=\"145\">Charger<\/td>\n<td width=\"106\">6.2 Hellcat<\/td>\n<td width=\"83\">2015\u20132023<\/td>\n<\/tr>\n<tr>\n<td width=\"115\">Dodge<\/td>\n<td width=\"145\">Challenger<\/td>\n<td width=\"106\">6.2 Hellcat<\/td>\n<td width=\"83\">2015\u20132023<\/td>\n<\/tr>\n<tr>\n<td width=\"115\">Dodge<\/td>\n<td width=\"145\">Durango<\/td>\n<td width=\"106\">6.2 Hellcat<\/td>\n<td width=\"83\">2021\u20132025<\/td>\n<\/tr>\n<tr>\n<td width=\"115\">Jeep<\/td>\n<td width=\"145\">Grand Cherokee<\/td>\n<td width=\"106\">6.2 Trackhawk<\/td>\n<td width=\"83\">2018\u20132021<\/td>\n<\/tr>\n<tr>\n<td width=\"115\">RAM<\/td>\n<td width=\"145\">1500<\/td>\n<td width=\"106\">TRX<\/td>\n<td width=\"83\">2021\u20132024<\/td>\n<\/tr>\n<\/tbody>\n<\/table>\n<p>&nbsp;<\/p>\n<p><strong>\u00a0<\/strong><\/p>","protected":false},"excerpt":{"rendered":"<p>411 Hellcat Stroker Kit &#8211; Hubraumerweiterung auf 6.5 Liter &nbsp; Umbaukit zur Hubraumerweiterung f\u00fcr den 6.2 Liter Hellcat Motor in<\/p>","protected":false},"featured_media":68266769,"comment_status":"open","ping_status":"closed","template":"","meta":{"_acf_changed":false},"product_brand":[],"product_cat":[6659,6664,6669,6674,3024,6679,17619],"product_tag":[3785,101,3786,54,53,49,3853,3854,95,3777,56,100,3782,3783,2380,321,50,4425,4427,4426,222,409,2476,323,3426,411,2455,412,410,3429,3778,3784,407,3780,3774,3775,102,2353,180,818,3781,3773,3779],"class_list":{"0":"post-68266766","1":"product","2":"type-product","3":"status-publish","4":"has-post-thumbnail","6":"product_cat-challenger-hellcat-kurbelwelle-kolben","7":"product_cat-charger-hellcat-kurbelwelle-kolben","8":"product_cat-durango-hellcat-kurbelwelle-kolben","9":"product_cat-trackhawk-kurbelwelle-kolben","10":"product_cat-nicht-nach-eu","11":"product_cat-trx-kurbelwelle-kolben","12":"product_cat-stroker-kit","13":"product_tag-3785","14":"product_tag-6-2","15":"product_tag-6-5","16":"product_tag-challenger","17":"product_tag-charger","18":"product_tag-dodge","19":"product_tag-dodge-challenger","20":"product_tag-dodge-charger","21":"product_tag-durango","22":"product_tag-geschmiedet","23":"product_tag-grand-cherokee","24":"product_tag-hellcat","25":"product_tag-hoch","26":"product_tag-hohe","27":"product_tag-hubraum","28":"product_tag-hubraumerweiterung","29":"product_tag-jeep","30":"product_tag-jeep-grand-cherokee","31":"product_tag-jeep-grand-cherokee-trackhawk","32":"product_tag-jeep-trackhawk","33":"product_tag-kit","34":"product_tag-kolben","35":"product_tag-komplett","36":"product_tag-kurbelwelle","37":"product_tag-lager","38":"product_tag-mahle","39":"product_tag-mm5","40":"product_tag-molnar","41":"product_tag-pleuel","42":"product_tag-pleuellager","43":"product_tag-pleuelstangen","44":"product_tag-saugmotor","45":"product_tag-schmiedekolben","46":"product_tag-schwallblech","47":"product_tag-stroker","48":"product_tag-stroker-kit","49":"product_tag-trackhawk","50":"product_tag-trx","51":"product_tag-umbau","52":"product_tag-umbausatz","53":"product_tag-verdichtung","54":"product_tag-vergroessern","55":"product_tag-windage-tray","56":"product_shipping_class-spedition-1","58":"first","59":"onbackorder","60":"taxable","61":"shipping-taxable","62":"purchasable","63":"product-type-simple"},"bundled_by":[],"bundle_stock_status":"onbackorder","bundle_stock_quantity":0,"bundle_virtual":false,"bundle_layout":"","bundle_add_to_cart_form_location":"","bundle_editable_in_cart":false,"bundle_sold_individually_context":"","bundle_item_grouping":"","bundle_min_size":"","bundle_max_size":"","bundle_price":[],"bundled_items":[],"bundle_sell_ids":[],"exclude_global_add_ons":false,"addons":[{"name":"Rozm\u011br p\u00edstu","type":"multiple_choice","position":0,"required":true,"title_format":"heading","default":"","description_enable":false,"description":"","placeholder_enable":false,"placeholder":"","display":"select","restrictions_type":"any_text","adjust_price":false,"price":"","price_type":"flat_fee","restrictions":false,"min":"0","max":"0","options":[{"label":"Standard","price":"","price_type":"flat_fee","image":0,"visibility":true},{"label":"+ 0,005\" \u00dcberma\u00df","price":"99","price_type":"flat_fee","image":0,"visibility":true},{"label":"+ 0,010\" \u00dcberma\u00df","price":"99","price_type":"flat_fee","image":0,"visibility":true}],"id":1715359218},{"name":"Sklad","type":"multiple_choice","position":1,"required":true,"title_format":"heading","default":"","description_enable":false,"description":"","placeholder_enable":false,"placeholder":"","display":"select","restrictions_type":"any_text","adjust_price":false,"price":"","price_type":"flat_fee","restrictions":false,"min":"0","max":"0","options":[{"label":"Standard Pleuellager","price":"149","price_type":"flat_fee","image":0,"visibility":true},{"label":"Beschichtete Pleuellager","price":"289","price_type":"flat_fee","image":0,"visibility":true},{"label":"Beschichtete Pleuellager + Premium Hauptlager","price":"399","price_type":"flat_fee","image":0,"visibility":true}],"id":1715359219},{"name":"P\u0159ep\u00e1\u017ekov\u00e1 deska","type":"multiple_choice","position":2,"required":true,"title_format":"heading","default":"","description_enable":false,"description":"","placeholder_enable":false,"placeholder":"","display":"select","restrictions_type":"any_text","adjust_price":false,"price":"","price_type":"flat_fee","restrictions":false,"min":"0","max":"0","options":[{"label":"ohne Stroker Schwallblech","price":"","price_type":"flat_fee","image":0,"visibility":true},{"label":"mit Stroker Schwallblech","price":"159","price_type":"flat_fee","image":0,"visibility":true}],"id":1723842490}],"acf":[],"_links":{"self":[{"href":"https:\/\/kraftwerk-shop.cc\/cs\/wp-json\/wp\/v2\/product\/68266766","targetHints":{"allow":["GET"]}}],"collection":[{"href":"https:\/\/kraftwerk-shop.cc\/cs\/wp-json\/wp\/v2\/product"}],"about":[{"href":"https:\/\/kraftwerk-shop.cc\/cs\/wp-json\/wp\/v2\/types\/product"}],"replies":[{"embeddable":true,"href":"https:\/\/kraftwerk-shop.cc\/cs\/wp-json\/wp\/v2\/comments?post=68266766"}],"version-history":[{"count":0,"href":"https:\/\/kraftwerk-shop.cc\/cs\/wp-json\/wp\/v2\/product\/68266766\/revisions"}],"wp:featuredmedia":[{"embeddable":true,"href":"https:\/\/kraftwerk-shop.cc\/cs\/wp-json\/wp\/v2\/media\/68266769"}],"wp:attachment":[{"href":"https:\/\/kraftwerk-shop.cc\/cs\/wp-json\/wp\/v2\/media?parent=68266766"}],"wp:term":[{"taxonomy":"product_brand","embeddable":true,"href":"https:\/\/kraftwerk-shop.cc\/cs\/wp-json\/wp\/v2\/product_brand?post=68266766"},{"taxonomy":"product_cat","embeddable":true,"href":"https:\/\/kraftwerk-shop.cc\/cs\/wp-json\/wp\/v2\/product_cat?post=68266766"},{"taxonomy":"product_tag","embeddable":true,"href":"https:\/\/kraftwerk-shop.cc\/cs\/wp-json\/wp\/v2\/product_tag?post=68266766"}],"curies":[{"name":"wp","href":"https:\/\/api.w.org\/{rel}","templated":true}]}}