{"id":68266814,"date":"2022-05-10T18:47:54","date_gmt":"2022-05-10T16:47:54","guid":{"rendered":"https:\/\/kraftwerk-shop.cc\/?post_type=product&#038;p=68266814"},"modified":"2026-02-15T00:52:57","modified_gmt":"2026-02-14T23:52:57","slug":"454-hemi-stroker-kit-64-srt-zvyseni-objemu-7-4-litr-300c-challenger-charger-durango-grand-cherokee-wrangler","status":"publish","type":"product","link":"https:\/\/kraftwerk-shop.cc\/cs\/produkt\/454-hemi-stroker-kit-64-srt-hubraumerweiterung-7-4-liter-300c-challenger-charger-durango-grand-cherokee-wrangler\/","title":{"rendered":"Sada 454 Hemi stroker pro 6.4 SRT - zv\u00fd\u0161en\u00ed zdvihov\u00e9ho objemu na 7,4 litru"},"content":{"rendered":"<h1>Sada 454 Hemi stroker pro 6.4 SRT - zv\u00fd\u0161en\u00ed zdvihov\u00e9ho objemu na 7,4 litru<\/h1>\n<p>&nbsp;<\/p>\n<p>P\u0159estavbov\u00e1 sada pro zv\u00fd\u0161en\u00ed zdvihov\u00e9ho objemu motoru 6.4 SRT.<br \/>\nZdvihov\u00fd objem se zv\u00fd\u0161il na 7,4 litru (454 cm3).<\/p>\n<ul>\n<li>Kovan\u00fd klikov\u00fd h\u0159\u00eddel od firmy Molnar, zdvih 4 250 mm<\/li>\n<li>Kovan\u00e9 ojnice 6.125 od spole\u010dnosti Molnar Technologies<\/li>\n<li>Pr\u00e9miov\u00e1 lo\u017eiska s povrchovou \u00fapravou jsou voliteln\u00e1<\/li>\n<li>Mahle 2618 Kovan\u00fd p\u00edst\n<ul>\n<li>Velikost kabiny 4.090 (voliteln\u011b nadm\u011brn\u00e1 velikost 4.095 nebo 4.100)<\/li>\n<li>Krou\u017ekov\u00e9 ty\u010de s povrchovou \u00fapravou<\/li>\n<li>Pota\u017een\u00e9 p\u00edstov\u00e9 ko\u0161ile<\/li>\n<li>P\u00edstn\u00ed \u010dep z n\u00e1strojov\u00e9 oceli H13<\/li>\n<li>Horn\u00ed krou\u017eek posunut\u00fd sm\u011brem dol\u016f pro v\u011bt\u0161\u00ed pevnost<\/li>\n<li>p\u0159\u00eddavn\u00fd pr\u016f\u0159ez na krou\u017ekov\u00e9m p\u00e1su mezi prvn\u00edm a druh\u00fdm p\u0159\u00edtla\u010dn\u00fdm krou\u017ekem pro zv\u00fd\u0161en\u00ed pevnosti.<\/li>\n<li>zv\u011bt\u0161en\u00fd objem \u00falo\u017en\u00e9 dr\u00e1\u017eky mezi prvn\u00edm a druh\u00fdm krou\u017ekem pro zv\u00fd\u0161en\u00ed pevnosti (sni\u017euje tlakov\u00e9 \u0161pi\u010dky, kter\u00e9 zp\u016fsobuj\u00ed prasknut\u00ed p\u00e1su).<\/li>\n<li>P\u0159\u00eddavn\u00e1 vybr\u00e1n\u00ed ventil\u016f pro p\u0159izp\u016fsoben\u00ed v\u011bt\u0161\u00edm profil\u016fm va\u010dek<\/li>\n<li>Pr\u00e9miov\u00e9 p\u00edstn\u00ed krou\u017eky (je t\u0159eba upravit n\u00e1razovou v\u016fli)<\/li>\n<li>Ventilov\u00e9 kapsy a\u017e pro 2 200 vstupn\u00edch ventil\u016f a 1 650 v\u00fdstupn\u00edch ventil\u016f.<\/li>\n<\/ul>\n<\/li>\n<\/ul>\n<p>Mo\u017enost komprese mezi 10,5:1 a 11,5:1<\/p>\n<p>&nbsp;<\/p>\n<p><strong>Vhodn\u00e9 pro:<\/strong><\/p>\n<table width=\"437\">\n<tbody>\n<tr>\n<td width=\"122\"><strong>Zna\u010dka<\/strong><\/td>\n<td width=\"136\"><strong>Model<\/strong><\/td>\n<td width=\"96\"><strong>Motor<\/strong><\/td>\n<td width=\"83\"><strong>Rok v\u00fdstavby<\/strong><\/td>\n<\/tr>\n<tr>\n<td width=\"122\">Chrysler<\/td>\n<td width=\"136\">300C<\/td>\n<td>6.4<\/td>\n<td width=\"83\">2012\u20132023<\/td>\n<\/tr>\n<tr>\n<td width=\"122\">Dodge<\/td>\n<td width=\"136\">Challenger<\/td>\n<td>6.4<\/td>\n<td width=\"83\">2011\u20132023<\/td>\n<\/tr>\n<tr>\n<td width=\"122\">Dodge<\/td>\n<td width=\"136\">Charger<\/td>\n<td>6.4<\/td>\n<td width=\"83\">2011\u20132023<\/td>\n<\/tr>\n<tr>\n<td>Dodge<\/td>\n<td>Durango<\/td>\n<td>6.4<\/td>\n<td>2018\u20132024<\/td>\n<\/tr>\n<tr>\n<td>Jeep<\/td>\n<td>Grand Cherokee<\/td>\n<td>6.4<\/td>\n<td>2011\u20132021<\/td>\n<\/tr>\n<tr>\n<td>Jeep<\/td>\n<td>Wrangler<\/td>\n<td>6.4<\/td>\n<td>2021\u20132025<\/td>\n<\/tr>\n<\/tbody>\n<\/table>","protected":false},"excerpt":{"rendered":"<p>454 Hemi stroker kit pro 6.4 SRT - zv\u00fd\u0161en\u00ed zdvihov\u00e9ho objemu na 7,4 litru Konverzn\u00ed kit pro zv\u00fd\u0161en\u00ed zdvihov\u00e9ho objemu pro 6.4 SRT<\/p>","protected":false},"featured_media":68266817,"comment_status":"open","ping_status":"closed","template":"","meta":{"_acf_changed":false},"product_brand":[],"product_cat":[6490,6484,6495,6500,6505,6510,3024,17619],"product_tag":[52,217,3791,93,3792,54,53,48,536,49,3853,3854,95,3777,56,3782,3783,2380,321,50,4425,222,409,2476,323,3426,411,2455,412,410,3429,3778,3784,407,3780,3774,3775,180,818,3781,3773,3779],"class_list":{"0":"post-68266814","1":"product","2":"type-product","3":"status-publish","4":"has-post-thumbnail","6":"product_cat-300c-64-kurbelwelle-kolben","7":"product_cat-challenger-64-kurbelwelle-kolben","8":"product_cat-charger-64-kurbelwelle-kolben","9":"product_cat-durango-64-kurbelwelle-kolben","10":"product_cat-grand-cherokee-64-kurbelwelle-kolben","11":"product_cat-wrangler-64-kurbelwelle-kolben","12":"product_cat-nicht-nach-eu","13":"product_cat-stroker-kit","14":"product_tag-300c","15":"product_tag-217","16":"product_tag-3791","17":"product_tag-6-4","18":"product_tag-7-4","19":"product_tag-challenger","20":"product_tag-charger","21":"product_tag-chrysler","22":"product_tag-chrysler-300c","23":"product_tag-dodge","24":"product_tag-dodge-challenger","25":"product_tag-dodge-charger","26":"product_tag-durango","27":"product_tag-geschmiedet","28":"product_tag-grand-cherokee","29":"product_tag-hoch","30":"product_tag-hohe","31":"product_tag-hubraum","32":"product_tag-hubraumerweiterung","33":"product_tag-jeep","34":"product_tag-jeep-grand-cherokee","35":"product_tag-kit","36":"product_tag-kolben","37":"product_tag-komplett","38":"product_tag-kurbelwelle","39":"product_tag-lager","40":"product_tag-mahle","41":"product_tag-mm5","42":"product_tag-molnar","43":"product_tag-pleuel","44":"product_tag-pleuellager","45":"product_tag-pleuelstangen","46":"product_tag-saugmotor","47":"product_tag-schmiedekolben","48":"product_tag-schwallblech","49":"product_tag-stroker","50":"product_tag-stroker-kit","51":"product_tag-umbau","52":"product_tag-umbausatz","53":"product_tag-verdichtung","54":"product_tag-vergroessern","55":"product_tag-windage-tray","56":"product_shipping_class-spedition-1","58":"first","59":"onbackorder","60":"taxable","61":"shipping-taxable","62":"purchasable","63":"product-type-simple"},"bundled_by":[],"bundle_stock_status":"onbackorder","bundle_stock_quantity":0,"bundle_virtual":false,"bundle_layout":"","bundle_add_to_cart_form_location":"","bundle_editable_in_cart":false,"bundle_sold_individually_context":"","bundle_item_grouping":"","bundle_min_size":"","bundle_max_size":"","bundle_price":[],"bundled_items":[],"bundle_sell_ids":[],"exclude_global_add_ons":false,"addons":[{"name":"Rozm\u011br p\u00edstu","type":"multiple_choice","position":0,"required":true,"title_format":"heading","default":"","description_enable":false,"description":"","placeholder_enable":false,"placeholder":"","display":"select","restrictions_type":"any_text","adjust_price":false,"price":"","price_type":"flat_fee","restrictions":false,"min":"0","max":"0","options":[{"label":"Standard","price":"","price_type":"flat_fee","image":0,"visibility":true},{"label":"+ 0,005\" \u00dcberma\u00df","price":"99","price_type":"flat_fee","image":0,"visibility":true},{"label":"+ 0,010\" \u00dcberma\u00df","price":"99","price_type":"flat_fee","image":0,"visibility":true}],"id":1715359218},{"name":"Sklad","type":"multiple_choice","position":1,"required":true,"title_format":"heading","default":"","description_enable":false,"description":"","placeholder_enable":false,"placeholder":"","display":"select","restrictions_type":"any_text","adjust_price":false,"price":"","price_type":"flat_fee","restrictions":false,"min":"0","max":"0","options":[{"label":"Standard Pleuellager","price":"149","price_type":"flat_fee","image":0,"visibility":true},{"label":"Beschichtete Pleuellager","price":"289","price_type":"flat_fee","image":0,"visibility":true},{"label":"Beschichtete Pleuellager + Premium Hauptlager","price":"399","price_type":"flat_fee","image":0,"visibility":true}],"id":1715359219},{"name":"P\u0159ep\u00e1\u017ekov\u00e1 deska","type":"multiple_choice","position":2,"required":true,"title_format":"heading","default":"","description_enable":false,"description":"","placeholder_enable":false,"placeholder":"","display":"select","restrictions_type":"any_text","adjust_price":false,"price":"","price_type":"flat_fee","restrictions":false,"min":"0","max":"0","options":[{"label":"ohne Stroker Schwallblech","price":"","price_type":"flat_fee","image":0,"visibility":true},{"label":"mit Stroker Schwallblech","price":"159","price_type":"flat_fee","image":0,"visibility":true}],"id":1723842490}],"acf":[],"_links":{"self":[{"href":"https:\/\/kraftwerk-shop.cc\/cs\/wp-json\/wp\/v2\/product\/68266814","targetHints":{"allow":["GET"]}}],"collection":[{"href":"https:\/\/kraftwerk-shop.cc\/cs\/wp-json\/wp\/v2\/product"}],"about":[{"href":"https:\/\/kraftwerk-shop.cc\/cs\/wp-json\/wp\/v2\/types\/product"}],"replies":[{"embeddable":true,"href":"https:\/\/kraftwerk-shop.cc\/cs\/wp-json\/wp\/v2\/comments?post=68266814"}],"version-history":[{"count":0,"href":"https:\/\/kraftwerk-shop.cc\/cs\/wp-json\/wp\/v2\/product\/68266814\/revisions"}],"wp:featuredmedia":[{"embeddable":true,"href":"https:\/\/kraftwerk-shop.cc\/cs\/wp-json\/wp\/v2\/media\/68266817"}],"wp:attachment":[{"href":"https:\/\/kraftwerk-shop.cc\/cs\/wp-json\/wp\/v2\/media?parent=68266814"}],"wp:term":[{"taxonomy":"product_brand","embeddable":true,"href":"https:\/\/kraftwerk-shop.cc\/cs\/wp-json\/wp\/v2\/product_brand?post=68266814"},{"taxonomy":"product_cat","embeddable":true,"href":"https:\/\/kraftwerk-shop.cc\/cs\/wp-json\/wp\/v2\/product_cat?post=68266814"},{"taxonomy":"product_tag","embeddable":true,"href":"https:\/\/kraftwerk-shop.cc\/cs\/wp-json\/wp\/v2\/product_tag?post=68266814"}],"curies":[{"name":"wp","href":"https:\/\/api.w.org\/{rel}","templated":true}]}}