{"id":68267207,"date":"2022-05-21T19:24:52","date_gmt":"2022-05-21T17:24:52","guid":{"rendered":"https:\/\/kraftwerk-shop.cc\/?post_type=product&#038;p=68267207"},"modified":"2026-04-14T16:14:53","modified_gmt":"2026-04-14T14:14:53","slug":"dirs-r-300c-challenger-charger","status":"publish","type":"product","link":"https:\/\/kraftwerk-shop.cc\/cs\/produkt\/dirs-r-300c-challenger-charger\/","title":{"rendered":"Diferenci\u00e1ln\u00ed zes\u00edlen\u00ed \u201cDIRS-R\u201d Chrysler 300C, Dodge Challenger a Charger 5.7, 6.4 a Hellcat"},"content":{"rendered":"<h1>Diferenci\u00e1ln\u00ed zes\u00edlen\u00ed \u201cDIRS-R\u201d pro Chrysler 300C, Dodge Challenger a Charger 5.7, 6.4 a Hellcat<\/h1>\n<p>&nbsp;<\/p>\n<p>V\u00fdvoj per4mance <strong>D<\/strong>iferen\u010dn\u00ed <strong>I<\/strong>ntegrace a <strong>R<\/strong>vym\u00e1h\u00e1n\u00ed <strong>S<\/strong>(DIRS) - zesilte sk\u0159\u00ed\u0148 diferenci\u00e1lu a zlep\u0161ete funkci nez\u00e1visl\u00e9ho zadn\u00edho zav\u011b\u0161en\u00ed i trakci sv\u00e9ho vozu Chrysler 300C, Dodge Challenger nebo Charger 5.7, 6.4 nebo Hellcat.<\/p>\n<p>Tento syst\u00e9m nab\u00edz\u00ed v\u00fdrazn\u00e9 zlep\u0161en\u00ed stability a odolnosti diferenci\u00e1lu, zejm\u00e9na u vysoce v\u00fdkonn\u00fdch vozidel.<\/p>\n<p>Zes\u00edlen\u00edm a optimalizac\u00ed diferenci\u00e1lu pom\u00e1h\u00e1 DIRS sn\u00ed\u017eit opot\u0159eben\u00ed a nam\u00e1h\u00e1n\u00ed v intenzivn\u00edch j\u00edzdn\u00edch podm\u00ednk\u00e1ch. T\u00edm je zaji\u0161t\u011bna del\u0161\u00ed \u017eivotnost komponent\u016f a zvy\u0161uje se spolehlivost vozidla i v extr\u00e9mn\u00edch podm\u00ednk\u00e1ch.<\/p>\n<p>Syst\u00e9m DIRS je vyroben z vysoce kvalitn\u00edch a odoln\u00fdch materi\u00e1l\u016f a je p\u0159izp\u016fsoben pro p\u0159esnou mont\u00e1\u017e, co\u017e zaji\u0161\u0165uje snadnou instalaci a bezprobl\u00e9movou integraci do vozidla. Je ide\u00e1ln\u00ed volbou pro nad\u0161ence, kte\u0159\u00ed cht\u011bj\u00ed maximalizovat v\u00fdkon sv\u00e9ho vozidla a z\u00e1rove\u0148 zlep\u0161it ochranu kritick\u00fdch sou\u010d\u00e1st\u00ed hnac\u00edho \u00fastroj\u00ed.<\/p>\n<p>\u010c\u00e1st 1 upev\u0148uje diferenci\u00e1l pomoc\u00ed dvou spodn\u00edch hlavn\u00edch \u0161roub\u016f sk\u0159\u00edn\u011b a t\u0159\u00ed spodn\u00edch \u0161roub\u016f sk\u0159\u00edn\u011b, kter\u00e9 zpev\u0148uj\u00ed diferenci\u00e1l.<br \/>\nD\u00edl 2 se p\u0159ipojuje k zadn\u00edmu p\u0159\u00ed\u010dn\u00edku a nese pouzdro diferenci\u00e1lu OEM (stejn\u011b jako dv\u011b pouzdra v zadn\u00edm p\u0159\u00ed\u010dn\u00edku), kter\u00e9 p\u0159id\u00e1v\u00e1 t\u0159et\u00ed integra\u010dn\u00ed bod pro p\u0159ipojen\u00ed k zes\u00edlen\u00e9mu diferenci\u00e1lu.<\/p>\n<p>&nbsp;<\/p>\n<p><strong>Vlastnosti:<\/strong><\/p>\n<ul>\n<li>CNC obr\u00e1b\u011bn\u00fd hlin\u00edkov\u00fd polotovar T-6061 vyroben\u00fd v USA<\/li>\n<li>OEM pouzdro diferenci\u00e1lu<\/li>\n<li>Spojovac\u00ed materi\u00e1l ARP (nebo ekvivalentn\u00ed) t\u0159\u00eddy 10.9<\/li>\n<li>Bezn\u00e1strojov\u00e9 vlo\u017eky P4D pro upevn\u011bn\u00ed p\u0159\u00ed\u010dn\u00edk\u016f<\/li>\n<li>Tvrd\u00fd eloxovan\u00fd povlak v \u010dern\u00e9 barv\u011b<\/li>\n<li>P\u0159\u00edstup k plnic\u00edm a vypou\u0161t\u011bc\u00edm z\u00e1tk\u00e1m<\/li>\n<li>Vhodn\u00e9 a\u017e do v\u00fdkonu kol 1000 k<\/li>\n<li>\u017d\u00e1dn\u00fd dal\u0161\u00ed hluk ani vibrace<\/li>\n<li>Pasuje na standardn\u00ed syst\u00e9m a v\u011bt\u0161inu syst\u00e9m\u016f p\u0159\u00edslu\u0161enstv\u00ed v\u010detn\u011b Borla.<\/li>\n<li>Nehod\u00ed se pro v\u00fdfukov\u00e9 syst\u00e9my aFe<\/li>\n<\/ul>\n<p>&nbsp;<\/p>\n<p><strong>Vhodn\u00e9 pro:<\/strong><\/p>\n<table width=\"529\">\n<tbody>\n<tr>\n<td width=\"115\"><strong>Zna\u010dka<\/strong><\/td>\n<td width=\"145\"><strong>Model\u00a0<\/strong><\/td>\n<td width=\"106\"><strong>Motor<\/strong><\/td>\n<td width=\"163\"><strong>Rok v\u00fdstavby<\/strong><\/td>\n<\/tr>\n<tr>\n<td>Chrysler<\/td>\n<td>300C<\/td>\n<td>5.7<\/td>\n<td>2015\u20132023<\/td>\n<\/tr>\n<tr>\n<td width=\"115\">Chrysler<\/td>\n<td width=\"145\">300C<\/td>\n<td>6.4<\/td>\n<td>2015\u20132023<\/td>\n<\/tr>\n<tr>\n<td>Dodge<\/td>\n<td>Challenger<\/td>\n<td>5.7<\/td>\n<td>2015\u20132023<\/td>\n<\/tr>\n<tr>\n<td width=\"115\">Dodge<\/td>\n<td width=\"145\">Challenger<\/td>\n<td>6.2 Hellcat<\/td>\n<td>2015\u20132023<\/td>\n<\/tr>\n<tr>\n<td>Dodge<\/td>\n<td>Challenger<\/td>\n<td>D\u00e9mon 170<\/td>\n<td>2023<\/td>\n<\/tr>\n<tr>\n<td width=\"115\">Dodge<\/td>\n<td width=\"145\">Challenger<\/td>\n<td>6.4<\/td>\n<td>2015\u20132023<\/td>\n<\/tr>\n<tr>\n<td>Dodge<\/td>\n<td>Charger<\/td>\n<td>5.7<\/td>\n<td>2015\u20132023<\/td>\n<\/tr>\n<tr>\n<td width=\"115\">Dodge<\/td>\n<td width=\"145\">Charger<\/td>\n<td>6.2 Hellcat<\/td>\n<td>2015\u20132023<\/td>\n<\/tr>\n<tr>\n<td width=\"115\">Dodge<\/td>\n<td width=\"145\">Charger<\/td>\n<td>6.4<\/td>\n<td>2015\u20132023<\/td>\n<\/tr>\n<\/tbody>\n<\/table>\n<p>&nbsp;<\/p>","protected":false},"excerpt":{"rendered":"<p>2015\u20132023<\/p>","protected":false},"featured_media":68306824,"comment_status":"open","ping_status":"closed","template":"","meta":{"_acf_changed":false},"product_brand":[21031],"product_cat":[4978,1589,1678,1694,1702,5157,1629,1637],"product_tag":[1132,52,217,91,101,93,668,54,53,48,536,152,665,3856,3843,667,3855,21034,49,3853,3854,3844,115,100,126,36,3846,21033,3847,3842,186,783,151,787,96,666,3848,3849,233,216,2334,236,3850],"class_list":{"0":"post-68267207","1":"product","2":"type-product","3":"status-publish","4":"has-post-thumbnail","6":"product_brand-per4mance-development","7":"product_cat-300c-57-2011-2023-getriebe","8":"product_cat-300c-64-getriebe","9":"product_cat-challenger-57-getriebe","10":"product_cat-challenger-hellcat-getriebe","11":"product_cat-challenger-64-getriebe","12":"product_cat-charger-57-2011-2023-getriebe","13":"product_cat-charger-hellcat-getriebe","14":"product_cat-charger-64-getriebe","15":"product_tag-1132","16":"product_tag-300c","17":"product_tag-217","18":"product_tag-5-7","19":"product_tag-6-2","20":"product_tag-6-4","21":"product_tag-antrieb","22":"product_tag-challenger","23":"product_tag-charger","24":"product_tag-chrysler","25":"product_tag-chrysler-300c","26":"product_tag-demon","27":"product_tag-differential","28":"product_tag-differential-integration-and-reinforcement-system","29":"product_tag-differentialkorb","30":"product_tag-differentialstrebe","31":"product_tag-dirs","32":"product_tag-dirs-r","33":"product_tag-dodge","34":"product_tag-dodge-challenger","35":"product_tag-dodge-charger","36":"product_tag-getper4mance","37":"product_tag-getriebe","38":"product_tag-hellcat","39":"product_tag-hemi","40":"product_tag-kraftwerk","41":"product_tag-optimierung","42":"product_tag-p4d-dirs-r","43":"product_tag-per4mance","44":"product_tag-per4mance-development","45":"product_tag-performance","46":"product_tag-r-t","47":"product_tag-redeye","48":"product_tag-rt","49":"product_tag-srt","50":"product_tag-strebe","51":"product_tag-torsion","52":"product_tag-traktion","53":"product_tag-tuning","54":"product_tag-upgrade","55":"product_tag-verbesserung","56":"product_tag-verstaerkung","57":"product_tag-versteifung","59":"first","60":"instock","61":"taxable","62":"shipping-taxable","63":"purchasable","64":"product-type-simple"},"bundled_by":[],"bundle_stock_status":"instock","bundle_stock_quantity":1,"bundle_virtual":false,"bundle_layout":"","bundle_add_to_cart_form_location":"","bundle_editable_in_cart":false,"bundle_sold_individually_context":"","bundle_item_grouping":"","bundle_min_size":"","bundle_max_size":"","bundle_price":[],"bundled_items":[],"bundle_sell_ids":[],"exclude_global_add_ons":[],"addons":[],"acf":[],"_links":{"self":[{"href":"https:\/\/kraftwerk-shop.cc\/cs\/wp-json\/wp\/v2\/product\/68267207","targetHints":{"allow":["GET"]}}],"collection":[{"href":"https:\/\/kraftwerk-shop.cc\/cs\/wp-json\/wp\/v2\/product"}],"about":[{"href":"https:\/\/kraftwerk-shop.cc\/cs\/wp-json\/wp\/v2\/types\/product"}],"replies":[{"embeddable":true,"href":"https:\/\/kraftwerk-shop.cc\/cs\/wp-json\/wp\/v2\/comments?post=68267207"}],"version-history":[{"count":0,"href":"https:\/\/kraftwerk-shop.cc\/cs\/wp-json\/wp\/v2\/product\/68267207\/revisions"}],"wp:featuredmedia":[{"embeddable":true,"href":"https:\/\/kraftwerk-shop.cc\/cs\/wp-json\/wp\/v2\/media\/68306824"}],"wp:attachment":[{"href":"https:\/\/kraftwerk-shop.cc\/cs\/wp-json\/wp\/v2\/media?parent=68267207"}],"wp:term":[{"taxonomy":"product_brand","embeddable":true,"href":"https:\/\/kraftwerk-shop.cc\/cs\/wp-json\/wp\/v2\/product_brand?post=68267207"},{"taxonomy":"product_cat","embeddable":true,"href":"https:\/\/kraftwerk-shop.cc\/cs\/wp-json\/wp\/v2\/product_cat?post=68267207"},{"taxonomy":"product_tag","embeddable":true,"href":"https:\/\/kraftwerk-shop.cc\/cs\/wp-json\/wp\/v2\/product_tag?post=68267207"}],"curies":[{"name":"wp","href":"https:\/\/api.w.org\/{rel}","templated":true}]}}