{"id":68267369,"date":"2022-05-26T17:05:24","date_gmt":"2022-05-26T15:05:24","guid":{"rendered":"https:\/\/kraftwerk-shop.cc\/?post_type=product&#038;p=68267369"},"modified":"2026-02-15T00:50:02","modified_gmt":"2026-02-14T23:50:02","slug":"corsa-3-sportovni-vyfukovy-system-ram-5-7-cerny","status":"publish","type":"product","link":"https:\/\/kraftwerk-shop.cc\/cs\/produkt\/corsa-3-zoll-sportabgasanlage-ram-5-7-schwarz\/","title":{"rendered":"Sportovn\u00ed v\u00fdfukov\u00fd syst\u00e9m Corsa RAM 5.7 (\u010dern\u00fd)"},"content":{"rendered":"<h1>Sportovn\u00ed v\u00fdfukov\u00fd syst\u00e9m Corsa 3,0\u2033 cat-back, dvojit\u00fd zadn\u00ed v\u00fdvod s dvoust\u011bnn\u00fdmi 5,0\u2033 koncovkami v\u00fdfuku pro RAM 1500 5.7 od roku 2019<strong><br \/>\n<\/strong><\/h1>\n<p>&nbsp;<\/p>\n<p>V\u00fdfuky Corsa Sport maj\u00ed jednoduchou, neomezuj\u00edc\u00ed konstrukci. Jsou spojeny s patentovan\u00fdm reflexn\u00edm tlumi\u010dem, kter\u00fd potla\u010duje nep\u0159\u00edjemn\u00e9 n\u00edzk\u00e9 frekvence zp\u016fsobuj\u00edc\u00ed dun\u011bn\u00ed a vytv\u00e1\u0159\u00ed jasn\u00fd, \u010dist\u00fd zvuk.<br \/>\nTato p\u0159evratn\u00e1 inovace tak\u00e9 sni\u017euje protitlak, co\u017e umo\u017e\u0148uje motoru generovat vy\u0161\u0161\u00ed v\u00fdkon a to\u010div\u00fd moment.<br \/>\nRobustn\u00ed, agresivn\u011b zn\u011bj\u00edc\u00ed sportovn\u00ed v\u00fdfuky Corsa jsou vyrobeny z vysoce kvalitn\u00ed nerezov\u00e9 oceli s \u010dern\u00fdmi koncovkami v\u00fdfuku, kter\u00e9 vylep\u0161uj\u00ed vzhled va\u0161eho vozidla. V\u00fdfuky Corsa jsou navr\u017eeny tak, aby poka\u017ed\u00e9 spr\u00e1vn\u011b sed\u011bly, a lze je rychle namontovat - nen\u00ed nutn\u00e9 \u017e\u00e1dn\u00e9 \u0159ez\u00e1n\u00ed ani sva\u0159ov\u00e1n\u00ed.<\/p>\n<p>&nbsp;<\/p>\n<p><strong>Technologie v\u00fdfuku bez dun\u011bn\u00ed<br \/>\n<\/strong><br \/>\nSpole\u010dnost CORSA Performance vstoupila do odv\u011btv\u00ed v\u00fdfuk\u016f v roce 1998 a zaveden\u00edm revolu\u010dn\u00ed technologie RSC\u00ae (Reflective Sound Cancellation\u00ae) p\u0159epsala pravidla pro vysoce v\u00fdkonn\u00e9 v\u00fdfuky.<br \/>\nTechnologie RSC\u00ae nab\u00edz\u00ed spole\u010dnosti CORSA Performance jedine\u010dnou schopnost c\u00edlen\u011b eliminovat rezonan\u010dn\u00ed frekvence, kter\u00e9 zp\u016fsobuj\u00ed dun\u011bn\u00ed, t\u00edm, \u017ee odr\u00e1\u017e\u00ed zvukov\u00e9 vlny mimo f\u00e1zi, a z\u00e1rove\u0148 p\u0159izp\u016fsobuje t\u00f3n v\u00fdfuku.<br \/>\nOd debutu technologie RSC\u00ae v roce 1998 u modelu C5 Corvette investovala spole\u010dnost CORSA Performance nespo\u010det prost\u0159edk\u016f do v\u00fdvoje patentovan\u00fdch n\u00e1stroj\u016f pro zdokonalen\u00ed v\u011bdy o zvuku, co\u017e vedlo k celosv\u011btov\u00e9mu uzn\u00e1n\u00ed vysoce v\u00fdkonn\u00fdch, agresivn\u00edch v\u00fdfukov\u00fdch syst\u00e9m\u016f, kter\u00e9 eliminuj\u00ed hluk.<\/p>\n<p>Spole\u010dnost CORSA Performance dnes vyu\u017e\u00edv\u00e1 n\u011bkolik forem vlastn\u00edch technologi\u00ed RSC a akustick\u00fdch \u0159e\u0161en\u00ed k eliminaci rezonan\u010dn\u00edch frekvenc\u00ed, kter\u00e9 zp\u016fsobuj\u00ed dun\u011bn\u00ed, a k dosa\u017een\u00ed po\u017eadovan\u00e9ho t\u00f3nu v\u00fdfuku.<br \/>\nKa\u017ed\u00fd v\u00fdfukov\u00fd syst\u00e9m vyroben\u00fd spole\u010dnost\u00ed CORSA Performance zohled\u0148uje konstrukci OEM, po\u017eadovan\u00fd v\u00fdkon a vz\u00e1jemn\u00e9 p\u016fsoben\u00ed cel\u00e9ho v\u00fdfukov\u00e9ho syst\u00e9mu.<br \/>\nB\u011bhem v\u00fdvojov\u00e9 f\u00e1ze je vybr\u00e1na technologie RSC, kter\u00e1 nejl\u00e9pe dosahuje po\u017eadovan\u00e9 rovnov\u00e1hy akustiky, co\u017e vede ke stovk\u00e1m jedine\u010dn\u00fdch konstrukc\u00ed, kter\u00e9 pokr\u00fdvaj\u00ed mnoho na\u0161ich aplikac\u00ed pro vozidla. Z\u0159\u00eddkakdy jsou dva v\u00fdfukov\u00e9 syst\u00e9my s technologi\u00ed RSC identick\u00e9.<\/p>\n<p>&nbsp;<\/p>\n<p>&nbsp;<\/p>\n<p><strong>Vlastnosti:<\/strong><\/p>\n<ul>\n<li>Vysoce v\u00fdkonn\u00fd zvuk<\/li>\n<li>V\u00fdrazn\u00e9 dun\u011bn\u00ed p\u0159i volnob\u011bhu<\/li>\n<li>Agresivn\u00ed zvuk v cel\u00e9m rozsahu ot\u00e1\u010dek<\/li>\n<li>\u017d\u00e1dn\u00e9 hu\u010den\u00ed b\u011bhem j\u00edzdy<\/li>\n<li>V\u00fdfukov\u00e9 potrub\u00ed s \u010dern\u00fdm pr\u00e1\u0161kov\u00fdm n\u00e1st\u0159ikem<\/li>\n<li>N\u011bmeck\u00fd n\u00e1vod k instalaci<\/li>\n<\/ul>\n<p>&nbsp;<\/p>\n<p>&nbsp;<\/p>\n<p><strong>Vhodn\u00e9 pro:<\/strong><\/p>\n<div class=\"description bottom\"><strong>2019-2024 Dodge RAM 1500 5.7L V8<\/strong><br \/>\nKr\u00e1tk\u00e1 kabina s pos\u00e1dkou, sk\u0159\u00ed\u0148 5' 7\u2033 Rozvor 144,6\u2033<br \/>\nKabina s dlouhou postel\u00ed, 6' 4'' sk\u0159\u00ed\u0148 153,5'' rozvor n\u00e1prav<br \/>\n\u010cty\u0159kabinov\u00e1 standardn\u00ed postel, 6' 4'' sk\u0159\u00ed\u0148 140,5'' rozvor n\u00e1prav<\/div>\n<div><\/div>\n<div><\/div>\n<div class=\"description bottom\"><strong>2019-2024 Dodge RAM Rebel 1500 5.7L V8<br \/>\n<\/strong> Kr\u00e1tk\u00e1 kabina s pos\u00e1dkou, sk\u0159\u00ed\u0148 5' 7\u2033 Rozvor 144,6\u2033<br \/>\n\u010cty\u0159kabinov\u00e1 standardn\u00ed postel, 6' 4'' sk\u0159\u00ed\u0148 140,5'' rozvor n\u00e1prav<\/div>\n<p>Nen\u00ed vhodn\u00e9 pro RAM Classic.<\/p>\n<p>&nbsp;<\/p>\n<p><iframe loading=\"lazy\" title=\"Sportovn\u00ed v\u00fdfukov\u00fd syst\u00e9m CORSA Performance pro RAM 5.7 od roku 2019\" width=\"500\" height=\"281\" src=\"https:\/\/www.youtube.com\/embed\/lEIHOStK5YM?feature=oembed\" frameborder=\"0\" allow=\"accelerometer; autoplay; clipboard-write; encrypted-media; gyroscope; picture-in-picture; web-share\" referrerpolicy=\"strict-origin-when-cross-origin\" allowfullscreen><\/iframe><\/p>","protected":false},"excerpt":{"rendered":"<p>2019\u20132024<\/p>","protected":false},"featured_media":68267370,"comment_status":"open","ping_status":"closed","template":"","meta":{"_acf_changed":false},"product_brand":[],"product_cat":[3024,6623],"product_tag":[475,419,420,16857,2066,2373,4526,3887,91,1035,1036,546,3045,1047,2210,3035,3586,476,1043,3883,126,20273,1040,186,3886,86,2435,3881,2899,148,547,1034,1038],"class_list":{"0":"post-68267369","1":"product","2":"type-product","3":"status-publish","4":"has-post-thumbnail","6":"product_cat-nicht-nach-eu","7":"product_cat-1500-57-dt-abgasanlage-catback","8":"product_tag-475","9":"product_tag-419","10":"product_tag-420","11":"product_tag-16857","12":"product_tag-2066","13":"product_tag-2373","14":"product_tag-4526","15":"product_tag-21035bpc","16":"product_tag-5-7","17":"product_tag-abgasanlage","18":"product_tag-abgassystem","19":"product_tag-auspuff","20":"product_tag-beschichtet","21":"product_tag-cat-back","22":"product_tag-catback","23":"product_tag-chrom","24":"product_tag-corsa","25":"product_tag-dt","26":"product_tag-endrohr","27":"product_tag-endrohre","28":"product_tag-hemi","29":"product_tag-keintuev","30":"product_tag-laut","31":"product_tag-performance","32":"product_tag-pulverbeschichtet","33":"product_tag-ram","34":"product_tag-rohr","35":"product_tag-satin","36":"product_tag-schalldaempfer","37":"product_tag-schwarz","38":"product_tag-sportauspuff","39":"product_tag-sportauspuffanlage","40":"product_tag-sportendschalldaempfer","41":"product_shipping_class-spedition-1","43":"first","44":"onbackorder","45":"taxable","46":"shipping-taxable","47":"purchasable","48":"product-type-simple"},"bundled_by":[],"bundle_stock_status":"onbackorder","bundle_stock_quantity":0,"bundle_virtual":false,"bundle_layout":"","bundle_add_to_cart_form_location":"","bundle_editable_in_cart":false,"bundle_sold_individually_context":"","bundle_item_grouping":"","bundle_min_size":"","bundle_max_size":"","bundle_price":[],"bundled_items":[],"bundle_sell_ids":[],"exclude_global_add_ons":[],"addons":[],"acf":[],"_links":{"self":[{"href":"https:\/\/kraftwerk-shop.cc\/cs\/wp-json\/wp\/v2\/product\/68267369","targetHints":{"allow":["GET"]}}],"collection":[{"href":"https:\/\/kraftwerk-shop.cc\/cs\/wp-json\/wp\/v2\/product"}],"about":[{"href":"https:\/\/kraftwerk-shop.cc\/cs\/wp-json\/wp\/v2\/types\/product"}],"replies":[{"embeddable":true,"href":"https:\/\/kraftwerk-shop.cc\/cs\/wp-json\/wp\/v2\/comments?post=68267369"}],"version-history":[{"count":0,"href":"https:\/\/kraftwerk-shop.cc\/cs\/wp-json\/wp\/v2\/product\/68267369\/revisions"}],"wp:featuredmedia":[{"embeddable":true,"href":"https:\/\/kraftwerk-shop.cc\/cs\/wp-json\/wp\/v2\/media\/68267370"}],"wp:attachment":[{"href":"https:\/\/kraftwerk-shop.cc\/cs\/wp-json\/wp\/v2\/media?parent=68267369"}],"wp:term":[{"taxonomy":"product_brand","embeddable":true,"href":"https:\/\/kraftwerk-shop.cc\/cs\/wp-json\/wp\/v2\/product_brand?post=68267369"},{"taxonomy":"product_cat","embeddable":true,"href":"https:\/\/kraftwerk-shop.cc\/cs\/wp-json\/wp\/v2\/product_cat?post=68267369"},{"taxonomy":"product_tag","embeddable":true,"href":"https:\/\/kraftwerk-shop.cc\/cs\/wp-json\/wp\/v2\/product_tag?post=68267369"}],"curies":[{"name":"wp","href":"https:\/\/api.w.org\/{rel}","templated":true}]}}