{"id":68267397,"date":"2022-05-26T22:21:50","date_gmt":"2022-05-26T20:21:50","guid":{"rendered":"https:\/\/kraftwerk-shop.cc\/?post_type=product&#038;p=68267397"},"modified":"2025-05-31T15:48:24","modified_gmt":"2025-05-31T13:48:24","slug":"eibach-anti-roll-kit-performance-stabilizatory-chrysler-300c-dodge-challenger-charger","status":"publish","type":"product","link":"https:\/\/kraftwerk-shop.cc\/cs\/produkt\/eibach-anti-roll-kit-performance-stabilisatoren-chrysler-300c-dodge-challenger-charger\/","title":{"rendered":"Eibach anti-roll kit \/ Performance stabiliz\u00e1tory 300C, Challenger &amp; Charger"},"content":{"rendered":"<h1>Sada stabiliz\u00e1tor\u016f Eibach pro Chrysler 300C, Dodge Challenger a Charger<\/h1>\n<p>&nbsp;<\/p>\n<p>Dodejte sv\u00e9mu zav\u011b\u0161en\u00ed kone\u010dnou podobu pomoc\u00ed sady protiprokluzov\u00e9ho za\u0159\u00edzen\u00ed Eibach.  Sada Eibach anti-roll kit dolad\u00ed j\u00edzdn\u00ed vlastnosti va\u0161eho vozu.<\/p>\n<p>Protiprokluzov\u00e9 sady Eibach sni\u017euj\u00ed tendenci karoserie k nakl\u00e1n\u011bn\u00ed t\u00edm, \u017ee zvy\u0161uj\u00ed jej\u00ed tuhost a zaji\u0161\u0165uj\u00ed v\u011bt\u0161\u00ed stabilitu.<br \/>\nV\u00fdsledkem je lep\u0161\u00ed ovladatelnost a lep\u0161\u00ed p\u0159ilnavost v jak\u00e9koli sportovn\u00ed j\u00edzdn\u00ed pozici.<\/p>\n<p>Sada proti p\u0159eto\u010den\u00ed je vyrobena z pru\u017einov\u00e9ho ocelov\u00e9ho dr\u00e1tu tv\u00e1\u0159en\u00e9ho za studena a opat\u0159ena odoln\u00fdm pr\u00e1\u0161kov\u00fdm lakem pro vysoce p\u0159esn\u00fd v\u00fdkon.<\/p>\n<p>&nbsp;<\/p>\n<ul>\n<li>Stabiliz\u00e1tory slou\u017e\u00ed k regulaci bo\u010dn\u00edch sil, jako jsou odst\u0159ediv\u00e9 s\u00edly, v syst\u00e9mu podvozku.<\/li>\n<li>T\u00edm se sni\u017euje odvalov\u00e1n\u00ed a valiv\u00e9 pohyby - a t\u00edm i bo\u010dn\u00ed n\u00e1klon - p\u0159i zat\u00e1\u010den\u00ed a jin\u00fdch rychl\u00fdch zm\u011bn\u00e1ch sm\u011bru j\u00edzdy.<\/li>\n<li>Syst\u00e9m za\u010d\u00edn\u00e1 s jednostrannou v\u00fdchylkou a pot\u00e9 se p\u0159idaj\u00ed sazby pru\u017ein a stabiliz\u00e1tor\u016f.<\/li>\n<li>P\u0159i pr\u016fjezdu zat\u00e1\u010dkou a v podobn\u00fdch situac\u00edch se t\u011b\u017ei\u0161t\u011b vozidla p\u016fsoben\u00edm stabiliz\u00e1tor\u016f posouv\u00e1 zp\u011bt k ide\u00e1ln\u00edmu st\u0159edov\u00e9mu bodu.<\/li>\n<li>Rozd\u00edly v zat\u00ed\u017een\u00ed mezi vn\u011bj\u0161\u00edm a vnit\u0159n\u00edm kolem v ohybu se rovn\u011b\u017e sni\u017euj\u00ed.<\/li>\n<li>V ide\u00e1ln\u00edm p\u0159\u00edpad\u011b to v\u0161e vede k z\u00e1\u017eitku z j\u00edzdy, kter\u00fd je \"jako j\u00edzda po kolej\u00edch\".<\/li>\n<li>P\u0159i sou\u010dasn\u00e9m stla\u010den\u00ed na obou stran\u00e1ch z\u016fst\u00e1vaj\u00ed stabiliz\u00e1tory neutr\u00e1ln\u00ed a p\u016fvodn\u00ed vlastnosti odpru\u017een\u00ed se nem\u011bn\u00ed.<\/li>\n<li>Stabiliz\u00e1tory lze pou\u017e\u00edt tak\u00e9 k ovlivn\u011bn\u00ed samo\u010dinn\u00e9ho \u0159\u00edzen\u00ed vozidla, tj. k ovlivn\u011bn\u00ed nedot\u00e1\u010divosti nebo p\u0159et\u00e1\u010divosti.<\/li>\n<li>P\u0159edn\u00ed a zadn\u00ed stabiliz\u00e1tory jsou nastaviteln\u00e9 ve dvou sm\u011brech<\/li>\n<li>Pr\u016fm\u011br trubky vp\u0159edu 35 mm, vzadu 19 mm<\/li>\n<\/ul>\n<p>&nbsp;<\/p>\n<p><strong>Vhodn\u00e9 pro:<\/strong><\/p>\n<table width=\"529\">\n<tbody>\n<tr>\n<td width=\"115\"><strong>Zna\u010dka<\/strong><\/td>\n<td width=\"145\"><strong>Model<\/strong><\/td>\n<td width=\"106\"><strong>Motor<\/strong><\/td>\n<td width=\"163\"><strong>Rok v\u00fdstavby<\/strong><\/td>\n<\/tr>\n<tr>\n<td>Chrysler<\/td>\n<td>300C<\/td>\n<td>3.6<\/td>\n<td>2011\u20132014<\/td>\n<\/tr>\n<tr>\n<td>Chrysler<\/td>\n<td>300C<\/td>\n<td>5.7<\/td>\n<td>2011\u20132014<\/td>\n<\/tr>\n<tr>\n<td width=\"115\">Chrysler<\/td>\n<td width=\"145\">300C<\/td>\n<td>6.4<\/td>\n<td width=\"163\">2011\u20132014<\/td>\n<\/tr>\n<tr>\n<td>Dodge<\/td>\n<td>Challenger<\/td>\n<td>3.5<\/td>\n<td>2008\u20132010<\/td>\n<\/tr>\n<tr>\n<td width=\"115\">Dodge<\/td>\n<td width=\"145\">Challenger<\/td>\n<td>3.6<\/td>\n<td width=\"163\">2011\u20132014<\/td>\n<\/tr>\n<tr>\n<td width=\"115\">Dodge<\/td>\n<td width=\"145\">Challenger<\/td>\n<td>5.7<\/td>\n<td>2008\u20132014<\/td>\n<\/tr>\n<tr>\n<td width=\"115\">Dodge<\/td>\n<td width=\"145\">Challenger<\/td>\n<td>6.1<\/td>\n<td>2008\u20132010<\/td>\n<\/tr>\n<tr>\n<td width=\"115\">Dodge<\/td>\n<td width=\"145\">Challenger<\/td>\n<td>6.4<\/td>\n<td>2011\u20132014<\/td>\n<\/tr>\n<tr>\n<td>Dodge<\/td>\n<td>Charger<\/td>\n<td>3.6<\/td>\n<td>2011\u20132014<\/td>\n<\/tr>\n<tr>\n<td>Dodge<\/td>\n<td>Charger<\/td>\n<td>5.7<\/td>\n<td>2011\u20132014<\/td>\n<\/tr>\n<tr>\n<td width=\"115\">Dodge<\/td>\n<td width=\"145\">Charger<\/td>\n<td>6.4<\/td>\n<td>2011\u20132014<\/td>\n<\/tr>\n<\/tbody>\n<\/table>\n<div class=\"product-teaser\">\n<p>Nen\u00ed vhodn\u00e9 pro vozidla s pohonem v\u0161ech kol (AWD).<\/p>\n<\/div>","protected":false},"excerpt":{"rendered":"<p>2008 - 2014 (Challenger)<br \/>\n2011 - 2014 (300C + Charger)<\/p>","protected":false},"featured_media":68267410,"comment_status":"open","ping_status":"closed","template":"","meta":{"_acf_changed":false},"product_brand":[],"product_cat":[1563,4977,1587,2574,1668,1676,1684,1700,1603,5156,1635],"product_tag":[3900,169,52,91,93,3888,3897,54,53,48,536,49,3853,3854,810,743,318,3893,126,798,222,783,3896,3898,3894,787,96,767,769,3891,3899,3889,3890,831,841],"class_list":{"0":"post-68267397","1":"product","2":"type-product","3":"status-publish","4":"has-post-thumbnail","6":"product_cat-300c-36-fahrwerk","7":"product_cat-300c-57-2011-2023-fahrwerk","8":"product_cat-300c-64-fahrwerk","9":"product_cat-challenger-35-fahrwerk","10":"product_cat-challenger-36-fahrwerk","11":"product_cat-challenger-57-fahrwerk","12":"product_cat-challenger-61-fahrwerk","13":"product_cat-challenger-64-fahrwerk","14":"product_cat-charger-36-fahrwerk","15":"product_cat-charger-57-2011-2023-fahrwerk","16":"product_cat-charger-64-fahrwerk","17":"product_tag-2895-320","18":"product_tag-3-6","19":"product_tag-300c","20":"product_tag-5-7","21":"product_tag-6-4","22":"product_tag-anti-roll","23":"product_tag-bar","24":"product_tag-challenger","25":"product_tag-charger","26":"product_tag-chrysler","27":"product_tag-chrysler-300c","28":"product_tag-dodge","29":"product_tag-dodge-challenger","30":"product_tag-dodge-charger","31":"product_tag-eibach","32":"product_tag-fahrwerk","33":"product_tag-federn","34":"product_tag-federung","35":"product_tag-hemi","36":"product_tag-hinten","37":"product_tag-kit","38":"product_tag-r-t","39":"product_tag-roll","40":"product_tag-rollbar","41":"product_tag-rollneigung","42":"product_tag-rt","43":"product_tag-srt","44":"product_tag-stabi","45":"product_tag-stabilisator","46":"product_tag-stabilisatoren","47":"product_tag-sway","48":"product_tag-sway-bar","49":"product_tag-swaybar","50":"product_tag-verstellbar","51":"product_tag-vorne","52":"product_shipping_class-deutschlandohne","54":"first","55":"onbackorder","56":"taxable","57":"shipping-taxable","58":"purchasable","59":"product-type-simple"},"bundled_by":[],"bundle_stock_status":"onbackorder","bundle_stock_quantity":0,"bundle_virtual":false,"bundle_layout":"","bundle_add_to_cart_form_location":"","bundle_editable_in_cart":false,"bundle_sold_individually_context":"","bundle_item_grouping":"","bundle_min_size":"","bundle_max_size":"","bundle_price":[],"bundled_items":[],"bundle_sell_ids":[],"exclude_global_add_ons":[],"addons":[],"acf":[],"_links":{"self":[{"href":"https:\/\/kraftwerk-shop.cc\/cs\/wp-json\/wp\/v2\/product\/68267397","targetHints":{"allow":["GET"]}}],"collection":[{"href":"https:\/\/kraftwerk-shop.cc\/cs\/wp-json\/wp\/v2\/product"}],"about":[{"href":"https:\/\/kraftwerk-shop.cc\/cs\/wp-json\/wp\/v2\/types\/product"}],"replies":[{"embeddable":true,"href":"https:\/\/kraftwerk-shop.cc\/cs\/wp-json\/wp\/v2\/comments?post=68267397"}],"version-history":[{"count":0,"href":"https:\/\/kraftwerk-shop.cc\/cs\/wp-json\/wp\/v2\/product\/68267397\/revisions"}],"wp:featuredmedia":[{"embeddable":true,"href":"https:\/\/kraftwerk-shop.cc\/cs\/wp-json\/wp\/v2\/media\/68267410"}],"wp:attachment":[{"href":"https:\/\/kraftwerk-shop.cc\/cs\/wp-json\/wp\/v2\/media?parent=68267397"}],"wp:term":[{"taxonomy":"product_brand","embeddable":true,"href":"https:\/\/kraftwerk-shop.cc\/cs\/wp-json\/wp\/v2\/product_brand?post=68267397"},{"taxonomy":"product_cat","embeddable":true,"href":"https:\/\/kraftwerk-shop.cc\/cs\/wp-json\/wp\/v2\/product_cat?post=68267397"},{"taxonomy":"product_tag","embeddable":true,"href":"https:\/\/kraftwerk-shop.cc\/cs\/wp-json\/wp\/v2\/product_tag?post=68267397"}],"curies":[{"name":"wp","href":"https:\/\/api.w.org\/{rel}","templated":true}]}}