{"id":68268068,"date":"2022-06-21T13:13:06","date_gmt":"2022-06-21T11:13:06","guid":{"rendered":"https:\/\/kraftwerk-shop.cc\/?post_type=product&#038;p=68268068"},"modified":"2026-04-02T17:24:03","modified_gmt":"2026-04-02T15:24:03","slug":"ventilace-krytu-ventilu-dodge-challenger-charger-durango-hellcat-jeep-trackhawk","status":"publish","type":"product","link":"https:\/\/kraftwerk-shop.cc\/cs\/produkt\/ventildeckelentlueftung-dodge-challenger-charger-durango-hellcat-jeep-trackhawk\/","title":{"rendered":"Odv\u011btr\u00e1n\u00ed krytu ventil\u016f Hellcat &amp; Trackhawk (chrom)"},"content":{"rendered":"<h1>Otev\u0159en\u00fd odvzdu\u0161\u0148ovac\u00ed kryt ventilu pro Dodge Challenger, Charger &amp; Durango Hellcat a Jeep Grand Cherokee Trackhawk, filtr s chromovan\u00fdm krytem<\/h1>\n<p>&nbsp;<\/p>\n<p>Toto odvzdu\u0161\u0148ovac\u00ed v\u00ed\u010dko v\u00edka ventilu se instaluje na m\u00edsto v\u00ed\u010dka olejov\u00e9 n\u00e1dr\u017ee; na vozidle nejsou nutn\u00e9 \u017e\u00e1dn\u00e9 \u00fapravy.<\/p>\n<p>P\u0159esn\u011b opracovan\u00e1 spir\u00e1la v z\u00e1kladn\u011b pouzdra p\u0159esn\u011b zapad\u00e1 do plnic\u00ed trubice a t\u011bsn\u011bn\u00ed dr\u017e\u00ed na m\u00edst\u011b d\u00edky dod\u00e1van\u00e9mu O-krou\u017eku.<\/p>\n<p>U p\u0159epl\u0148ovan\u00fdch motor\u016f se tlak spalov\u00e1n\u00ed nevyhnuteln\u011b dost\u00e1v\u00e1 do klikov\u00e9 sk\u0159\u00edn\u011b a tento tlak p\u0159isp\u00edv\u00e1 ke ztr\u00e1t\u011b v\u00fdkonu, zv\u00fd\u0161en\u00ed teploty oleje a p\u0159ed\u010dasn\u00e9mu selh\u00e1n\u00ed t\u011bsn\u011bn\u00ed motoru.<br \/>\nOdvzdu\u0161\u0148ovac\u00ed otvor slou\u017e\u00ed jako vysokopr\u016ftokov\u00fd odvzdu\u0161\u0148ovac\u00ed otvor, tak\u017ee vznikl\u00fd tlak m\u016f\u017ee snadno unikat do atmosf\u00e9ry.<\/p>\n<p>Tento odvzdu\u0161\u0148ovac\u00ed ventil je vybaven patentovan\u00fdm zp\u011btn\u00fdm ventilem APV, tak\u017ee vnit\u0159n\u00ed tlak m\u016f\u017ee proch\u00e1zet, ale do sac\u00edho traktu motoru nem\u016f\u017ee b\u00fdt odvzdu\u0161\u0148ovac\u00edm ventilem nas\u00e1v\u00e1n vzduch zven\u010d\u00ed.<br \/>\nToto odvzdu\u0161n\u011bn\u00ed sni\u017euje \u00fa\u010dinnost syst\u00e9mu PCV vozidla a nen\u00ed v souladu s emisn\u00edmi p\u0159edpisy.<br \/>\nInstalace tohoto odvzdu\u0161\u0148ovac\u00edho syst\u00e9mu nem\u00e1 vliv na lad\u011bn\u00ed motoru.<\/p>\n<p>Toto odvzdu\u0161\u0148ovac\u00ed v\u00edko ventilu je vyrobeno z hlin\u00edku a na vn\u011bj\u0161\u00edm povrchu je opracov\u00e1no mikroobr\u00e1b\u011bn\u00edm.<br \/>\nFiltr je vysoce kvalitn\u00ed, opakovan\u011b pou\u017eiteln\u00e1 jednotka vyr\u00e1b\u011bn\u00e1 v USA spole\u010dnost\u00ed S &amp; B Filters.<\/p>\n<p>Instala\u010dn\u00ed v\u00fd\u0161ka je men\u0161\u00ed ne\u017e 3\u2033.<\/p>\n<p>&nbsp;<\/p>\n<p><strong>Vhodn\u00e9 pro:<\/strong><\/p>\n<table width=\"449\">\n<tbody>\n<tr>\n<td width=\"115\"><strong>Zna\u010dka<\/strong><\/td>\n<td width=\"145\"><strong>Model<\/strong><\/td>\n<td width=\"106\"><strong>Motor<\/strong><\/td>\n<td width=\"83\"><strong>Rok v\u00fdstavby<\/strong><\/td>\n<\/tr>\n<tr>\n<td width=\"115\">Dodge<\/td>\n<td width=\"145\">Charger<\/td>\n<td width=\"106\">6.2 Hellcat<\/td>\n<td width=\"83\">2015\u20132023<\/td>\n<\/tr>\n<tr>\n<td width=\"115\">Dodge<\/td>\n<td width=\"145\">Challenger<\/td>\n<td width=\"106\">6.2 Hellcat<\/td>\n<td width=\"83\">2015\u20132023<\/td>\n<\/tr>\n<tr>\n<td width=\"115\">Dodge<\/td>\n<td width=\"145\">Durango<\/td>\n<td width=\"106\">6.2 Hellcat<\/td>\n<td width=\"83\">2021\u20132023<\/td>\n<\/tr>\n<tr>\n<td width=\"115\">Jeep<\/td>\n<td width=\"145\">Grand Cherokee<\/td>\n<td width=\"106\">6.2 Trackhawk<\/td>\n<td width=\"83\">2018\u20132021<\/td>\n<\/tr>\n<\/tbody>\n<\/table>","protected":false},"excerpt":{"rendered":"<p>Otev\u0159en\u00e9 odvzdu\u0161n\u011bn\u00ed v\u00edka ventilu pro Dodge Challenger, Charger &amp; Durango Hellcat a Jeep Grand Cherokee Trackhawk, filtr s chromovan\u00fdm krytem Toto odvzdu\u0161n\u011bn\u00ed v\u00edka ventilu<\/p>","protected":false},"featured_media":68299223,"comment_status":"open","ping_status":"closed","template":"","meta":{"_acf_changed":false},"product_brand":[19068],"product_cat":[6658,6663,6673],"product_tag":[54,53,3035,152,49,3853,3854,155,56,100,50,4425,4427,4426,3505,84,157,151,102,153,154,156],"class_list":{"0":"post-68268068","1":"product","2":"type-product","3":"status-publish","4":"has-post-thumbnail","6":"product_brand-kraftwerk","7":"product_cat-challenger-hellcat-nockenwelle-ventiltrieb","8":"product_cat-charger-hellcat-nockenwelle-ventiltrieb","9":"product_cat-trackhawk-nockenwelle-ventiltrieb","10":"product_tag-challenger","11":"product_tag-charger","12":"product_tag-chrom","13":"product_tag-demon","14":"product_tag-dodge","15":"product_tag-dodge-challenger","16":"product_tag-dodge-charger","17":"product_tag-entlueftung","18":"product_tag-grand-cherokee","19":"product_tag-hellcat","20":"product_tag-jeep","21":"product_tag-jeep-grand-cherokee","22":"product_tag-jeep-grand-cherokee-trackhawk","23":"product_tag-jeep-trackhawk","24":"product_tag-kurbelgehaeuse","25":"product_tag-kurbelgehaeuseentlueftung","26":"product_tag-metco","27":"product_tag-redeye","28":"product_tag-trackhawk","29":"product_tag-valve-cover-breather","30":"product_tag-ventildeckel","31":"product_tag-ventildeckelentlueftung","33":"first","34":"instock","35":"taxable","36":"shipping-taxable","37":"purchasable","38":"product-type-simple"},"bundled_by":[],"bundle_stock_status":"instock","bundle_stock_quantity":5,"bundle_virtual":false,"bundle_layout":"","bundle_add_to_cart_form_location":"","bundle_editable_in_cart":false,"bundle_sold_individually_context":"","bundle_item_grouping":"","bundle_min_size":"","bundle_max_size":"","bundle_price":[],"bundled_items":[],"bundle_sell_ids":[],"exclude_global_add_ons":[],"addons":[],"acf":[],"_links":{"self":[{"href":"https:\/\/kraftwerk-shop.cc\/cs\/wp-json\/wp\/v2\/product\/68268068","targetHints":{"allow":["GET"]}}],"collection":[{"href":"https:\/\/kraftwerk-shop.cc\/cs\/wp-json\/wp\/v2\/product"}],"about":[{"href":"https:\/\/kraftwerk-shop.cc\/cs\/wp-json\/wp\/v2\/types\/product"}],"replies":[{"embeddable":true,"href":"https:\/\/kraftwerk-shop.cc\/cs\/wp-json\/wp\/v2\/comments?post=68268068"}],"version-history":[{"count":0,"href":"https:\/\/kraftwerk-shop.cc\/cs\/wp-json\/wp\/v2\/product\/68268068\/revisions"}],"wp:featuredmedia":[{"embeddable":true,"href":"https:\/\/kraftwerk-shop.cc\/cs\/wp-json\/wp\/v2\/media\/68299223"}],"wp:attachment":[{"href":"https:\/\/kraftwerk-shop.cc\/cs\/wp-json\/wp\/v2\/media?parent=68268068"}],"wp:term":[{"taxonomy":"product_brand","embeddable":true,"href":"https:\/\/kraftwerk-shop.cc\/cs\/wp-json\/wp\/v2\/product_brand?post=68268068"},{"taxonomy":"product_cat","embeddable":true,"href":"https:\/\/kraftwerk-shop.cc\/cs\/wp-json\/wp\/v2\/product_cat?post=68268068"},{"taxonomy":"product_tag","embeddable":true,"href":"https:\/\/kraftwerk-shop.cc\/cs\/wp-json\/wp\/v2\/product_tag?post=68268068"}],"curies":[{"name":"wp","href":"https:\/\/api.w.org\/{rel}","templated":true}]}}