{"id":68268171,"date":"2022-06-25T17:24:43","date_gmt":"2022-06-25T15:24:43","guid":{"rendered":"https:\/\/kraftwerk-shop.cc\/?post_type=product&#038;p=68268171"},"modified":"2026-03-30T02:24:51","modified_gmt":"2026-03-30T00:24:51","slug":"awe-0fg-vyfukovy-system-ram-57-ds-classic","status":"publish","type":"product","link":"https:\/\/kraftwerk-shop.cc\/cs\/produkt\/awe-0fg-abgasanlage-ram-57-ds-classic\/","title":{"rendered":"AWE 0FG V\u00fdfukov\u00fd syst\u00e9m RAM 5.7"},"content":{"rendered":"<h1>V\u00fdfukov\u00fd syst\u00e9m AWE 0FG pro RAM 5.7<\/h1>\n<p>&nbsp;<\/p>\n<p>0FG je 3palcov\u00fd v\u00fdfukov\u00fd syst\u00e9m typu catback z nerezov\u00e9 oceli T304L s patentovanou technologi\u00ed AWE Drone-Cancelling 180 Technology\u00ae.<br \/>\nV kombinaci s p\u0159esn\u00fdm uchycen\u00edm, prvot\u0159\u00eddn\u00ed tuhost\u00ed a mo\u017enost\u00ed p\u0159izp\u016fsoben\u00ed v\u00fdfuku pro v\u0161echny varianty n\u00e1razn\u00edku se jedn\u00e1 o nejl\u00e9pe zn\u011bj\u00edc\u00ed v\u00fdfuk na sv\u011bt\u011b\u2122 pro 4. generaci RAM 5.7.<\/p>\n<p>Nerezov\u00e1 ocel T304L z USA s tlou\u0161\u0165kou st\u011bny 0,065\u2033 plynule p\u0159ech\u00e1z\u00ed zep\u0159edu dozadu a napojuje se p\u0159\u00edmo na tov\u00e1rn\u00ed v\u00fdfukov\u00fd syst\u00e9m.<br \/>\nPo v\u00fdstupu z rezon\u00e1toru 180 Technology\u00ae se v\u00fdfuk rozd\u011bl\u00ed do dvou t\u0159\u00edpalcov\u00fdch trubek a\u017e k v\u00fdfukov\u00fdm koncovk\u00e1m.<\/p>\n<p><strong>Dokonal\u00fd zvuk d\u00edky technologii AWE 180 Technology\u00ae.<\/strong><\/p>\n<p>Patentovan\u00e1 technologie AWE 180 Technology\u00ae zaji\u0161\u0165uje, \u017ee se agresivita nedostane do zadn\u00ed \u010d\u00e1sti vozu RAM ani do kabiny.<\/p>\n<p>Kdy\u017e v\u00fdfukov\u00e9 plyny vych\u00e1zej\u00ed z motoru o objemu 5,7 litru a proud\u00ed do rezon\u00e1toru vybaven\u00e9ho technologi\u00ed AWE 180 Technology\u00ae, jsou vedeny strategicky um\u00edst\u011bn\u00fdmi otvory do reflexn\u00edch komor. Zvukov\u00e9 vlny p\u0159en\u00e1\u0161en\u00e9 v\u00fdfukov\u00fdmi plyny se odr\u00e1\u017eej\u00ed od st\u011bn odrazov\u00fdch komor.<\/p>\n<p>\u0158\u00edzen\u00edm velikosti a polohy otvor\u016f a komor tak\u00e9 \u0159\u00edd\u00edme, kdy zvukov\u00e9 vlny z komor vych\u00e1zej\u00ed. Specifick\u00fd \u010das, kdy odra\u017een\u00e9 zvukov\u00e9 vlny op\u011bt vstupuj\u00ed do hlavn\u00edho proudu v\u00fdfukov\u00fdch plyn\u016f, vytv\u00e1\u0159\u00ed zvukovou vlnu f\u00e1zov\u011b posunutou o 180 stup\u0148\u016f, kter\u00e1 ru\u0161\u00ed problematick\u00e9 frekvence.<\/p>\n<p>&nbsp;<\/p>\n<p><strong>Mo\u017enosti n\u00e1razn\u00edku a v\u00fdfuku<\/strong><\/p>\n<p>N\u00e1razn\u00edk bez v\u00fd\u0159ez\u016f:<\/p>\n<ul>\n<li dir=\"ltr\">\n<p dir=\"ltr\">Dvoust\u011bnn\u00e1 4,5palcov\u00e1 koncovka v\u00fdfuku s jedn\u00edm v\u00fdvodem na stran\u011b spolujezdce s lom\u00edtkem v diamantov\u011b \u010dern\u00e9 nebo chromov\u011b st\u0159\u00edbrn\u00e9 barv\u011b.<\/p>\n<\/li>\n<li dir=\"ltr\">\n<p dir=\"ltr\">Dvojit\u00fd zadn\u00ed v\u00fdvod, 5\u2033 dvoust\u011bnn\u00e9, rovn\u011b \u0159ezan\u00e9 koncovky v\u00fdfuku v diamantov\u011b \u010dern\u00e9 nebo chromov\u011b st\u0159\u00edbrn\u00e9 barv\u011b<\/p>\n<\/li>\n<\/ul>\n<p>N\u00e1razn\u00edk s v\u00fd\u0159ezy:<\/p>\n<ul>\n<li>Dvojit\u00fd zadn\u00ed v\u00fdvod, 5\u2033 dvoust\u011bnn\u00e9 koncovky v\u00fdfuku s lomen\u00fdm \u0159ezem v diamantov\u011b \u010dern\u00e9 nebo chromov\u011b st\u0159\u00edbrn\u00e9 barv\u011b.<\/li>\n<\/ul>\n<p>&nbsp;<\/p>\n<p><strong>Co je sou\u010d\u00e1st\u00ed dod\u00e1vky?<\/strong><\/p>\n<p>Kompletn\u00ed zadn\u00ed tlumi\u010d 0FG, dv\u011b v\u00fdfukov\u00e9 trubky v po\u017eadovan\u00e9m proveden\u00ed, BashGuard (pokud je k dispozici) a ve\u0161ker\u00fd mont\u00e1\u017en\u00ed materi\u00e1l pot\u0159ebn\u00fd k instalaci.<\/p>\n<p>&nbsp;<\/p>\n<p><strong>Vlastnosti<\/strong><\/p>\n<ul>\n<li>Konfigurace 3\u2033 Catback<\/li>\n<li>Speci\u00e1ln\u00ed konfigurace pro v\u0161echny typy n\u00e1razn\u00edk\u016f: dvojit\u00fd zadn\u00ed v\u00fdvod a jednoduch\u00fd bo\u010dn\u00ed v\u00fdvod<\/li>\n<li>D\u00edky patentovan\u00e9mu \u0159e\u0161en\u00ed spole\u010dnosti AWE pro potla\u010den\u00ed dron\u016f, 180 Technology\u00ae.<\/li>\n<li>Ru\u010dn\u00ed v\u00fdroba z CNC oh\u00fdban\u00e9 nerezov\u00e9 oceli T304L vyroben\u00e9 v USA s tlou\u0161\u0165kou st\u011bny 0,065\u2033.<\/li>\n<li>Dvoust\u011bnn\u00e9 5\u2033 v\u00fdfuky se zkosen\u00fdm \u0159ezem pro n\u00e1razn\u00edky s v\u00fd\u0159ezy<\/li>\n<li>Jednoduch\u00fd bo\u010dn\u00ed v\u00fdstup s dvojit\u00fdmi 4\u2033 v\u00fdfukov\u00fdmi trubkami se zkosen\u00fdm v\u00fd\u0159ezem nebo dvojit\u00fd skute\u010dn\u00fd v\u00fdstup s rovn\u00fdmi 5\u2033 v\u00fdfukov\u00fdmi trubkami pro ploch\u00e9 n\u00e1razn\u00edky (bez v\u00fd\u0159ez\u016f).<\/li>\n<li>V\u0161echny konfigurace ploch\u00e9ho n\u00e1razn\u00edku jsou dod\u00e1v\u00e1ny s chr\u00e1ni\u010di AWE BashGuards.<\/li>\n<li>Navr\u017eeno pro \u017eivot, p\u0159ipraveno na jak\u00fdkoli sc\u00e9n\u00e1\u0159 na t\u00e9to planet\u011b<\/li>\n<li>M\u00e9n\u011b je v\u00edce: \u010dist\u00fd, jednoduch\u00fd design pro maxim\u00e1ln\u00ed v\u00fdkon<\/li>\n<li>Snadn\u00e1 instalace, bez nutnosti \u0159ez\u00e1n\u00ed<\/li>\n<li>Perfektn\u011b sed\u00ed<\/li>\n<\/ul>\n<p>&nbsp;<\/p>\n<p><strong>AWE BashGuard<\/strong><\/p>\n<p>AWE BashGuard, kter\u00fd se standardn\u011b dod\u00e1v\u00e1 s ploch\u00fdm n\u00e1razn\u00edkem (bez v\u00fd\u0159ez\u016f), je navr\u017een tak, aby poskytoval bezpe\u010dnost jezdc\u016fm, kte\u0159\u00ed \u010dasto cestuj\u00ed po nerovn\u00e9m ter\u00e9nu, a to d\u00edky jednoduch\u00e9 p\u0159estavb\u011b, kter\u00e1 zkr\u00e1t\u00ed v\u00fdfuk tak, aby kon\u010dil na zadn\u00ed n\u00e1prav\u011b a nad n\u00ed.<\/p>\n<p>Sta\u010d\u00ed od\u0161roubovat zadn\u00ed \u010d\u00e1st v\u00fdfuku a namontovat na jej\u00ed m\u00edsto p\u0159ilo\u017een\u00fd chr\u00e1ni\u010d Bash Guard a m\u00e1te ochranu p\u0159ed kameny a p\u0159\u00edle\u017eitostn\u00fdmi kometami. V\u00fdfuky, kdy\u017e je pot\u0159ebujete, ochrana, kdy\u017e je nepot\u0159ebujete. Je to tak jednoduch\u00e9.<\/p>\n<p>&nbsp;<\/p>\n<p><strong>Vhodn\u00e9 pro:<\/strong><\/p>\n<table width=\"437\">\n<tbody>\n<tr>\n<td width=\"122\"><strong>Zna\u010dka<\/strong><\/td>\n<td width=\"136\"><strong>Model<\/strong><\/td>\n<td width=\"96\"><strong>Motor<\/strong><\/td>\n<td width=\"83\"><strong>Rok v\u00fdstavby<\/strong><\/td>\n<\/tr>\n<tr>\n<td>RAM<\/td>\n<td>1500<\/td>\n<td>5.7<\/td>\n<td>2009\u20132018<\/td>\n<\/tr>\n<tr>\n<td>RAM<\/td>\n<td>1500 Classic<\/td>\n<td>5.7<\/td>\n<td>2019\u20132024<\/td>\n<\/tr>\n<\/tbody>\n<\/table>\n<p>V\u00fdfuk AWE 0FG catback je vhodn\u00fd pro tyto kombinace kabiny a n\u00e1kladov\u00e9ho prostoru:<br \/>\nKabina Crew Cab s lo\u017enou plochou 67,4\u2033<br \/>\nKabina Quad Cab s lo\u017enou plochou 76,3\u2033<br \/>\nStandardn\u00ed kabina s lo\u017enou plochou 96,3\u2033<\/p>\n<p>&nbsp;<\/p>\n<p><iframe loading=\"lazy\" title=\"AWE 0FG Catback v\u00fdfukov\u00fd syst\u00e9m RAM 1500 2009 - 2018 a Classic 2019+\" width=\"500\" height=\"281\" src=\"https:\/\/www.youtube.com\/embed\/NS44eGCaSo4?feature=oembed\" frameborder=\"0\" allow=\"accelerometer; autoplay; clipboard-write; encrypted-media; gyroscope; picture-in-picture; web-share\" referrerpolicy=\"strict-origin-when-cross-origin\" allowfullscreen><\/iframe><\/p>\n<p>&nbsp;<\/p>","protected":false},"excerpt":{"rendered":"<p>2009 - 2018 a Classic 2019 - 2024<\/p>","protected":false},"featured_media":68268188,"comment_status":"open","ping_status":"closed","template":"","meta":{"_acf_changed":false},"product_brand":[],"product_cat":[3024,6620],"product_tag":[2910,475,3969,3967,3965,3970,3968,3966,91,1035,1036,546,2909,3971,1047,2210,2219,1052,477,2342,204,126,20273,1040,86,2435,2899,547,1034,1038],"class_list":{"0":"post-68268171","1":"product","2":"type-product","3":"status-publish","4":"has-post-thumbnail","6":"product_cat-nicht-nach-eu","7":"product_cat-1500-57-2009-2018-classic-abgasanlage-catback","8":"product_tag-0fg","9":"product_tag-475","10":"product_tag-3015-32002","11":"product_tag-3015-32101","12":"product_tag-3015-32304","13":"product_tag-3015-33004","14":"product_tag-3015-33104","15":"product_tag-3015-33309","16":"product_tag-5-7","17":"product_tag-abgasanlage","18":"product_tag-abgassystem","19":"product_tag-auspuff","20":"product_tag-awe","21":"product_tag-awe-exhaust","22":"product_tag-cat-back","23":"product_tag-catback","24":"product_tag-classic","25":"product_tag-delete","26":"product_tag-ds","27":"product_tag-entfernung","28":"product_tag-ersatz","29":"product_tag-hemi","30":"product_tag-keintuev","31":"product_tag-laut","32":"product_tag-ram","33":"product_tag-rohr","34":"product_tag-schalldaempfer","35":"product_tag-sportauspuff","36":"product_tag-sportauspuffanlage","37":"product_tag-sportendschalldaempfer","38":"product_shipping_class-spedition-1","40":"first","41":"onbackorder","42":"taxable","43":"shipping-taxable","44":"purchasable","45":"product-type-variable"},"bundled_by":[],"bundle_stock_status":"onbackorder","bundle_stock_quantity":0,"bundle_virtual":false,"bundle_layout":"","bundle_add_to_cart_form_location":"","bundle_editable_in_cart":false,"bundle_sold_individually_context":"","bundle_item_grouping":"","bundle_min_size":"","bundle_max_size":"","bundle_price":[],"bundled_items":[],"bundle_sell_ids":[],"exclude_global_add_ons":[],"addons":[],"acf":[],"_links":{"self":[{"href":"https:\/\/kraftwerk-shop.cc\/cs\/wp-json\/wp\/v2\/product\/68268171","targetHints":{"allow":["GET"]}}],"collection":[{"href":"https:\/\/kraftwerk-shop.cc\/cs\/wp-json\/wp\/v2\/product"}],"about":[{"href":"https:\/\/kraftwerk-shop.cc\/cs\/wp-json\/wp\/v2\/types\/product"}],"replies":[{"embeddable":true,"href":"https:\/\/kraftwerk-shop.cc\/cs\/wp-json\/wp\/v2\/comments?post=68268171"}],"version-history":[{"count":0,"href":"https:\/\/kraftwerk-shop.cc\/cs\/wp-json\/wp\/v2\/product\/68268171\/revisions"}],"wp:featuredmedia":[{"embeddable":true,"href":"https:\/\/kraftwerk-shop.cc\/cs\/wp-json\/wp\/v2\/media\/68268188"}],"wp:attachment":[{"href":"https:\/\/kraftwerk-shop.cc\/cs\/wp-json\/wp\/v2\/media?parent=68268171"}],"wp:term":[{"taxonomy":"product_brand","embeddable":true,"href":"https:\/\/kraftwerk-shop.cc\/cs\/wp-json\/wp\/v2\/product_brand?post=68268171"},{"taxonomy":"product_cat","embeddable":true,"href":"https:\/\/kraftwerk-shop.cc\/cs\/wp-json\/wp\/v2\/product_cat?post=68268171"},{"taxonomy":"product_tag","embeddable":true,"href":"https:\/\/kraftwerk-shop.cc\/cs\/wp-json\/wp\/v2\/product_tag?post=68268171"}],"curies":[{"name":"wp","href":"https:\/\/api.w.org\/{rel}","templated":true}]}}