{"id":68268251,"date":"2022-07-02T11:18:24","date_gmt":"2022-07-02T09:18:24","guid":{"rendered":"https:\/\/kraftwerk-shop.cc\/?post_type=product&#038;p=68268251"},"modified":"2026-04-15T10:18:57","modified_gmt":"2026-04-15T08:18:57","slug":"olejovy-filtr-gm-acdelco-12706595-pf-64","status":"publish","type":"product","link":"https:\/\/kraftwerk-shop.cc\/cs\/produkt\/gm-acdelco-oelfilter-12706595-pf-64\/","title":{"rendered":"Olejov\u00fd filtr GM \/ ACDelco 12706595 (PF64)"},"content":{"rendered":"<h1>Origin\u00e1ln\u00ed olejov\u00fd filtr GM \/ ACDelco<\/h1>\n<p>&nbsp;<\/p>\n<p>\u010c\u00edslo d\u00edlu: 12706595 (PF64)<br \/>\nNahrazeno: <span class=\"list-value\">12640445, 12696048<\/span><\/p>\n<p>&nbsp;<\/p>\n<p><strong>Vhodn\u00e9 pro:<\/strong><\/p>\n<table width=\"1274\">\n<tbody>\n<tr>\n<td width=\"314\"><strong>Rok v\u00fdroby, zna\u010dka, model<\/strong><\/td>\n<td width=\"270\"><strong>Motor<\/strong><\/td>\n<td width=\"690\"><strong>podrobnosti<\/strong><\/td>\n<\/tr>\n<tr>\n<td width=\"314\">2021, 2016-2019 Buick Encore<\/td>\n<td width=\"270\">4 v\u00e1lce 1,4 l<\/td>\n<td width=\"690\">CX 4DVE\u0158OV\u00dd SPORTOVN\u00cd U\u017dITKOV\u00dd V\u016eZ, CXL 4DVE\u0158OV\u00dd SPORTOVN\u00cd U\u017dITKOV\u00dd V\u016eZ<\/td>\n<\/tr>\n<tr>\n<td width=\"314\">2020-2021 Buick Encore GX<\/td>\n<td width=\"270\">3 v\u00e1lce 1,2 l<\/td>\n<td width=\"690\">4DVE\u0158OV\u00dd EXT, 4DVE\u0158OV\u00dd EXT (GMNA), 4DVE\u0158OV\u00dd EXT (GMNA), GX LVL IV 4DVE\u0158OV\u00dd EXT<\/td>\n<\/tr>\n<tr>\n<td width=\"314\">Buick Envision 2016-2020<\/td>\n<td width=\"270\">4 v\u00e1lce 2,0 l, 4 v\u00e1lce 2,5 l<\/td>\n<td width=\"690\">4DVE\u0158OV\u00c1 Z\u00c1KLADN\u00cd VERZE, 4DVE\u0158OV\u00c1 VERZE PREMIUM, 4DVE\u0158OV\u00c1 VERZE PREMIUM 2, 4DVE\u0158OV\u00c1 VERZE UPLEVEL<\/td>\n<\/tr>\n<tr>\n<td width=\"314\">Buick LaCrosse 2018-2019<\/td>\n<td width=\"270\">4 v\u00e1lce 2,5 l<\/td>\n<td width=\"690\">4DVE\u0158OV\u00dd CX EXT NOTCHBACK, 4DVE\u0158OV\u00dd CXL EXT NOTCHBACK<\/td>\n<\/tr>\n<tr>\n<td width=\"314\">Buick Regal 2014-2020<\/td>\n<td width=\"270\">4 v\u00e1lce 2,0 l<\/td>\n<td width=\"690\">1SC 4DVE\u0158OV\u00dd HATCHBACK, 1SL 4DVE\u0158OV\u00dd HATCHBACK, 1SL 4DVE\u0158OV\u00c9 KOMBI, 1SX 4DVE\u0158OV\u00dd HATCHBACK, Z\u00c1KLADN\u00cd 4DVE\u0158OV\u00dd HATCHBACK, Z\u00c1KLADN\u00cd 4DVE\u0158OV\u00c9 KOMBI, CX 4DVE\u0158OV\u00dd SEDAN, CXL 4DVE\u0158OV\u00dd SEDAN, CXS 4DVE\u0158OV\u00dd SEDAN<\/td>\n<\/tr>\n<tr>\n<td width=\"314\">Cadillac ATS 2013-2019<\/td>\n<td width=\"270\">4 v\u00e1lce 2,0 l, 4 v\u00e1lce 2,5 l<\/td>\n<td width=\"690\">2DVE\u0158OV\u00c9 KUP\u00c9, 2DVE\u0158OV\u00c9 LUXUSN\u00cd KUP\u00c9, 2DVE\u0158OV\u00c9 V\u00ddKONN\u00c9 KUP\u00c9, 3DVE\u0158OV\u00c9 PR\u00c9MIOV\u00c9 KUP\u00c9, 4DVE\u0158OV\u00dd LUXUSN\u00cd SEDAN, 4DVE\u0158OV\u00dd V\u00ddKONN\u00dd SEDAN, 4DVE\u0158OV\u00dd PR\u00c9MIOV\u00dd SEDAN, 4DVE\u0158OV\u00dd SEDAN<\/td>\n<\/tr>\n<tr>\n<td width=\"314\">2022 Cadillac CT5<\/td>\n<td width=\"270\">8 v\u00e1lc\u016f 6,2 l<\/td>\n<td width=\"690\">\u0158ADA V NOTCHBACK-BLACKWING<\/td>\n<\/tr>\n<tr>\n<td width=\"314\">2016-2019 Cadillac CT6<\/td>\n<td width=\"270\">4 v\u00e1lce 2,0 l<\/td>\n<td width=\"690\">4DVE\u0158OV\u00dd SEDAN, Z\u00c1KLADN\u00cd 4DVE\u0158OV\u00dd SEDAN, PR\u00c9MIOV\u00dd 4DVE\u0158OV\u00dd SEDAN<\/td>\n<\/tr>\n<tr>\n<td width=\"314\">Cadillac CTS 2014-2019<\/td>\n<td width=\"270\">4 v\u00e1lce 2,0 l, 8 v\u00e1lc\u016f 6,2 l<\/td>\n<td width=\"690\">4DVE\u0158OV\u00dd SEDAN PERFORMANCE, 4DVE\u0158OV\u00dd SEDAN PLUS, 4DVE\u0158OV\u00dd SEDAN PREMIUM, 4DVE\u0158OV\u00dd SEDAN, 4DVE\u0158OV\u00dd SEDAN \u0158ADY V<\/td>\n<\/tr>\n<tr>\n<td width=\"314\">Chevrolet Blazer 2019-2021<\/td>\n<td width=\"270\">4 v\u00e1lce 2,5 l<\/td>\n<td width=\"690\">L 4DVE\u0158OV\u00c9 SUV, LT 4DVE\u0158OV\u00c9 SUV<\/td>\n<\/tr>\n<tr>\n<td width=\"314\">Chevrolet Camaro 2016-2022<\/td>\n<td width=\"270\">4 v\u00e1lce 2,0 l, 8 v\u00e1lc\u016f 6,2 l<\/td>\n<td width=\"690\">2DVE\u0158OV\u00dd KABRIOLET 1LS\/1LT, 2DVE\u0158OV\u00dd KABRIOLET 1LT, 2DVE\u0158OV\u00dd KABRIOLET 1SS, 2DVE\u0158OV\u00dd KABRIOLET 2LT, 2DVE\u0158OV\u00dd KABRIOLET 2SS, 2DVE\u0158OV\u00dd KABRIOLET HIGH PERFORMANCE, 2DVE\u0158OV\u00c9 KUP\u00c9 1LS\/1LT, 2DVE\u0158OV\u00c9 KUP\u00c9 1LT, 2DVE\u0158OV\u00c9 KUP\u00c9 1SS, 2DVE\u0158OV\u00c9 KUP\u00c9 2LT, 2DVE\u0158OV\u00c9 KUP\u00c9 2SS, 2DVE\u0158OV\u00c9 KUP\u00c9 HIGH PERFORMANCE<\/td>\n<\/tr>\n<tr>\n<td width=\"314\">Chevrolet Captiva Sport 2012-2013<\/td>\n<td width=\"270\">6 v\u00e1lc\u016f 3,0 l<\/td>\n<td width=\"690\">SPORT LT FWD<\/td>\n<\/tr>\n<tr>\n<td width=\"314\">Chevrolet Colorado 2015-2021<\/td>\n<td width=\"270\">4 v\u00e1lce 2,5 l<\/td>\n<td width=\"690\">KABINA POS\u00c1DKY - SK\u0158\u00cd\u0147 5'2\u2033, PRODLOU\u017dEN\u00c1 KABINA - SK\u0158\u00cd\u0147 6'2\u2033, KABINA POS\u00c1DKY LS - SK\u0158\u00cd\u0147 5'2\u2033, PRODLOU\u017dEN\u00c1 KABINA LS - SK\u0158\u00cd\u0147 6'2\u2033, KABINA POS\u00c1DKY LT - SK\u0158\u00cd\u0147 5'2\u2033, PRODLOU\u017dEN\u00c1 KABINA LT - SK\u0158\u00cd\u0147 6'2\u2033<\/td>\n<\/tr>\n<tr>\n<td width=\"314\">Chevrolet Corvette 2014-2022<\/td>\n<td width=\"270\">8 v\u00e1lc\u016f 6,2 l<\/td>\n<td width=\"690\">2 DVE\u0158E, 2 DVE\u0158E KABRIOLET, CORVETTE STINGRAY KABRIOLET, CORVETTE STINGRAY KUP\u00c9, Z06 2 DVE\u0158E KABRIOLET, Z06 2 DVE\u0158E PLAINBACK<\/td>\n<\/tr>\n<tr>\n<td width=\"314\">Chevrolet Cruze 2016-2019<\/td>\n<td width=\"270\">4 v\u00e1lce 1,4 l<\/td>\n<td width=\"690\">LS (GMNA), LS 4DVE\u0158OV\u00dd HATCHBACK(GMNA), LS 4DVE\u0158OV\u00dd SEDAN, LT (GMNA), LT 4DVE\u0158OV\u00dd HATCHBACK, LT 4DVE\u0158OV\u00dd SEDAN, LTZ (GMNA), LTZ 4DVE\u0158OV\u00dd HATCHBACK, LTZ 4DVE\u0158OV\u00dd SEDAN<\/td>\n<\/tr>\n<tr>\n<td width=\"314\">Chevrolet Equinox 2018-2021<\/td>\n<td width=\"270\">4 v\u00e1lce 1,5 l, 4 v\u00e1lce 2,0 l<\/td>\n<td width=\"690\">4DVE\u0158OV\u00dd Z\u00c1KLADN\u00cd (GMNA), 4DVE\u0158OV\u00dd LT (GMNA), 4DVE\u0158OV\u00dd LTZ (GMNA)<\/td>\n<\/tr>\n<tr>\n<td width=\"314\">2012-2019 Chevrolet Impala<\/td>\n<td width=\"270\">4 v\u00e1lce 2,5 l, 6 v\u00e1lc\u016f 3,6 l<\/td>\n<td width=\"690\">LS, LS 4 DVE\u0158E NOTCHBACK, LT 4 DVE\u0158E NOTCHBACK, LTZ, LTZ 4 DVE\u0158E NOTCHBACK<\/td>\n<\/tr>\n<tr>\n<td width=\"314\">2013-2022 Chevrolet Malibu<\/td>\n<td width=\"270\">4 v\u00e1lce 1,5 l, 4 v\u00e1lce 2,0 l, 4 v\u00e1lce 2,5 l<\/td>\n<td width=\"690\">L 4DVE\u0158OV\u00dd NOTCHBACK, LS 4DVE\u0158OV\u00dd NOTCHBACK, LT 4DVE\u0158OV\u00dd NOTCHBACK, LTZ 4DVE\u0158OV\u00dd NOTCHBACK, RS 4DVE\u0158OV\u00dd NOTCHBACK<\/td>\n<\/tr>\n<tr>\n<td width=\"314\">2016-2022 Chevrolet Spark<\/td>\n<td width=\"270\">4 v\u00e1lce 1,4 l<\/td>\n<td width=\"690\">\u00daROVE\u0147 0 4DVE\u0158OV\u00dd HATCHBACK, \u00daROVE\u0147 I 4DVE\u0158OV\u00dd HATCHBACK, \u00daROVE\u0147 II 4DVE\u0158OV\u00dd HATCHBACK, M2XX 4DVE\u0158OV\u00dd HATCHBACK, M2XX \u00daROVE\u0147 1 4DVE\u0158OV\u00dd HATCHBACK, M2XX \u00daROVE\u0147 2 4DVE\u0158OV\u00dd HATCHBACK<\/td>\n<\/tr>\n<tr>\n<td width=\"314\">2021 Chevrolet Trailblazer<\/td>\n<td width=\"270\">3 v\u00e1lce 1,2 l<\/td>\n<td width=\"690\">4 DVE\u0158E EXT<\/td>\n<\/tr>\n<tr>\n<td width=\"314\">2018-2019 Chevrolet Traverse<\/td>\n<td width=\"270\">4 v\u00e1lce 2,0 l<\/td>\n<td width=\"690\">LT PRODLOU\u017dEN\u00c9 4DVE\u0158OV\u00c9 SUV<\/td>\n<\/tr>\n<tr>\n<td width=\"314\">2021, 2019 Chevrolet Trax<\/td>\n<td width=\"270\">4 v\u00e1lce 1,4 l<\/td>\n<td width=\"690\">LT 4DVE\u0158OV\u00dd SPORTOVN\u00cd U\u017dITKOV\u00dd V\u016eZ, LTZ 4DVE\u0158OV\u00dd SPORTOVN\u00cd U\u017dITKOV\u00dd V\u016eZ<\/td>\n<\/tr>\n<tr>\n<td width=\"314\">Chevrolet Volt 2017-2019<\/td>\n<td width=\"270\">4 v\u00e1lce 1,5 l<\/td>\n<td width=\"690\">4DVE\u0158OV\u00dd HATCHBACK<\/td>\n<\/tr>\n<tr>\n<td width=\"314\">2017-2021 GMC Acadia<\/td>\n<td width=\"270\">4 v\u00e1lce 2,5 l<\/td>\n<td width=\"690\">DENALI SUV, SLE SUV, SLE2 &amp; ALL TERRAIN SUV, SLE2 SUV, SLT &amp; ALL TERRAIN SUV, SLT SUV<\/td>\n<\/tr>\n<tr>\n<td width=\"314\">GMC Canyon 2015-2021<\/td>\n<td width=\"270\">4 v\u00e1lce 2,5 l<\/td>\n<td width=\"690\">KABINA POS\u00c1DKY - SK\u0158\u00cd\u0147 5'2\u2033, PRODLOU\u017dEN\u00c1 KABINA - SK\u0158\u00cd\u0147 6'2\u2033, KABINA POS\u00c1DKY SLE - SK\u0158\u00cd\u0147 5'2\u2033, PRODLOU\u017dEN\u00c1 KABINA SLE - SK\u0158\u00cd\u0147 6'2\u2033, KABINA POS\u00c1DKY SLT - SK\u0158\u00cd\u0147 5'2\u2033, PRODLOU\u017dEN\u00c1 KABINA SLT - SK\u0158\u00cd\u0147 6'2\u2033<\/td>\n<\/tr>\n<tr>\n<td width=\"314\">GMC Terrain 2018-2021<\/td>\n<td width=\"270\">4 v\u00e1lce 1,5 l, 4 v\u00e1lce 2,0 l<\/td>\n<td width=\"690\">4DVE\u0158OV\u00dd SLE2, 4DVE\u0158OV\u00dd SLT1, 4DVE\u0158OV\u00dd<\/td>\n<\/tr>\n<\/tbody>\n<\/table>\n<p>&nbsp;<\/p>\n<p>Origin\u00e1ln\u00ed d\u00edly GM a origin\u00e1ln\u00ed vybaven\u00ed ACDelco jsou origin\u00e1ln\u00ed d\u00edly OE, kter\u00e9 byly instalov\u00e1ny b\u011bhem v\u00fdroby nebo schv\u00e1leny spole\u010dnost\u00ed GM pro vozidla GM. Byly vyvinuty, navr\u017eeny a testov\u00e1ny podle p\u0159\u00edsn\u00fdch norem a jsou uzn\u00e1v\u00e1ny spole\u010dnost\u00ed General Motors.<\/p>\n<p>Spole\u010dnost ACDelco m\u00e1 v\u00edce ne\u017e 100 let zku\u0161enost\u00ed a v\u00ed, jak filtrovat \u0161kodliv\u00e9 \u010d\u00e1stice. Olejov\u00e9, palivov\u00e9 a vzduchov\u00e9 filtry ACDelco GM Original Equipment a ACDelco Gold (Professional) jsou vyr\u00e1b\u011bny z vysoce kvalitn\u00edch materi\u00e1l\u016f, kter\u00e9 zaji\u0161\u0165uj\u00ed dlouhou \u017eivotnost a vynikaj\u00edc\u00ed v\u00fdkon.<br \/>\nSpole\u010dnost ACDelco nab\u00edz\u00ed filtry t\u00e9m\u011b\u0159 pro v\u0161echno - od filtr\u016f motorov\u00e9ho oleje, kter\u00e9 blokuj\u00ed \u010d\u00e1stice o velikosti t\u0159etiny lidsk\u00e9ho vlasu, a\u017e po kabinov\u00e9 vzduchov\u00e9 filtry, kter\u00e9 blokuj\u00ed slab\u00e9 pachy ve vzduchu. Jezd\u011bte s jistotou, proto\u017ee v\u00edte, \u017ee v\u00e1\u0161 filtr je certifikov\u00e1n spole\u010dnost\u00ed GM.<\/p>","protected":false},"excerpt":{"rendered":"<p>Origin\u00e1ln\u00ed d\u00edl GM<\/p>","protected":false},"featured_media":68268298,"comment_status":"open","ping_status":"closed","template":"","meta":{"_acf_changed":false},"product_brand":[19857],"product_cat":[1522,3973,3134,3143],"product_tag":[3977,3975,3974,1203,4014,278,191,189,281,4011,4012,1204,2321,3976,648,1318,404,2320,647,655,34,3979,3978,289],"class_list":{"0":"post-68268251","1":"product","2":"type-product","3":"status-publish","4":"has-post-thumbnail","6":"product_brand-acdelco","7":"product_cat-cts-v","8":"product_cat-camaro-62-2016-wartung","9":"product_cat-corvette-c7-wartung","10":"product_cat-corvette-c8-wartung","11":"product_tag-3977","12":"product_tag-ac-delco","13":"product_tag-acdelco","14":"product_tag-ats","15":"product_tag-blazer","16":"product_tag-cadillac","17":"product_tag-camaro","18":"product_tag-chevrolet","19":"product_tag-corvette","20":"product_tag-ct5","21":"product_tag-ct6","22":"product_tag-cts","23":"product_tag-erstausruester","24":"product_tag-erstausruestung","25":"product_tag-filter","26":"product_tag-gm","27":"product_tag-motoroel","28":"product_tag-motoroelfilter","29":"product_tag-oelfilter","30":"product_tag-oelwechsel","31":"product_tag-original","32":"product_tag-pf-64","33":"product_tag-pf64","34":"product_tag-trailblazer","36":"first","37":"onbackorder","38":"taxable","39":"shipping-taxable","40":"purchasable","41":"product-type-simple"},"bundled_by":[],"bundle_stock_status":"onbackorder","bundle_stock_quantity":0,"bundle_virtual":false,"bundle_layout":"","bundle_add_to_cart_form_location":"","bundle_editable_in_cart":false,"bundle_sold_individually_context":"","bundle_item_grouping":"","bundle_min_size":"","bundle_max_size":"","bundle_price":[],"bundled_items":[],"bundle_sell_ids":[],"exclude_global_add_ons":[],"addons":[],"acf":[],"_links":{"self":[{"href":"https:\/\/kraftwerk-shop.cc\/cs\/wp-json\/wp\/v2\/product\/68268251","targetHints":{"allow":["GET"]}}],"collection":[{"href":"https:\/\/kraftwerk-shop.cc\/cs\/wp-json\/wp\/v2\/product"}],"about":[{"href":"https:\/\/kraftwerk-shop.cc\/cs\/wp-json\/wp\/v2\/types\/product"}],"replies":[{"embeddable":true,"href":"https:\/\/kraftwerk-shop.cc\/cs\/wp-json\/wp\/v2\/comments?post=68268251"}],"version-history":[{"count":0,"href":"https:\/\/kraftwerk-shop.cc\/cs\/wp-json\/wp\/v2\/product\/68268251\/revisions"}],"wp:featuredmedia":[{"embeddable":true,"href":"https:\/\/kraftwerk-shop.cc\/cs\/wp-json\/wp\/v2\/media\/68268298"}],"wp:attachment":[{"href":"https:\/\/kraftwerk-shop.cc\/cs\/wp-json\/wp\/v2\/media?parent=68268251"}],"wp:term":[{"taxonomy":"product_brand","embeddable":true,"href":"https:\/\/kraftwerk-shop.cc\/cs\/wp-json\/wp\/v2\/product_brand?post=68268251"},{"taxonomy":"product_cat","embeddable":true,"href":"https:\/\/kraftwerk-shop.cc\/cs\/wp-json\/wp\/v2\/product_cat?post=68268251"},{"taxonomy":"product_tag","embeddable":true,"href":"https:\/\/kraftwerk-shop.cc\/cs\/wp-json\/wp\/v2\/product_tag?post=68268251"}],"curies":[{"name":"wp","href":"https:\/\/api.w.org\/{rel}","templated":true}]}}