{"id":68268281,"date":"2022-07-02T14:47:23","date_gmt":"2022-07-02T12:47:23","guid":{"rendered":"https:\/\/kraftwerk-shop.cc\/?post_type=product&#038;p=68268281"},"modified":"2026-02-15T00:46:38","modified_gmt":"2026-02-14T23:46:38","slug":"awe-fantastic-tip-tonic-cistic-vyfuku","status":"publish","type":"product","link":"https:\/\/kraftwerk-shop.cc\/cs\/produkt\/awe-fantastic-tip-tonic-auspuffreiniger\/","title":{"rendered":"Fantastick\u00fd \u010disti\u010d v\u00fdfuku Tip Tonic od spole\u010dnosti AWE"},"content":{"rendered":"<h1>AWE Fantastic Tip Tonic, \u010distic\u00ed z\u00e1zrak pro koncovky v\u00fdfuku<\/h1>\n<p>&nbsp;<\/p>\n<ul>\n<li>Speci\u00e1ln\u011b vyvinut\u00fd podle p\u0159\u00edsn\u00fdch standard\u016f AWE pro odstran\u011bn\u00ed usazenin saz\u00ed a silni\u010dn\u00ed \u0161p\u00edny z v\u00fdfuk\u016f AWE.<\/li>\n<li>Doporu\u010deno pro chromovan\u00e9 st\u0159\u00edbrn\u00e9 a diamantov\u011b \u010dern\u00e9 v\u00fdfuky AWE<\/li>\n<li>\u010cist\u00ed a le\u0161t\u00ed bez drsn\u00fdch abraziv, kyselin nebo amoniaku.<\/li>\n<li>Zaji\u0161\u0165uje z\u00e1\u0159iv\u00fd lesk bez intenzivn\u00ed aplikace a odstra\u0148ov\u00e1n\u00ed<\/li>\n<li>8oz (236 ml) na l\u00e1hev<\/li>\n<li>Vyrobeno v USA<\/li>\n<\/ul>\n<p>P\u0159\u00edpravek AWE Fantastic Tip Tonic \u010dist\u00ed v\u00fdfuky bez drsn\u00fdch abraziv, kyselin nebo \u010dpavku, odstra\u0148uje ne\u010distoty a dod\u00e1v\u00e1 jim leskl\u00fd povrch.<br \/>\nTip Tonic byl vyvinut a testov\u00e1n b\u011bhem n\u011bkolika zim ve st\u0159edoatlantick\u00fdch st\u00e1tech, aby fungoval v n\u00e1ro\u010dn\u00fdch podm\u00ednk\u00e1ch a z\u00e1\u0159il v jak\u00e9mkoli klimatu.<\/p>\n<p>P\u0159\u00edpravek Tip Tonic se doporu\u010duje jak pro chromovan\u00e9 st\u0159\u00edbrn\u00e9, tak pro diamantov\u011b \u010dern\u00e9 koncovky v\u00fdfuku AWE a m\u011bl by se pou\u017e\u00edvat pravideln\u011b pro udr\u017een\u00ed lesku.<\/p>\n<p>Upozorn\u011bn\u00ed: AWE Fantastic Tip Tonic nen\u00ed bezpe\u010dn\u00e9 pou\u017e\u00edvat na titanov\u00e9 nebo vyp\u00e1len\u00e9 koncovky v\u00fdfuku.<br \/>\nNem\u016f\u017eeme poskytnout \u017e\u00e1dn\u00e9 informace o kompatibilit\u011b s jin\u00fdmi v\u00fdrobci v\u00fdfuk\u016f.<\/p>\n<p>&nbsp;<\/p>\n<p><iframe loading=\"lazy\" title=\"Fantastick\u00e9 tipy a triky AWE Tip Tonic\" width=\"500\" height=\"281\" src=\"https:\/\/www.youtube.com\/embed\/Y1OYD3_FfZ4?feature=oembed\" frameborder=\"0\" allow=\"accelerometer; autoplay; clipboard-write; encrypted-media; gyroscope; picture-in-picture; web-share\" referrerpolicy=\"strict-origin-when-cross-origin\" allowfullscreen><\/iframe><\/p>\n<p>&nbsp;<\/p>\n<p><strong>O spole\u010dnosti AWE<\/strong><\/p>\n<p>Od roku 1991 vyv\u00edj\u00ed hv\u011bzdn\u00fd t\u00fdm v\u00fdzkumn\u00edk\u016f, in\u017een\u00fdr\u016f, inov\u00e1tor\u016f, design\u00e9r\u016f a \u0159idi\u010d\u016f spole\u010dnosti AWE prvot\u0159\u00eddn\u00ed v\u00fdkonnostn\u00ed \u00fapravy pro n\u011bkter\u00e9 z nejlep\u0161\u00edch automobil\u016f na sv\u011bt\u011b.<\/p>","protected":false},"excerpt":{"rendered":"<p>AWE Fantastic Tip Tonic, \u010distic\u00ed z\u00e1zrak pro v\u00fdfukov\u00e9 potrub\u00ed Speci\u00e1ln\u011b vyvinut\u00fd podle p\u0159esn\u00fdch standard\u016f AWE pro odstran\u011bn\u00ed usazenin saz\u00ed a silni\u010dn\u00ed \u0161p\u00edny z v\u00fdfukov\u00e9ho potrub\u00ed.<\/p>","protected":false},"featured_media":68268317,"comment_status":"open","ping_status":"closed","template":"","meta":{"_acf_changed":false},"product_brand":[],"product_cat":[6634,6592,6622,6625,6637],"product_tag":[3980,1035,546,3998,2909,1043,3995,3994,699,3993,547,3996,3997],"class_list":{"0":"post-68268281","1":"product","2":"type-product","3":"status-publish","4":"has-post-thumbnail","6":"product_cat-trackhawk-abgasanlage-dichtungen-hardware","7":"product_cat-grand-cherokee-64-abgasanlage-dichtungen-hardware","8":"product_cat-1500-57-2009-2018-classic-abgasanlage-dichtungen-hardware","9":"product_cat-1500-57-dt-abgasanlage-dichtungen-hardware","10":"product_cat-trx-abgasanlage-dichtungen-hardware","11":"product_tag-6510-17010","12":"product_tag-abgasanlage","13":"product_tag-auspuff","14":"product_tag-auspuffreiniger","15":"product_tag-awe","16":"product_tag-endrohr","17":"product_tag-fantastic","18":"product_tag-politur","19":"product_tag-reiniger","20":"product_tag-reinigungsmittel","21":"product_tag-sportauspuff","22":"product_tag-tip","23":"product_tag-tonic","25":"first","26":"instock","27":"taxable","28":"shipping-taxable","29":"purchasable","30":"product-type-simple"},"bundled_by":[],"bundle_stock_status":"instock","bundle_stock_quantity":1,"bundle_virtual":false,"bundle_layout":"","bundle_add_to_cart_form_location":"","bundle_editable_in_cart":false,"bundle_sold_individually_context":"","bundle_item_grouping":"","bundle_min_size":"","bundle_max_size":"","bundle_price":[],"bundled_items":[],"bundle_sell_ids":[],"exclude_global_add_ons":[],"addons":[],"acf":[],"_links":{"self":[{"href":"https:\/\/kraftwerk-shop.cc\/cs\/wp-json\/wp\/v2\/product\/68268281","targetHints":{"allow":["GET"]}}],"collection":[{"href":"https:\/\/kraftwerk-shop.cc\/cs\/wp-json\/wp\/v2\/product"}],"about":[{"href":"https:\/\/kraftwerk-shop.cc\/cs\/wp-json\/wp\/v2\/types\/product"}],"replies":[{"embeddable":true,"href":"https:\/\/kraftwerk-shop.cc\/cs\/wp-json\/wp\/v2\/comments?post=68268281"}],"version-history":[{"count":0,"href":"https:\/\/kraftwerk-shop.cc\/cs\/wp-json\/wp\/v2\/product\/68268281\/revisions"}],"wp:featuredmedia":[{"embeddable":true,"href":"https:\/\/kraftwerk-shop.cc\/cs\/wp-json\/wp\/v2\/media\/68268317"}],"wp:attachment":[{"href":"https:\/\/kraftwerk-shop.cc\/cs\/wp-json\/wp\/v2\/media?parent=68268281"}],"wp:term":[{"taxonomy":"product_brand","embeddable":true,"href":"https:\/\/kraftwerk-shop.cc\/cs\/wp-json\/wp\/v2\/product_brand?post=68268281"},{"taxonomy":"product_cat","embeddable":true,"href":"https:\/\/kraftwerk-shop.cc\/cs\/wp-json\/wp\/v2\/product_cat?post=68268281"},{"taxonomy":"product_tag","embeddable":true,"href":"https:\/\/kraftwerk-shop.cc\/cs\/wp-json\/wp\/v2\/product_tag?post=68268281"}],"curies":[{"name":"wp","href":"https:\/\/api.w.org\/{rel}","templated":true}]}}