{"id":68268345,"date":"2022-07-03T11:17:08","date_gmt":"2022-07-03T09:17:08","guid":{"rendered":"https:\/\/kraftwerk-shop.cc\/?post_type=product&#038;p=68268345"},"modified":"2026-02-15T00:48:51","modified_gmt":"2026-02-14T23:48:51","slug":"olejovy-filtr-gm-acdelco-19210283-pf46e","status":"publish","type":"product","link":"https:\/\/kraftwerk-shop.cc\/cs\/produkt\/gm-acdelco-oelfilter-19210283-pf46e\/","title":{"rendered":"Olejov\u00fd filtr GM \/ ACDelco 19210283 (PF46E)"},"content":{"rendered":"<h1>Origin\u00e1ln\u00ed olejov\u00fd filtr GM \/ ACDelco<\/h1>\n<p>&nbsp;<\/p>\n<p>\u010c\u00edslo d\u00edlu: 19210283 (PF46E)<br \/>\nNahrazuje: 19256041<\/p>\n<p>&nbsp;<\/p>\n<p><strong>Vhodn\u00e9 pro:<\/strong><\/p>\n<table width=\"1274\">\n<tbody>\n<tr>\n<td width=\"314\">Rok v\u00fdroby, zna\u010dka, model<\/td>\n<td width=\"270\">Motor<\/td>\n<td width=\"690\">podrobnosti<\/td>\n<\/tr>\n<tr>\n<td width=\"314\">Buick Rainier 2004-2006<\/td>\n<td width=\"270\">8 v\u00e1lc\u016f 5.3L<\/td>\n<td width=\"690\">4 DVE\u0158E<\/td>\n<\/tr>\n<tr>\n<td width=\"314\">Buick Skylark 1996-1998<\/td>\n<td width=\"270\">4 v\u00e1lce 2,4 l<\/td>\n<td width=\"690\">2 DOOR, 4 DOOR<\/td>\n<\/tr>\n<tr>\n<td width=\"314\">Cadillac CTS 2004-2006<\/td>\n<td width=\"270\">8 v\u00e1lc\u016f 5,7 l, 8 v\u00e1lc\u016f 6,0 l<\/td>\n<td width=\"690\">V 4 DOOR<\/td>\n<\/tr>\n<tr>\n<td width=\"314\">Cadillac Escalade 2002-2006<\/td>\n<td width=\"270\">8 v\u00e1lc\u016f 5,3 l, 8 v\u00e1lc\u016f 6,0 l<\/td>\n<td width=\"690\">1\/2 TUNY, 3\/4 TUNY, EXT 1\/2 TUNY, EXT 3\/4 TUNY, YUKON\/DENALI\/ESCALADE<\/td>\n<\/tr>\n<tr>\n<td width=\"314\">2002-2006 Chevrolet Avalanche<\/td>\n<td width=\"270\">8 v\u00e1lc\u016f 5,3 l, 8 v\u00e1lc\u016f 5,3 l Flex<\/td>\n<td width=\"690\">1\/2 TUNY<\/td>\n<\/tr>\n<tr>\n<td width=\"314\">1998-2002 Chevrolet Camaro<\/td>\n<td width=\"270\">8 v\u00e1lc\u016f 5.7L<\/td>\n<td width=\"690\">2 DVE\u0158E, KABRIOLET<\/td>\n<\/tr>\n<tr>\n<td width=\"314\">1996-2002 Chevrolet Cavalier<\/td>\n<td width=\"270\">4 v\u00e1lce 2,4 l<\/td>\n<td width=\"690\">2 DVE\u0158E, 4 DVE\u0158E, KABRIOLET, LS 4 DVE\u0158E, LS KABRIOLET, Z24 2 DVE\u0158E<\/td>\n<\/tr>\n<tr>\n<td width=\"314\">Chevrolet Colorado 2004-2012<\/td>\n<td width=\"270\">4 v\u00e1lce 2,8 l, 4 v\u00e1lce 2,9 l<\/td>\n<td width=\"690\">KABINA POS\u00c1DKY, PRODLOU\u017dEN\u00c1 KABINA, PRODLOU\u017dEN\u00c1 D\u00c9LKA, PICKUP<\/td>\n<\/tr>\n<tr>\n<td width=\"314\">Chevrolet Corvette 1997-2006<\/td>\n<td width=\"270\">8 v\u00e1lc\u016f 5,7 l, 8 v\u00e1lc\u016f 6,0 l<\/td>\n<td width=\"690\">2DVE\u0158OV\u00dd, 2DVE\u0158OV\u00dd SPECI\u00c1L, KABRIOLET, NOTCHBACK<\/td>\n<\/tr>\n<tr>\n<td width=\"314\">Chevrolet Express 2003-2006<\/td>\n<td width=\"270\">8 v\u00e1lc\u016f 4,8 l, 8 v\u00e1lc\u016f 5,3 l, 8 v\u00e1lc\u016f 6,0 l<\/td>\n<td width=\"690\">1 TUNA N\u00c1KLADN\u00cd EXPRES, 1 TUNA KOMER\u010cN\u00cd\/RV CUTAWAY, 1 TUNA OSOBN\u00cd, 1\/2 TUNY N\u00c1KLADN\u00cd EXPRES, 1\/2 TUNY OSOBN\u00cd EXPRES, 3\/4 TUNY N\u00c1KLADN\u00cd EXPRES, 3\/4 TUNY OSOBN\u00cd EXPRES<\/td>\n<\/tr>\n<tr>\n<td width=\"314\">Chevrolet Impala 2006<\/td>\n<td width=\"270\">8 v\u00e1lc\u016f 5.3L<\/td>\n<td width=\"690\">LS, LT, SS<\/td>\n<\/tr>\n<tr>\n<td width=\"314\">Chevrolet Malibu 1997-1999<\/td>\n<td width=\"270\">4 v\u00e1lce 2,4 l<\/td>\n<td width=\"690\">4 DVE\u0158E, LS 4 DVE\u0158E, LX 4 DVE\u0158E<\/td>\n<\/tr>\n<tr>\n<td width=\"314\">Chevrolet Monte Carlo 2006<\/td>\n<td width=\"270\">8 v\u00e1lc\u016f 5.3L<\/td>\n<td width=\"690\">LS, LT, SS<\/td>\n<\/tr>\n<tr>\n<td width=\"314\">Chevrolet SSR 2004-2006<\/td>\n<td width=\"270\">8 v\u00e1lc\u016f 5,3 l, 8 v\u00e1lc\u016f 6,0 l<\/td>\n<td width=\"690\">SPORT TRUCK<\/td>\n<\/tr>\n<tr>\n<td width=\"314\">1999-2006 Chevrolet Silverado<\/td>\n<td width=\"270\">8 v\u00e1lc\u016f 4,8 l, 8 v\u00e1lc\u016f 5,3 l, 8 v\u00e1lc\u016f 5,3 l Flex, 8 v\u00e1lc\u016f 6,0 l<\/td>\n<td width=\"690\">1500 KABINA POS\u00c1DKY DLOUH\u00c1 SK\u0158\u00cd\u0147, 1500 KABINA POS\u00c1DKY STANDARDN\u00cd SK\u0158\u00cd\u0147, 1500 KABINA PRODLOU\u017dEN\u00c1 DLOUH\u00c1 SK\u0158\u00cd\u0147, 1500 KABINA PRODLOU\u017dEN\u00c1 KR\u00c1TK\u00c1 SK\u0158\u00cd\u0147, 1500 KABINA PRODLOU\u017dEN\u00c1 STANDARDN\u00cd SK\u0158\u00cd\u0147, 1500 KABINA PRODLOU\u017dEN\u00c1 STANDARDN\u00cd SK\u0158\u00cd\u0147, 1500 KABINA B\u011a\u017dN\u00c1 DLOUH\u00c1 SK\u0158\u00cd\u0147, 1500 KABINA B\u011a\u017dN\u00c1 STANDARDN\u00cd SK\u0158\u00cd\u0147, 2500 KABINA POS\u00c1DKY DLOUH\u00c1 SK\u0158\u00cd\u0147, 2500 KABINA POS\u00c1DKY STANDARDN\u00cd SK\u0158\u00cd\u0147, 2500 KABINA PRODLOU\u017dEN\u00c1 DLOUH\u00c1 SK\u0158\u00cd\u0147, 2500 KABINA PRODLOU\u017dEN\u00c1 STANDARDN\u00cd SK\u0158\u00cd\u0147, 2500 KABINA B\u011a\u017dN\u00c1, 3500 PODVOZEK PRODLOU\u017dEN\u00c1 KABINA 161,5, 3500 PODVOZEK B\u011a\u017dN\u00c1 KABINA 137,0, 3500 PODVOZEK B\u011a\u017dN\u00c1 KABINA 161,5, 3500 KABINA POS\u00c1DKY, 3500 KABINA PRODLOU\u017dEN\u00c1, 3500 KABINA B\u011a\u017dN\u00c1<\/td>\n<\/tr>\n<tr>\n<td width=\"314\">2000-2006 Chevrolet Suburban<\/td>\n<td width=\"270\">8 v\u00e1lc\u016f 5,3 l, 8 v\u00e1lc\u016f 5,3 l Flex, 8 v\u00e1lc\u016f 6,0 l<\/td>\n<td width=\"690\">1\/2 TUNY, 1500 KABINA POS\u00c1DKY, 1500 KABINA POS\u00c1DKY DLOUH\u00c1 SK\u0158\u00cd\u0147, 1500 KABINA POS\u00c1DKY STANDARDN\u00cd SK\u0158\u00cd\u0147, 1500 PRODLOU\u017dEN\u00c1 KABINA DLOUH\u00c1 SK\u0158\u00cd\u0147, 1500 PRODLOU\u017dEN\u00c1 KABINA STANDARDN\u00cd SK\u0158\u00cd\u0147, 1500 B\u011a\u017dN\u00c1 KABINA DLOUH\u00c1 SK\u0158\u00cd\u0147, 1500 B\u011a\u017dN\u00c1 KABINA STANDARDN\u00cd SK\u0158\u00cd\u0147, 2500 KABINA POS\u00c1DKY DLOUH\u00c1 SK\u0158\u00cd\u0147, 2500 KABINA POS\u00c1DKY STANDARDN\u00cd SK\u0158\u00cd\u0147, 2500 PRODLOU\u017dEN\u00c1 KABINA DLOUH\u00c1 SK\u0158\u00cd\u0147, 2500 PRODLOU\u017dEN\u00c1 KABINA STANDARDN\u00cd SK\u0158\u00cd\u0147, 2500 B\u011a\u017dN\u00c1 KABINA, 3\/4 TUNY, 3500 PODVOZEK PRODLOU\u017dEN\u00c1 KABINA 161,5, 3500 PODVOZEK PRODLOU\u017dEN\u00c1 KABINA 185,5, 3500 PODVOZEK B\u011a\u017dN\u00c1 KABINA 137,0, 3500 PODVOZEK B\u011a\u017dN\u00c1 KABINA 161.5, 3500 KABINA POS\u00c1DKY, 3500 PRODLOU\u017dEN\u00c1 KABINA, 3500 B\u011a\u017dN\u00c1 KABINA, 4DVE\u0158OV\u00c1 1\/2 TUNY, KLASICK\u00c1 1500 KABINA POS\u00c1DKY DLOUH\u00c1 SK\u0158\u00cd\u0147, KLASICK\u00c1 1500 PRODLOU\u017dEN\u00c1 KABINA DLOUH\u00c1 SK\u0158\u00cd\u0147, KLASICK\u00c1 1500 PRODLOU\u017dEN\u00c1 KABINA STANDARDN\u00cd SK\u0158\u00cd\u0147, KLASICK\u00c1 1500 B\u011a\u017dN\u00c1 KABINA DLOUH\u00c1 SK\u0158\u00cd\u0147, KLASICK\u00c1 1500 B\u011a\u017dN\u00c1 KABINA STANDARDN\u00cd SK\u0158\u00cd\u0147, KLASICK\u00c1 2500 KABINA POS\u00c1DKY DLOUH\u00c1 SK\u0158\u00cd\u0147, KLASICK\u00c1 2500 KABINA POS\u00c1DKY STANDARDN\u00cd SK\u0158\u00cd\u0147, KLASICK\u00c1 2500 PRODLOU\u017dEN\u00c1 KABINA DLOUH\u00c1 SK\u0158\u00cd\u0147, KLASICK\u00c1 2500 PRODLOU\u017dEN\u00c1 KABINA STANDARDN\u00cd SK\u0158\u00cd\u0147, KLASICK\u00c1 2500 B\u011a\u017dN\u00c1 KABINA, KLASICK\u00dd 3500 PODVOZEK PRODLOU\u017dEN\u00c1 KABINA 161.5, CLASSIC 3500 CREW CAB, CLASSIC 3500 EXTENDED CAB, CLASSIC 3500 REGULAR CAB, EXT 1\/2 T, EXT 3\/4 T, XL 1\/2 T, XL 3\/4 T, YUKON\/DENALI<\/td>\n<\/tr>\n<tr>\n<td width=\"314\">2000-2006 Chevrolet Tahoe<\/td>\n<td width=\"270\">8 v\u00e1lc\u016f 4,8 l, 8 v\u00e1lc\u016f 5,3 l, 8 v\u00e1lc\u016f 5,3 l Flex<\/td>\n<td width=\"690\">4 DVE\u0158E 1\/2 TUNY<\/td>\n<\/tr>\n<tr>\n<td width=\"314\">2003-2006 Chevrolet Trailblazer<\/td>\n<td width=\"270\">8 v\u00e1lc\u016f 5,3 l, 8 v\u00e1lc\u016f 6,0 l<\/td>\n<td width=\"690\">4 DVE\u0158E, 4 DVE\u0158E EXT<\/td>\n<\/tr>\n<tr>\n<td width=\"314\">GMC Canyon 2004-2012<\/td>\n<td width=\"270\">4 v\u00e1lce 2,8 l, 4 v\u00e1lce 2,9 l<\/td>\n<td width=\"690\">PICKUP, PICKUP S KABINOU PRO POS\u00c1DKU, PICKUP S PRODLOU\u017dENOU KABINOU, PICKUP S PRODLOU\u017dENOU D\u00c9LKOU<\/td>\n<\/tr>\n<tr>\n<td width=\"314\">2003-2006 GMC Envoy<\/td>\n<td width=\"270\">8 v\u00e1lc\u016f 5.3L<\/td>\n<td width=\"690\">4 DOOR, 4 DOOR XL, 4 DOOR XUV<\/td>\n<\/tr>\n<tr>\n<td width=\"314\">2003-2006 GMC Savana<\/td>\n<td width=\"270\">8 v\u00e1lc\u016f 4,8 l, 8 v\u00e1lc\u016f 5,3 l, 8 v\u00e1lc\u016f 6,0 l<\/td>\n<td width=\"690\">SAVANA 1 T N\u00c1KLADN\u00cd, SAVANA 1 T U\u017dITKOV\u00c1, SAVANA 1 T OSOBN\u00cd, SAVANA 1\/2 T N\u00c1KLADN\u00cd, SAVANA 1\/2 T OSOBN\u00cd, SAVANA 3\/4 T N\u00c1KLADN\u00cd, SAVANA 3\/4 T OSOBN\u00cd<\/td>\n<\/tr>\n<tr>\n<td width=\"314\">1999-2006 GMC Sierra<\/td>\n<td width=\"270\">8 v\u00e1lc\u016f 4,8 l, 8 v\u00e1lc\u016f 5,3 l, 8 v\u00e1lc\u016f 5,3 l Flex, 8 v\u00e1lc\u016f 6,0 l<\/td>\n<td width=\"690\">1500 KABINA POS\u00c1DKY DLOUH\u00c1 SK\u0158\u00cd\u0147, 1500 KABINA POS\u00c1DKY STANDARDN\u00cd SK\u0158\u00cd\u0147, 1500 PRODLOU\u017dEN\u00c1 KABINA DLOUH\u00c1 SK\u0158\u00cd\u0147, 1500 PRODLOU\u017dEN\u00c1 KABINA KR\u00c1TK\u00c1 SK\u0158\u00cd\u0147, 1500 PRODLOU\u017dEN\u00c1 KABINA STANDARDN\u00cd SK\u0158\u00cd\u0147, 1500 B\u011a\u017dN\u00c1 KABINA DLOUH\u00c1 SK\u0158\u00cd\u0147, 1500 B\u011a\u017dN\u00c1 KABINA STANDARDN\u00cd SK\u0158\u00cd\u0147, 2500 KABINA POS\u00c1DKY DLOUH\u00c1 SK\u0158\u00cd\u0147, 2500 KABINA POS\u00c1DKY STANDARDN\u00cd SK\u0158\u00cd\u0147, 2500 PRODLOU\u017dEN\u00c1 KABINA DLOUH\u00c1 SK\u0158\u00cd\u0147, 2500 PRODLOU\u017dEN\u00c1 KABINA STANDARDN\u00cd SK\u0158\u00cd\u0147, 2500 B\u011a\u017dN\u00c1 KABINA, 3500 PODVOZEK PRODLOU\u017dEN\u00c1 KABINA 161,5, 3500 PODVOZEK PRODLOU\u017dEN\u00c1 KABINA 185,5, 3500 PODVOZEK B\u011a\u017dN\u00c1 KABINA 137,0, 3500 PODVOZEK B\u011a\u017dN\u00c1 KABINA 161,5, 3500 KABINA POS\u00c1DKY, 3500 PRODLOU\u017dEN\u00c1 KABINA, 3500 B\u011a\u017dN\u00c1 KABINA.<\/td>\n<\/tr>\n<tr>\n<td width=\"314\">2000-2006 GMC Yukon<\/td>\n<td width=\"270\">8 v\u00e1lc\u016f 4,8 l, 8 v\u00e1lc\u016f 5,3 l, 8 v\u00e1lc\u016f 5,3 l Flex, 8 v\u00e1lc\u016f 6,0 l<\/td>\n<td width=\"690\">1\/2 TUNY, 3\/4 TUNY, XL 1\/2 TUNY, XL 3\/4 TUNY, YUKON\/DENALI\/ESCALADE<\/td>\n<\/tr>\n<tr>\n<td width=\"314\">2003-2006 Hummer H2<\/td>\n<td width=\"270\">8 v\u00e1lc\u016f 6,0 l<\/td>\n<td width=\"690\">H2 HUMMER, PICKUP, SUV<\/td>\n<\/tr>\n<tr>\n<td width=\"314\">1996-1998 Oldsmobile Achieva<\/td>\n<td width=\"270\">4 v\u00e1lce 2,4 l<\/td>\n<td width=\"690\">2 DVE\u0158E, 4 DVE\u0158E, SC 2 DVE\u0158E, SEDAN LEVEL I, SEDAN LEVEL II, SL 4 DVE\u0158E<\/td>\n<\/tr>\n<tr>\n<td width=\"314\">1999-2001 Oldsmobile Alero<\/td>\n<td width=\"270\">4 v\u00e1lce 2,4 l<\/td>\n<td width=\"690\">2 DVE\u0158E, 4 DVE\u0158E, GL KUP\u00c9 2 DVE\u0158E, GL SEDAN 4 DVE\u0158E, GX 2 DVE\u0158E, GX SEDAN 4 DVE\u0158E<\/td>\n<\/tr>\n<tr>\n<td width=\"314\">Pontiac Firebird 1998-2002<\/td>\n<td width=\"270\">8 v\u00e1lc\u016f 5.7L<\/td>\n<td width=\"690\">2 DVE\u0158E, KABRIOLET, KUP\u00c9<\/td>\n<\/tr>\n<tr>\n<td width=\"314\">Pontiac GTO 2004-2006<\/td>\n<td width=\"270\">8 v\u00e1lc\u016f 5,7 l, 8 v\u00e1lc\u016f 6,0 l<\/td>\n<td width=\"690\">GTO<\/td>\n<\/tr>\n<tr>\n<td width=\"314\">Pontiac Grand Am 1996-2001<\/td>\n<td width=\"270\">4 v\u00e1lce 2,4 l<\/td>\n<td width=\"690\">SE 2 DVE\u0158E, SE 4 DVE\u0158E<\/td>\n<\/tr>\n<tr>\n<td width=\"314\">Pontiac Grand Prix 2005-2006<\/td>\n<td width=\"270\">8 v\u00e1lc\u016f 5.3L<\/td>\n<td width=\"690\">4 DVE\u0158E, GT 4 DVE\u0158E, GT2 4 DVE\u0158E, GTP 4 DVE\u0158E, GXP 4 DVE\u0158E<\/td>\n<\/tr>\n<tr>\n<td width=\"314\">Pontiac Sunfire 1996-2002<\/td>\n<td width=\"270\">4 v\u00e1lce 2,4 l<\/td>\n<td width=\"690\">2DVE\u0158OV\u00dd, 4DVE\u0158OV\u00dd, KABRIOLET, GT 2<\/td>\n<\/tr>\n<\/tbody>\n<\/table>\n<p>&nbsp;<\/p>\n<p>Origin\u00e1ln\u00ed d\u00edly GM a origin\u00e1ln\u00ed vybaven\u00ed ACDelco jsou origin\u00e1ln\u00ed d\u00edly OE, kter\u00e9 byly instalov\u00e1ny b\u011bhem v\u00fdroby nebo schv\u00e1leny spole\u010dnost\u00ed GM pro vozidla GM. Byly vyvinuty, navr\u017eeny a testov\u00e1ny podle p\u0159\u00edsn\u00fdch norem a jsou uzn\u00e1v\u00e1ny spole\u010dnost\u00ed General Motors.<\/p>\n<p>Spole\u010dnost ACDelco m\u00e1 v\u00edce ne\u017e 100 let zku\u0161enost\u00ed a v\u00ed, jak filtrovat \u0161kodliv\u00e9 \u010d\u00e1stice. Olejov\u00e9, palivov\u00e9 a vzduchov\u00e9 filtry ACDelco GM Original Equipment a ACDelco Gold (Professional) jsou vyr\u00e1b\u011bny z vysoce kvalitn\u00edch materi\u00e1l\u016f, kter\u00e9 zaji\u0161\u0165uj\u00ed dlouhou \u017eivotnost a vynikaj\u00edc\u00ed v\u00fdkon.<br \/>\nSpole\u010dnost ACDelco nab\u00edz\u00ed filtry t\u00e9m\u011b\u0159 pro v\u0161echno - od filtr\u016f motorov\u00e9ho oleje, kter\u00e9 blokuj\u00ed \u010d\u00e1stice o velikosti t\u0159etiny lidsk\u00e9ho vlasu, a\u017e po kabinov\u00e9 vzduchov\u00e9 filtry, kter\u00e9 blokuj\u00ed slab\u00e9 pachy ve vzduchu. Jezd\u011bte s jistotou, proto\u017ee v\u00edte, \u017ee v\u00e1\u0161 filtr je certifikov\u00e1n spole\u010dnost\u00ed GM.<\/p>","protected":false},"excerpt":{"rendered":"<p>Originaler GM \/ ACDelco \u00d6lfilter &nbsp; Teilenummer: 19210283 (PF46E) Ersetzt:\u00a019256041 &nbsp; Passend f\u00fcr: Baujahr, Marke, Modell Motor Details 2004-2006 Buick<\/p>","protected":false},"featured_media":68268348,"comment_status":"open","ping_status":"closed","template":"","meta":{"_acf_changed":false},"product_brand":[19857],"product_cat":[3984,3983,3990,3988,3992],"product_tag":[4007,4009,3975,3974,1205,278,191,189,281,1204,2321,3976,288,648,1318,1201,301,300,404,2320,647,655,34,4008,1216,299,298,293,289,4010],"class_list":{"0":"post-68268345","1":"product","2":"type-product","3":"status-publish","4":"has-post-thumbnail","6":"product_brand-acdelco","7":"product_cat-escalade-wartung","8":"product_cat-silverado-wartung","9":"product_cat-suburban-wartung","10":"product_cat-tahoe-wartung","11":"product_cat-trailblazer-wartung","12":"product_tag-4007","13":"product_tag-4009","14":"product_tag-ac-delco","15":"product_tag-acdelco","16":"product_tag-avalanche","17":"product_tag-cadillac","18":"product_tag-camaro","19":"product_tag-chevrolet","20":"product_tag-corvette","21":"product_tag-cts","22":"product_tag-erstausruester","23":"product_tag-erstausruestung","24":"product_tag-escalade","25":"product_tag-filter","26":"product_tag-gm","27":"product_tag-gmc","28":"product_tag-h2","29":"product_tag-hummer","30":"product_tag-motoroel","31":"product_tag-motoroelfilter","32":"product_tag-oelfilter","33":"product_tag-oelwechsel","34":"product_tag-original","35":"product_tag-pf46e","36":"product_tag-sierra","37":"product_tag-silverado","38":"product_tag-suburban","39":"product_tag-tahoe","40":"product_tag-trailblazer","41":"product_tag-yokon","43":"first","44":"instock","45":"taxable","46":"shipping-taxable","47":"purchasable","48":"product-type-simple"},"bundled_by":[],"bundle_stock_status":"instock","bundle_stock_quantity":14,"bundle_virtual":false,"bundle_layout":"","bundle_add_to_cart_form_location":"","bundle_editable_in_cart":false,"bundle_sold_individually_context":"","bundle_item_grouping":"","bundle_min_size":"","bundle_max_size":"","bundle_price":[],"bundled_items":[],"bundle_sell_ids":[],"exclude_global_add_ons":[],"addons":[],"acf":[],"_links":{"self":[{"href":"https:\/\/kraftwerk-shop.cc\/cs\/wp-json\/wp\/v2\/product\/68268345","targetHints":{"allow":["GET"]}}],"collection":[{"href":"https:\/\/kraftwerk-shop.cc\/cs\/wp-json\/wp\/v2\/product"}],"about":[{"href":"https:\/\/kraftwerk-shop.cc\/cs\/wp-json\/wp\/v2\/types\/product"}],"replies":[{"embeddable":true,"href":"https:\/\/kraftwerk-shop.cc\/cs\/wp-json\/wp\/v2\/comments?post=68268345"}],"version-history":[{"count":0,"href":"https:\/\/kraftwerk-shop.cc\/cs\/wp-json\/wp\/v2\/product\/68268345\/revisions"}],"wp:featuredmedia":[{"embeddable":true,"href":"https:\/\/kraftwerk-shop.cc\/cs\/wp-json\/wp\/v2\/media\/68268348"}],"wp:attachment":[{"href":"https:\/\/kraftwerk-shop.cc\/cs\/wp-json\/wp\/v2\/media?parent=68268345"}],"wp:term":[{"taxonomy":"product_brand","embeddable":true,"href":"https:\/\/kraftwerk-shop.cc\/cs\/wp-json\/wp\/v2\/product_brand?post=68268345"},{"taxonomy":"product_cat","embeddable":true,"href":"https:\/\/kraftwerk-shop.cc\/cs\/wp-json\/wp\/v2\/product_cat?post=68268345"},{"taxonomy":"product_tag","embeddable":true,"href":"https:\/\/kraftwerk-shop.cc\/cs\/wp-json\/wp\/v2\/product_tag?post=68268345"}],"curies":[{"name":"wp","href":"https:\/\/api.w.org\/{rel}","templated":true}]}}