{"id":68268355,"date":"2022-07-03T16:28:46","date_gmt":"2022-07-03T14:28:46","guid":{"rendered":"https:\/\/kraftwerk-shop.cc\/?post_type=product&#038;p=68268355"},"modified":"2026-02-15T00:53:37","modified_gmt":"2026-02-14T23:53:37","slug":"black-out-cerna-tepelna-ochrana-corvette-c8","status":"publish","type":"product","link":"https:\/\/kraftwerk-shop.cc\/cs\/produkt\/black-out-schwarz-hitzeschutz-corvette-c8\/","title":{"rendered":"Tepeln\u00e1 ochrana Black Out Corvette C8"},"content":{"rendered":"<h1>Tepeln\u00e1 ochrana Black Out pro Chevrolet Corvette C8<\/h1>\n<p>&nbsp;<\/p>\n<p>Design modelu C8 je um\u011bleck\u00fdm d\u00edlem s \u00fachvatn\u00fdmi liniemi karoserie a v\u00fdkonem na \u00farovni supersportovn\u00edho vozu.<br \/>\nP\u0159esto existuj\u00ed oblasti, kde lze estetiku je\u0161t\u011b vylep\u0161it.<br \/>\nV cel\u00e9m motorov\u00e9m prostoru a v\u00fdfukov\u00e9m syst\u00e9mu modelu C8 byly instalov\u00e1ny tepeln\u00e9 \u0161t\u00edty, kter\u00e9 chr\u00e1n\u00ed vozidlo p\u0159ed nadm\u011brn\u00fdm teplem generovan\u00fdm motorem V8. Za zadn\u00edmi koly pou\u017eila spole\u010dnost GM tepeln\u011b odraziv\u00fd materi\u00e1l, aby sn\u00ed\u017eila hromad\u011bn\u00ed tepla, kter\u00e9 kontrastuje s jinak kr\u00e1sn\u00fdmi liniemi zadn\u00edho n\u00e1razn\u00edku modelu C8.<br \/>\nTepeln\u00fd \u0161t\u00edt Black Out nahrazuje reflexn\u00ed f\u00f3lii tepeln\u00e9ho \u0161t\u00edtu GM dal\u0161\u00ed vrstvou \u010dern\u00e9ho tepeln\u00e9ho \u0161t\u00edtu, kter\u00e1 odstra\u0148uje n\u00e1padn\u00fd prvek za v\u00fd\u0159ezem v\u00fdfuku C8.<\/p>\n<ul>\n<li>10minutov\u00e1 instalace sloupnut\u00edm a nalepen\u00edm.<\/li>\n<li>Speci\u00e1ln\u011b vyvinut\u00fd pro C8, odol\u00e1v\u00e1 teplot\u011b a\u017e 1750 F (955 stup\u0148\u016f Celsia).<\/li>\n<\/ul>\n<p>&nbsp;<\/p>\n<p><strong>Vhodn\u00e9 pro:<\/strong><\/p>\n<table width=\"696\">\n<tbody>\n<tr>\n<td width=\"178\">2020\u20132023<\/td>\n<td width=\"226\">Chevrolet<\/td>\n<td width=\"120\">Corvette<\/td>\n<td width=\"172\">C8<\/td>\n<\/tr>\n<\/tbody>\n<\/table>\n<p>&nbsp;<\/p>\n<p><strong>Rozsah dod\u00e1vky:<\/strong><\/p>\n<p>2 tepeln\u00e9 ochrann\u00e9 \u0161t\u00edty Black Out (1 na ka\u017ed\u00e9 stran\u011b)<\/p>","protected":false},"excerpt":{"rendered":"<p>Tepeln\u00e1 ochrana Black Out pro Chevrolet Corvette C8 Design C8 je um\u011bleck\u00fdm d\u00edlem s \u00fachvatn\u00fdmi liniemi t\u011bla a designem.<\/p>","protected":false},"featured_media":68268359,"comment_status":"open","ping_status":"closed","template":"","meta":{"_acf_changed":false},"product_brand":[],"product_cat":[3136],"product_tag":[1035,4018,546,2245,3285,189,3586,281,1039,4016,1318,4015,4017,4019,148,547],"class_list":{"0":"post-68268355","1":"product","2":"type-product","3":"status-publish","4":"has-post-thumbnail","6":"product_cat-corvette-c8-abgasanlage","7":"product_tag-abgasanlage","8":"product_tag-ac010","9":"product_tag-auspuff","10":"product_tag-auspuffanlage","11":"product_tag-c8","12":"product_tag-chevrolet","13":"product_tag-corsa","14":"product_tag-corvette","15":"product_tag-endschalldaempfer","16":"product_tag-geklebt","17":"product_tag-gm","18":"product_tag-hitzeschutz","19":"product_tag-kleben","20":"product_tag-optik","21":"product_tag-schwarz","22":"product_tag-sportauspuff","24":"first","25":"onbackorder","26":"taxable","27":"shipping-taxable","28":"purchasable","29":"product-type-simple"},"bundled_by":[],"bundle_stock_status":"onbackorder","bundle_stock_quantity":0,"bundle_virtual":false,"bundle_layout":"","bundle_add_to_cart_form_location":"","bundle_editable_in_cart":false,"bundle_sold_individually_context":"","bundle_item_grouping":"","bundle_min_size":"","bundle_max_size":"","bundle_price":[],"bundled_items":[],"bundle_sell_ids":[],"exclude_global_add_ons":[],"addons":[],"acf":[],"_links":{"self":[{"href":"https:\/\/kraftwerk-shop.cc\/cs\/wp-json\/wp\/v2\/product\/68268355","targetHints":{"allow":["GET"]}}],"collection":[{"href":"https:\/\/kraftwerk-shop.cc\/cs\/wp-json\/wp\/v2\/product"}],"about":[{"href":"https:\/\/kraftwerk-shop.cc\/cs\/wp-json\/wp\/v2\/types\/product"}],"replies":[{"embeddable":true,"href":"https:\/\/kraftwerk-shop.cc\/cs\/wp-json\/wp\/v2\/comments?post=68268355"}],"version-history":[{"count":0,"href":"https:\/\/kraftwerk-shop.cc\/cs\/wp-json\/wp\/v2\/product\/68268355\/revisions"}],"wp:featuredmedia":[{"embeddable":true,"href":"https:\/\/kraftwerk-shop.cc\/cs\/wp-json\/wp\/v2\/media\/68268359"}],"wp:attachment":[{"href":"https:\/\/kraftwerk-shop.cc\/cs\/wp-json\/wp\/v2\/media?parent=68268355"}],"wp:term":[{"taxonomy":"product_brand","embeddable":true,"href":"https:\/\/kraftwerk-shop.cc\/cs\/wp-json\/wp\/v2\/product_brand?post=68268355"},{"taxonomy":"product_cat","embeddable":true,"href":"https:\/\/kraftwerk-shop.cc\/cs\/wp-json\/wp\/v2\/product_cat?post=68268355"},{"taxonomy":"product_tag","embeddable":true,"href":"https:\/\/kraftwerk-shop.cc\/cs\/wp-json\/wp\/v2\/product_tag?post=68268355"}],"curies":[{"name":"wp","href":"https:\/\/api.w.org\/{rel}","templated":true}]}}