{"id":68268441,"date":"2022-07-08T11:31:52","date_gmt":"2022-07-08T09:31:52","guid":{"rendered":"https:\/\/kraftwerk-shop.cc\/?post_type=product&#038;p=68268441"},"modified":"2026-02-15T00:04:08","modified_gmt":"2026-02-14T23:04:08","slug":"mbrp-s7227al-ford-mustang-v6","status":"publish","type":"product","link":"https:\/\/kraftwerk-shop.cc\/cs\/produkt\/mbrp-s7227al-ford-mustang-v6\/","title":{"rendered":"Zadn\u00ed tlumi\u010d MBRP pro Ford Mustang V6 3.7"},"content":{"rendered":"<h1>Zadn\u00ed tlumi\u010d MBRP pro Ford Mustang V6 3.7<\/h1>\n<p>&nbsp;<\/p>\n<p>V\u00fdfukov\u00fd syst\u00e9m MBRP S7227AL Axle-Back z \u0159ady Armor Lite dod\u00e1 va\u0161emu vozu Ford Mustang 3,7L V6 siln\u00fd a z\u00e1rove\u0148 p\u0159\u00edjemn\u00fd zvuk. D\u00edky 3palcov\u00e9mu pr\u016fm\u011bru potrub\u00ed a dv\u011bma 4palcov\u00fdm dvoust\u011bnn\u00fdm koncovk\u00e1m v\u00fdfuku z vysoce le\u0161t\u011bn\u00e9 nerezov\u00e9 oceli T304 nab\u00edz\u00ed tento syst\u00e9m nejen p\u016fsobiv\u00fd vzhled, ale tak\u00e9 znateln\u00e9 zv\u00fd\u0161en\u00ed v\u00fdkonu.<\/p>\n<p>Tento v\u00fdfukov\u00fd syst\u00e9m je vyroben z korozivzdorn\u00e9 aluminizovan\u00e9 oceli, je mimo\u0159\u00e1dn\u011b odoln\u00fd a ide\u00e1ln\u00ed pro m\u00edrn\u00e9 podneb\u00ed. Trubky oh\u00fdban\u00e9 v trnu zaji\u0161\u0165uj\u00ed optimalizovan\u00fd pr\u016ftok v\u00fdfukov\u00fdch plyn\u016f, co\u017e vede ke zlep\u0161en\u00ed v\u00fdkonu a \u00fa\u010dinnosti motoru. Syst\u00e9m je navr\u017een tak, aby nahradil \u010d\u00e1st od zadn\u00ed n\u00e1pravy, a vytv\u00e1\u0159\u00ed hlubok\u00fd, bohat\u00fd t\u00f3n v\u00fdfuku, kter\u00fd zn\u00ed agresivn\u011b p\u0159i vy\u0161\u0161\u00edch ot\u00e1\u010dk\u00e1ch, ale nen\u00ed ru\u0161iv\u00fd p\u0159i dlouh\u00fdch cest\u00e1ch.<\/p>\n<p>&nbsp;<\/p>\n<p><strong>Technick\u00e9 \u00fadaje<\/strong><\/p>\n<ul>\n<li>Pr\u016fm\u011br trubky: 3 palceZadn\u00ed trubky: 4 palce, dvojit\u00e1 st\u011bna, zkosen\u00e9, vysoce le\u0161t\u011bn\u00e9<\/li>\n<li>Materi\u00e1l: Hlin\u00edkov\u00e1 ocel (trubky), nerezov\u00e1 ocel T304 (v\u00fdfukov\u00e9 potrub\u00ed).<\/li>\n<li>Profil v\u00fdfuku: Street Profile - sportovn\u00ed, ale vhodn\u00fd pro dlouh\u00e9 vzd\u00e1lenosti<\/li>\n<li>Mont\u00e1\u017e: instalace pomoc\u00ed \u0161roub\u016f<\/li>\n<\/ul>\n<p>&nbsp;<\/p>\n<p>&nbsp;<\/p>\n<p>Zadn\u00ed tlumi\u010d MBRP S7227AL je vhodn\u00fd pro n\u00e1sleduj\u00edc\u00ed modely:<\/p>\n<table width=\"449\">\n<tbody>\n<tr>\n<td width=\"115\"><strong>Zna\u010dka<\/strong><\/td>\n<td width=\"145\"><strong>Model<\/strong><\/td>\n<td width=\"106\"><strong>Motor<\/strong><\/td>\n<td width=\"83\"><strong>Rok v\u00fdstavby<\/strong><\/td>\n<\/tr>\n<tr>\n<td>Ford<\/td>\n<td>Mustang<\/td>\n<td>3.7 V6<\/td>\n<td>2011\u20132014<\/td>\n<\/tr>\n<\/tbody>\n<\/table>\n<p>&nbsp;<\/p>\n<p>&nbsp;<\/p>\n<h3>O v\u00fdrobci MBRP<\/h3>\n<p>Spole\u010dnost MBRP Inc. je p\u0159edn\u00edm v\u00fdrobcem vysoce v\u00fdkonn\u00fdch v\u00fdfukov\u00fdch syst\u00e9m\u016f a p\u0159\u00edslu\u0161enstv\u00ed pro osobn\u00ed a n\u00e1kladn\u00ed automobily, ter\u00e9nn\u00ed vozidla a motocykly. Spole\u010dnost byla zalo\u017eena p\u0159ed v\u00edce ne\u017e 20 lety a proslavila se inovativn\u00edmi n\u00e1vrhy, kvalitn\u00edmi materi\u00e1ly a vynikaj\u00edc\u00edm zpracov\u00e1n\u00edm. V\u00fdrobky MBRP jsou zn\u00e1m\u00e9 svou snadnou instalac\u00ed, odolnost\u00ed a vylep\u0161en\u00fdm zvukem a v\u00fdkonem, kter\u00fd vozidl\u016fm p\u0159in\u00e1\u0161ej\u00ed. Spole\u010dnost nab\u00edz\u00ed \u0161irokou \u0161k\u00e1lu v\u00fdrobk\u016f speci\u00e1ln\u011b navr\u017een\u00fdch pro pot\u0159eby nad\u0161enc\u016f i profesion\u00e1l\u016f.<\/p>\n<p>&nbsp;<\/p>","protected":false},"excerpt":{"rendered":"<p>Hlin\u00edkov\u00e1 ocel<\/p>\n<p>2011\u20132014<\/p>","protected":false},"featured_media":68268445,"comment_status":"open","ping_status":"closed","template":"","meta":{"_acf_changed":false},"product_brand":[17169],"product_cat":[3024,4032],"product_tag":[17282,176,177,165,248,7055,17293,17294,17295,17296,17284,17288,17325,17326,17327,17316,17318,17312,17314,17317,17315,17313,17286,17333,2934,20273,17338,17339,17340,17335,17336,17345,17344,17337,3872,17289,17290,17291,17292,17283,17322,17319,17321,17320,17287,17328,17323,17324,17301,17297,17302,17308,17299,17304,17305,17306,17300,4787,17303,17310,17307,17309,17298,17285,17329,17331,17334,17332,17330,17311,7196,17343,17342,17341],"class_list":{"0":"post-68268441","1":"product","2":"type-product","3":"status-publish","4":"has-post-thumbnail","6":"product_brand-mbrp","7":"product_cat-nicht-nach-eu","8":"product_cat-mustang-37-abgasanlage","9":"product_tag-0s7227al","10":"product_tag-176","11":"product_tag-177","12":"product_tag-165","13":"product_tag-248","14":"product_tag-ford-mustang","15":"product_tag-ford-mustang-2011","16":"product_tag-ford-mustang-2012","17":"product_tag-ford-mustang-2013","18":"product_tag-ford-mustang-2014","19":"product_tag-ford-mustang-3-7","20":"product_tag-ford-mustang-3-7-v6","21":"product_tag-ford-mustang-3-7-v6-auspuffanlage","22":"product_tag-ford-mustang-3-7-v6-endschalldaempfer","23":"product_tag-ford-mustang-3-7-v6-sportauspuff","24":"product_tag-ford-mustang-abgasanlage","25":"product_tag-ford-mustang-auspuff-tuning","26":"product_tag-ford-mustang-auspuffanlage","27":"product_tag-ford-mustang-axle-back","28":"product_tag-ford-mustang-endschalldaempfer","29":"product_tag-ford-mustang-exhaust-system","30":"product_tag-ford-mustang-sportauspuff","31":"product_tag-ford-mustang-v6","32":"product_tag-ford-mustang-v6-nachruest-abgasanlage","33":"product_tag-harder","34":"product_tag-keintuev","35":"product_tag-mbrp-axle-back-mustang","36":"product_tag-mbrp-axle-back-3-7-v6","37":"product_tag-mbrp-ford-mustang-3-7-v6","38":"product_tag-mbrp-mustang-auspuff","39":"product_tag-mbrp-mustang-exhaust","40":"product_tag-mbrp-s7227al-axle-back-kit","41":"product_tag-mbrp-s7227al-exhaust","42":"product_tag-mbrp-s7227al-mustang","43":"product_tag-mustang","44":"product_tag-mustang-2011","45":"product_tag-mustang-2012","46":"product_tag-mustang-2013","47":"product_tag-mustang-2014","48":"product_tag-mustang-3-7","49":"product_tag-mustang-3-7-abgasanlage","50":"product_tag-mustang-3-7-auspuff","51":"product_tag-mustang-3-7-axle-back","52":"product_tag-mustang-3-7-sportauspuff","53":"product_tag-mustang-3-7-v6","54":"product_tag-mustang-3-7-v6-abgasanlage","55":"product_tag-mustang-3-7-v6-auspuff","56":"product_tag-mustang-3-7-v6-exhaust","57":"product_tag-mustang-abgasanlage","58":"product_tag-mustang-auspuff","59":"product_tag-mustang-auspuff-tuning","60":"product_tag-mustang-auspuff-upgrade","61":"product_tag-mustang-auspuffanlage","62":"product_tag-mustang-axle-back","63":"product_tag-mustang-axle-back-exhaust","64":"product_tag-mustang-axle-back-auspuff","65":"product_tag-mustang-endschalldaempfer","66":"product_tag-mustang-exhaust","67":"product_tag-mustang-exhaust-system","68":"product_tag-mustang-nachruestauspuff","69":"product_tag-mustang-sound-upgrade","70":"product_tag-mustang-sportabgasanlage","71":"product_tag-mustang-sportauspuff","72":"product_tag-mustang-v6","73":"product_tag-mustang-v6-auspuffanlage","74":"product_tag-mustang-v6-axle-back","75":"product_tag-mustang-v6-doppelrohr-auspuff","76":"product_tag-mustang-v6-nachruestauspuff","77":"product_tag-mustang-v6-sportauspuff","78":"product_tag-mustang-zubehoer-auspuff","79":"product_tag-s7227al","80":"product_tag-s7227al-auspuffanlage","81":"product_tag-s7227al-exhaust-system","82":"product_tag-s7227al-mustang-3-7","83":"product_shipping_class-paket-xl","85":"first","86":"onbackorder","87":"taxable","88":"shipping-taxable","89":"purchasable","90":"product-type-simple"},"bundled_by":[],"bundle_stock_status":"onbackorder","bundle_stock_quantity":0,"bundle_virtual":false,"bundle_layout":"","bundle_add_to_cart_form_location":"","bundle_editable_in_cart":false,"bundle_sold_individually_context":"","bundle_item_grouping":"","bundle_min_size":"","bundle_max_size":"","bundle_price":[],"bundled_items":[],"bundle_sell_ids":[],"exclude_global_add_ons":[],"addons":[],"acf":[],"_links":{"self":[{"href":"https:\/\/kraftwerk-shop.cc\/cs\/wp-json\/wp\/v2\/product\/68268441","targetHints":{"allow":["GET"]}}],"collection":[{"href":"https:\/\/kraftwerk-shop.cc\/cs\/wp-json\/wp\/v2\/product"}],"about":[{"href":"https:\/\/kraftwerk-shop.cc\/cs\/wp-json\/wp\/v2\/types\/product"}],"replies":[{"embeddable":true,"href":"https:\/\/kraftwerk-shop.cc\/cs\/wp-json\/wp\/v2\/comments?post=68268441"}],"version-history":[{"count":0,"href":"https:\/\/kraftwerk-shop.cc\/cs\/wp-json\/wp\/v2\/product\/68268441\/revisions"}],"wp:featuredmedia":[{"embeddable":true,"href":"https:\/\/kraftwerk-shop.cc\/cs\/wp-json\/wp\/v2\/media\/68268445"}],"wp:attachment":[{"href":"https:\/\/kraftwerk-shop.cc\/cs\/wp-json\/wp\/v2\/media?parent=68268441"}],"wp:term":[{"taxonomy":"product_brand","embeddable":true,"href":"https:\/\/kraftwerk-shop.cc\/cs\/wp-json\/wp\/v2\/product_brand?post=68268441"},{"taxonomy":"product_cat","embeddable":true,"href":"https:\/\/kraftwerk-shop.cc\/cs\/wp-json\/wp\/v2\/product_cat?post=68268441"},{"taxonomy":"product_tag","embeddable":true,"href":"https:\/\/kraftwerk-shop.cc\/cs\/wp-json\/wp\/v2\/product_tag?post=68268441"}],"curies":[{"name":"wp","href":"https:\/\/api.w.org\/{rel}","templated":true}]}}