{"id":68268490,"date":"2022-07-12T14:20:26","date_gmt":"2022-07-12T12:20:26","guid":{"rendered":"https:\/\/kraftwerk-shop.cc\/?post_type=product&#038;p=68268490"},"modified":"2026-02-15T00:51:37","modified_gmt":"2026-02-14T23:51:37","slug":"jlt-cai-75-5143-ford-mustang-ecoboost","status":"publish","type":"product","link":"https:\/\/kraftwerk-shop.cc\/cs\/produkt\/jlt-cai-75-5143-ford-mustang-ecoboost\/","title":{"rendered":"S\u00e1n\u00ed studen\u00e9ho vzduchu JLT Ford Mustang EcoBoost 2.3"},"content":{"rendered":"<h1>JLT CAI-75-5143 s\u00e1n\u00ed studen\u00e9ho vzduchu \/ sportovn\u00ed vzduchov\u00fd filtr pro Ford Mustang EcoBoost 2.3<\/h1>\n<p>&nbsp;<\/p>\n<p><strong>Velk\u00fd vzduchov\u00fd filtr<\/strong><br \/>\nVelkoryse dimenzovan\u00fd vzduchov\u00fd filtr umo\u017e\u0148uje v\u011bt\u0161\u00ed pr\u016ftok vzduchu ne\u017e standardn\u00ed filtr.<br \/>\nVzduchov\u00fd filtr se skl\u00e1d\u00e1 z bavln\u011bn\u00e9ho filtra\u010dn\u00edho materi\u00e1lu, kter\u00fd je sm\u00e1\u010den speci\u00e1ln\u00edm filtra\u010dn\u00edm olejem a lze jej vym\u00fdvat. T\u00edm se maximalizuje kapacita a v\u00fdkon filtru.<\/p>\n<p><strong>Sac\u00ed potrub\u00ed<\/strong><br \/>\nSac\u00ed trubice je vyrobena z roto-moulded plastu s obrovsk\u00fdm 5\u2033 filtra\u010dn\u00edm otvorem pro vynikaj\u00edc\u00ed pr\u016ftok vzduchu a BEZ zah\u0159\u00edv\u00e1n\u00ed jako u kovov\u00fdch trubic.<\/p>\n<p><strong>Kryt vzduchov\u00e9ho filtru<\/strong><br \/>\nObsahuje n\u00e1\u0161 velk\u00fd plastov\u00fd kryt ABS, kter\u00fd izoluje nas\u00e1van\u00fd vzduch od tepla motoru p\u0159i volnob\u011bhu a n\u00edzk\u00fdch ot\u00e1\u010dk\u00e1ch.<br \/>\nVyu\u017e\u00edv\u00e1 velkou plochu, aby filtr m\u011bl dostatek chladn\u00e9ho vzduchu, a vyu\u017e\u00edv\u00e1 tov\u00e1rn\u00ed p\u0159\u00edvod \u010derstv\u00e9ho vzduchu z n\u00e1razn\u00edku k udr\u017een\u00ed co nejni\u017e\u0161\u00edch teplot.<\/p>\n<p><strong>podrobnosti<\/strong><\/p>\n<ul>\n<li>Zv\u00fd\u0161en\u00ed v\u00fdkonu a\u017e o 15 k (podle \u00fadaj\u016f v\u00fdrobce)<\/li>\n<li>Kryt vzduchov\u00e9ho filtru s dr\u017e\u00e1ky pro p\u0159\u00edmou mont\u00e1\u017e<\/li>\n<li>P\u0159edem naolejovan\u00fd, omyvateln\u00fd a opakovan\u011b pou\u017eiteln\u00fd vzduchov\u00fd filtr pro maxim\u00e1ln\u00ed v\u00fdkon<\/li>\n<\/ul>\n<p><strong>Pozn\u00e1mka:<\/strong> Pro tuto sadu nen\u00ed nutn\u00e9 \u017e\u00e1dn\u00e9 specifick\u00e9 lad\u011bn\u00ed!<\/p>\n<p>&nbsp;<\/p>\n<p><strong>Vhodn\u00e9 pro:<br \/>\n<\/strong><\/p>\n<table width=\"498\">\n<tbody>\n<tr>\n<td width=\"94\">Ford<\/td>\n<td width=\"158\">Mustang<\/td>\n<td width=\"134\">EcoBoost 2.3<\/td>\n<td width=\"112\">2015 - 2022<\/td>\n<\/tr>\n<\/tbody>\n<\/table>\n<p>&nbsp;<\/p>","protected":false},"excerpt":{"rendered":"<p>2015\u20132022<\/p>","protected":false},"featured_media":68268493,"comment_status":"open","ping_status":"closed","template":"","meta":{"_acf_changed":false},"product_brand":[17168],"product_cat":[4041],"product_tag":[4020,4040,826,4039,3587,2739,825,3873,917,2934,903,1093,2444,20273,36,57,3872,186,1045,500],"class_list":{"0":"post-68268490","1":"product","2":"type-product","3":"status-publish","4":"has-post-thumbnail","6":"product_brand-jlt","7":"product_cat-mustang-23-ecoboost-ansaugung","8":"product_tag-2-3","9":"product_tag-75-5143","10":"product_tag-ansaugung","11":"product_tag-cai-75-5143","12":"product_tag-cold","13":"product_tag-cold-air","14":"product_tag-cold-air-intake","15":"product_tag-ecoboost","16":"product_tag-ford","17":"product_tag-harder","18":"product_tag-jl","19":"product_tag-jlt","20":"product_tag-jlt-performance","21":"product_tag-keintuev","22":"product_tag-kraftwerk","23":"product_tag-luftfilter","24":"product_tag-mustang","25":"product_tag-performance","26":"product_tag-sound","27":"product_tag-sportluftfilter","29":"first","30":"onbackorder","31":"taxable","32":"shipping-taxable","33":"purchasable","34":"product-type-simple"},"bundled_by":[],"bundle_stock_status":"onbackorder","bundle_stock_quantity":0,"bundle_virtual":false,"bundle_layout":"","bundle_add_to_cart_form_location":"","bundle_editable_in_cart":false,"bundle_sold_individually_context":"","bundle_item_grouping":"","bundle_min_size":"","bundle_max_size":"","bundle_price":[],"bundled_items":[],"bundle_sell_ids":[],"exclude_global_add_ons":[],"addons":[],"acf":[],"_links":{"self":[{"href":"https:\/\/kraftwerk-shop.cc\/cs\/wp-json\/wp\/v2\/product\/68268490","targetHints":{"allow":["GET"]}}],"collection":[{"href":"https:\/\/kraftwerk-shop.cc\/cs\/wp-json\/wp\/v2\/product"}],"about":[{"href":"https:\/\/kraftwerk-shop.cc\/cs\/wp-json\/wp\/v2\/types\/product"}],"replies":[{"embeddable":true,"href":"https:\/\/kraftwerk-shop.cc\/cs\/wp-json\/wp\/v2\/comments?post=68268490"}],"version-history":[{"count":0,"href":"https:\/\/kraftwerk-shop.cc\/cs\/wp-json\/wp\/v2\/product\/68268490\/revisions"}],"wp:featuredmedia":[{"embeddable":true,"href":"https:\/\/kraftwerk-shop.cc\/cs\/wp-json\/wp\/v2\/media\/68268493"}],"wp:attachment":[{"href":"https:\/\/kraftwerk-shop.cc\/cs\/wp-json\/wp\/v2\/media?parent=68268490"}],"wp:term":[{"taxonomy":"product_brand","embeddable":true,"href":"https:\/\/kraftwerk-shop.cc\/cs\/wp-json\/wp\/v2\/product_brand?post=68268490"},{"taxonomy":"product_cat","embeddable":true,"href":"https:\/\/kraftwerk-shop.cc\/cs\/wp-json\/wp\/v2\/product_cat?post=68268490"},{"taxonomy":"product_tag","embeddable":true,"href":"https:\/\/kraftwerk-shop.cc\/cs\/wp-json\/wp\/v2\/product_tag?post=68268490"}],"curies":[{"name":"wp","href":"https:\/\/api.w.org\/{rel}","templated":true}]}}