{"id":68268524,"date":"2022-07-16T12:57:58","date_gmt":"2022-07-16T10:57:58","guid":{"rendered":"https:\/\/kraftwerk-shop.cc\/?post_type=product&#038;p=68268524"},"modified":"2026-02-15T00:43:50","modified_gmt":"2026-02-14T23:43:50","slug":"afe-track-series-carbon-cold-air-intake-corvette-c8","status":"publish","type":"product","link":"https:\/\/kraftwerk-shop.cc\/cs\/produkt\/afe-track-series-carbon-cold-air-intake-corvette-c8\/","title":{"rendered":"aFe Track Series Carbon Cold Air Intake Corvette C8"},"content":{"rendered":"<h1>aFe POWER 57-10013R Track Series Carbon Cold Air Intake pro Corvette C8<\/h1>\n<p>&nbsp;<\/p>\n<p><strong>Tepeln\u011b odoln\u00e9 pouzdro<\/strong><br \/>\nDu\u00e1ln\u00ed vzduchov\u00e9 filtry jsou obklopeny krytem z polymeru XLPE (zes\u00ed\u0165ovan\u00fd polyethylen) s otev\u0159en\u00fdmi prvky, kter\u00e9 minimalizuj\u00ed tepl\u00fd vzduch v motoru a zaji\u0161\u0165uj\u00ed maxim\u00e1ln\u00ed v\u00fdkon. Je p\u0159esn\u011b navr\u017een a vyroben tak, aby dokonale zapadl do mont\u00e1\u017en\u00ed polohy z v\u00fdroby.<br \/>\nKryt je p\u0159ipojen k tov\u00e1rn\u00edm p\u0159\u00edvod\u016fm vzduchu na obou stran\u00e1ch vozidla, aby zachycoval co nejchladn\u011bj\u0161\u00ed vzduch.<br \/>\nSilikonov\u00e9 m\u011bchy se pou\u017e\u00edvaj\u00ed pro pohyb motoru a snadnou instalaci. V\u0161echny tov\u00e1rn\u00ed kabelov\u00e9 svazky a dr\u017e\u00e1ky jsou p\u0159eneseny do zadn\u00ed \u010d\u00e1sti sk\u0159\u00edn\u011b aFe POWER, aby byla zaji\u0161t\u011bna tov\u00e1rn\u00ed instalace.<br \/>\nAnt\u00e9na r\u00e1dia, kter\u00e1 je p\u0159ipevn\u011bna k tov\u00e1rn\u00edmu airboxu, je rovn\u011b\u017e p\u0159enesena do krytu aFe POWER. Pro vyjmut\u00ed ant\u00e9ny z airboxu je t\u0159eba od\u0159\u00edznout dva p\u0159itaven\u00e9 plastov\u00e9 upev\u0148ovac\u00ed v\u00fdstupky.<\/p>\n<p><strong>T\u011bsn\u011bn\u00ed na zadn\u00edch dve\u0159\u00edch<\/strong><br \/>\nT\u011bsnic\u00ed li\u0161ta um\u00edst\u011bn\u00e1 na okraji krytu t\u011bsn\u00ed proti plastov\u00e9mu zadn\u00edmu krytu a chr\u00e1n\u00ed vzduchov\u00e9 filtry p\u0159ed ne\u017e\u00e1douc\u00edm tepl\u00fdm vzduchem z motoru. Toto uspo\u0159\u00e1d\u00e1n\u00ed umo\u017e\u0148uje agresivn\u011bj\u0161\u00ed hlu\u010dnost s\u00e1n\u00ed bez sn\u00ed\u017een\u00ed v\u00fdkonu.<\/p>\n<p><strong>Sac\u00ed potrub\u00ed<\/strong><br \/>\nLehk\u00e1 trubka z tkan\u00fdch uhl\u00edkov\u00fdch vl\u00e1ken vede filtrovan\u00fd vzduch z dvojit\u00e9ho vzduchov\u00e9ho filtru do motoru. Byla po\u010d\u00edta\u010dov\u011b navr\u017eena a testov\u00e1na na zku\u0161ebn\u011b, aby zv\u00fd\u0161ila pr\u016ftok vzduchu a z\u00e1rove\u0148 sn\u00ed\u017eila hmotnost a zlep\u0161ila vzhled motorov\u00e9ho prostoru. Trubka je vyrobena z materi\u00e1lu 100% z uhl\u00edkov\u00fdch vl\u00e1ken (nikoli ze skeln\u00fdch vl\u00e1ken).<\/p>\n<p><strong>Velk\u00e9 p\u011btivrstv\u00e9 vysoce v\u00fdkonn\u00e9 vzduchov\u00e9 filtry<\/strong><br \/>\nDvojit\u00e9 4\" p\u0159\u00edrubov\u00e9 vzduchov\u00e9 filtry s 360stup\u0148ov\u00fdm radi\u00e1ln\u00edm pr\u016ftokem jsou vybaveny na\u0161imi p\u0159edolejovan\u00fdmi m\u00e9dii Pro 5R s p\u011bti vrstvami postupn\u011b jemn\u011bj\u0161\u00ed bavln\u011bn\u00e9 g\u00e1zy pro maxim\u00e1ln\u00ed v\u00fdkon. Poskytuj\u00ed va\u0161emu motoru nejv\u011bt\u0161\u00ed mno\u017estv\u00ed vzduchu s vysok\u00fdm pr\u016ftokem a ve v\u011bt\u0161in\u011b p\u0159\u00edpad\u016f p\u0159in\u00e1\u0161ej\u00ed nejvy\u0161\u0161\u00ed n\u00e1r\u016fst v\u00fdkonu z na\u0161ich variant filtra\u010dn\u00edch m\u00e9di\u00ed. Tato filtra\u010dn\u00ed m\u00e9dia jsou ide\u00e1ln\u00ed pro pou\u017eit\u00ed na ulici a\/nebo na z\u00e1vodn\u00edch trat\u00edch. Jejich obr\u00e1cen\u00e1 horn\u00ed strana poskytuje v\u011bt\u0161\u00ed plochu filtru, co\u017e vede k del\u0161\u00edm servisn\u00edm interval\u016fm.<\/p>\n<p><strong>Vysoce kvalitn\u00ed instala\u010dn\u00ed materi\u00e1l<\/strong><br \/>\n\u0160nekov\u00e9 svorky z nerezov\u00e9 oceli a zes\u00edlen\u00e1 silikonov\u00e1 hadice zaji\u0161\u0165uj\u00ed stabilitu a trvanlivost a tak\u00e9 bezpe\u010dnou a snadnou instalaci. Sac\u00ed syst\u00e9my Momentum jsou navr\u017eeny s co nejmen\u0161\u00edm po\u010dtem jednotliv\u00fdch d\u00edl\u016f, aby byla zaji\u0161t\u011bna rychl\u00e1 a snadn\u00e1 instalace.<\/p>\n<p>&nbsp;<\/p>\n<p><strong>podrobnosti<\/strong><\/p>\n<p>- + 12 PS, + 13 NM maxim\u00e1ln\u00ed zv\u00fd\u0161en\u00ed v\u00fdkonu<br \/>\n- 15% v\u011bt\u0161\u00ed pr\u016ftok ne\u017e standardn\u00ed vzduchov\u00fd filtr<br \/>\n- Sac\u00ed potrub\u00ed vyvinut\u00e9 v syst\u00e9mu CAD<br \/>\n- P\u0159edem promazan\u00fd, omyvateln\u00fd a opakovan\u011b pou\u017eiteln\u00fd vzduchov\u00fd filtr Pro 10R pro maxim\u00e1ln\u00ed v\u00fdkon<br \/>\n- Jedine\u010dn\u00e1 konstrukce pouzdra filtru<br \/>\n- Dokonal\u00e1 p\u0159esnost ulo\u017een\u00ed<br \/>\n- N\u011bmeck\u00fd n\u00e1vod k instalaci<\/p>\n<p>&nbsp;<\/p>\n<p><strong>Vhodn\u00e9 pro:<\/strong><\/p>\n<table width=\"440\">\n<tbody>\n<tr>\n<td width=\"113\">2020\u20132025<\/td>\n<td width=\"105\">Chevrolet<\/td>\n<td width=\"120\">Corvette<\/td>\n<td width=\"102\">C8<\/td>\n<\/tr>\n<\/tbody>\n<\/table>\n<p>&nbsp;<\/p>\n<p><strong>Pozn\u00e1mka k mont\u00e1\u017ei u model\u016f kabriolet\u016f:<\/strong><br \/>\nTato polo\u017eka se hod\u00ed i pro modely kabriolet\u016f, ale nedoporu\u010duje se, proto\u017ee pov\u011btrnostn\u00ed li\u0161ta nebude \u0159\u00e1dn\u011b t\u011bsnit s krytem zavazadlov\u00e9ho prostoru. Pro modely kabriolet\u016f se up\u0159ednost\u0148uj\u00ed sady 58-10007R a 58-10007D, proto\u017ee kryt v t\u011bchto sad\u00e1ch \u0159\u00e1dn\u011b ut\u011bsn\u00ed karoserii.<\/p>","protected":false},"excerpt":{"rendered":"<p>aFe POWER 57-10013R Track Series Carbon Cold Air Intake pro Corvette C8 Tepeln\u011b odoln\u00e9 pouzdro Dvojit\u00e9 vzduchov\u00e9 filtry jsou vyrobeny z materi\u00e1lu<\/p>","protected":false},"featured_media":68268528,"comment_status":"open","ping_status":"closed","template":"","meta":{"_acf_changed":false},"product_brand":[16879],"product_cat":[3137],"product_tag":[4046,16880,498,2441,826,3285,824,191,773,189,190,825,281,20273,57,822,2440,500,2439,905],"class_list":{"0":"post-68268524","1":"product","2":"type-product","3":"status-publish","4":"has-post-thumbnail","6":"product_brand-afe-power","7":"product_cat-corvette-c8-ansaugung","8":"product_tag-57-10013r","9":"product_tag-advanced-flow-engineering","10":"product_tag-afe","11":"product_tag-afe-power","12":"product_tag-ansaugung","13":"product_tag-c8","14":"product_tag-cai","15":"product_tag-camaro","16":"product_tag-carbon","17":"product_tag-chevrolet","18":"product_tag-chevy","19":"product_tag-cold-air-intake","20":"product_tag-corvette","21":"product_tag-keintuev","22":"product_tag-luftfilter","23":"product_tag-momentum","24":"product_tag-series","25":"product_tag-sportluftfilter","26":"product_tag-track","27":"product_tag-track-series","29":"first","30":"instock","31":"taxable","32":"shipping-taxable","33":"purchasable","34":"product-type-simple"},"bundled_by":[],"bundle_stock_status":"instock","bundle_stock_quantity":1,"bundle_virtual":false,"bundle_layout":"","bundle_add_to_cart_form_location":"","bundle_editable_in_cart":false,"bundle_sold_individually_context":"","bundle_item_grouping":"","bundle_min_size":"","bundle_max_size":"","bundle_price":[],"bundled_items":[],"bundle_sell_ids":[],"exclude_global_add_ons":[],"addons":[],"acf":[],"_links":{"self":[{"href":"https:\/\/kraftwerk-shop.cc\/cs\/wp-json\/wp\/v2\/product\/68268524","targetHints":{"allow":["GET"]}}],"collection":[{"href":"https:\/\/kraftwerk-shop.cc\/cs\/wp-json\/wp\/v2\/product"}],"about":[{"href":"https:\/\/kraftwerk-shop.cc\/cs\/wp-json\/wp\/v2\/types\/product"}],"replies":[{"embeddable":true,"href":"https:\/\/kraftwerk-shop.cc\/cs\/wp-json\/wp\/v2\/comments?post=68268524"}],"version-history":[{"count":0,"href":"https:\/\/kraftwerk-shop.cc\/cs\/wp-json\/wp\/v2\/product\/68268524\/revisions"}],"wp:featuredmedia":[{"embeddable":true,"href":"https:\/\/kraftwerk-shop.cc\/cs\/wp-json\/wp\/v2\/media\/68268528"}],"wp:attachment":[{"href":"https:\/\/kraftwerk-shop.cc\/cs\/wp-json\/wp\/v2\/media?parent=68268524"}],"wp:term":[{"taxonomy":"product_brand","embeddable":true,"href":"https:\/\/kraftwerk-shop.cc\/cs\/wp-json\/wp\/v2\/product_brand?post=68268524"},{"taxonomy":"product_cat","embeddable":true,"href":"https:\/\/kraftwerk-shop.cc\/cs\/wp-json\/wp\/v2\/product_cat?post=68268524"},{"taxonomy":"product_tag","embeddable":true,"href":"https:\/\/kraftwerk-shop.cc\/cs\/wp-json\/wp\/v2\/product_tag?post=68268524"}],"curies":[{"name":"wp","href":"https:\/\/api.w.org\/{rel}","templated":true}]}}