{"id":68268925,"date":"2022-07-24T17:11:50","date_gmt":"2022-07-24T15:11:50","guid":{"rendered":"https:\/\/kraftwerk-shop.cc\/?post_type=product&#038;p=68268925"},"modified":"2026-02-15T00:03:19","modified_gmt":"2026-02-14T23:03:19","slug":"borla-atak-140839-vyfukovy-system-chevrolet-corvette-c8","status":"publish","type":"product","link":"https:\/\/kraftwerk-shop.cc\/cs\/produkt\/borla-atak-auspuffanlage-140839-chevrolet-corvette-c8\/","title":{"rendered":"V\u00fdfukov\u00fd syst\u00e9m BORLA ATAK pro Chevrolet Corvette C8"},"content":{"rendered":"<h1>BORLA ATAK 140839 Vysoce v\u00fdkonn\u00fd v\u00fdfukov\u00fd syst\u00e9m pro Chevrolet Corvette C8<\/h1>\n<p>&nbsp;<\/p>\n<p>V\u00fdfukov\u00e9 syst\u00e9my BORLA\u00ae ATAK\u00ae (Acoustically Tuned Applied Kinetics) byly navr\u017eeny pro v\u00fdkonn\u00e9 puristy, kte\u0159\u00ed d\u00e1vaj\u00ed p\u0159ednost poslechu v\u00fdfuku sv\u00e9 Corvette C8 p\u0159ed stereo syst\u00e9mem.<\/p>\n<p>V\u00fdfukov\u00e9 syst\u00e9my ATAK\u00ae dosahuj\u00ed nejvy\u0161\u0161\u00edch hodnot dB mezi r\u016fzn\u00fdmi syst\u00e9my Borla, ani\u017e by do\u0161lo ke sn\u00ed\u017een\u00ed kvality zvuku, jak tomu \u010dasto b\u00fdv\u00e1 u jin\u00fdch hlasit\u00fdch v\u00fdfukov\u00fdch syst\u00e9m\u016f.<\/p>\n<p>Technologie ATAK\u00ae je zalo\u017eena na speci\u00e1ln\u011b p\u0159izp\u016fsoben\u00fdch vlastnostech jader tlumi\u010d\u016f, kter\u00e9 jsou individu\u00e1ln\u011b vylad\u011bny pro ka\u017ed\u00fd typ vozidla, aby bylo dosa\u017eeno nejlep\u0161\u00edho zvuku.<\/p>\n<p><strong>Super agresivn\u00ed, siln\u00fd, hlasit\u00fd zvuk americk\u00e9ho auta. Syst\u00e9m je rozhodn\u011b p\u0159\u00edli\u0161 hlasit\u00fd na \u0159idi\u010dsk\u00fd pr\u016fkaz - ale vozidlo m\u00e1 zvuk, kter\u00fd opravdov\u00fd nad\u0161enec o\u010dek\u00e1v\u00e1.<\/strong><\/p>\n<p>Sportovn\u00ed v\u00fdfukov\u00e9 syst\u00e9my Borla jsou vyr\u00e1b\u011bny z vysoce legovan\u00e9 nerezov\u00e9 oceli \u0159ady T304 podle americk\u00e9 normy AISI.<\/p>\n<p>&nbsp;<\/p>\n<p>V\u00fdvoj v\u00fdfukov\u00fdch syst\u00e9m\u016f pro Corvette C8 postavil in\u017een\u00fdry spole\u010dnosti BORLA\u00ae p\u0159ed jedine\u010dn\u00e9 v\u00fdzvy, ale t\u00fdm se s nimi dok\u00e1zal vypo\u0159\u00e1dat. Velk\u00e1 pozornost byla v\u011bnov\u00e1na zaji\u0161t\u011bn\u00ed funk\u010dnosti a spolehlivosti syst\u00e9mu i samotn\u00e9ho vozidla.<br \/>\n\u010c\u00edslo d\u00edlu 140839 obsahuje v\u00fdfukov\u00e9 ventily AFM i NPP s du\u00e1ln\u00edm re\u017eimem.<br \/>\n\u00darove\u0148 zvuku ATAK je nejagresivn\u011bj\u0161\u00ed \u00farovn\u00ed zvuku spole\u010dnosti Borla. Tento v\u00fdfuk nab\u00edz\u00ed vzru\u0161uj\u00edc\u00ed z\u00e1\u017eitek z j\u00edzdy bez dun\u011bn\u00ed. Je vybaven polyfonn\u00edm harmoniz\u00e9rem a technologi\u00ed SwitchFire\u2122.<br \/>\nTechnologie polyfonn\u00edho harmoniz\u00e9ru BORLA\u00ae vyu\u017e\u00edv\u00e1 patentovan\u00e9 jednotky obsahuj\u00edc\u00ed trubky r\u016fzn\u00fdch pr\u016fm\u011br\u016f a d\u00e9lek, kter\u00e9 vytv\u00e1\u0159ej\u00ed v\u00edce v\u00fdfukov\u00fdch t\u00f3n\u016f, je\u017e spolu vz\u00e1jemn\u011b harmonizuj\u00ed a poskytuj\u00ed \u010dist\u00fd, bohat\u00fd a pln\u00fd zvuk.<br \/>\nPatentovan\u00e1 konstrukce SwitchFire\u2122 spole\u010dnosti BORLA\u00ae eliminuje st\u0159edov\u00fd turbulentn\u00ed pr\u016fse\u010d\u00edk standardn\u00edho X-pipe a kombinuje spalovac\u00ed impulsy z obou stran motoru, \u010d\u00edm\u017e zvy\u0161uje v\u00fdkon a p\u0159izp\u016fsobuje zvuk.<br \/>\nD\u016fmysln\u011b um\u00edst\u011bn\u00fd tepeln\u00fd \u0161t\u00edt zabra\u0148uje po\u0161kozen\u00ed v\u00fdfuku teplem a chr\u00e1n\u00ed v\u00e1\u0161 v\u016fz Corvette.<br \/>\nSyst\u00e9m se dod\u00e1v\u00e1 se 4\u2033 leskl\u00fdmi chromovan\u00fdmi koncovkami v\u00fdfuku z nerezov\u00e9 oceli T-304 a je k dispozici tak\u00e9 s \u010dern\u00fdmi chromovan\u00fdmi koncovkami v\u00fdfuku z nerezov\u00e9 oceli T-304 (\u010d\u00edslo d\u00edlu 140839BC) nebo s koncovkami v\u00fdfuku z uhl\u00edkov\u00fdch vl\u00e1ken (\u010d\u00edslo d\u00edlu 140839CF).<br \/>\nSportovn\u00ed v\u00fdfukov\u00fd syst\u00e9m je vyroben z nerezov\u00e9 oceli T-304.<br \/>\nSyst\u00e9m se dod\u00e1v\u00e1 ve 2 krabic\u00edch.<\/p>\n<p>Pozn\u00e1mka: Po instalaci syst\u00e9mu BORLA\u00ae je t\u0159eba prov\u00e9st rekalibraci \u0159\u00eddic\u00edch jednotek ventil\u016f AFM a NPP ve v\u00fdfukov\u00e9m syst\u00e9mu podle dokumentu GM ID 5406413. Spole\u010dnost BORLA\u00ae doporu\u010duje odv\u00e9zt vozidlo k nejbli\u017e\u0161\u00edmu prodejci Chevrolet, aby provedl rekalibraci v\u00fdfukov\u00fdch ventil\u016f.<\/p>\n<p>&nbsp;<\/p>\n<p><strong>Vlastnosti v\u00fdfukov\u00e9ho syst\u00e9mu:<\/strong><\/p>\n<ul>\n<li>V\u00fdfukov\u00fd syst\u00e9m Cat-Back\u2122<\/li>\n<li>V\u010detn\u011b ventil\u016f AFM a NPP<\/li>\n<li>ATAK Hladina zvuku<\/li>\n<li>Technologie SwitchFire\u2122<\/li>\n<li>Polyfonn\u00ed harmoniz\u00e9r<\/li>\n<li>Tepeln\u00e9 st\u00edn\u011bn\u00ed<\/li>\n<li>4\u2033 Sv\u011btle chromovan\u00e9 v\u00fdfuky z nerezov\u00e9 oceli (T-304)<\/li>\n<li>Konstrukce z nerezov\u00e9 oceli T-304<\/li>\n<\/ul>\n<p>&nbsp;<\/p>\n<table border=\"0\" width=\"335\" cellspacing=\"0\" cellpadding=\"0\">\n<colgroup>\n<col \/>\n<col \/> <\/colgroup>\n<tbody>\n<tr>\n<td height=\"20\">Typ v\u00fdfuku<\/td>\n<td>Cat-Back<\/td>\n<\/tr>\n<tr>\n<td height=\"40\">Pr\u016fm\u011br potrub\u00ed<\/td>\n<td>3\u2033 2\u2033 2,75\u2033<\/td>\n<\/tr>\n<tr>\n<td height=\"80\">V\u00fdfukov\u00e9 potrub\u00ed<\/td>\n<td>4\u2033 dvojit\u00fd d\u011blen\u00fd zadn\u00ed v\u00fdstup<\/td>\n<\/tr>\n<\/tbody>\n<\/table>\n<p>&nbsp;<\/p>\n<p>Syst\u00e9m zahrnuje ventily AFM a NPP. Nelze pou\u017e\u00edt u vozidel bez ventil\u016f NPP.<\/p>\n<p>&nbsp;<\/p>\n<p><iframe loading=\"lazy\" title=\"Jako symfonie - sportovn\u00ed v\u00fdfuk Borla pro Chevrolet Corvette C8\" width=\"500\" height=\"281\" src=\"https:\/\/www.youtube.com\/embed\/ZCaZcihXEd8?feature=oembed\" frameborder=\"0\" allow=\"accelerometer; autoplay; clipboard-write; encrypted-media; gyroscope; picture-in-picture; web-share\" referrerpolicy=\"strict-origin-when-cross-origin\" allowfullscreen><\/iframe><\/p>","protected":false},"excerpt":{"rendered":"<p>BORLA ATAK 140839 High Performance Auspuffanlage f\u00fcr Chevrolet Corvette C8 &nbsp; BORLA\u00ae ATAK\u00ae (Acoustically Tuned Applied Kinetics) Auspuffanlagen wurden f\u00fcr<\/p>","protected":false},"featured_media":68268928,"comment_status":"open","ping_status":"closed","template":"","meta":{"_acf_changed":false},"product_brand":[17170],"product_cat":[3024,3136],"product_tag":[4057,1046,1035,1036,1048,546,1037,1032,2443,3285,1047,189,281,429,1043,1039,1042,532,529,441,20273,1040,1044,1045,1041,547,1034,1038,3583,233],"class_list":{"0":"post-68268925","1":"product","2":"type-product","3":"status-publish","4":"has-post-thumbnail","6":"product_brand-borla","7":"product_cat-nicht-nach-eu","8":"product_cat-corvette-c8-abgasanlage","9":"product_tag-4057","10":"product_tag-abe","11":"product_tag-abgasanlage","12":"product_tag-abgassystem","13":"product_tag-atak","14":"product_tag-auspuff","15":"product_tag-auspuffsystem","16":"product_tag-borla","17":"product_tag-borla-exhaust","18":"product_tag-c8","19":"product_tag-cat-back","20":"product_tag-chevrolet","21":"product_tag-corvette","22":"product_tag-deutschland","23":"product_tag-endrohr","24":"product_tag-endschalldaempfer","25":"product_tag-endtopf","26":"product_tag-kat","27":"product_tag-katalysator","28":"product_tag-kaufen","29":"product_tag-keintuev","30":"product_tag-laut","31":"product_tag-mittelschalldaempfer","32":"product_tag-sound","33":"product_tag-sport","34":"product_tag-sportauspuff","35":"product_tag-sportauspuffanlage","36":"product_tag-sportendschalldaempfer","37":"product_tag-stingray","38":"product_tag-tuning","39":"product_shipping_class-spedition-1","41":"first","42":"onbackorder","43":"taxable","44":"shipping-taxable","45":"purchasable","46":"product-type-simple"},"bundled_by":[],"bundle_stock_status":"onbackorder","bundle_stock_quantity":0,"bundle_virtual":false,"bundle_layout":"","bundle_add_to_cart_form_location":"","bundle_editable_in_cart":false,"bundle_sold_individually_context":"","bundle_item_grouping":"","bundle_min_size":"","bundle_max_size":"","bundle_price":[],"bundled_items":[],"bundle_sell_ids":[],"exclude_global_add_ons":[],"addons":[],"acf":[],"_links":{"self":[{"href":"https:\/\/kraftwerk-shop.cc\/cs\/wp-json\/wp\/v2\/product\/68268925","targetHints":{"allow":["GET"]}}],"collection":[{"href":"https:\/\/kraftwerk-shop.cc\/cs\/wp-json\/wp\/v2\/product"}],"about":[{"href":"https:\/\/kraftwerk-shop.cc\/cs\/wp-json\/wp\/v2\/types\/product"}],"replies":[{"embeddable":true,"href":"https:\/\/kraftwerk-shop.cc\/cs\/wp-json\/wp\/v2\/comments?post=68268925"}],"version-history":[{"count":0,"href":"https:\/\/kraftwerk-shop.cc\/cs\/wp-json\/wp\/v2\/product\/68268925\/revisions"}],"wp:featuredmedia":[{"embeddable":true,"href":"https:\/\/kraftwerk-shop.cc\/cs\/wp-json\/wp\/v2\/media\/68268928"}],"wp:attachment":[{"href":"https:\/\/kraftwerk-shop.cc\/cs\/wp-json\/wp\/v2\/media?parent=68268925"}],"wp:term":[{"taxonomy":"product_brand","embeddable":true,"href":"https:\/\/kraftwerk-shop.cc\/cs\/wp-json\/wp\/v2\/product_brand?post=68268925"},{"taxonomy":"product_cat","embeddable":true,"href":"https:\/\/kraftwerk-shop.cc\/cs\/wp-json\/wp\/v2\/product_cat?post=68268925"},{"taxonomy":"product_tag","embeddable":true,"href":"https:\/\/kraftwerk-shop.cc\/cs\/wp-json\/wp\/v2\/product_tag?post=68268925"}],"curies":[{"name":"wp","href":"https:\/\/api.w.org\/{rel}","templated":true}]}}