{"id":68270963,"date":"2022-08-21T14:02:24","date_gmt":"2022-08-21T12:02:24","guid":{"rendered":"https:\/\/kraftwerk-shop.cc\/?post_type=product&#038;p=68270963"},"modified":"2026-02-15T00:59:33","modified_gmt":"2026-02-14T23:59:33","slug":"sada-kompresoru-whipple-ram-trx","status":"publish","type":"product","link":"https:\/\/kraftwerk-shop.cc\/cs\/produkt\/whipple-kompressorkit-ram-trx\/","title":{"rendered":"Sada p\u0159epl\u0148ov\u00e1n\u00ed Whipple RAM TRX"},"content":{"rendered":"<h1>Nejv\u011bt\u0161\u00ed, nej\u00fa\u010dinn\u011bj\u0161\u00ed a nejv\u00fdkonn\u011bj\u0161\u00ed kompresorov\u00fd syst\u00e9m pro RAM TRX<\/h1>\n<p>&nbsp;<\/p>\n<p>Chcete zv\u00fd\u0161it v\u00fdkon sv\u00e9ho vozu RAM TRX pomoc\u00ed v\u011bt\u0161\u00edho turbodmychadla? Pak je nov\u00e9 p\u0159epl\u0148ov\u00e1n\u00ed Whipple to, co hled\u00e1te.<br \/>\nJedn\u00e1 se o p\u0159\u00edmou n\u00e1hradu p\u016fvodn\u00edho kompresoru, lze st\u00e1le pou\u017e\u00edvat v\u0161echna standardn\u00ed p\u0159ipojen\u00ed.<\/p>\n<p>Zcela nov\u00fd syst\u00e9m p\u0159epl\u0148ov\u00e1n\u00ed Whipple Gen 5 je vybaven stejnou technologi\u00ed, jakou Dodge pou\u017e\u00edv\u00e1 pro sv\u016fj tov\u00e1rn\u00ed program Drag Pak, kter\u00fd pom\u00e1h\u00e1 t\u00fdm\u016fm dosahovat nov\u00fdch rekord\u016f t\u00e9m\u011b\u0159 ka\u017ed\u00fd z\u00e1vodn\u00ed v\u00edkend. Toto zcela nov\u00e9 turbodmychadlo, kter\u00e9 nelze zam\u011b\u0148ovat se syst\u00e9mem Gen 3 nebo Gen 4, nab\u00edz\u00ed \u0161pi\u010dkovou \u00fa\u010dinnost od volnob\u011b\u017en\u00fdch a\u017e po maxim\u00e1ln\u00ed ot\u00e1\u010dky.<br \/>\nOptimalizovan\u00e1 lo\u017eiska, p\u0159evody, rotory a sk\u0159\u00ed\u0148 zaji\u0161\u0165uj\u00ed, \u017ee nov\u00e9 turbodmychadlo pracuje rychleji, d\u00e9le a bezpe\u010dn\u011bji a z\u00e1rove\u0148 produkuje vy\u0161\u0161\u00ed v\u00fdkon ne\u017e jak\u00e9koli jin\u00e9 turbodmychadlo, kter\u00e9 kdy bylo vyrobeno. Nov\u00e1 generace 5 je vybavena zcela novou kombinac\u00ed rotor\u016f 3\/4 oproti p\u0159edchoz\u00ed kombinaci rotor\u016f 3\/5, spir\u00e1lou o \u00fahlu 285 stup\u0148\u016f oproti p\u0159edchoz\u00ed spir\u00e1le o \u00fahlu 270 stup\u0148\u016f, nov\u00fdm vstupn\u00edm zvonem, optimalizovan\u00fdm v\u00fdstupn\u00edm otvorem a v\u011bt\u0161\u00edm pr\u016fm\u011brem v porovn\u00e1n\u00ed s d\u00e9lkou pro vy\u0161\u0161\u00ed \u00fa\u010dinnost.<\/p>\n<p>Pro dal\u0161\u00ed zv\u00fd\u0161en\u00ed v\u00fdkonnostn\u00edho potenci\u00e1lu je Whipple Gen 5 vybaven jedine\u010dn\u00fdm 112mm otvorem \u0161krtic\u00ed klapky s voliteln\u00fdm 112mm p\u0159edlit\u00fdm t\u011blesem \u0161krtic\u00ed klapky, kter\u00e9 zaji\u0161\u0165uje, \u017ee pr\u016ftok nas\u00e1van\u00e9ho vzduchu odpov\u00edd\u00e1 potenci\u00e1lu p\u0159epl\u0148ov\u00e1n\u00ed. To v\u0161e dopl\u0148te zcela nov\u00fdm syst\u00e9mem s\u00e1n\u00ed studen\u00e9ho vzduchu s vysok\u00fdm pr\u016ftokem a sledujte, jak padaj\u00ed rekordy!<\/p>\n<p>Syst\u00e9m kompresoru <strong>F\u00e1ze 1<\/strong> je p\u0159\u00edmou n\u00e1hradou origin\u00e1ln\u00edho vybaven\u00ed a pou\u017e\u00edv\u00e1 s\u00e9riov\u00e9 palivov\u00e9 potrub\u00ed, vst\u0159ikova\u010de a s\u00e9riov\u00e9 \u0161krtic\u00ed klapky (nebo st\u00e1vaj\u00edc\u00ed \u0161krtic\u00ed klapky z n\u00e1hradn\u00edch d\u00edl\u016f).<\/p>\n<p>Na str\u00e1nk\u00e1ch <strong>F\u00e1ze 2<\/strong> Syst\u00e9m p\u0159epl\u0148ov\u00e1n\u00ed je vybaven \u0161krtic\u00ed klapkou Billet 112 mm a palivov\u00fdm veden\u00edm Billet -8AN.<\/p>\n<p>&nbsp;<\/p>\n<p><strong>Vlastnosti:<\/strong><\/p>\n<ul>\n<li>V\u00fdkon o v\u00edce ne\u017e 300 k vy\u0161\u0161\u00ed ne\u017e u p\u0159epl\u0148ovan\u00e9ho motoru Hellephant 3,0 l<\/li>\n<li>O v\u00edce ne\u017e 500 kon\u00ed vy\u0161\u0161\u00ed v\u00fdkon ne\u017e s p\u0159epl\u0148ovan\u00fdm motorem Hellcat 2,4 l<\/li>\n<li>Pro zv\u00fd\u0161en\u00ed v\u00fdkonu nen\u00ed nutn\u00e9 n\u00e1kladn\u00e9 portov\u00e1n\u00ed<\/li>\n<li>Masivn\u00ed technologie dvouj\u00e1drov\u00e9ho mezichladi\u010de pro dvakr\u00e1t v\u011bt\u0161\u00ed chladic\u00ed plochu ne\u017e u jin\u00fdch PD SC pro 6.2L<\/li>\n<li>Obr\u00e1cen\u00e1 konstrukce umo\u017e\u0148uje p\u0159edimenzovan\u00fd mezichladi\u010d, ka\u017ed\u00e9 j\u00e1dro m\u00e1 tlou\u0161\u0165ku 2,125\u2033, dvojit\u00fd pr\u016fchod = j\u00e1dro o tlou\u0161\u0165ce 4,25\u2033.<\/li>\n<li>Intercooler se dv\u011bma vstupy a v\u00fdstupy pro zv\u00fd\u0161en\u00ed pr\u016ftoku vody<\/li>\n<li>Otvor 112 mm pro kompatibilitu se standardn\u00ed \u0161krt\u00edc\u00ed klapkou, 102 mm, 105 mm a 112 mm \u0161krt\u00edc\u00ed klapkou od Whipple.<\/li>\n<li>Soustru\u017een\u00e9 rotory jsou p\u0159i vysok\u00fdch rychlostech mnohem lep\u0161\u00ed ne\u017e lit\u00e9 rotory.<\/li>\n<li>\u00be Rotor ve srovn\u00e1n\u00ed s 3\/5, co\u017e m\u00e1 za n\u00e1sledek ni\u017e\u0161\u00ed ot\u00e1\u010dky rotoru 33%.<\/li>\n<li>Axi\u00e1ln\u00ed op\u011brn\u00fd syst\u00e9m pro lep\u0161\u00ed veden\u00ed lo\u017eisek<\/li>\n<li>Masivn\u00ed s\u00e1n\u00ed vzduchu pro vysok\u00fd pr\u016ftok (k dosa\u017een\u00ed vy\u0161\u0161\u00edho v\u00fdkonu nen\u00ed nutn\u00e9 \u017e\u00e1dn\u00e9 portov\u00e1n\u00ed)<\/li>\n<li>Voliteln\u00fd syst\u00e9m studen\u00e9ho vzduchu s vysok\u00fdm pr\u016ftokem<\/li>\n<li>Vhodn\u00e9 pro standardn\u00ed palivov\u00e9 potrub\u00ed, standardn\u00ed vst\u0159ikova\u010de paliva nebo potrub\u00ed Whipple -8.<\/li>\n<li>Funguje se standardn\u00edm p\u00e1sov\u00fdm syst\u00e9mem a voliteln\u00fdmi vyrovn\u00e1va\u010di.<\/li>\n<li>Funguje s elektronick\u00fdm bypassem<\/li>\n<li>Funguje se standardn\u00edmi senzory TMAP<\/li>\n<li>Nov\u00e9 \u0159emenice kompresoru s 5 \u0161rouby<\/li>\n<li>Soustru\u017een\u00e1 lo\u017eiskov\u00e1 deska a olejov\u00fd kryt<\/li>\n<li>Speci\u00e1ln\u00ed barvy na vy\u017e\u00e1d\u00e1n\u00ed<\/li>\n<\/ul>\n<p>&nbsp;<\/p>\n<p><strong>Vhodn\u00e9 pro:<\/strong><\/p>\n<table width=\"529\">\n<tbody>\n<tr>\n<td width=\"115\"><strong>Zna\u010dka<\/strong><\/td>\n<td width=\"145\"><strong>Model<\/strong><\/td>\n<td width=\"106\"><strong>Motor<\/strong><\/td>\n<td width=\"163\"><strong>Rok v\u00fdstavby<\/strong><\/td>\n<\/tr>\n<tr>\n<td width=\"115\">RAM<\/td>\n<td width=\"145\">TRX<\/td>\n<td width=\"106\">6.2<\/td>\n<td width=\"163\">2021\u20132023<\/td>\n<\/tr>\n<\/tbody>\n<\/table>\n<p>&nbsp;<\/p>\n<p>&nbsp;<\/p>\n<p><strong>O spole\u010dnosti Whipple<\/strong><\/p>\n<p>Spole\u010dnost Whipple Superchargers\u2122 je pr\u016fkopn\u00edkem a pr\u016fkopn\u00edkem v oblasti dvou\u0161roubov\u00fdch kompresor\u016f ji\u017e od roku 1987.<br \/>\nD\u00edky v\u00edce ne\u017e 30 let\u016fm zku\u0161enost\u00ed s t\u011bmito p\u0159epl\u0148ovac\u00edmi syst\u00e9my vyvinul t\u00fdm Whipple nejv\u00fdkonn\u011bj\u0161\u00ed dvou\u0161roubov\u00e9 p\u0159epl\u0148ovac\u00ed syst\u00e9my chlazen\u00e9 plnic\u00edm vzduchem, kter\u00e9 jsou dnes k dispozici pro motory V8 Chrysler \/ Dodge \/ Jeep.<br \/>\nZcela nov\u00fd syst\u00e9m Whipple poskytuje vy\u0161\u0161\u00ed v\u00fdkon ne\u017e jak\u00fdkoli jin\u00fd kompresorov\u00fd syst\u00e9m na trhu.<br \/>\nJe kompletn\u00ed podle 100% a byl vyvinut pro s\u00e9riov\u00e9 motory, ale m\u00e1 dostate\u010dn\u00e9 rezervy pro dosa\u017een\u00ed je\u0161t\u011b lep\u0161\u00edch v\u00fdsledk\u016f u siln\u011b upraven\u00fdch motor\u016f.<\/p>","protected":false},"excerpt":{"rendered":"<p>Das gr\u00f6\u00dfte, effizienteste und leistungsf\u00e4higste Kompressorsystem f\u00fcr RAM TRX &nbsp; Sie m\u00f6chten mehr Leistung f\u00fcr Ihren RAM TRX durch einen<\/p>","protected":false},"featured_media":68270968,"comment_status":"open","ping_status":"closed","template":"","meta":{"_acf_changed":false},"product_brand":[19061],"product_cat":[3024,2701],"product_tag":[49,3854,4076,100,126,20273,242,244,4078,243,36,86,96,246,2353,233,245,216,376,6811],"class_list":{"0":"post-68270963","1":"product","2":"type-product","3":"status-publish","4":"has-post-thumbnail","6":"product_brand-whipple","7":"product_cat-nicht-nach-eu","8":"product_cat-trx-kompressor","9":"product_tag-dodge","10":"product_tag-dodge-charger","11":"product_tag-ersatzkompressor","12":"product_tag-hellcat","13":"product_tag-hemi","14":"product_tag-keintuev","15":"product_tag-kompressor","16":"product_tag-kompressorkit","17":"product_tag-kompressorschaden","18":"product_tag-kompressorumbau","19":"product_tag-kraftwerk","20":"product_tag-ram","21":"product_tag-srt","22":"product_tag-supercharger","23":"product_tag-trx","24":"product_tag-tuning","25":"product_tag-umbaukit","26":"product_tag-upgrade","27":"product_tag-whipple","28":"product_tag-whipple5","29":"product_shipping_class-spedition-1","31":"first","32":"outofstock","33":"taxable","34":"shipping-taxable","35":"purchasable","36":"product-type-variable"},"bundled_by":[],"bundle_stock_status":"outofstock","bundle_stock_quantity":0,"bundle_virtual":false,"bundle_layout":"","bundle_add_to_cart_form_location":"","bundle_editable_in_cart":false,"bundle_sold_individually_context":"","bundle_item_grouping":"","bundle_min_size":"","bundle_max_size":"","bundle_price":[],"bundled_items":[],"bundle_sell_ids":[],"exclude_global_add_ons":[],"addons":[],"acf":[],"_links":{"self":[{"href":"https:\/\/kraftwerk-shop.cc\/cs\/wp-json\/wp\/v2\/product\/68270963","targetHints":{"allow":["GET"]}}],"collection":[{"href":"https:\/\/kraftwerk-shop.cc\/cs\/wp-json\/wp\/v2\/product"}],"about":[{"href":"https:\/\/kraftwerk-shop.cc\/cs\/wp-json\/wp\/v2\/types\/product"}],"replies":[{"embeddable":true,"href":"https:\/\/kraftwerk-shop.cc\/cs\/wp-json\/wp\/v2\/comments?post=68270963"}],"version-history":[{"count":0,"href":"https:\/\/kraftwerk-shop.cc\/cs\/wp-json\/wp\/v2\/product\/68270963\/revisions"}],"wp:featuredmedia":[{"embeddable":true,"href":"https:\/\/kraftwerk-shop.cc\/cs\/wp-json\/wp\/v2\/media\/68270968"}],"wp:attachment":[{"href":"https:\/\/kraftwerk-shop.cc\/cs\/wp-json\/wp\/v2\/media?parent=68270963"}],"wp:term":[{"taxonomy":"product_brand","embeddable":true,"href":"https:\/\/kraftwerk-shop.cc\/cs\/wp-json\/wp\/v2\/product_brand?post=68270963"},{"taxonomy":"product_cat","embeddable":true,"href":"https:\/\/kraftwerk-shop.cc\/cs\/wp-json\/wp\/v2\/product_cat?post=68270963"},{"taxonomy":"product_tag","embeddable":true,"href":"https:\/\/kraftwerk-shop.cc\/cs\/wp-json\/wp\/v2\/product_tag?post=68270963"}],"curies":[{"name":"wp","href":"https:\/\/api.w.org\/{rel}","templated":true}]}}