{"id":68271068,"date":"2022-08-27T23:21:49","date_gmt":"2022-08-27T21:21:49","guid":{"rendered":"https:\/\/kraftwerk-shop.cc\/?post_type=product&#038;p=68271068"},"modified":"2026-02-15T00:01:43","modified_gmt":"2026-02-14T23:01:43","slug":"stainless-works-sberne-vyfukove-potrubi-ram-trx","status":"publish","type":"product","link":"https:\/\/kraftwerk-shop.cc\/cs\/produkt\/stainless-works-faecherkruemmer-high-flow-katalysatoren-ram-trx\/","title":{"rendered":"Rozvodn\u00e9 potrub\u00ed Stainless Works 1 7\/8\u2033 + vysokopr\u016ftokov\u00e9 katalyz\u00e1tory RAM TRX"},"content":{"rendered":"<h1>Rozvodn\u00e9 potrub\u00ed Stainless Works 1 7\/8\u2033 a vysokopr\u016ftokov\u00e9 katalyz\u00e1tory pro RAM TRX<\/h1>\n<p>&nbsp;<\/p>\n<p>Uvoln\u011bte v\u00fdkon sv\u00e9ho motoru RAM TRX pomoc\u00ed t\u00e9to sady dlouh\u00e9ho rozvodu od spole\u010dnosti Stainless Works.<br \/>\nTento syst\u00e9m s 1-7\/8palcov\u00fdmi prim\u00e1rn\u00edmi trubkami a 3palcovou hlavovou trubkou zvy\u0161uje v\u00fdkon a to\u010div\u00fd moment motoru RAM TRX.<br \/>\nTuto sadu m\u016f\u017eete bu\u010f kombinovat se standardn\u00edm v\u00fdfukem, nebo vyu\u017e\u00edt jej\u00ed pln\u00fd potenci\u00e1l kombinac\u00ed s v\u00fdfukov\u00fdm syst\u00e9mem Stainless Works Catback a z\u00edskat tak skute\u010dn\u011b v\u00fdkonn\u00fd v\u00fdfukov\u00fd syst\u00e9m.<br \/>\nV\u010detn\u011b vysokopr\u016ftokov\u00fdch katalyz\u00e1tor\u016f pro p\u0159ipojen\u00ed ke standardn\u00edmu v\u00fdfukov\u00e9mu syst\u00e9mu nebo k v\u00fdfukov\u00fdm syst\u00e9m\u016fm od spole\u010dnosti Stainless Works.<br \/>\nSyst\u00e9m rozd\u011blova\u010de se dod\u00e1v\u00e1 p\u0159ipraven\u00fd k instalaci se v\u0161emi pot\u0159ebn\u00fdmi svorkami, n\u00e1stavci pro lambda sondy, \u0161rouby atd.<\/p>\n<p>Sady rozd\u011blova\u010d\u016f Stainless Works jsou vyrobeny z korozivzdorn\u00e9 nerezov\u00e9 oceli 304.<br \/>\nRozd\u011blova\u010de jsou sva\u0159ov\u00e1ny metodou TIG v nejmodern\u011bj\u0161\u00edm z\u00e1vod\u011b ve Streetsboro v Ohiu, aby byla zaji\u0161t\u011bna kvalita a trvanlivost.<\/p>\n<p>&nbsp;<\/p>\n<p>&nbsp;<\/p>\n<p><strong>Vhodn\u00e9 pro:<\/strong><\/p>\n<table width=\"437\">\n<tbody>\n<tr>\n<td width=\"83\"><strong>Zna\u010dka<\/strong><\/td>\n<td width=\"122\"><strong>Model<\/strong><\/td>\n<td width=\"136\"><strong>Motor<\/strong><\/td>\n<td width=\"96\"><strong>Rok v\u00fdstavby<\/strong><\/td>\n<\/tr>\n<tr>\n<td>RAM<\/td>\n<td>1500<\/td>\n<td>6.2 TRX<\/td>\n<td>2021\u20132023<\/td>\n<\/tr>\n<\/tbody>\n<\/table>\n<p>&nbsp;<\/p>\n<p>&nbsp;<\/p>\n<p><strong>Rozsah dod\u00e1vky:<\/strong><\/p>\n<ul>\n<li>1 7\/8\u2033 Rozd\u011blova\u010d s dlouh\u00fdmi trubkami<\/li>\n<li>Vysokopr\u016ftokov\u00e9 katalyz\u00e1tory (pouze pro silni\u010dn\u00ed pou\u017eit\u00ed, ne pro motoristick\u00fd sport)<\/li>\n<li>Instala\u010dn\u00ed materi\u00e1l<\/li>\n<\/ul>\n<p>&nbsp;<\/p>","protected":false},"excerpt":{"rendered":"<p>Stainless Works 1 7\/8\u2033 Rozvodn\u00e9 potrub\u00ed a vysokopr\u016ftokov\u00e9 katalyz\u00e1tory pro RAM TRX Uvoln\u011bte v\u00fdkon sv\u00e9ho RAM TRX pomoc\u00ed<\/p>","protected":false},"featured_media":68271072,"comment_status":"open","ping_status":"closed","template":"","meta":{"_acf_changed":false},"product_brand":[17173],"product_cat":[3024,6636],"product_tag":[2066,2373,101,1035,546,49,476,662,543,100,126,586,532,529,20273,550,545,55,583,86,4082,3055,547,553,4079,3026,2353,1303],"class_list":{"0":"post-68271068","1":"product","2":"type-product","3":"status-publish","4":"has-post-thumbnail","6":"product_brand-stainless-works","7":"product_cat-nicht-nach-eu","8":"product_cat-trx-abgaskruemmer-katalysatoren","9":"product_tag-2066","10":"product_tag-2373","11":"product_tag-6-2","12":"product_tag-abgasanlage","13":"product_tag-auspuff","14":"product_tag-dodge","15":"product_tag-dt","16":"product_tag-edelstahl","17":"product_tag-faecherkruemmer","18":"product_tag-hellcat","19":"product_tag-hemi","20":"product_tag-high-flow","21":"product_tag-kat","22":"product_tag-katalysator","23":"product_tag-keintuev","24":"product_tag-kruemmer","25":"product_tag-longtube","26":"product_tag-magnum","27":"product_tag-metallkat","28":"product_tag-ram","29":"product_tag-ram21188hcat","30":"product_tag-sportabgasanlage","31":"product_tag-sportauspuff","32":"product_tag-sportkatalysator","33":"product_tag-stainless","34":"product_tag-stainlessworks","35":"product_tag-trx","36":"product_tag-works","37":"product_shipping_class-speditionsversand-1","39":"first","40":"onbackorder","41":"taxable","42":"shipping-taxable","43":"purchasable","44":"product-type-simple"},"bundled_by":[],"bundle_stock_status":"onbackorder","bundle_stock_quantity":0,"bundle_virtual":false,"bundle_layout":"","bundle_add_to_cart_form_location":"","bundle_editable_in_cart":false,"bundle_sold_individually_context":"","bundle_item_grouping":"","bundle_min_size":"","bundle_max_size":"","bundle_price":[],"bundled_items":[],"bundle_sell_ids":[],"exclude_global_add_ons":[],"addons":[],"acf":[],"_links":{"self":[{"href":"https:\/\/kraftwerk-shop.cc\/cs\/wp-json\/wp\/v2\/product\/68271068","targetHints":{"allow":["GET"]}}],"collection":[{"href":"https:\/\/kraftwerk-shop.cc\/cs\/wp-json\/wp\/v2\/product"}],"about":[{"href":"https:\/\/kraftwerk-shop.cc\/cs\/wp-json\/wp\/v2\/types\/product"}],"replies":[{"embeddable":true,"href":"https:\/\/kraftwerk-shop.cc\/cs\/wp-json\/wp\/v2\/comments?post=68271068"}],"version-history":[{"count":0,"href":"https:\/\/kraftwerk-shop.cc\/cs\/wp-json\/wp\/v2\/product\/68271068\/revisions"}],"wp:featuredmedia":[{"embeddable":true,"href":"https:\/\/kraftwerk-shop.cc\/cs\/wp-json\/wp\/v2\/media\/68271072"}],"wp:attachment":[{"href":"https:\/\/kraftwerk-shop.cc\/cs\/wp-json\/wp\/v2\/media?parent=68271068"}],"wp:term":[{"taxonomy":"product_brand","embeddable":true,"href":"https:\/\/kraftwerk-shop.cc\/cs\/wp-json\/wp\/v2\/product_brand?post=68271068"},{"taxonomy":"product_cat","embeddable":true,"href":"https:\/\/kraftwerk-shop.cc\/cs\/wp-json\/wp\/v2\/product_cat?post=68271068"},{"taxonomy":"product_tag","embeddable":true,"href":"https:\/\/kraftwerk-shop.cc\/cs\/wp-json\/wp\/v2\/product_tag?post=68271068"}],"curies":[{"name":"wp","href":"https:\/\/api.w.org\/{rel}","templated":true}]}}