{"id":68271082,"date":"2022-08-28T02:02:18","date_gmt":"2022-08-28T00:02:18","guid":{"rendered":"https:\/\/kraftwerk-shop.cc\/?post_type=product&#038;p=68271082"},"modified":"2026-03-30T02:24:25","modified_gmt":"2026-03-30T00:24:25","slug":"stainless-works-vyfukovy-system-ram-57-ds","status":"publish","type":"product","link":"https:\/\/kraftwerk-shop.cc\/cs\/produkt\/stainless-works-abgasanlage-ram-57-ds\/","title":{"rendered":"Nerezov\u00fd v\u00fdfukov\u00fd syst\u00e9m RAM 5.7"},"content":{"rendered":"<h1>V\u00fdfukov\u00fd syst\u00e9m Stainless Works pro RAM 5.7<\/h1>\n<p>&nbsp;<\/p>\n<p>Zlep\u0161ete zvuk a v\u00fdkon sv\u00e9ho vozu RAM 1500 5.7 Hemi z let 2009 a\u017e 2018 a RAM Classic 2019 - 2024 pomoc\u00ed tohoto v\u00fdfukov\u00e9ho syst\u00e9mu catback od Stainless Works.<br \/>\nSpole\u010dnost Stainless Works vyvinula agresivn\u00ed tlumi\u010d v\u00fdfuku bez bubn\u016f, kter\u00fd byl speci\u00e1ln\u011b navr\u017een pro motor 5,7 litru.<br \/>\nSyst\u00e9m je navr\u017een tak, aby odpov\u00eddal p\u0159ipojovac\u00edm bod\u016fm z v\u00fdroby. V\u00fdfukov\u00e9 trubky o pr\u016fm\u011bru 3\u2033 kon\u010d\u00ed pod n\u00e1razn\u00edkem.<\/p>\n<p>&nbsp;<\/p>\n<h3 style=\"text-align: center;\"><strong>Nezam\u011bniteln\u00fd zvuk Stainless Works<\/strong><\/h3>\n<p>Spole\u010dnost Stainless Works je jedin\u00fdm v\u00fdrobcem, kter\u00fd vyr\u00e1b\u00ed tlumi\u010de hluku v\u00fdhradn\u011b z nerezov\u00e9 oceli. Tlumi\u010de se nikdy \"nesp\u00e1l\u00ed\", \"nevyfouknou\" ani nikdy nezm\u011bn\u00ed sv\u016fj zvuk. Tlumi\u010de jsou vyrobeny z vysoce kvalitn\u00ed nerezov\u00e9 oceli 304 sva\u0159en\u00e9 metodou TIG s v\u00fdpln\u00ed z nerezov\u00e9 vlny.<\/p>\n<p>&nbsp;<\/p>\n<p><img decoding=\"async\" class=\"aligncenter wp-image-68271102 size-full\" src=\"https:\/\/kraftwerk-shop.cc\/wp-content\/uploads\/2022\/08\/mufflers-types.png\" alt=\"\" width=\"700\" height=\"469\" srcset=\"https:\/\/kraftwerk-shop.cc\/wp-content\/uploads\/2022\/08\/mufflers-types.png 700w, https:\/\/kraftwerk-shop.cc\/wp-content\/uploads\/2022\/08\/mufflers-types-500x335.png 500w, https:\/\/kraftwerk-shop.cc\/wp-content\/uploads\/2022\/08\/mufflers-types-150x101.png 150w, https:\/\/kraftwerk-shop.cc\/wp-content\/uploads\/2022\/08\/mufflers-types-600x402.png 600w\" sizes=\"(max-width: 700px) 100vw, 700px\" \/><\/p>\n<h3 style=\"text-align: center;\"><strong>Turbo Chambered (hlasit\u00fd)<\/strong><\/h3>\n<p>Komorov\u00e1 konstrukce tohoto tlumi\u010de v\u00fdfuku zaji\u0161\u0165uje hlubok\u00e9, civilizovan\u00e9 dun\u011bn\u00ed jako z muscle caru p\u0159i volnob\u011bhu a cestovn\u00edch rychlostech, ale skute\u010dn\u011b o\u017eije, kdy\u017e se\u0161l\u00e1pnete plynov\u00fd ped\u00e1l. Tyto tlumi\u010de v\u00fdfuku jsou ide\u00e1ln\u00ed pro ka\u017edodenn\u00ed \u0159idi\u010de, ale jsou dostate\u010dn\u011b agresivn\u00ed pro va\u0161e v\u00edkendov\u00e9 z\u00e1vodn\u00edky pro maxim\u00e1ln\u00ed pr\u016ftok a velmi agresivn\u00ed zvuk.<\/p>\n<h3 style=\"text-align: center;\"><strong>Komorov\u00e9 kolo (hlasit\u011bj\u0161\u00ed)<\/strong><\/h3>\n<p>Exkluzivn\u00ed \u017eebrovan\u00e9 j\u00e1dro tohoto tlumi\u010de v\u00fdfuku, zn\u00e1m\u00e9ho tak\u00e9 jako \"Retro Chambered\", dosahuje p\u0159\u00edjemn\u00e9ho, hlubok\u00e9ho \"street rod\" t\u00f3nu, kter\u00fd nen\u00ed p\u0159\u00edli\u0161 agresivn\u00ed. Tlumi\u010de jsou dimenzov\u00e1ny tak, \u017ee je lze pro je\u0161t\u011b agresivn\u011bj\u0161\u00ed zvuk oto\u010dit. Lze je sva\u0159it nebo upnout. Nejlep\u0161\u00ed trubkov\u00e9 tlumi\u010de na trhu!<\/p>\n<h3 style=\"text-align: center;\"><strong>Turbo S-Tube (nejhlasit\u011bj\u0161\u00ed)<\/strong><\/h3>\n<p>P\u0159\u00edm\u00e1 konstrukce tohoto tlumi\u010de v\u00fdfuku s turbodmychadlem zaji\u0161\u0165uje maxim\u00e1ln\u00ed pr\u016ftok s hlubok\u00fdm zvukem muscle car p\u0159i volnob\u011bhu a cestovn\u00edch rychlostech a velmi agresivn\u00edm zvukem p\u0159i se\u0161l\u00e1pnut\u00ed plynov\u00e9ho ped\u00e1lu. Tyto tlumi\u010de lze pou\u017e\u00edt pro ka\u017edodenn\u00ed pou\u017eit\u00ed, ale n\u011bkte\u0159\u00ed je pova\u017euj\u00ed za p\u0159\u00edli\u0161 agresivn\u00ed. Pro civiln\u011bj\u0161\u00ed tlumi\u010d v\u00fdfuku pro ka\u017edodenn\u00ed pou\u017eit\u00ed je lep\u0161\u00ed z\u016fstat u d\u0159\u00edve popsan\u00e9ho komorov\u00e9ho turba.<\/p>\n<p><center><\/center>&nbsp;<\/p>\n<p><strong>Vlastnosti:<\/strong><\/p>\n<ul>\n<li>Komorov\u00fd tlumi\u010d nebo tlumi\u010d S-Tube<\/li>\n<li>P\u0159ipojen\u00ed Factroy Connect nebo Performance Connect<\/li>\n<li>Hladk\u00e9 ohyby potrub\u00ed optimalizuj\u00ed proud\u011bn\u00ed v\u00fdfukov\u00fdch plyn\u016f.<\/li>\n<li>Kompletn\u011b sva\u0159eno metodou TIG pro zaji\u0161t\u011bn\u00ed stability a vzhledu.<\/li>\n<\/ul>\n<p>&nbsp;<\/p>\n<p><strong>Vhodn\u00e9 pro:<\/strong><\/p>\n<table width=\"437\">\n<tbody>\n<tr>\n<td width=\"122\"><strong>Zna\u010dka<\/strong><\/td>\n<td width=\"136\"><strong>Model<\/strong><\/td>\n<td width=\"96\"><strong>Motor<\/strong><\/td>\n<td width=\"83\"><strong>Rok v\u00fdstavby<\/strong><\/td>\n<\/tr>\n<tr>\n<td>RAM<\/td>\n<td>1500<\/td>\n<td>5.7<\/td>\n<td>2009\u20132018<\/td>\n<\/tr>\n<tr>\n<td>RAM<\/td>\n<td>1500 Classic<\/td>\n<td>5.7<\/td>\n<td>2019\u20132024<\/td>\n<\/tr>\n<\/tbody>\n<\/table>\n<p>&nbsp;<\/p>","protected":false},"excerpt":{"rendered":"<p>2009 - 2018 a Classic 2019 - 2024<\/p>","protected":false},"featured_media":68271108,"comment_status":"open","ping_status":"closed","template":"","meta":{"_acf_changed":false},"product_brand":[17173],"product_cat":[3024,6620],"product_tag":[475,91,1035,546,1047,2210,476,662,126,586,50,20273,36,1040,86,4083,3055,547,3025,3026],"class_list":{"0":"post-68271082","1":"product","2":"type-product","3":"status-publish","4":"has-post-thumbnail","6":"product_brand-stainless-works","7":"product_cat-nicht-nach-eu","8":"product_cat-1500-57-2009-2018-classic-abgasanlage-catback","9":"product_tag-475","10":"product_tag-5-7","11":"product_tag-abgasanlage","12":"product_tag-auspuff","13":"product_tag-cat-back","14":"product_tag-catback","15":"product_tag-dt","16":"product_tag-edelstahl","17":"product_tag-hemi","18":"product_tag-high-flow","19":"product_tag-jeep","20":"product_tag-keintuev","21":"product_tag-kraftwerk","22":"product_tag-laut","23":"product_tag-ram","24":"product_tag-ram09cb","25":"product_tag-sportabgasanlage","26":"product_tag-sportauspuff","27":"product_tag-stainless-works","28":"product_tag-stainlessworks","29":"product_shipping_class-spedition-1","31":"first","32":"onbackorder","33":"taxable","34":"shipping-taxable","35":"purchasable","36":"product-type-variable"},"bundled_by":[],"bundle_stock_status":"onbackorder","bundle_stock_quantity":0,"bundle_virtual":false,"bundle_layout":"","bundle_add_to_cart_form_location":"","bundle_editable_in_cart":false,"bundle_sold_individually_context":"","bundle_item_grouping":"","bundle_min_size":"","bundle_max_size":"","bundle_price":[],"bundled_items":[],"bundle_sell_ids":[],"exclude_global_add_ons":[],"addons":[],"acf":[],"_links":{"self":[{"href":"https:\/\/kraftwerk-shop.cc\/cs\/wp-json\/wp\/v2\/product\/68271082","targetHints":{"allow":["GET"]}}],"collection":[{"href":"https:\/\/kraftwerk-shop.cc\/cs\/wp-json\/wp\/v2\/product"}],"about":[{"href":"https:\/\/kraftwerk-shop.cc\/cs\/wp-json\/wp\/v2\/types\/product"}],"replies":[{"embeddable":true,"href":"https:\/\/kraftwerk-shop.cc\/cs\/wp-json\/wp\/v2\/comments?post=68271082"}],"version-history":[{"count":0,"href":"https:\/\/kraftwerk-shop.cc\/cs\/wp-json\/wp\/v2\/product\/68271082\/revisions"}],"wp:featuredmedia":[{"embeddable":true,"href":"https:\/\/kraftwerk-shop.cc\/cs\/wp-json\/wp\/v2\/media\/68271108"}],"wp:attachment":[{"href":"https:\/\/kraftwerk-shop.cc\/cs\/wp-json\/wp\/v2\/media?parent=68271082"}],"wp:term":[{"taxonomy":"product_brand","embeddable":true,"href":"https:\/\/kraftwerk-shop.cc\/cs\/wp-json\/wp\/v2\/product_brand?post=68271082"},{"taxonomy":"product_cat","embeddable":true,"href":"https:\/\/kraftwerk-shop.cc\/cs\/wp-json\/wp\/v2\/product_cat?post=68271082"},{"taxonomy":"product_tag","embeddable":true,"href":"https:\/\/kraftwerk-shop.cc\/cs\/wp-json\/wp\/v2\/product_tag?post=68271082"}],"curies":[{"name":"wp","href":"https:\/\/api.w.org\/{rel}","templated":true}]}}