{"id":68271234,"date":"2022-09-03T13:37:11","date_gmt":"2022-09-03T11:37:11","guid":{"rendered":"https:\/\/kraftwerk-shop.cc\/?post_type=product&#038;p=68271234"},"modified":"2026-02-20T11:12:23","modified_gmt":"2026-02-20T10:12:23","slug":"dba-brzdove-desticky-db2259xp","status":"publish","type":"product","link":"https:\/\/kraftwerk-shop.cc\/cs\/produkt\/dba-bremsbelaege-db2259xp\/","title":{"rendered":"Brzdov\u00e9 desti\u010dky DBA DB2259XP pro 300C, Challenger, Charger, Magnum a Grand Cherokee SRT"},"content":{"rendered":"<h1>Brzdov\u00e9 desti\u010dky DBA pro Chrysler 300C, Dodge Challenger, Charger 6.1 &amp; 6.4, Magnum a Jeep Grand Cherokee 6.1 (p\u0159edn\u00ed n\u00e1prava)<\/h1>\n<p>&nbsp;<\/p>\n<p>Brzdov\u00e9 desti\u010dky Xtreme Performance od spole\u010dnosti DBA byly vyvinuty pro \u0159idi\u010de, kte\u0159\u00ed o\u010dek\u00e1vaj\u00ed vysok\u00fd po\u010d\u00e1te\u010dn\u00ed z\u00e1b\u011br a t\u0159ec\u00ed odolnost od n\u00edzk\u00fdch a\u017e po vysok\u00e9 teploty.<br \/>\n\u0158ada XP je ur\u010dena pro n\u00e1ro\u010dn\u00e9 aplikace, kde je pro bezpe\u010dn\u00e9 brzd\u011bn\u00ed v extr\u00e9mn\u00edch podm\u00ednk\u00e1ch vy\u017eadov\u00e1na vy\u0161\u0161\u00ed \u00farove\u0148 t\u0159en\u00ed.<\/p>\n<p>Pro optim\u00e1ln\u00ed brzdn\u00fd v\u00fdkon doporu\u010duje DBA kombinaci s dr\u00e1\u017ekovan\u00fdmi rotory T3 \u0159ady 4000 a 5000.<br \/>\nSpecifikace:<\/p>\n<ul>\n<li>Polokovov\u00fd t\u0159ec\u00ed materi\u00e1l vyztu\u017een\u00fd uhl\u00edkov\u00fdmi vl\u00e1kny<\/li>\n<li>Koeficient t\u0159en\u00ed je v pr\u016fm\u011bru 0,45 od n\u00edzk\u00fdch po vysok\u00e9 teploty.<\/li>\n<li>\u00a0Vynikaj\u00edc\u00ed v\u00fdkon p\u0159i vysok\u00fdch teplot\u00e1ch<\/li>\n<li>Optim\u00e1ln\u00ed konzistence brzd\u011bn\u00ed a\u017e do 550<span style=\"font-family: cambria math,serif;\">\u2103<\/span> (1022<span style=\"font-family: cambria math,serif;\">\u2109<\/span>)<\/li>\n<\/ul>\n<p><strong>Srovn\u00e1vac\u00ed \u010d\u00edsla Mopar:<\/strong> 5174311AA, 5174311AB, 5174311AC, 05174311AA, 05174311AB, 05174311AC, 68144213AA, 68144213AB, 68144213AC, 68002193AA<\/p>\n<p>&nbsp;<\/p>\n<p><strong>Vhodn\u00e9 pro:<br \/>\n<\/strong><\/p>\n<table width=\"0\">\n<tbody>\n<tr>\n<td width=\"64\">Chrysler<\/td>\n<td width=\"117\">300C<\/td>\n<td width=\"137\">6.1, 6.4<\/td>\n<td width=\"391\">V\u0161echny modelov\u00e9 roky s brzdov\u00fdmi kotou\u010di 360 mm<\/td>\n<\/tr>\n<tr>\n<td width=\"64\">Dodge<\/td>\n<td width=\"117\">Challenger<\/td>\n<td width=\"137\">6.1, 6.4<\/td>\n<td width=\"391\">V\u0161echny modelov\u00e9 roky s brzdov\u00fdmi kotou\u010di 360 mm<\/td>\n<\/tr>\n<tr>\n<td width=\"64\">Dodge<\/td>\n<td width=\"117\">Charger<\/td>\n<td width=\"137\">6.1, 6.4<\/td>\n<td width=\"391\">V\u0161echny modelov\u00e9 roky s brzdov\u00fdmi kotou\u010di 360 mm<\/td>\n<\/tr>\n<tr>\n<td width=\"64\">Dodge<\/td>\n<td width=\"117\">Magnum<\/td>\n<td width=\"137\">6.1<\/td>\n<td width=\"391\">V\u0161echny modelov\u00e9 roky s brzdov\u00fdmi kotou\u010di 360 mm<\/td>\n<\/tr>\n<tr>\n<td width=\"64\">Jeep<\/td>\n<td width=\"117\">Grand Cherokee<\/td>\n<td width=\"137\">6.1<\/td>\n<td width=\"391\">v\u0161echny roky v\u00fdstavby<\/td>\n<\/tr>\n<\/tbody>\n<\/table>\n<p>Povolen\u00ed: bez<\/p>\n<p>&nbsp;<\/p>\n<p>Cena se vztahuje na 1 sadu pro kompletn\u00ed p\u0159edn\u00ed n\u00e1pravu.<\/p>\n<p>&nbsp;<\/p>\n<p>&nbsp;<\/p>","protected":false},"excerpt":{"rendered":"<p>Vhodn\u00e9 pro brzdov\u00e9 kotou\u010de o pr\u016fm\u011bru 360 mm<\/p>","protected":false},"featured_media":68271237,"comment_status":"open","ping_status":"closed","template":"","meta":{"_acf_changed":false},"product_brand":[18922],"product_cat":[17731,17735,17695,17687,17755,17763,17775,17956],"product_tag":[836,837,960,52,834,835,833,17915,17993,17994,17995,1046,832,838,590,10803,795,839,840,54,53,48,536,4087,789,49,3853,3854,2325,692,56,1070,50,4425,55,31,96,2139,842,841,673,2137],"class_list":{"0":"post-68271234","1":"product","2":"type-product","3":"status-publish","4":"has-post-thumbnail","6":"product_brand-dba","7":"product_cat-300c-61-bremsbelaege-vorne","8":"product_cat-300c-64-bremsbelaege-vorne","9":"product_cat-challenger-61-bremsbelaege-vorne","10":"product_cat-challenger-64-bremsbelaege-vorne","11":"product_cat-charger-61-bremsbelaege-vorne","12":"product_cat-charger-64-bremsbelaege-vorne","13":"product_cat-magnum-61-bremsbelaege-vorne","14":"product_cat-grand-cherokee-61-bremsbelaege-vorne","15":"product_tag-05174311aa","16":"product_tag-05174311ab","17":"product_tag-05174311ac","18":"product_tag-300c","19":"product_tag-5174311aa","20":"product_tag-5174311ab","21":"product_tag-5174311ac","22":"product_tag-68002193aa","23":"product_tag-68144213aa","24":"product_tag-68144213ab","25":"product_tag-68144213ac","26":"product_tag-abe","27":"product_tag-brembo","28":"product_tag-bremsbelag","29":"product_tag-bremsbelaege","30":"product_tag-bremsbelaege-fuer-dodge-challenger-6-4","31":"product_tag-bremse","32":"product_tag-bremsklotz","33":"product_tag-bremskloetze","34":"product_tag-challenger","35":"product_tag-charger","36":"product_tag-chrysler","37":"product_tag-chrysler-300c","38":"product_tag-db2259xp","39":"product_tag-dba","40":"product_tag-dodge","41":"product_tag-dodge-challenger","42":"product_tag-dodge-charger","43":"product_tag-eg","44":"product_tag-ersatzteil","45":"product_tag-grand-cherokee","46":"product_tag-hawk","47":"product_tag-jeep","48":"product_tag-jeep-grand-cherokee","49":"product_tag-magnum","50":"product_tag-mopar","51":"product_tag-srt","52":"product_tag-tuev","53":"product_tag-vorderachse","54":"product_tag-vorne","55":"product_tag-zubehoer","56":"product_tag-zulassung","58":"first","59":"instock","60":"taxable","61":"shipping-taxable","62":"purchasable","63":"product-type-simple"},"bundled_by":[],"bundle_stock_status":"instock","bundle_stock_quantity":5,"bundle_virtual":false,"bundle_layout":"","bundle_add_to_cart_form_location":"","bundle_editable_in_cart":false,"bundle_sold_individually_context":"","bundle_item_grouping":"","bundle_min_size":"","bundle_max_size":"","bundle_price":[],"bundled_items":[],"bundle_sell_ids":[],"exclude_global_add_ons":[],"addons":[],"acf":[],"_links":{"self":[{"href":"https:\/\/kraftwerk-shop.cc\/cs\/wp-json\/wp\/v2\/product\/68271234","targetHints":{"allow":["GET"]}}],"collection":[{"href":"https:\/\/kraftwerk-shop.cc\/cs\/wp-json\/wp\/v2\/product"}],"about":[{"href":"https:\/\/kraftwerk-shop.cc\/cs\/wp-json\/wp\/v2\/types\/product"}],"replies":[{"embeddable":true,"href":"https:\/\/kraftwerk-shop.cc\/cs\/wp-json\/wp\/v2\/comments?post=68271234"}],"version-history":[{"count":0,"href":"https:\/\/kraftwerk-shop.cc\/cs\/wp-json\/wp\/v2\/product\/68271234\/revisions"}],"wp:featuredmedia":[{"embeddable":true,"href":"https:\/\/kraftwerk-shop.cc\/cs\/wp-json\/wp\/v2\/media\/68271237"}],"wp:attachment":[{"href":"https:\/\/kraftwerk-shop.cc\/cs\/wp-json\/wp\/v2\/media?parent=68271234"}],"wp:term":[{"taxonomy":"product_brand","embeddable":true,"href":"https:\/\/kraftwerk-shop.cc\/cs\/wp-json\/wp\/v2\/product_brand?post=68271234"},{"taxonomy":"product_cat","embeddable":true,"href":"https:\/\/kraftwerk-shop.cc\/cs\/wp-json\/wp\/v2\/product_cat?post=68271234"},{"taxonomy":"product_tag","embeddable":true,"href":"https:\/\/kraftwerk-shop.cc\/cs\/wp-json\/wp\/v2\/product_tag?post=68271234"}],"curies":[{"name":"wp","href":"https:\/\/api.w.org\/{rel}","templated":true}]}}