{"id":68271248,"date":"2022-09-03T15:09:28","date_gmt":"2022-09-03T13:09:28","guid":{"rendered":"https:\/\/kraftwerk-shop.cc\/?post_type=product&#038;p=68271248"},"modified":"2026-02-15T00:50:07","modified_gmt":"2026-02-14T23:50:07","slug":"stainless-works-sberne-vyfukove-potrubi-dodge-durango-srt","status":"publish","type":"product","link":"https:\/\/kraftwerk-shop.cc\/cs\/produkt\/stainless-works-faecherkruemmer-high-flow-katalysatoren-dodge-durango-srt\/","title":{"rendered":"Rozvodn\u00e9 potrub\u00ed Stainless Works 1 7\/8\u2033 + vysokopr\u016ftokov\u00e9 katalyz\u00e1tory Dodge Durango SRT"},"content":{"rendered":"<h1>Rozvodn\u00e9 potrub\u00ed Stainless Works 1 7\/8\u2033 a vysokopr\u016ftokov\u00e9 katalyz\u00e1tory pro Dodge Durango SRT<\/h1>\n<p>&nbsp;<\/p>\n<p>Uvoln\u011bte v\u00fdkon sv\u00e9ho Dodge Durango SRT pomoc\u00ed t\u00e9to sady dlouh\u00e9ho trubkov\u00e9ho rozvodu od spole\u010dnosti Stainless Works.<br \/>\nTento syst\u00e9m s 1-7\/8palcov\u00fdm prim\u00e1rn\u00edm potrub\u00edm a 3palcov\u00fdm hlavn\u00edm potrub\u00edm zvy\u0161uje v\u00fdkon a to\u010div\u00fd moment motoru Dodge Durango Hemi.<br \/>\nTuto sadu m\u016f\u017eete bu\u010f kombinovat se standardn\u00edm v\u00fdfukem, nebo vyu\u017e\u00edt jej\u00ed pln\u00fd potenci\u00e1l kombinac\u00ed s v\u00fdfukov\u00fdm syst\u00e9mem Stainless Works Catback a z\u00edskat tak skute\u010dn\u011b v\u00fdkonn\u00fd v\u00fdfukov\u00fd syst\u00e9m.<br \/>\nV\u010detn\u011b vysokopr\u016ftokov\u00fdch katalyz\u00e1tor\u016f pro p\u0159ipojen\u00ed ke standardn\u00edmu v\u00fdfukov\u00e9mu syst\u00e9mu nebo k v\u00fdfukov\u00fdm syst\u00e9m\u016fm od spole\u010dnosti Stainless Works.<br \/>\nSyst\u00e9m rozd\u011blova\u010de se dod\u00e1v\u00e1 p\u0159ipraven\u00fd k instalaci se v\u0161emi pot\u0159ebn\u00fdmi svorkami, n\u00e1stavci pro lambda sondy, \u0161rouby atd.<\/p>\n<p>Sady rozd\u011blova\u010d\u016f Stainless Works jsou vyrobeny z korozivzdorn\u00e9 nerezov\u00e9 oceli 304.<br \/>\nRozd\u011blova\u010de jsou sva\u0159ov\u00e1ny metodou TIG v nejmodern\u011bj\u0161\u00edm z\u00e1vod\u011b ve Streetsboro v Ohiu, aby byla zaji\u0161t\u011bna kvalita a trvanlivost.<\/p>\n<p>&nbsp;<\/p>\n<p>&nbsp;<\/p>\n<p><strong>Vhodn\u00e9 pro:<\/strong><\/p>\n<table width=\"776\">\n<tbody>\n<tr>\n<td width=\"178\"><strong>Rok v\u00fdstavby<\/strong><\/td>\n<td width=\"226\"><strong>Zna\u010dka<\/strong><\/td>\n<td width=\"120\"><strong>Model<\/strong><\/td>\n<td width=\"172\"><strong>Varianta<\/strong><\/td>\n<td width=\"80\"><strong>Motor<\/strong><\/td>\n<\/tr>\n<tr>\n<td width=\"178\">2018\u20132024<\/td>\n<td width=\"226\">Dodge<\/td>\n<td width=\"120\">Durango<\/td>\n<td width=\"172\">SRT<\/td>\n<td width=\"80\">V8 6,4 L<\/td>\n<\/tr>\n<\/tbody>\n<\/table>\n<p>&nbsp;<\/p>\n<p>&nbsp;<\/p>\n<p><strong>Rozsah dod\u00e1vky:<\/strong><\/p>\n<ul>\n<li>1 7\/8\u2033 Rozd\u011blova\u010d s dlouh\u00fdmi trubkami<\/li>\n<li>Vysokopr\u016ftokov\u00e9 katalyz\u00e1tory (pouze pro silni\u010dn\u00ed pou\u017eit\u00ed, ne pro motoristick\u00fd sport)<\/li>\n<li>Instala\u010dn\u00ed materi\u00e1l<\/li>\n<\/ul>\n<p>&nbsp;<\/p>","protected":false},"excerpt":{"rendered":"<p>Stainless Works 1 7\/8&#8243; F\u00e4cherkr\u00fcmmer und High-Flow Katalysatoren f\u00fcr Dodge Durango SRT &nbsp; Entfesseln Sie die Leistung Ihres Dodge Durango<\/p>","protected":false},"featured_media":68271250,"comment_status":"open","ping_status":"closed","template":"","meta":{"_acf_changed":false},"product_brand":[17173],"product_cat":[6586],"product_tag":[252,419,420,2066,2373,93,1035,546,49,4091,95,662,543,126,586,532,529,20273,550,545,583,3055,547,553,96,4079,3026,2353,1303],"class_list":{"0":"post-68271248","1":"product","2":"type-product","3":"status-publish","4":"has-post-thumbnail","6":"product_brand-stainless-works","7":"product_cat-durango-64-abgaskruemmer-katalysatoren","8":"product_tag-252","9":"product_tag-419","10":"product_tag-420","11":"product_tag-2066","12":"product_tag-2373","13":"product_tag-6-4","14":"product_tag-abgasanlage","15":"product_tag-auspuff","16":"product_tag-dodge","17":"product_tag-dur18hcat","18":"product_tag-durango","19":"product_tag-edelstahl","20":"product_tag-faecherkruemmer","21":"product_tag-hemi","22":"product_tag-high-flow","23":"product_tag-kat","24":"product_tag-katalysator","25":"product_tag-keintuev","26":"product_tag-kruemmer","27":"product_tag-longtube","28":"product_tag-metallkat","29":"product_tag-sportabgasanlage","30":"product_tag-sportauspuff","31":"product_tag-sportkatalysator","32":"product_tag-srt","33":"product_tag-stainless","34":"product_tag-stainlessworks","35":"product_tag-trx","36":"product_tag-works","37":"product_shipping_class-paket-xl","39":"first","40":"onbackorder","41":"taxable","42":"shipping-taxable","43":"purchasable","44":"product-type-simple"},"bundled_by":[],"bundle_stock_status":"onbackorder","bundle_stock_quantity":0,"bundle_virtual":false,"bundle_layout":"","bundle_add_to_cart_form_location":"","bundle_editable_in_cart":false,"bundle_sold_individually_context":"","bundle_item_grouping":"","bundle_min_size":"","bundle_max_size":"","bundle_price":[],"bundled_items":[],"bundle_sell_ids":[],"exclude_global_add_ons":[],"addons":[],"acf":[],"_links":{"self":[{"href":"https:\/\/kraftwerk-shop.cc\/cs\/wp-json\/wp\/v2\/product\/68271248","targetHints":{"allow":["GET"]}}],"collection":[{"href":"https:\/\/kraftwerk-shop.cc\/cs\/wp-json\/wp\/v2\/product"}],"about":[{"href":"https:\/\/kraftwerk-shop.cc\/cs\/wp-json\/wp\/v2\/types\/product"}],"replies":[{"embeddable":true,"href":"https:\/\/kraftwerk-shop.cc\/cs\/wp-json\/wp\/v2\/comments?post=68271248"}],"version-history":[{"count":0,"href":"https:\/\/kraftwerk-shop.cc\/cs\/wp-json\/wp\/v2\/product\/68271248\/revisions"}],"wp:featuredmedia":[{"embeddable":true,"href":"https:\/\/kraftwerk-shop.cc\/cs\/wp-json\/wp\/v2\/media\/68271250"}],"wp:attachment":[{"href":"https:\/\/kraftwerk-shop.cc\/cs\/wp-json\/wp\/v2\/media?parent=68271248"}],"wp:term":[{"taxonomy":"product_brand","embeddable":true,"href":"https:\/\/kraftwerk-shop.cc\/cs\/wp-json\/wp\/v2\/product_brand?post=68271248"},{"taxonomy":"product_cat","embeddable":true,"href":"https:\/\/kraftwerk-shop.cc\/cs\/wp-json\/wp\/v2\/product_cat?post=68271248"},{"taxonomy":"product_tag","embeddable":true,"href":"https:\/\/kraftwerk-shop.cc\/cs\/wp-json\/wp\/v2\/product_tag?post=68271248"}],"curies":[{"name":"wp","href":"https:\/\/api.w.org\/{rel}","templated":true}]}}