{"id":68271750,"date":"2022-09-18T00:58:41","date_gmt":"2022-09-17T22:58:41","guid":{"rendered":"https:\/\/kraftwerk-shop.cc\/?post_type=product&#038;p=68271750"},"modified":"2026-04-07T12:30:38","modified_gmt":"2026-04-07T10:30:38","slug":"mopar-motorovy-olej-maxpro-plus-5w-30","status":"publish","type":"product","link":"https:\/\/kraftwerk-shop.cc\/cs\/produkt\/mopar-motoroel-maxpro-plus-5w-30\/","title":{"rendered":"Motorov\u00fd olej Mopar MaxPro Plus 5W-30"},"content":{"rendered":"<h1>Origin\u00e1ln\u00ed motorov\u00fd olej Mopar MaxPro Plus 5W-30<\/h1>\n<p>&nbsp;<\/p>\n<p>Motorov\u00fd olej Mopar MaxPro Plus 5W-30 je navr\u017een tak, aby zajistil lep\u0161\u00ed palivovou \u00fa\u010dinnost, \u010distotu motoru a kompatibilitu s etanolem pro v\u00e1\u0161 Chrysler, Dodge, Jeep nebo RAM.<\/p>\n<p>Motorov\u00fd olej spl\u0148uje v\u00fdkonnostn\u00ed normu ILSAC GF-5.<\/p>\n<p>Schv\u00e1leno pro materi\u00e1lovou normu Chrysler MS-6395.<br \/>\nSpole\u010dnost Chrysler doporu\u010duje pro sv\u00e1 vozidla pouze oleje, kter\u00e9 maj\u00ed certifikaci API a spl\u0148uj\u00ed po\u017eadavky normy MS-6395.<\/p>\n<p>&nbsp;<\/p>\n<p><strong>Srovn\u00e1vac\u00ed \u010d\u00edsla Mopar:<\/strong> 68218920AA, 68218920AB, 68218920AC, 68218920CA, 62218921AC, 62218921CA, 62218922CA, 68250742CA, 4761838AD, 4761838MB, 68218920AA, 68218920AB, 68218920GA, 68518204AA, 68518204CA, 68518205AA, 68518205CA<\/p>\n<p>&nbsp;<\/p>\n<p><strong>Mno\u017estv\u00ed olejov\u00e9 n\u00e1pln\u011b:<\/strong><\/p>\n<table width=\"539\">\n<tbody>\n<tr>\n<td width=\"123\"><strong>Zna\u010dka<\/strong><\/td>\n<td width=\"173\"><strong>Model<\/strong><\/td>\n<td width=\"78\"><strong>Motor<\/strong><\/td>\n<td width=\"82\"><strong>Mno\u017estv\u00ed n\u00e1pln\u011b<\/strong><\/td>\n<td width=\"83\"><strong>odpov\u00edd\u00e1<\/strong><\/td>\n<\/tr>\n<tr>\n<td width=\"123\">Chrysler<\/td>\n<td width=\"173\">300C<\/td>\n<td width=\"78\">3.6<\/td>\n<td width=\"82\">6 kvarter\u016f<\/td>\n<td width=\"83\">5,6 l<\/td>\n<\/tr>\n<tr>\n<td width=\"123\">Chrysler<\/td>\n<td width=\"173\">300C<\/td>\n<td width=\"78\">5.7<\/td>\n<td width=\"82\">7 kvarter\u016f<\/td>\n<td width=\"83\">6,6 l<\/td>\n<\/tr>\n<tr>\n<td width=\"123\">Dodge<\/td>\n<td width=\"173\">Challenger<\/td>\n<td width=\"78\">3.6<\/td>\n<td width=\"82\">6 kvarter\u016f<\/td>\n<td width=\"83\">5,6 l<\/td>\n<\/tr>\n<tr>\n<td width=\"123\">Dodge<\/td>\n<td width=\"173\">Challenger<\/td>\n<td width=\"78\">5.7<\/td>\n<td width=\"82\">7 kvarter\u016f<\/td>\n<td width=\"83\">6,6 l<\/td>\n<\/tr>\n<tr>\n<td width=\"123\">Dodge<\/td>\n<td width=\"173\">Charger<\/td>\n<td width=\"78\">3.6<\/td>\n<td width=\"82\">6 kvarter\u016f<\/td>\n<td width=\"83\">5,6 l<\/td>\n<\/tr>\n<tr>\n<td width=\"123\">Dodge<\/td>\n<td width=\"173\">Charger<\/td>\n<td width=\"78\">5.7<\/td>\n<td width=\"82\">7 kvarter\u016f<\/td>\n<td width=\"83\">6,6 l<\/td>\n<\/tr>\n<tr>\n<td width=\"123\">Dodge<\/td>\n<td width=\"173\">Durango<\/td>\n<td width=\"78\">3.6<\/td>\n<td width=\"82\">6 kvarter\u016f<\/td>\n<td width=\"83\">5,6 l<\/td>\n<\/tr>\n<tr>\n<td width=\"123\">Dodge<\/td>\n<td width=\"173\">Durango<\/td>\n<td width=\"78\">5.7<\/td>\n<td width=\"82\">7 kvarter\u016f<\/td>\n<td width=\"83\">6,6 l<\/td>\n<\/tr>\n<tr>\n<td width=\"123\">Jeep<\/td>\n<td width=\"173\">Grand Cherokee<\/td>\n<td width=\"78\">3.6<\/td>\n<td width=\"82\">6 kvarter\u016f<\/td>\n<td width=\"83\">5,6 l<\/td>\n<\/tr>\n<tr>\n<td width=\"123\">Jeep<\/td>\n<td width=\"173\">Grand Cherokee<\/td>\n<td width=\"78\">5.7<\/td>\n<td width=\"82\">7 kvarter\u016f<\/td>\n<td width=\"83\">6,6 l<\/td>\n<\/tr>\n<tr>\n<td width=\"123\">Jeep<\/td>\n<td width=\"173\">Wrangler<\/td>\n<td width=\"78\">3.6<\/td>\n<td width=\"82\">6 kvarter\u016f<\/td>\n<td width=\"83\">5,6 l<\/td>\n<\/tr>\n<tr>\n<td width=\"123\">RAM<\/td>\n<td width=\"173\">1500<\/td>\n<td width=\"78\">3.6<\/td>\n<td width=\"82\">6 kvarter\u016f<\/td>\n<td width=\"83\">5,6 l<\/td>\n<\/tr>\n<tr>\n<td width=\"123\">RAM<\/td>\n<td width=\"173\">1500 \/ 2500 \/ 3500<\/td>\n<td width=\"78\">5.7<\/td>\n<td width=\"82\">7 kvarter\u016f<\/td>\n<td width=\"83\">6,6 l<\/td>\n<\/tr>\n<\/tbody>\n<\/table>\n<h4><\/h4>\n<p>&nbsp;<\/p>\n<h4><strong>Pro\u010d je v\u00fdb\u011br spr\u00e1vn\u00e9ho motorov\u00e9ho oleje tak d\u016fle\u017eit\u00fd?<\/strong><\/h4>\n<p>Olej v podstat\u011b udr\u017euje motor v chodu. Pln\u00ed tak\u00e9 \u0159adu dal\u0161\u00edch funkc\u00ed, kter\u00e9 pom\u00e1haj\u00ed prodlou\u017eit \u017eivotnost va\u0161eho vozidla:<\/p>\n<ul>\n<li><strong>Sn\u00ed\u017een\u00ed t\u0159en\u00ed<\/strong><br \/>\nMotorov\u00fd olej ma\u017ee motor a zaji\u0161\u0165uje, \u017ee v\u0161echny sou\u010d\u00e1sti motoru funguj\u00ed hladce a \u017ee se v motoru ztr\u00e1c\u00ed jen m\u00e1lo energie t\u0159en\u00edm. T\u00edm se sni\u017euje opot\u0159eben\u00ed sou\u010d\u00e1st\u00ed motoru a prodlu\u017euje se jeho \u017eivotnost.<\/li>\n<li><strong>\u010ci\u0161t\u011bn\u00ed motoru<\/strong><br \/>\nP\u0159i b\u011b\u017en\u00e9m pou\u017e\u00edv\u00e1n\u00ed se v motoru mohou hromadit \u010d\u00e1stice. P\u0159i cirkulaci motorov\u00e9ho oleje doch\u00e1z\u00ed k zachycov\u00e1n\u00ed prachu a usazenin a jejich p\u0159ed\u00e1v\u00e1n\u00ed do olejov\u00e9ho filtru, kter\u00fd je udr\u017euje mimo sou\u010d\u00e1sti motoru.<\/li>\n<li><strong>Ochrana proti korozi a reziv\u011bn\u00ed<\/strong><br \/>\nV\u011bt\u0161ina motorov\u00fdch olej\u016f obsahuje aditiva, kter\u00e1 zabra\u0148uj\u00ed tvorb\u011b koroze a rzi v motoru. Oxidace oslabuje sou\u010d\u00e1sti motoru a m\u016f\u017ee zp\u016fsobit jejich rychlej\u0161\u00ed opot\u0159eben\u00ed. Zabr\u00e1n\u011bn\u00ed korozi pom\u00e1h\u00e1 udr\u017eet motor d\u00e9le v chodu.<\/li>\n<li><strong>Sn\u00ed\u017een\u00ed tepla<\/strong><br \/>\nMotor se m\u016f\u017ee zah\u0159\u00edvat, a pokud se zah\u0159eje p\u0159\u00edli\u0161, m\u016f\u017ee doj\u00edt k jeho poru\u0161e. Motorov\u00fd olej cirkuluje v cel\u00e9m motoru a zaji\u0161\u0165uje odv\u00e1d\u011bn\u00ed tepla do chladn\u011bj\u0161\u00edch \u010d\u00e1st\u00ed motoru.<\/li>\n<li><strong>Odolnost v\u016f\u010di po\u010das\u00ed<\/strong><br \/>\nN\u011bkter\u00e9 oleje jsou optimalizov\u00e1ny pro v\u00fdkon v extr\u00e9mn\u00edch pov\u011btrnostn\u00edch podm\u00ednk\u00e1ch. Zaji\u0161\u0165uj\u00ed startov\u00e1n\u00ed motoru i za chladn\u00e9ho po\u010das\u00ed a omezuj\u00ed ztr\u00e1tu objemu v d\u016fsledku vypalov\u00e1n\u00ed za hork\u00e9ho po\u010das\u00ed.<\/li>\n<li><strong>Vylep\u0161en\u00fd v\u00fdkon<\/strong><br \/>\nPokud motor b\u011b\u017e\u00ed hladce, spot\u0159ebuje na sv\u016fj provoz m\u00e9n\u011b energie, a t\u00edm \u0161et\u0159\u00ed palivo. Sn\u00ed\u017een\u00ed odporu motoru m\u016f\u017ee tak\u00e9 v\u00e9st k lep\u0161\u00edmu p\u0159enosu energie v motoru, co\u017e v\u00e1m zajist\u00ed vy\u0161\u0161\u00ed v\u00fdkon pro va\u0161e pot\u0159eby.<\/li>\n<\/ul>\n<p>&nbsp;<\/p>","protected":false},"excerpt":{"rendered":"<p>Origin\u00e1ln\u00ed olej schv\u00e1len\u00fd spole\u010dnost\u00ed Mopar \/ FCA \/ Stellantis<\/p>","protected":false},"featured_media":68272473,"comment_status":"open","ping_status":"closed","template":"","meta":{"_acf_changed":false},"product_brand":[16270],"product_cat":[1566,1574,4985,1671,1679,1606,1614,5163,1647,1655,3015,1743,4810,1751,2952,4761,19691,1521,5021,9954],"product_tag":[8585,475,506,169,52,507,4173,4174,91,4177,4176,4169,4170,4171,4165,4166,4167,4168,4175,4172,4281,4282,4283,4284,8588,8586,8587,8589,8590,8591,8592,54,53,48,536,49,3853,3854,95,4119,1030,3108,56,4178,50,4425,4439,4118,4117,31,8813,9424,16271,16273,16275,16272,16274,404,6994,4120,406,655,34,86,175],"class_list":{"0":"post-68271750","1":"product","2":"type-product","3":"status-publish","4":"has-post-thumbnail","6":"product_brand-mopar","7":"product_cat-300c-36-wartung","8":"product_cat-300c-57-2005-2010-wartung","9":"product_cat-300c-57-2011-2023-wartung","10":"product_cat-challenger-36-wartung","11":"product_cat-challenger-57-wartung","12":"product_cat-charger-36-wartung","13":"product_cat-charger-57-wartung","14":"product_cat-dodge-charger-57-2011-2023-wartung","15":"product_cat-durango-36-wartung","16":"product_cat-durango-57-wartung","17":"product_cat-gladiator-36-wartung","18":"product_cat-grand-cherokee-36-wartung","19":"product_cat-grand-cherokee-57-2005-2010-wartung","20":"product_cat-grand-cherokee-57-2011-2021-wartung","21":"product_cat-wrangler-36-wartung","22":"product_cat-1500-36-wartung","23":"product_cat-1500-36-dt-wartung","24":"product_cat-1500-57-2009-2018-classic-wartung","25":"product_cat-1500-57-dt-wartung","26":"product_cat-2500-3500-57-wartung","27":"product_tag-8585","28":"product_tag-475","29":"product_tag-506","30":"product_tag-3-6","31":"product_tag-300c","32":"product_tag-507","33":"product_tag-4761838ad","34":"product_tag-4761838mb","35":"product_tag-5-7","36":"product_tag-5w-30","37":"product_tag-5w30","38":"product_tag-62218921ac","39":"product_tag-62218921ca","40":"product_tag-62218922ca","41":"product_tag-68218920aa","42":"product_tag-68218920ab","43":"product_tag-68218920ac","44":"product_tag-68218920ca","45":"product_tag-68218920ga","46":"product_tag-68250742ca","47":"product_tag-68518204aa","48":"product_tag-68518204ca","49":"product_tag-68518205aa","50":"product_tag-68518205ca","51":"product_tag-68524023ca","52":"product_tag-68524122aa","53":"product_tag-68524122ca","54":"product_tag-68524957aa","55":"product_tag-68524964aa","56":"product_tag-68633180aa","57":"product_tag-68633181aa","58":"product_tag-challenger","59":"product_tag-charger","60":"product_tag-chrysler","61":"product_tag-chrysler-300c","62":"product_tag-dodge","63":"product_tag-dodge-challenger","64":"product_tag-dodge-charger","65":"product_tag-durango","66":"product_tag-freigabe","67":"product_tag-garantie","68":"product_tag-gewaehrleistung","69":"product_tag-grand-cherokee","70":"product_tag-ilsac-gf-5","71":"product_tag-jeep","72":"product_tag-jeep-grand-cherokee","73":"product_tag-jeep-wrangler","74":"product_tag-max-pro","75":"product_tag-maxpro","76":"product_tag-mopar","77":"product_tag-mopar-autoteile","78":"product_tag-mopar-ersatzteile","79":"product_tag-mopar-ersatzteile-kaufen","80":"product_tag-mopar-performance-teile","81":"product_tag-mopar-teile-katalog","82":"product_tag-mopar-teile-online","83":"product_tag-mopar-tuningteile","84":"product_tag-motoroel","85":"product_tag-motoroel5","86":"product_tag-ms-6395","87":"product_tag-oel","88":"product_tag-oelwechsel","89":"product_tag-original","90":"product_tag-ram","91":"product_tag-wrangler","93":"first","94":"instock","95":"taxable","96":"shipping-taxable","97":"purchasable","98":"product-type-variable"},"bundled_by":[],"bundle_stock_status":"instock","bundle_stock_quantity":23,"bundle_virtual":false,"bundle_layout":"","bundle_add_to_cart_form_location":"","bundle_editable_in_cart":false,"bundle_sold_individually_context":"","bundle_item_grouping":"","bundle_min_size":"","bundle_max_size":"","bundle_price":[],"bundled_items":[],"bundle_sell_ids":[],"exclude_global_add_ons":[],"addons":[],"acf":[],"_links":{"self":[{"href":"https:\/\/kraftwerk-shop.cc\/cs\/wp-json\/wp\/v2\/product\/68271750","targetHints":{"allow":["GET"]}}],"collection":[{"href":"https:\/\/kraftwerk-shop.cc\/cs\/wp-json\/wp\/v2\/product"}],"about":[{"href":"https:\/\/kraftwerk-shop.cc\/cs\/wp-json\/wp\/v2\/types\/product"}],"replies":[{"embeddable":true,"href":"https:\/\/kraftwerk-shop.cc\/cs\/wp-json\/wp\/v2\/comments?post=68271750"}],"version-history":[{"count":0,"href":"https:\/\/kraftwerk-shop.cc\/cs\/wp-json\/wp\/v2\/product\/68271750\/revisions"}],"wp:featuredmedia":[{"embeddable":true,"href":"https:\/\/kraftwerk-shop.cc\/cs\/wp-json\/wp\/v2\/media\/68272473"}],"wp:attachment":[{"href":"https:\/\/kraftwerk-shop.cc\/cs\/wp-json\/wp\/v2\/media?parent=68271750"}],"wp:term":[{"taxonomy":"product_brand","embeddable":true,"href":"https:\/\/kraftwerk-shop.cc\/cs\/wp-json\/wp\/v2\/product_brand?post=68271750"},{"taxonomy":"product_cat","embeddable":true,"href":"https:\/\/kraftwerk-shop.cc\/cs\/wp-json\/wp\/v2\/product_cat?post=68271750"},{"taxonomy":"product_tag","embeddable":true,"href":"https:\/\/kraftwerk-shop.cc\/cs\/wp-json\/wp\/v2\/product_tag?post=68271750"}],"curies":[{"name":"wp","href":"https:\/\/api.w.org\/{rel}","templated":true}]}}