{"id":68271888,"date":"2022-09-24T15:46:42","date_gmt":"2022-09-24T13:46:42","guid":{"rendered":"https:\/\/kraftwerk-shop.cc\/?post_type=product&#038;p=68271888"},"modified":"2026-04-04T17:44:59","modified_gmt":"2026-04-04T15:44:59","slug":"diferencialni-olej-mopar-75w-140","status":"publish","type":"product","link":"https:\/\/kraftwerk-shop.cc\/cs\/produkt\/mopar-differentialoel-getriebeoel-75w-140\/","title":{"rendered":"Diferenci\u00e1ln\u00ed a p\u0159evodov\u00fd olej Mopar 75W-140"},"content":{"rendered":"<h1>Origin\u00e1ln\u00ed syntetick\u00fd diferenci\u00e1ln\u00ed a p\u0159evodov\u00fd olej Mopar 75W-85<\/h1>\n<p>&nbsp;<\/p>\n<p>Olej spl\u0148uje specifikaci GL-5.<\/p>\n<p>Schv\u00e1leno pro materi\u00e1lovou normu Chrysler MS-8985.<br \/>\nSpole\u010dnost Chrysler doporu\u010duje pro sv\u00e1 vozidla pouze oleje, kter\u00e9 spl\u0148uj\u00ed normu MS-8985.<\/p>\n<p><strong>Srovn\u00e1vac\u00ed \u010d\u00edsla Mopar:<\/strong> 68218657AA, 68218657AB, 68218657CA, 68218657GA, 68218658CA, K04874469, K05103526EA, <em>05103526EA<\/em>, 5103526EA, 04874469, 4874469<\/p>\n<p><strong>Rozsah dod\u00e1vky:<\/strong> 0,946 litru (1 quart)<\/p>","protected":false},"excerpt":{"rendered":"<p>Origin\u00e1ln\u00ed olej schv\u00e1len\u00fd spole\u010dnost\u00ed Mopar \/ FCA \/ Stellantis<\/p>","protected":false},"featured_media":68272092,"comment_status":"open","ping_status":"closed","template":"","meta":{"_acf_changed":false},"product_brand":[16270],"product_cat":[1550,1558,1566,1574,4985,1582,1590,2575,1671,1679,1687,1695,1703,1598,1606,1614,5163,1622,1630,1638,1647,1655,2710,1663,1711,1719,1727,8048,8049,2716,3015,1735,1743,4810,1751,1759,1767,1775,17019,6793,2942,2952,2963,19391,4242,4761,19691,7771,1521,5021,9954,2922,2927,2706],"product_tag":[4224,4223,4221,4220,4214,4215,4216,8533,4222,8532,4217,4213,4212,4206,4207,665,4204,3355,4205,115,663,799,4208,4218,4219,31,8813,9424,16271,16273,16275,16272,16274,406,842,4209],"class_list":{"0":"post-68271888","1":"product","2":"type-product","3":"status-publish","4":"has-post-thumbnail","6":"product_brand-mopar","7":"product_cat-300c-30-diesel-wartung","8":"product_cat-300c-35-wartung","9":"product_cat-300c-36-wartung","10":"product_cat-300c-57-2005-2010-wartung","11":"product_cat-300c-57-2011-2023-wartung","12":"product_cat-300c-61-wartung","13":"product_cat-300c-64-wartung","14":"product_cat-challenger-35-wartung","15":"product_cat-challenger-36-wartung","16":"product_cat-challenger-57-wartung","17":"product_cat-challenger-61-wartung","18":"product_cat-challenger-hellcat-wartung","19":"product_cat-challenger-64-wartung","20":"product_cat-charger-35-wartung","21":"product_cat-charger-36-wartung","22":"product_cat-charger-57-wartung","23":"product_cat-dodge-charger-57-2011-2023-wartung","24":"product_cat-charger-61-wartung","25":"product_cat-charger-hellcat-wartung","26":"product_cat-charger-64-wartung","27":"product_cat-durango-36-wartung","28":"product_cat-durango-57-wartung","29":"product_cat-durango-hellcat-wartung","30":"product_cat-durango-64-wartung","31":"product_cat-magnum-35-wartung","32":"product_cat-magnum-57-wartung","33":"product_cat-magnum-61-wartung","34":"product_cat-viper-83-wartung","35":"product_cat-viper-84-wartung","36":"product_cat-commander-wartung","37":"product_cat-gladiator-36-wartung","38":"product_cat-grand-cherokee-30-diesel-wartung","39":"product_cat-grand-cherokee-36-wartung","40":"product_cat-grand-cherokee-57-2005-2010-wartung","41":"product_cat-grand-cherokee-57-2011-2021-wartung","42":"product_cat-grand-cherokee-61-wartung","43":"product_cat-trackhawk-wartung","44":"product_cat-grand-cherokee-64-wartung","45":"product_cat-wagoneer-30-wartung","46":"product_cat-wagoneer-64-wartung","47":"product_cat-wrangler-20-turbo-wartung","48":"product_cat-wrangler-36-wartung","49":"product_cat-wrangler-64-wartung","50":"product_cat-1500-30-wartung","51":"product_cat-1500-ecodiesel-wartung","52":"product_cat-1500-36-wartung","53":"product_cat-1500-36-dt-wartung","54":"product_cat-1500-57-2003-2008-wartung","55":"product_cat-1500-57-2009-2018-classic-wartung","56":"product_cat-1500-57-dt-wartung","57":"product_cat-2500-3500-57-wartung","58":"product_cat-2500-3500-64-wartung","59":"product_cat-67-cummins-wartung","60":"product_cat-trx-wartung","61":"product_tag-4224","62":"product_tag-05103526ea","63":"product_tag-4221","64":"product_tag-5103526ea","65":"product_tag-68218657aa","66":"product_tag-68218657ab","67":"product_tag-68218657ca","68":"product_tag-68218657cb","69":"product_tag-68218657ga","70":"product_tag-68218658aa","71":"product_tag-68218658ca","72":"product_tag-75w-140","73":"product_tag-75w140","74":"product_tag-achse","75":"product_tag-achsoel","76":"product_tag-differential","77":"product_tag-differentialoel","78":"product_tag-differenzial","79":"product_tag-differenzialoel","80":"product_tag-getriebe","81":"product_tag-getriebeoel","82":"product_tag-hinterachse","83":"product_tag-hinterachsoel","84":"product_tag-k04874469","85":"product_tag-k05103526ea","86":"product_tag-mopar","87":"product_tag-mopar-autoteile","88":"product_tag-mopar-ersatzteile","89":"product_tag-mopar-ersatzteile-kaufen","90":"product_tag-mopar-performance-teile","91":"product_tag-mopar-teile-katalog","92":"product_tag-mopar-teile-online","93":"product_tag-mopar-tuningteile","94":"product_tag-oel","95":"product_tag-vorderachse","96":"product_tag-vorderachsoel","98":"first","99":"instock","100":"taxable","101":"shipping-taxable","102":"purchasable","103":"product-type-simple"},"bundled_by":[],"bundle_stock_status":"instock","bundle_stock_quantity":12,"bundle_virtual":false,"bundle_layout":"","bundle_add_to_cart_form_location":"","bundle_editable_in_cart":false,"bundle_sold_individually_context":"","bundle_item_grouping":"","bundle_min_size":"","bundle_max_size":"","bundle_price":[],"bundled_items":[],"bundle_sell_ids":[],"exclude_global_add_ons":[],"addons":[],"acf":[],"_links":{"self":[{"href":"https:\/\/kraftwerk-shop.cc\/cs\/wp-json\/wp\/v2\/product\/68271888","targetHints":{"allow":["GET"]}}],"collection":[{"href":"https:\/\/kraftwerk-shop.cc\/cs\/wp-json\/wp\/v2\/product"}],"about":[{"href":"https:\/\/kraftwerk-shop.cc\/cs\/wp-json\/wp\/v2\/types\/product"}],"replies":[{"embeddable":true,"href":"https:\/\/kraftwerk-shop.cc\/cs\/wp-json\/wp\/v2\/comments?post=68271888"}],"version-history":[{"count":0,"href":"https:\/\/kraftwerk-shop.cc\/cs\/wp-json\/wp\/v2\/product\/68271888\/revisions"}],"wp:featuredmedia":[{"embeddable":true,"href":"https:\/\/kraftwerk-shop.cc\/cs\/wp-json\/wp\/v2\/media\/68272092"}],"wp:attachment":[{"href":"https:\/\/kraftwerk-shop.cc\/cs\/wp-json\/wp\/v2\/media?parent=68271888"}],"wp:term":[{"taxonomy":"product_brand","embeddable":true,"href":"https:\/\/kraftwerk-shop.cc\/cs\/wp-json\/wp\/v2\/product_brand?post=68271888"},{"taxonomy":"product_cat","embeddable":true,"href":"https:\/\/kraftwerk-shop.cc\/cs\/wp-json\/wp\/v2\/product_cat?post=68271888"},{"taxonomy":"product_tag","embeddable":true,"href":"https:\/\/kraftwerk-shop.cc\/cs\/wp-json\/wp\/v2\/product_tag?post=68271888"}],"curies":[{"name":"wp","href":"https:\/\/api.w.org\/{rel}","templated":true}]}}